{"id":9,"date":"2019-06-23T15:52:54","date_gmt":"2019-06-23T15:52:54","guid":{"rendered":"https:\/\/xfrenchies.com\/submit-a-video\/"},"modified":"2023-10-13T16:58:11","modified_gmt":"2023-10-13T14:58:11","slug":"submit-video","status":"publish","type":"page","link":"https:\/\/mompornonly.com\/it\/submit-video\/","title":{"rendered":"Submit a video"},"content":{"rendered":"","protected":false},"excerpt":{"rendered":"","protected":false},"author":1,"featured_media":0,"parent":0,"menu_order":0,"comment_status":"closed","ping_status":"closed","template":"templates\/template-upload.php","meta":{"footnotes":""},"class_list":["post-9","page","type-page","status-publish","hentry"],"yoast_head":"<!-- This site is optimized with the Yoast SEO plugin v27.4 - https:\/\/yoast.com\/product\/yoast-seo-wordpress\/ -->\n<title>Invia un video | MomPornOnly.com<\/title>\n<meta name=\"description\" content=\"Se vuoi inviare un video, sei nel posto giusto. Lasciaci promuovere il tuo video, siamo lieti della tua fiducia.\" \/>\n<meta name=\"robots\" content=\"index, follow, max-snippet:-1, max-image-preview:large, max-video-preview:-1\" \/>\n<link rel=\"canonical\" href=\"https:\/\/mompornonly.com\/submit-video\/\" \/>\n<meta property=\"og:locale\" content=\"it_IT\" \/>\n<meta property=\"og:type\" content=\"article\" \/>\n<meta property=\"og:title\" content=\"Submit a video | MomPornOnly.com[fr]Soumettre une vid\u00e9o | MomPornOnly.com[\/fr][es]Enviar un video | MomPornOnly.com[\/es][de]Senden Sie ein Video | MomPornOnly.com[\/de][it]Invia un video | MomPornOnly.com[\/it]\" \/>\n<meta property=\"og:description\" content=\"If you want to submit a video, you are in the right place. Please let us promote your video, we are glad about your confidence. [fr]Si vous souhaitez soumettre une vid\u00e9o, vous \u00eates au bon endroit. Veuillez nous laisser promouvoir votre vid\u00e9o, nous nous r\u00e9jouissons de votre confiance.[\/fr][es]Wenn Sie ein Video einreichen m\u00f6chten, sind Sie hier richtig. Bitte lassen Sie uns Ihr Video bewerben, wir freuen uns \u00fcber Ihr Vertrauen.[\/es][de]Wenn Sie ein Video einreichen m\u00f6chten, sind Sie hier richtig. Bitte lassen Sie uns Ihr Video bewerben, wir freuen uns \u00fcber Ihr Vertrauen.[\/de][it]Se vuoi inviare un video, sei nel posto giusto. Lasciaci promuovere il tuo video, siamo lieti della tua fiducia.[\/it]\" \/>\n<meta property=\"og:url\" content=\"https:\/\/mompornonly.com\/submit-video\/\" \/>\n<meta property=\"og:site_name\" content=\"MomPornOnly\" \/>\n<meta property=\"article:publisher\" content=\"https:\/\/www.facebook.com\/momponly\/\" \/>\n<meta property=\"article:modified_time\" content=\"2023-10-13T14:58:11+00:00\" \/>\n<meta name=\"twitter:card\" content=\"summary_large_image\" \/>\n<meta name=\"twitter:site\" content=\"@mompornonly\" \/>\n<script type=\"application\/ld+json\" class=\"yoast-schema-graph\">{\"@context\":\"https:\\\/\\\/schema.org\",\"@graph\":[{\"@type\":\"WebPage\",\"@id\":\"https:\\\/\\\/mompornonly.com\\\/submit-video\\\/\",\"url\":\"https:\\\/\\\/mompornonly.com\\\/submit-video\\\/\",\"name\":\"Submit a video | MomPornOnly.com[fr]Soumettre une vid\u00e9o | MomPornOnly.com[\\\/fr][es]Enviar un video | MomPornOnly.com[\\\/es][de]Senden Sie ein Video | MomPornOnly.com[\\\/de][it]Invia un video | MomPornOnly.com[\\\/it]\",\"isPartOf\":{\"@id\":\"https:\\\/\\\/mompornonly.com\\\/#website\"},\"datePublished\":\"2019-06-23T15:52:54+00:00\",\"dateModified\":\"2023-10-13T14:58:11+00:00\",\"description\":\"If you want to submit a video, you are in the right place. Please let us promote your video, we are glad about your confidence. [fr]Si vous souhaitez soumettre une vid\u00e9o, vous \u00eates au bon endroit. Veuillez nous laisser promouvoir votre vid\u00e9o, nous nous r\u00e9jouissons de votre confiance.[\\\/fr][es]Wenn Sie ein Video einreichen m\u00f6chten, sind Sie hier richtig. Bitte lassen Sie uns Ihr Video bewerben, wir freuen uns \u00fcber Ihr Vertrauen.[\\\/es][de]Wenn Sie ein Video einreichen m\u00f6chten, sind Sie hier richtig. Bitte lassen Sie uns Ihr Video bewerben, wir freuen uns \u00fcber Ihr Vertrauen.[\\\/de][it]Se vuoi inviare un video, sei nel posto giusto. Lasciaci promuovere il tuo video, siamo lieti della tua fiducia.[\\\/it]\",\"breadcrumb\":{\"@id\":\"https:\\\/\\\/mompornonly.com\\\/submit-video\\\/#breadcrumb\"},\"inLanguage\":\"it-IT\",\"potentialAction\":[{\"@type\":\"ReadAction\",\"target\":[\"https:\\\/\\\/mompornonly.com\\\/submit-video\\\/\"]}]},{\"@type\":\"BreadcrumbList\",\"@id\":\"https:\\\/\\\/mompornonly.com\\\/submit-video\\\/#breadcrumb\",\"itemListElement\":[{\"@type\":\"ListItem\",\"position\":1,\"name\":\"Accueil\",\"item\":\"https:\\\/\\\/mompornonly.com\\\/\"},{\"@type\":\"ListItem\",\"position\":2,\"name\":\"Submit a video\"}]},{\"@type\":\"WebSite\",\"@id\":\"https:\\\/\\\/mompornonly.com\\\/#website\",\"url\":\"https:\\\/\\\/mompornonly.com\\\/\",\"name\":\"MomPornOnly\",\"description\":\"Mompornonly.com is the best porn tube site ever with just moms and MILFs, the best XXX videos and free sex streaming.[fr]Mompornonly.com est le meilleur site de tubes porno avec seulement des mamans et  des MILF, les meilleures vid\u00e9os XXX et du streaming sexe gratuit.[\\\/fr][es]Mompornonly.com es el mejor sitio de tubos porno con mam\u00e1s y MILF, los mejores videos XXX y transmisi\u00f3n de sexo gratis.[\\\/es][de]Mompornonly.com ist die beste Porno-Tube-Site aller Zeiten mit nur M\u00fcttern und MILFs, den besten XXX-Videos und kostenlosem Sex-Streaming.[\\\/de][it]Mompornonly.com \u00e8 il miglior sito di porno tube di sempre con solo mamme e MILF, i migliori video XXX e lo streaming di sesso gratuito.[\\\/it]\",\"publisher\":{\"@id\":\"https:\\\/\\\/mompornonly.com\\\/#organization\"},\"potentialAction\":[{\"@type\":\"SearchAction\",\"target\":{\"@type\":\"EntryPoint\",\"urlTemplate\":\"https:\\\/\\\/mompornonly.com\\\/?s={search_term_string}\"},\"query-input\":{\"@type\":\"PropertyValueSpecification\",\"valueRequired\":true,\"valueName\":\"search_term_string\"}}],\"inLanguage\":\"it-IT\"},{\"@type\":\"Organization\",\"@id\":\"https:\\\/\\\/mompornonly.com\\\/#organization\",\"name\":\"MomPornOnly\",\"url\":\"https:\\\/\\\/mompornonly.com\\\/\",\"logo\":{\"@type\":\"ImageObject\",\"inLanguage\":\"it-IT\",\"@id\":\"https:\\\/\\\/mompornonly.com\\\/#\\\/schema\\\/logo\\\/image\\\/\",\"url\":\"https:\\\/\\\/mompornonly.com\\\/wp-content\\\/uploads\\\/2020\\\/05\\\/logomompornonly.png\",\"contentUrl\":\"https:\\\/\\\/mompornonly.com\\\/wp-content\\\/uploads\\\/2020\\\/05\\\/logomompornonly.png\",\"width\":792,\"height\":446,\"caption\":\"MomPornOnly\"},\"image\":{\"@id\":\"https:\\\/\\\/mompornonly.com\\\/#\\\/schema\\\/logo\\\/image\\\/\"},\"sameAs\":[\"https:\\\/\\\/www.facebook.com\\\/momponly\\\/\",\"https:\\\/\\\/x.com\\\/mompornonly\",\"https:\\\/\\\/www.instagram.com\\\/mpo_com\\\/\"]}]}<\/script>\n<!-- \/ Yoast SEO plugin. -->","yoast_head_json":{"title":"Invia un video | MomPornOnly.com","description":"Se vuoi inviare un video, sei nel posto giusto. Lasciaci promuovere il tuo video, siamo lieti della tua fiducia.","robots":{"index":"index","follow":"follow","max-snippet":"max-snippet:-1","max-image-preview":"max-image-preview:large","max-video-preview":"max-video-preview:-1"},"canonical":"https:\/\/mompornonly.com\/submit-video\/","og_locale":"it_IT","og_type":"article","og_title":"Submit a video | MomPornOnly.com[fr]Soumettre une vid\u00e9o | MomPornOnly.com[\/fr][es]Enviar un video | MomPornOnly.com[\/es][de]Senden Sie ein Video | MomPornOnly.com[\/de][it]Invia un video | MomPornOnly.com[\/it]","og_description":"If you want to submit a video, you are in the right place. Please let us promote your video, we are glad about your confidence. [fr]Si vous souhaitez soumettre une vid\u00e9o, vous \u00eates au bon endroit. Veuillez nous laisser promouvoir votre vid\u00e9o, nous nous r\u00e9jouissons de votre confiance.[\/fr][es]Wenn Sie ein Video einreichen m\u00f6chten, sind Sie hier richtig. Bitte lassen Sie uns Ihr Video bewerben, wir freuen uns \u00fcber Ihr Vertrauen.[\/es][de]Wenn Sie ein Video einreichen m\u00f6chten, sind Sie hier richtig. Bitte lassen Sie uns Ihr Video bewerben, wir freuen uns \u00fcber Ihr Vertrauen.[\/de][it]Se vuoi inviare un video, sei nel posto giusto. Lasciaci promuovere il tuo video, siamo lieti della tua fiducia.[\/it]","og_url":"https:\/\/mompornonly.com\/submit-video\/","og_site_name":"MomPornOnly","article_publisher":"https:\/\/www.facebook.com\/momponly\/","article_modified_time":"2023-10-13T14:58:11+00:00","twitter_card":"summary_large_image","twitter_site":"@mompornonly","schema":{"@context":"https:\/\/schema.org","@graph":[{"@type":"WebPage","@id":"https:\/\/mompornonly.com\/submit-video\/","url":"https:\/\/mompornonly.com\/submit-video\/","name":"Submit a video | MomPornOnly.com[fr]Soumettre une vid\u00e9o | MomPornOnly.com[\/fr][es]Enviar un video | MomPornOnly.com[\/es][de]Senden Sie ein Video | MomPornOnly.com[\/de][it]Invia un video | MomPornOnly.com[\/it]","isPartOf":{"@id":"https:\/\/mompornonly.com\/#website"},"datePublished":"2019-06-23T15:52:54+00:00","dateModified":"2023-10-13T14:58:11+00:00","description":"If you want to submit a video, you are in the right place. Please let us promote your video, we are glad about your confidence. [fr]Si vous souhaitez soumettre une vid\u00e9o, vous \u00eates au bon endroit. Veuillez nous laisser promouvoir votre vid\u00e9o, nous nous r\u00e9jouissons de votre confiance.[\/fr][es]Wenn Sie ein Video einreichen m\u00f6chten, sind Sie hier richtig. Bitte lassen Sie uns Ihr Video bewerben, wir freuen uns \u00fcber Ihr Vertrauen.[\/es][de]Wenn Sie ein Video einreichen m\u00f6chten, sind Sie hier richtig. Bitte lassen Sie uns Ihr Video bewerben, wir freuen uns \u00fcber Ihr Vertrauen.[\/de][it]Se vuoi inviare un video, sei nel posto giusto. Lasciaci promuovere il tuo video, siamo lieti della tua fiducia.[\/it]","breadcrumb":{"@id":"https:\/\/mompornonly.com\/submit-video\/#breadcrumb"},"inLanguage":"it-IT","potentialAction":[{"@type":"ReadAction","target":["https:\/\/mompornonly.com\/submit-video\/"]}]},{"@type":"BreadcrumbList","@id":"https:\/\/mompornonly.com\/submit-video\/#breadcrumb","itemListElement":[{"@type":"ListItem","position":1,"name":"Accueil","item":"https:\/\/mompornonly.com\/"},{"@type":"ListItem","position":2,"name":"Submit a video"}]},{"@type":"WebSite","@id":"https:\/\/mompornonly.com\/#website","url":"https:\/\/mompornonly.com\/","name":"MomPornOnly","description":"Mompornonly.com is the best porn tube site ever with just moms and MILFs, the best XXX videos and free sex streaming.[fr]Mompornonly.com est le meilleur site de tubes porno avec seulement des mamans et  des MILF, les meilleures vid\u00e9os XXX et du streaming sexe gratuit.[\/fr][es]Mompornonly.com es el mejor sitio de tubos porno con mam\u00e1s y MILF, los mejores videos XXX y transmisi\u00f3n de sexo gratis.[\/es][de]Mompornonly.com ist die beste Porno-Tube-Site aller Zeiten mit nur M\u00fcttern und MILFs, den besten XXX-Videos und kostenlosem Sex-Streaming.[\/de][it]Mompornonly.com \u00e8 il miglior sito di porno tube di sempre con solo mamme e MILF, i migliori video XXX e lo streaming di sesso gratuito.[\/it]","publisher":{"@id":"https:\/\/mompornonly.com\/#organization"},"potentialAction":[{"@type":"SearchAction","target":{"@type":"EntryPoint","urlTemplate":"https:\/\/mompornonly.com\/?s={search_term_string}"},"query-input":{"@type":"PropertyValueSpecification","valueRequired":true,"valueName":"search_term_string"}}],"inLanguage":"it-IT"},{"@type":"Organization","@id":"https:\/\/mompornonly.com\/#organization","name":"MomPornOnly","url":"https:\/\/mompornonly.com\/","logo":{"@type":"ImageObject","inLanguage":"it-IT","@id":"https:\/\/mompornonly.com\/#\/schema\/logo\/image\/","url":"https:\/\/mompornonly.com\/wp-content\/uploads\/2020\/05\/logomompornonly.png","contentUrl":"https:\/\/mompornonly.com\/wp-content\/uploads\/2020\/05\/logomompornonly.png","width":792,"height":446,"caption":"MomPornOnly"},"image":{"@id":"https:\/\/mompornonly.com\/#\/schema\/logo\/image\/"},"sameAs":["https:\/\/www.facebook.com\/momponly\/","https:\/\/x.com\/mompornonly","https:\/\/www.instagram.com\/mpo_com\/"]}]}},"_links":{"self":[{"href":"https:\/\/mompornonly.com\/it\/wp-json\/wp\/v2\/pages\/9","targetHints":{"allow":["GET"]}}],"collection":[{"href":"https:\/\/mompornonly.com\/it\/wp-json\/wp\/v2\/pages"}],"about":[{"href":"https:\/\/mompornonly.com\/it\/wp-json\/wp\/v2\/types\/page"}],"author":[{"embeddable":true,"href":"https:\/\/mompornonly.com\/it\/wp-json\/wp\/v2\/users\/1"}],"replies":[{"embeddable":true,"href":"https:\/\/mompornonly.com\/it\/wp-json\/wp\/v2\/comments?post=9"}],"version-history":[{"count":1,"href":"https:\/\/mompornonly.com\/it\/wp-json\/wp\/v2\/pages\/9\/revisions"}],"predecessor-version":[{"id":13100,"href":"https:\/\/mompornonly.com\/it\/wp-json\/wp\/v2\/pages\/9\/revisions\/13100"}],"wp:attachment":[{"href":"https:\/\/mompornonly.com\/it\/wp-json\/wp\/v2\/media?parent=9"}],"curies":[{"name":"wp","href":"https:\/\/api.w.org\/{rel}","templated":true}]}}