{"id":8302,"date":"2021-01-05T20:30:44","date_gmt":"2021-01-05T18:30:44","guid":{"rendered":""},"modified":"2021-01-05T21:15:37","modified_gmt":"2021-01-05T19:15:37","slug":"mom-porn-hd","status":"publish","type":"page","link":"https:\/\/mompornonly.com\/it\/mom-porn-hd\/","title":{"rendered":"The best mom porn HD videos are on MomPornOnly.com !"},"content":{"rendered":"<h1>Il miglior porno mummia in HD del mondo<\/h1>\n<p>MomPornOnly in inglese pu\u00f2 essere tradotto solo porno con le mamme in italiano. Come il nome del sito indica qui solo buone mamme, buone mamme in calore che amano succhiare cazzi grossi e buoni o farsi scopare la figa da cazzi grossi e buoni. E anche se il contenuto amatoriale \u00e8 estremamente hardcore, non \u00e8 necessariamente di qualit\u00e0 HD. Ecco perch\u00e9 lavoriamo con studi come Brazzers, Mylf, Pervmom e molti altri per portarvi il maggior numero di video porno in HD, perch\u00e9 il porno in HD mummia \u00e8 davvero il miglior porno disponibile al momento! Ed \u00e8 per questo che da MomPornOnly troverete il meglio! <\/p>\n<p>Mamme sexy che si infilano le dita nella figa per masturbarsi o mignotte troie che si fanno scopare dai giovani in mezzo alla figa. <strong>Le mamme amano il sesso anale<\/strong>, ecco perch\u00e9 potete trovare un mucchio di video XXX dove le mamme si fanno scopare il culo da grossi cazzi nella nostra categoria Anale! Ma non solo perch\u00e9 noi di MomPornOnly sappiamo anche che c&#8217;\u00e8 qualcosa per tutti ed \u00e8 per questo che abbiamo anche un sacco di altre categorie come grandi culi con un sacco di video X HD di troie con grandi culi che si scopano davanti ai vostri occhi sbalorditi, grandi tette per godersi le pornostar con enormi tette rifatte che vi faranno venire duro, tette piccole o lesbiche per vedere belle troie che giocano tra loro e si leccano le fighe dell&#8217;altro. Tante <a href=\"https:\/\/mompornonly.com\/it\/categories\/\">categorie<\/a> che vi permetteranno di masturbarvi mentre vi godete i <strong>video porno in HD<\/strong>! Guardare i video in HD significa poter vedere la figa che gocciola davvero da vicino con una qualit\u00e0 incredibile e innegabile! La cosa pi\u00f9 importante \u00e8 comunque che l&#8217;elenco del nostro catalogo, gi\u00e0 ben fornito, \u00e8 completamente gratuito e soprattutto non dovete preoccuparvi di rivedere le stesse cose pi\u00f9 e pi\u00f9 volte perch\u00e9 il nostro catalogo viene accuratamente rinnovato in modo che ogni giorno siano disponibili gratuitamente nuovi video! Stiamo anche cercando di ingrandire il nostro catalogo fotografico in modo che possiate avere il meglio di milfs in XXX foto gratis senza dover cambiare sito! <\/p>\n<p>Ora \u00e8 possibile godere di alcune delle pi\u00f9 grandi troie milf del mondo X come Brandi Love, Anissa Kate, Blanche Bradburry, Bianca Burke, Bethany Benz o Mia Khalifa gratuitamente su MomPornOnly! Siamo davvero il miglior <strong>sito porno XXX<\/strong> che conosciate! Non dimenticate di raccontare di noi a tutti i vostri amici, in modo che anche loro possano godersi le migliori puttane che si fanno scopare gratis e senza perdere tempo! Potete anche seguirci su Twitter per essere informati di tanto in tanto! Da MomPornOnly il porno non conosce limiti di tempo e si pu\u00f2 godere 24 ore su 24, 7 giorni su 7 il miglior porno in HD di mamma gratis! <\/p>\n<h2>Guarda e scarica una tonnellata di video porno HD gratis<\/h2>\n<p>Tutti i nostri video in HD (alta definizione) sono disponibili per la <strong>visione gratuita<\/strong>, ma ora sono anche scaricabili per il vostro piacere di visione e come sapete ci\u00f2 che vi rende felici \u00e8 la nostra priorit\u00e0 su MomPornOnly e potrete godervi le vostre puttanelle preferite anche senza connessione internet mentre viaggiate in treno o in aereo, ad esempio! Oltre ad avere i migliori milfs troiette del mondo gratis, ora \u00e8 possibile scaricarli gratuitamente, quindi ci piace? Se volete proporre video dove scopate vostra suocera non esitate grazie al modulo di caricamento disponibile sul sito! Adoriamo i vostri video e il vostro feedback, quindi non esitate! Il sito \u00e8 disponibile in molte lingue come lo spagnolo, l&#8217;inglese, il francese, il tedesco e l&#8217;italiano, quindi non esitate a scegliere quello che preferite o chiedete un&#8217;ulteriore traduzione contattandoci! Potete anche trovare il <strong>miglior porno francese<\/strong> su <a href=\"https:\/\/xfrenchies.com\/es\/\">xFrenchies.com<\/a>! Il miglior sito porno amatoriale francese contiene video esclusivi di troie amatoriali francesi che vi faranno girare la testa e vi faranno sputare il cazzo!<\/p>\n","protected":false},"excerpt":{"rendered":"<p>Il miglior porno mummia in HD del mondo MomPornOnly in inglese pu\u00f2 essere tradotto solo porno con le mamme in italiano. Come il nome del sito indica qui solo buone mamme, buone mamme in calore che amano succhiare cazzi grossi e buoni o farsi scopare la figa da cazzi grossi e buoni. E anche se [&hellip;]<\/p>\n","protected":false},"author":3,"featured_media":0,"parent":0,"menu_order":0,"comment_status":"closed","ping_status":"closed","template":"template-porn-fr.php","meta":{"ep_exclude_from_search":false,"footnotes":""},"class_list":["post-8302","page","type-page","status-publish","hentry"],"yoast_head":"<!-- This site is optimized with the Yoast SEO plugin v27.5 - https:\/\/yoast.com\/product\/yoast-seo-wordpress\/ -->\n<title>The best mom porn HD videos are on MomPornOnly.com ! | MIGLIORI VIDEO PORNO MILF HD - MomPornOnly<\/title>\n<meta name=\"description\" content=\"Guarda migliaia di video di mamma porno hd gratis su MomPornOnly.com il miglior sito di tube milf porno correlate al mondo\" \/>\n<meta name=\"robots\" content=\"index, follow, max-snippet:-1, max-image-preview:large, max-video-preview:-1\" \/>\n<link rel=\"canonical\" href=\"https:\/\/mompornonly.com\/de\/mom-porn-hd\/\" \/>\n<meta property=\"og:locale\" content=\"it_IT\" \/>\n<meta property=\"og:type\" content=\"article\" \/>\n<meta property=\"og:title\" content=\"The best mom porn HD videos are on MomPornOnly.com ! | BEST MILF VIDEOS PORN HD - MomPornOnly [fr]The best mom porn HD videos are on MomPornOnly.com ! | MEILLEURES MILF VIDEOS PORNO HD - MomPornOnly [\/fr] [de]The best mom porn HD videos are on MomPornOnly.com ! | BESTE MILF VIDEOS PORN HD - MomPornOnly [\/de] [es]The best mom porn HD videos are on MomPornOnly.com ! | MEJORES VIDEOS DE LA MILF PORNO HD - MomPornOnly [\/es] [it]The best mom porn HD videos are on MomPornOnly.com ! | MIGLIORI VIDEO PORNO MILF HD - MomPornOnly [\/it]\" \/>\n<meta property=\"og:description\" content=\"Watch thousands of mom porn hd videos for free on MomPornOnly.com the best tube site milf porn related in the world ! [fr]Regardez des milliers de vid\u00e9os hd de m\u00e8res porno gratuitement sur MomPornOnly.com, le meilleur site de tubes sur le porno de m\u00e8res dans le monde [\/fr] [de]Sehen Sie Tausende von Mama Porno hd Videos kostenlos auf MomPornOnly.com die beste Tube Website Milf Porno in der Welt im Zusammenhang [\/de] [es]Mira miles de videos pornogr\u00e1ficos de mam\u00e1 gratis en MomPornOnly.com, el mejor sitio de videos pornogr\u00e1ficos de mam\u00e1 en el mundo. [\/es] [it]Guarda migliaia di video di mamma porno hd gratis su MomPornOnly.com il miglior sito di tube milf porno correlate al mondo [\/it]\" \/>\n<meta property=\"og:url\" content=\"https:\/\/mompornonly.com\/de\/mom-porn-hd\/\" \/>\n<meta property=\"og:site_name\" content=\"MomPornOnly\" \/>\n<meta property=\"article:publisher\" content=\"https:\/\/www.facebook.com\/momponly\/\" \/>\n<meta property=\"article:modified_time\" content=\"2021-01-05T19:15:37+00:00\" \/>\n<meta name=\"twitter:card\" content=\"summary_large_image\" \/>\n<meta name=\"twitter:site\" content=\"@mompornonly\" \/>\n<script type=\"application\/ld+json\" class=\"yoast-schema-graph\">{\"@context\":\"https:\\\/\\\/schema.org\",\"@graph\":[{\"@type\":\"WebPage\",\"@id\":\"https:\\\/\\\/mompornonly.com\\\/de\\\/mom-porn-hd\\\/\",\"url\":\"https:\\\/\\\/mompornonly.com\\\/de\\\/mom-porn-hd\\\/\",\"name\":\"The best mom porn HD videos are on MomPornOnly.com ! | BEST MILF VIDEOS PORN HD - MomPornOnly [fr]The best mom porn HD videos are on MomPornOnly.com ! | MEILLEURES MILF VIDEOS PORNO HD - MomPornOnly [\\\/fr] [de]The best mom porn HD videos are on MomPornOnly.com ! | BESTE MILF VIDEOS PORN HD - MomPornOnly [\\\/de] [es]The best mom porn HD videos are on MomPornOnly.com ! | MEJORES VIDEOS DE LA MILF PORNO HD - MomPornOnly [\\\/es] [it]The best mom porn HD videos are on MomPornOnly.com ! | MIGLIORI VIDEO PORNO MILF HD - MomPornOnly [\\\/it]\",\"isPartOf\":{\"@id\":\"https:\\\/\\\/mompornonly.com\\\/#website\"},\"datePublished\":\"2021-01-05T18:30:44+00:00\",\"dateModified\":\"2021-01-05T19:15:37+00:00\",\"description\":\"Watch thousands of mom porn hd videos for free on MomPornOnly.com the best tube site milf porn related in the world ! [fr]Regardez des milliers de vid\u00e9os hd de m\u00e8res porno gratuitement sur MomPornOnly.com, le meilleur site de tubes sur le porno de m\u00e8res dans le monde [\\\/fr] [de]Sehen Sie Tausende von Mama Porno hd Videos kostenlos auf MomPornOnly.com die beste Tube Website Milf Porno in der Welt im Zusammenhang [\\\/de] [es]Mira miles de videos pornogr\u00e1ficos de mam\u00e1 gratis en MomPornOnly.com, el mejor sitio de videos pornogr\u00e1ficos de mam\u00e1 en el mundo. [\\\/es] [it]Guarda migliaia di video di mamma porno hd gratis su MomPornOnly.com il miglior sito di tube milf porno correlate al mondo [\\\/it]\",\"breadcrumb\":{\"@id\":\"https:\\\/\\\/mompornonly.com\\\/de\\\/mom-porn-hd\\\/#breadcrumb\"},\"inLanguage\":\"it-IT\",\"potentialAction\":[{\"@type\":\"ReadAction\",\"target\":[\"https:\\\/\\\/mompornonly.com\\\/de\\\/mom-porn-hd\\\/\"]}]},{\"@type\":\"BreadcrumbList\",\"@id\":\"https:\\\/\\\/mompornonly.com\\\/de\\\/mom-porn-hd\\\/#breadcrumb\",\"itemListElement\":[{\"@type\":\"ListItem\",\"position\":1,\"name\":\"Accueil\",\"item\":\"https:\\\/\\\/mompornonly.com\\\/\"},{\"@type\":\"ListItem\",\"position\":2,\"name\":\"The best mom porn HD videos are on MomPornOnly.com !\"}]},{\"@type\":\"WebSite\",\"@id\":\"https:\\\/\\\/mompornonly.com\\\/#website\",\"url\":\"https:\\\/\\\/mompornonly.com\\\/\",\"name\":\"MomPornOnly\",\"description\":\"Mompornonly.com is the best porn tube site ever with just moms and MILFs, the best XXX videos and free sex streaming.[fr]Mompornonly.com est le meilleur site de tubes porno avec seulement des mamans et  des MILF, les meilleures vid\u00e9os XXX et du streaming sexe gratuit.[\\\/fr][es]Mompornonly.com es el mejor sitio de tubos porno con mam\u00e1s y MILF, los mejores videos XXX y transmisi\u00f3n de sexo gratis.[\\\/es][de]Mompornonly.com ist die beste Porno-Tube-Site aller Zeiten mit nur M\u00fcttern und MILFs, den besten XXX-Videos und kostenlosem Sex-Streaming.[\\\/de][it]Mompornonly.com \u00e8 il miglior sito di porno tube di sempre con solo mamme e MILF, i migliori video XXX e lo streaming di sesso gratuito.[\\\/it]\",\"publisher\":{\"@id\":\"https:\\\/\\\/mompornonly.com\\\/#organization\"},\"potentialAction\":[{\"@type\":\"SearchAction\",\"target\":{\"@type\":\"EntryPoint\",\"urlTemplate\":\"https:\\\/\\\/mompornonly.com\\\/?s={search_term_string}\"},\"query-input\":{\"@type\":\"PropertyValueSpecification\",\"valueRequired\":true,\"valueName\":\"search_term_string\"}}],\"inLanguage\":\"it-IT\"},{\"@type\":\"Organization\",\"@id\":\"https:\\\/\\\/mompornonly.com\\\/#organization\",\"name\":\"MomPornOnly\",\"url\":\"https:\\\/\\\/mompornonly.com\\\/\",\"logo\":{\"@type\":\"ImageObject\",\"inLanguage\":\"it-IT\",\"@id\":\"https:\\\/\\\/mompornonly.com\\\/#\\\/schema\\\/logo\\\/image\\\/\",\"url\":\"https:\\\/\\\/mompornonly.com\\\/wp-content\\\/uploads\\\/2020\\\/05\\\/logomompornonly.png\",\"contentUrl\":\"https:\\\/\\\/mompornonly.com\\\/wp-content\\\/uploads\\\/2020\\\/05\\\/logomompornonly.png\",\"width\":792,\"height\":446,\"caption\":\"MomPornOnly\"},\"image\":{\"@id\":\"https:\\\/\\\/mompornonly.com\\\/#\\\/schema\\\/logo\\\/image\\\/\"},\"sameAs\":[\"https:\\\/\\\/www.facebook.com\\\/momponly\\\/\",\"https:\\\/\\\/x.com\\\/mompornonly\",\"https:\\\/\\\/www.instagram.com\\\/mpo_com\\\/\"]}]}<\/script>\n<!-- \/ Yoast SEO plugin. -->","yoast_head_json":{"title":"The best mom porn HD videos are on MomPornOnly.com ! | MIGLIORI VIDEO PORNO MILF HD - MomPornOnly","description":"Guarda migliaia di video di mamma porno hd gratis su MomPornOnly.com il miglior sito di tube milf porno correlate al mondo","robots":{"index":"index","follow":"follow","max-snippet":"max-snippet:-1","max-image-preview":"max-image-preview:large","max-video-preview":"max-video-preview:-1"},"canonical":"https:\/\/mompornonly.com\/de\/mom-porn-hd\/","og_locale":"it_IT","og_type":"article","og_title":"The best mom porn HD videos are on MomPornOnly.com ! | BEST MILF VIDEOS PORN HD - MomPornOnly [fr]The best mom porn HD videos are on MomPornOnly.com ! | MEILLEURES MILF VIDEOS PORNO HD - MomPornOnly [\/fr] [de]The best mom porn HD videos are on MomPornOnly.com ! | BESTE MILF VIDEOS PORN HD - MomPornOnly [\/de] [es]The best mom porn HD videos are on MomPornOnly.com ! | MEJORES VIDEOS DE LA MILF PORNO HD - MomPornOnly [\/es] [it]The best mom porn HD videos are on MomPornOnly.com ! | MIGLIORI VIDEO PORNO MILF HD - MomPornOnly [\/it]","og_description":"Watch thousands of mom porn hd videos for free on MomPornOnly.com the best tube site milf porn related in the world ! [fr]Regardez des milliers de vid\u00e9os hd de m\u00e8res porno gratuitement sur MomPornOnly.com, le meilleur site de tubes sur le porno de m\u00e8res dans le monde [\/fr] [de]Sehen Sie Tausende von Mama Porno hd Videos kostenlos auf MomPornOnly.com die beste Tube Website Milf Porno in der Welt im Zusammenhang [\/de] [es]Mira miles de videos pornogr\u00e1ficos de mam\u00e1 gratis en MomPornOnly.com, el mejor sitio de videos pornogr\u00e1ficos de mam\u00e1 en el mundo. [\/es] [it]Guarda migliaia di video di mamma porno hd gratis su MomPornOnly.com il miglior sito di tube milf porno correlate al mondo [\/it]","og_url":"https:\/\/mompornonly.com\/de\/mom-porn-hd\/","og_site_name":"MomPornOnly","article_publisher":"https:\/\/www.facebook.com\/momponly\/","article_modified_time":"2021-01-05T19:15:37+00:00","twitter_card":"summary_large_image","twitter_site":"@mompornonly","schema":{"@context":"https:\/\/schema.org","@graph":[{"@type":"WebPage","@id":"https:\/\/mompornonly.com\/de\/mom-porn-hd\/","url":"https:\/\/mompornonly.com\/de\/mom-porn-hd\/","name":"The best mom porn HD videos are on MomPornOnly.com ! | BEST MILF VIDEOS PORN HD - MomPornOnly [fr]The best mom porn HD videos are on MomPornOnly.com ! | MEILLEURES MILF VIDEOS PORNO HD - MomPornOnly [\/fr] [de]The best mom porn HD videos are on MomPornOnly.com ! | BESTE MILF VIDEOS PORN HD - MomPornOnly [\/de] [es]The best mom porn HD videos are on MomPornOnly.com ! | MEJORES VIDEOS DE LA MILF PORNO HD - MomPornOnly [\/es] [it]The best mom porn HD videos are on MomPornOnly.com ! | MIGLIORI VIDEO PORNO MILF HD - MomPornOnly [\/it]","isPartOf":{"@id":"https:\/\/mompornonly.com\/#website"},"datePublished":"2021-01-05T18:30:44+00:00","dateModified":"2021-01-05T19:15:37+00:00","description":"Watch thousands of mom porn hd videos for free on MomPornOnly.com the best tube site milf porn related in the world ! [fr]Regardez des milliers de vid\u00e9os hd de m\u00e8res porno gratuitement sur MomPornOnly.com, le meilleur site de tubes sur le porno de m\u00e8res dans le monde [\/fr] [de]Sehen Sie Tausende von Mama Porno hd Videos kostenlos auf MomPornOnly.com die beste Tube Website Milf Porno in der Welt im Zusammenhang [\/de] [es]Mira miles de videos pornogr\u00e1ficos de mam\u00e1 gratis en MomPornOnly.com, el mejor sitio de videos pornogr\u00e1ficos de mam\u00e1 en el mundo. [\/es] [it]Guarda migliaia di video di mamma porno hd gratis su MomPornOnly.com il miglior sito di tube milf porno correlate al mondo [\/it]","breadcrumb":{"@id":"https:\/\/mompornonly.com\/de\/mom-porn-hd\/#breadcrumb"},"inLanguage":"it-IT","potentialAction":[{"@type":"ReadAction","target":["https:\/\/mompornonly.com\/de\/mom-porn-hd\/"]}]},{"@type":"BreadcrumbList","@id":"https:\/\/mompornonly.com\/de\/mom-porn-hd\/#breadcrumb","itemListElement":[{"@type":"ListItem","position":1,"name":"Accueil","item":"https:\/\/mompornonly.com\/"},{"@type":"ListItem","position":2,"name":"The best mom porn HD videos are on MomPornOnly.com !"}]},{"@type":"WebSite","@id":"https:\/\/mompornonly.com\/#website","url":"https:\/\/mompornonly.com\/","name":"MomPornOnly","description":"Mompornonly.com is the best porn tube site ever with just moms and MILFs, the best XXX videos and free sex streaming.[fr]Mompornonly.com est le meilleur site de tubes porno avec seulement des mamans et  des MILF, les meilleures vid\u00e9os XXX et du streaming sexe gratuit.[\/fr][es]Mompornonly.com es el mejor sitio de tubos porno con mam\u00e1s y MILF, los mejores videos XXX y transmisi\u00f3n de sexo gratis.[\/es][de]Mompornonly.com ist die beste Porno-Tube-Site aller Zeiten mit nur M\u00fcttern und MILFs, den besten XXX-Videos und kostenlosem Sex-Streaming.[\/de][it]Mompornonly.com \u00e8 il miglior sito di porno tube di sempre con solo mamme e MILF, i migliori video XXX e lo streaming di sesso gratuito.[\/it]","publisher":{"@id":"https:\/\/mompornonly.com\/#organization"},"potentialAction":[{"@type":"SearchAction","target":{"@type":"EntryPoint","urlTemplate":"https:\/\/mompornonly.com\/?s={search_term_string}"},"query-input":{"@type":"PropertyValueSpecification","valueRequired":true,"valueName":"search_term_string"}}],"inLanguage":"it-IT"},{"@type":"Organization","@id":"https:\/\/mompornonly.com\/#organization","name":"MomPornOnly","url":"https:\/\/mompornonly.com\/","logo":{"@type":"ImageObject","inLanguage":"it-IT","@id":"https:\/\/mompornonly.com\/#\/schema\/logo\/image\/","url":"https:\/\/mompornonly.com\/wp-content\/uploads\/2020\/05\/logomompornonly.png","contentUrl":"https:\/\/mompornonly.com\/wp-content\/uploads\/2020\/05\/logomompornonly.png","width":792,"height":446,"caption":"MomPornOnly"},"image":{"@id":"https:\/\/mompornonly.com\/#\/schema\/logo\/image\/"},"sameAs":["https:\/\/www.facebook.com\/momponly\/","https:\/\/x.com\/mompornonly","https:\/\/www.instagram.com\/mpo_com\/"]}]}},"_links":{"self":[{"href":"https:\/\/mompornonly.com\/it\/wp-json\/wp\/v2\/pages\/8302","targetHints":{"allow":["GET"]}}],"collection":[{"href":"https:\/\/mompornonly.com\/it\/wp-json\/wp\/v2\/pages"}],"about":[{"href":"https:\/\/mompornonly.com\/it\/wp-json\/wp\/v2\/types\/page"}],"author":[{"embeddable":true,"href":"https:\/\/mompornonly.com\/it\/wp-json\/wp\/v2\/users\/3"}],"replies":[{"embeddable":true,"href":"https:\/\/mompornonly.com\/it\/wp-json\/wp\/v2\/comments?post=8302"}],"version-history":[{"count":7,"href":"https:\/\/mompornonly.com\/it\/wp-json\/wp\/v2\/pages\/8302\/revisions"}],"predecessor-version":[{"id":8313,"href":"https:\/\/mompornonly.com\/it\/wp-json\/wp\/v2\/pages\/8302\/revisions\/8313"}],"wp:attachment":[{"href":"https:\/\/mompornonly.com\/it\/wp-json\/wp\/v2\/media?parent=8302"}],"curies":[{"name":"wp","href":"https:\/\/api.w.org\/{rel}","templated":true}]}}