{"id":7,"date":"2019-06-23T15:52:54","date_gmt":"2019-06-23T15:52:54","guid":{"rendered":"https:\/\/xfrenchies.com\/categories\/"},"modified":"2023-10-13T16:21:00","modified_gmt":"2023-10-13T14:21:00","slug":"categories","status":"publish","type":"page","link":"https:\/\/mompornonly.com\/it\/categories\/","title":{"rendered":"Cat\u00e9gories"},"content":{"rendered":"<h2> Benvenuto su MomPornOnly.com, sito porno per mamma completamente gratuito <\/h2>\n<p><strong> MomPornOnly <\/strong> \u00e8 recentemente diventato uno dei principali attori di <strong> streaming porno gratuito <\/strong> con sole mamme. Ogni giorno scegliamo video <strong> matrigna <\/strong> di ottima qualit\u00e0 per rendere i nostri utenti il \u200b\u200bpi\u00f9 soddisfatti possibile. Su MomPornSolo, ci sono pi\u00f9 di 42 categorie di video XXX della mamma, possiamo dire che c&#8217;\u00e8 qualcosa per tutti, dal pi\u00f9 morbido al pi\u00f9 difficile e se manca una categoria puoi sempre contattarci in modo da &#8211; aggiungere e compilare il ore che seguirono! <strong> MomPornSolo <\/strong> questo \u00e8 il posto in cui tutte le mamme pi\u00f9 calde e sexy vengono scopate senza limiti e gratis.<\/p>\n<p>Su www.mompornonly.com\/it\/category\/big-tits\/ potrai trovare la tua felicit\u00e0 con i video XXX di mamma con il seno grande. Se stai cercando il massimo piacere, sei nel posto giusto. Un desiderio di una milf sexy e hot, con un seno grande, un culo grosso e in cerca di sesso gratis. \u00c8 qui. Ti piacciono le MILF dal culo grosso, quindi vai qui e trova la tua felicit\u00e0: <a href=\"https:\/\/mompornonly.com\/fr\/category\/big-ass\/\">culo grosso<\/a><br \/>\nOvviamente a differenza dei nostri concorrenti come pornhub, xvideos, xhamster e molti altri. Tutti i nostri video XXX sono completamente gratuiti!<\/p>\n<h2> MILF illimitati su MomPornOnly <\/h2>\n<p>Ti piacciono le donne mature, le mamme che fanno sesso con suo figlio, le donne mature che diventano poliziotti sovrapposte al loro giovane figlio.<br \/>\nMamme dal seno grosso che fanno la polizia delle seghe, alle matrigna che amano il morso del loro figliastro. Andare dagli amici della madre che uniscono il figlio e prendono il suo grosso cazzo nel culo grosso. Puoi trovare tutto questo su category illimitato al 100% gratis. I <strong> video porno delle mamme pi\u00f9 calde <\/strong> sono a portata di clic, quindi sentiti libero e divertiti su Mompornonly.<\/p>\n<h2> Stai cercando mamme che imparano il sesso? <\/h2>\n<p>La categoria <a href=\"https:\/\/mompornonly.com\/it\/category\/mom-teach-sex\/\"> Mom Teach Sex <\/a> \u00e8 disponibile sul nostro sito con un&#8217;ampia selezione di video gratuiti e HD. Ti piace il sesso inaspettato in cui la madre sorprende il figlio che si masturba, poi sotto shock per quello che \u00e8 diventato suo figlio. Lei lo aiuta e lo masturba poi lui agisce, e tutto ci\u00f2 per il pi\u00f9 grande piacere della madre e del figlio. Quindi non esitare, hai motivi su MomPornSolo a questo indirizzo: <a href=\"https:\/\/mompornonly.com\/it\/category\/mom-teach-sex\/\"> MomsTeachSex<\/a>. Puoi trovare <a title=\"Guarda i video con il tag cory chase\" href=\"https:\/\/mompornonly.com\/it\/tag\/cory-chase\/\"> Cory Chase <\/a>, <a title=\"Guarda i video con il tag brandi love \"href=\"https:\/\/mompornonly.com\/it\/tag\/brandi-love\/\">Brandi Love<\/a> o <a title=\"Guarda i video con il tag ashley alban\" href=\"https:\/\/mompornonly.com\/it\/tag\/ashley-alban\/\">Ashley Alban<\/a> e molti altri MILF che vogliono un cazzo.<\/p>\n<h2> Categorie di categorie e tag cumulati per te <\/h2>\n<p>Ti forniamo categorie ed etichette di qualit\u00e0 per soddisfare il pi\u00f9 possibile le tue esigenze. Quindi combinali per ottenere il tuo desiderio pi\u00f9 profondo, anale, trio, magro, nonna, ingoio, sborrata, pompino, sega, grandi tette, culo grosso e molti altri ancora ..<br \/>\nStiamo ascoltando i nostri utenti, quindi non esitate a contattarci. Spero che tu ti diverta su MomPornSolo il primo video mamma HD gratuito e <strong> illimitato <\/strong>!<\/p>\n<h2> I grandi nomi del porno su MomPornOnly <\/h2>\n<p>In effetti, sei un drogato di sesso, non preoccuparti che riuniamo tutti i migliori video XXX in HD e gratuitamente da tutti i pi\u00f9 grandi studi. Come <strong> MomsTeachSex <\/strong>, <strong> Mommys Girl <\/strong> o <strong> My Friends Hot Mom <\/strong>, <strong> Moms Bang Teen <\/strong> e molti altri &#8230;<br \/>\nPreferisci i video amatoriali, non preoccuparti, abbiamo una grande offerta di video amatoriali in HD e gratuiti appositamente per te. Resta inteso che tutti questi servizi sono disponibili gratuitamente, quindi approfittane!<br \/>\nTi piace masturbarti di fronte alla telecamera? MomPornOnly ti offre anche questa possibilit\u00e0 con l&#8217;elite delle ragazze pi\u00f9 calde e cattive che esistono.<br \/>\nPer riassumere, diremo semplicemente che puoi trovare tutto quello che vuoi sul nostro sito, una barra di ricerca \u00e8 installata per la tua pi\u00f9 grande felicit\u00e0. Dai video HD in studio gratuiti ai video amatoriali di mamme molto calde che amano il cazzo. <strong> TUTTO <\/strong> \u00e8 possibile, quindi divertiti e realizza le tue fantasie pi\u00f9 sfrenate!<br \/>\nSe preferisci i video di ragazze francesi molto piccanti, ti offriamo, al fine di soddisfare le tue esigenze, un sito che offre video XXX 100% francesi e gratuiti! Non ringraziarci: <a href=\"https:\/\/xfrenchies.com\/\" rel=\"dofollow noopener noreferrer\" target=\"_blank\"> xFrenchies <\/a> puoi anche averlo nella tua lingua: <a href=\"https:\/\/xfrenchies.com\/en\/\" rel=\"dofollow noopener noreferrer\" target=\"_blank\">xFrenchies IT<\/a><\/p>\n","protected":false},"excerpt":{"rendered":"<p>Benvenuto su MomPornOnly.com, sito porno per mamma completamente gratuito MomPornOnly \u00e8 recentemente diventato uno dei principali attori di streaming porno gratuito con sole mamme. Ogni giorno scegliamo video matrigna di ottima qualit\u00e0 per rendere i nostri utenti il \u200b\u200bpi\u00f9 soddisfatti possibile. Su MomPornSolo, ci sono pi\u00f9 di 42 categorie di video XXX della mamma, possiamo [&hellip;]<\/p>\n","protected":false},"author":1,"featured_media":0,"parent":0,"menu_order":0,"comment_status":"closed","ping_status":"closed","template":"templates\/template-categories.php","meta":{"footnotes":""},"class_list":["post-7","page","type-page","status-publish","hentry"],"yoast_head":"<!-- This site is optimized with the Yoast SEO plugin v27.4 - https:\/\/yoast.com\/product\/yoast-seo-wordpress\/ -->\n<title>Il meglio di Mamma PORN ordinati per categorie | Mom Porn Only<\/title>\n<meta name=\"description\" content=\"Solo su Mom Porn Only, puoi scoprire video porno gratuiti su mamme, buoni MILF e scopate di matrigna ordinati con le tue categorie porno preferite\" \/>\n<meta name=\"robots\" content=\"index, follow, max-snippet:-1, max-image-preview:large, max-video-preview:-1\" \/>\n<link rel=\"canonical\" href=\"https:\/\/mompornonly.com\/categories\/\" \/>\n<meta property=\"og:locale\" content=\"it_IT\" \/>\n<meta property=\"og:type\" content=\"article\" \/>\n<meta property=\"og:title\" content=\"The best of Mom PORN sorted by categories | Mom Porn Only[fr]Le meilleur du Porno sur les m\u00e8res tri\u00e9 par cat\u00e9gories | Mom Porn Only[\/fr][es]Lo mejor de mam\u00e1 PORNO ordenado por categor\u00edas | Mom Porn Only[\/es][de]Das Beste von Mama PORN sortiert nach Kategorien | Mom Porn Only[\/de][it]Il meglio di Mamma PORN ordinati per categorie | Mom Porn Only[\/it]\" \/>\n<meta property=\"og:description\" content=\"On Mom Porn Only, you can discover free porn videos on Moms, good MILFs and stepmom fucks sorted with your favorite porn categories[fr]Sur Mom Porn Only, tu peux d\u00e9couvrir des vid\u00e9os porno gratuites sur les Mamans, les bonnes MILFs et la baise de belle m\u00e8re tri\u00e9s avec tes cat\u00e9gories porno pr\u00e9f\u00e9r\u00e9es[\/fr][es]En Mom Porn Only, puedes descubrir videos porno gratis sobre mam\u00e1s, buenas MILFs y madrastras folladas clasificadas con tus categor\u00edas de porno favoritas[\/es][de]Bei Mom Porn Only k\u00f6nnen Sie kostenlose Pornovideos zu Moms, guten MILFs und Stiefmutterficks entdecken, die nach Ihren Lieblingspornokategorien sortiert sind[\/de][it]Solo su Mom Porn Only, puoi scoprire video porno gratuiti su mamme, buoni MILF e scopate di matrigna ordinati con le tue categorie porno preferite[\/it]\" \/>\n<meta property=\"og:url\" content=\"https:\/\/mompornonly.com\/categories\/\" \/>\n<meta property=\"og:site_name\" content=\"MomPornOnly\" \/>\n<meta property=\"article:publisher\" content=\"https:\/\/www.facebook.com\/momponly\/\" \/>\n<meta property=\"article:modified_time\" content=\"2023-10-13T14:21:00+00:00\" \/>\n<meta name=\"twitter:card\" content=\"summary_large_image\" \/>\n<meta name=\"twitter:site\" content=\"@mompornonly\" \/>\n<script type=\"application\/ld+json\" class=\"yoast-schema-graph\">{\"@context\":\"https:\\\/\\\/schema.org\",\"@graph\":[{\"@type\":\"WebPage\",\"@id\":\"https:\\\/\\\/mompornonly.com\\\/categories\\\/\",\"url\":\"https:\\\/\\\/mompornonly.com\\\/categories\\\/\",\"name\":\"The best of Mom PORN sorted by categories | Mom Porn Only[fr]Le meilleur du Porno sur les m\u00e8res tri\u00e9 par cat\u00e9gories | Mom Porn Only[\\\/fr][es]Lo mejor de mam\u00e1 PORNO ordenado por categor\u00edas | Mom Porn Only[\\\/es][de]Das Beste von Mama PORN sortiert nach Kategorien | Mom Porn Only[\\\/de][it]Il meglio di Mamma PORN ordinati per categorie | Mom Porn Only[\\\/it]\",\"isPartOf\":{\"@id\":\"https:\\\/\\\/mompornonly.com\\\/#website\"},\"datePublished\":\"2019-06-23T15:52:54+00:00\",\"dateModified\":\"2023-10-13T14:21:00+00:00\",\"description\":\"On Mom Porn Only, you can discover free porn videos on Moms, good MILFs and stepmom fucks sorted with your favorite porn categories[fr]Sur Mom Porn Only, tu peux d\u00e9couvrir des vid\u00e9os porno gratuites sur les Mamans, les bonnes MILFs et la baise de belle m\u00e8re tri\u00e9s avec tes cat\u00e9gories porno pr\u00e9f\u00e9r\u00e9es[\\\/fr][es]En Mom Porn Only, puedes descubrir videos porno gratis sobre mam\u00e1s, buenas MILFs y madrastras folladas clasificadas con tus categor\u00edas de porno favoritas[\\\/es][de]Bei Mom Porn Only k\u00f6nnen Sie kostenlose Pornovideos zu Moms, guten MILFs und Stiefmutterficks entdecken, die nach Ihren Lieblingspornokategorien sortiert sind[\\\/de][it]Solo su Mom Porn Only, puoi scoprire video porno gratuiti su mamme, buoni MILF e scopate di matrigna ordinati con le tue categorie porno preferite[\\\/it]\",\"breadcrumb\":{\"@id\":\"https:\\\/\\\/mompornonly.com\\\/categories\\\/#breadcrumb\"},\"inLanguage\":\"it-IT\",\"potentialAction\":[{\"@type\":\"ReadAction\",\"target\":[\"https:\\\/\\\/mompornonly.com\\\/categories\\\/\"]}]},{\"@type\":\"BreadcrumbList\",\"@id\":\"https:\\\/\\\/mompornonly.com\\\/categories\\\/#breadcrumb\",\"itemListElement\":[{\"@type\":\"ListItem\",\"position\":1,\"name\":\"Accueil\",\"item\":\"https:\\\/\\\/mompornonly.com\\\/\"},{\"@type\":\"ListItem\",\"position\":2,\"name\":\"Cat\u00e9gories\"}]},{\"@type\":\"WebSite\",\"@id\":\"https:\\\/\\\/mompornonly.com\\\/#website\",\"url\":\"https:\\\/\\\/mompornonly.com\\\/\",\"name\":\"MomPornOnly\",\"description\":\"Mompornonly.com is the best porn tube site ever with just moms and MILFs, the best XXX videos and free sex streaming.[fr]Mompornonly.com est le meilleur site de tubes porno avec seulement des mamans et  des MILF, les meilleures vid\u00e9os XXX et du streaming sexe gratuit.[\\\/fr][es]Mompornonly.com es el mejor sitio de tubos porno con mam\u00e1s y MILF, los mejores videos XXX y transmisi\u00f3n de sexo gratis.[\\\/es][de]Mompornonly.com ist die beste Porno-Tube-Site aller Zeiten mit nur M\u00fcttern und MILFs, den besten XXX-Videos und kostenlosem Sex-Streaming.[\\\/de][it]Mompornonly.com \u00e8 il miglior sito di porno tube di sempre con solo mamme e MILF, i migliori video XXX e lo streaming di sesso gratuito.[\\\/it]\",\"publisher\":{\"@id\":\"https:\\\/\\\/mompornonly.com\\\/#organization\"},\"potentialAction\":[{\"@type\":\"SearchAction\",\"target\":{\"@type\":\"EntryPoint\",\"urlTemplate\":\"https:\\\/\\\/mompornonly.com\\\/?s={search_term_string}\"},\"query-input\":{\"@type\":\"PropertyValueSpecification\",\"valueRequired\":true,\"valueName\":\"search_term_string\"}}],\"inLanguage\":\"it-IT\"},{\"@type\":\"Organization\",\"@id\":\"https:\\\/\\\/mompornonly.com\\\/#organization\",\"name\":\"MomPornOnly\",\"url\":\"https:\\\/\\\/mompornonly.com\\\/\",\"logo\":{\"@type\":\"ImageObject\",\"inLanguage\":\"it-IT\",\"@id\":\"https:\\\/\\\/mompornonly.com\\\/#\\\/schema\\\/logo\\\/image\\\/\",\"url\":\"https:\\\/\\\/mompornonly.com\\\/wp-content\\\/uploads\\\/2020\\\/05\\\/logomompornonly.png\",\"contentUrl\":\"https:\\\/\\\/mompornonly.com\\\/wp-content\\\/uploads\\\/2020\\\/05\\\/logomompornonly.png\",\"width\":792,\"height\":446,\"caption\":\"MomPornOnly\"},\"image\":{\"@id\":\"https:\\\/\\\/mompornonly.com\\\/#\\\/schema\\\/logo\\\/image\\\/\"},\"sameAs\":[\"https:\\\/\\\/www.facebook.com\\\/momponly\\\/\",\"https:\\\/\\\/x.com\\\/mompornonly\",\"https:\\\/\\\/www.instagram.com\\\/mpo_com\\\/\"]}]}<\/script>\n<!-- \/ Yoast SEO plugin. -->","yoast_head_json":{"title":"Il meglio di Mamma PORN ordinati per categorie | Mom Porn Only","description":"Solo su Mom Porn Only, puoi scoprire video porno gratuiti su mamme, buoni MILF e scopate di matrigna ordinati con le tue categorie porno preferite","robots":{"index":"index","follow":"follow","max-snippet":"max-snippet:-1","max-image-preview":"max-image-preview:large","max-video-preview":"max-video-preview:-1"},"canonical":"https:\/\/mompornonly.com\/categories\/","og_locale":"it_IT","og_type":"article","og_title":"The best of Mom PORN sorted by categories | Mom Porn Only[fr]Le meilleur du Porno sur les m\u00e8res tri\u00e9 par cat\u00e9gories | Mom Porn Only[\/fr][es]Lo mejor de mam\u00e1 PORNO ordenado por categor\u00edas | Mom Porn Only[\/es][de]Das Beste von Mama PORN sortiert nach Kategorien | Mom Porn Only[\/de][it]Il meglio di Mamma PORN ordinati per categorie | Mom Porn Only[\/it]","og_description":"On Mom Porn Only, you can discover free porn videos on Moms, good MILFs and stepmom fucks sorted with your favorite porn categories[fr]Sur Mom Porn Only, tu peux d\u00e9couvrir des vid\u00e9os porno gratuites sur les Mamans, les bonnes MILFs et la baise de belle m\u00e8re tri\u00e9s avec tes cat\u00e9gories porno pr\u00e9f\u00e9r\u00e9es[\/fr][es]En Mom Porn Only, puedes descubrir videos porno gratis sobre mam\u00e1s, buenas MILFs y madrastras folladas clasificadas con tus categor\u00edas de porno favoritas[\/es][de]Bei Mom Porn Only k\u00f6nnen Sie kostenlose Pornovideos zu Moms, guten MILFs und Stiefmutterficks entdecken, die nach Ihren Lieblingspornokategorien sortiert sind[\/de][it]Solo su Mom Porn Only, puoi scoprire video porno gratuiti su mamme, buoni MILF e scopate di matrigna ordinati con le tue categorie porno preferite[\/it]","og_url":"https:\/\/mompornonly.com\/categories\/","og_site_name":"MomPornOnly","article_publisher":"https:\/\/www.facebook.com\/momponly\/","article_modified_time":"2023-10-13T14:21:00+00:00","twitter_card":"summary_large_image","twitter_site":"@mompornonly","schema":{"@context":"https:\/\/schema.org","@graph":[{"@type":"WebPage","@id":"https:\/\/mompornonly.com\/categories\/","url":"https:\/\/mompornonly.com\/categories\/","name":"The best of Mom PORN sorted by categories | Mom Porn Only[fr]Le meilleur du Porno sur les m\u00e8res tri\u00e9 par cat\u00e9gories | Mom Porn Only[\/fr][es]Lo mejor de mam\u00e1 PORNO ordenado por categor\u00edas | Mom Porn Only[\/es][de]Das Beste von Mama PORN sortiert nach Kategorien | Mom Porn Only[\/de][it]Il meglio di Mamma PORN ordinati per categorie | Mom Porn Only[\/it]","isPartOf":{"@id":"https:\/\/mompornonly.com\/#website"},"datePublished":"2019-06-23T15:52:54+00:00","dateModified":"2023-10-13T14:21:00+00:00","description":"On Mom Porn Only, you can discover free porn videos on Moms, good MILFs and stepmom fucks sorted with your favorite porn categories[fr]Sur Mom Porn Only, tu peux d\u00e9couvrir des vid\u00e9os porno gratuites sur les Mamans, les bonnes MILFs et la baise de belle m\u00e8re tri\u00e9s avec tes cat\u00e9gories porno pr\u00e9f\u00e9r\u00e9es[\/fr][es]En Mom Porn Only, puedes descubrir videos porno gratis sobre mam\u00e1s, buenas MILFs y madrastras folladas clasificadas con tus categor\u00edas de porno favoritas[\/es][de]Bei Mom Porn Only k\u00f6nnen Sie kostenlose Pornovideos zu Moms, guten MILFs und Stiefmutterficks entdecken, die nach Ihren Lieblingspornokategorien sortiert sind[\/de][it]Solo su Mom Porn Only, puoi scoprire video porno gratuiti su mamme, buoni MILF e scopate di matrigna ordinati con le tue categorie porno preferite[\/it]","breadcrumb":{"@id":"https:\/\/mompornonly.com\/categories\/#breadcrumb"},"inLanguage":"it-IT","potentialAction":[{"@type":"ReadAction","target":["https:\/\/mompornonly.com\/categories\/"]}]},{"@type":"BreadcrumbList","@id":"https:\/\/mompornonly.com\/categories\/#breadcrumb","itemListElement":[{"@type":"ListItem","position":1,"name":"Accueil","item":"https:\/\/mompornonly.com\/"},{"@type":"ListItem","position":2,"name":"Cat\u00e9gories"}]},{"@type":"WebSite","@id":"https:\/\/mompornonly.com\/#website","url":"https:\/\/mompornonly.com\/","name":"MomPornOnly","description":"Mompornonly.com is the best porn tube site ever with just moms and MILFs, the best XXX videos and free sex streaming.[fr]Mompornonly.com est le meilleur site de tubes porno avec seulement des mamans et  des MILF, les meilleures vid\u00e9os XXX et du streaming sexe gratuit.[\/fr][es]Mompornonly.com es el mejor sitio de tubos porno con mam\u00e1s y MILF, los mejores videos XXX y transmisi\u00f3n de sexo gratis.[\/es][de]Mompornonly.com ist die beste Porno-Tube-Site aller Zeiten mit nur M\u00fcttern und MILFs, den besten XXX-Videos und kostenlosem Sex-Streaming.[\/de][it]Mompornonly.com \u00e8 il miglior sito di porno tube di sempre con solo mamme e MILF, i migliori video XXX e lo streaming di sesso gratuito.[\/it]","publisher":{"@id":"https:\/\/mompornonly.com\/#organization"},"potentialAction":[{"@type":"SearchAction","target":{"@type":"EntryPoint","urlTemplate":"https:\/\/mompornonly.com\/?s={search_term_string}"},"query-input":{"@type":"PropertyValueSpecification","valueRequired":true,"valueName":"search_term_string"}}],"inLanguage":"it-IT"},{"@type":"Organization","@id":"https:\/\/mompornonly.com\/#organization","name":"MomPornOnly","url":"https:\/\/mompornonly.com\/","logo":{"@type":"ImageObject","inLanguage":"it-IT","@id":"https:\/\/mompornonly.com\/#\/schema\/logo\/image\/","url":"https:\/\/mompornonly.com\/wp-content\/uploads\/2020\/05\/logomompornonly.png","contentUrl":"https:\/\/mompornonly.com\/wp-content\/uploads\/2020\/05\/logomompornonly.png","width":792,"height":446,"caption":"MomPornOnly"},"image":{"@id":"https:\/\/mompornonly.com\/#\/schema\/logo\/image\/"},"sameAs":["https:\/\/www.facebook.com\/momponly\/","https:\/\/x.com\/mompornonly","https:\/\/www.instagram.com\/mpo_com\/"]}]}},"_links":{"self":[{"href":"https:\/\/mompornonly.com\/it\/wp-json\/wp\/v2\/pages\/7","targetHints":{"allow":["GET"]}}],"collection":[{"href":"https:\/\/mompornonly.com\/it\/wp-json\/wp\/v2\/pages"}],"about":[{"href":"https:\/\/mompornonly.com\/it\/wp-json\/wp\/v2\/types\/page"}],"author":[{"embeddable":true,"href":"https:\/\/mompornonly.com\/it\/wp-json\/wp\/v2\/users\/1"}],"replies":[{"embeddable":true,"href":"https:\/\/mompornonly.com\/it\/wp-json\/wp\/v2\/comments?post=7"}],"version-history":[{"count":1,"href":"https:\/\/mompornonly.com\/it\/wp-json\/wp\/v2\/pages\/7\/revisions"}],"predecessor-version":[{"id":13060,"href":"https:\/\/mompornonly.com\/it\/wp-json\/wp\/v2\/pages\/7\/revisions\/13060"}],"wp:attachment":[{"href":"https:\/\/mompornonly.com\/it\/wp-json\/wp\/v2\/media?parent=7"}],"curies":[{"name":"wp","href":"https:\/\/api.w.org\/{rel}","templated":true}]}}