{"id":6862,"date":"2020-06-30T20:57:22","date_gmt":"2020-06-30T18:57:22","guid":{"rendered":"https:\/\/mompornonly.com\/?page_id=6862"},"modified":"2023-10-13T17:02:03","modified_gmt":"2023-10-13T15:02:03","slug":"dmca","status":"publish","type":"page","link":"https:\/\/mompornonly.com\/it\/dmca\/","title":{"rendered":"DMCA"},"content":{"rendered":"<p><strong>Contact us through our forms if you want your content to be removed from our site.<\/strong><br \/>\n<br \/>\nPlease understand that our site is first of all a free video hosting service and <strong>any video file can be uploaded at any time by our visitors<\/strong>. When an illicit video is reported we do our best to remove it.<\/p>\n","protected":false},"excerpt":{"rendered":"<p>Contact us through our forms if you want your content to be removed from our site. Please understand that our site is first of all a free video hosting service and any video file can be uploaded at any time by our visitors. When an illicit video is reported we do our best to remove [&hellip;]<\/p>\n","protected":false},"author":1,"featured_media":0,"parent":0,"menu_order":0,"comment_status":"closed","ping_status":"closed","template":"templates\/template-dmca.php","meta":{"footnotes":""},"class_list":["post-6862","page","type-page","status-publish","hentry"],"yoast_head":"<!-- This site is optimized with the Yoast SEO plugin v27.4 - https:\/\/yoast.com\/product\/yoast-seo-wordpress\/ -->\n<title>Pagina dei DMCA<\/title>\n<meta name=\"description\" content=\"La pagina DMCA MomPornOnly \u00e8 ora disponibile per qualsiasi richiesta. Niente pi\u00f9 problemi di copyright, ti rispondiamo in poche ore\" \/>\n<meta name=\"robots\" content=\"index, follow, max-snippet:-1, max-image-preview:large, max-video-preview:-1\" \/>\n<link rel=\"canonical\" href=\"https:\/\/mompornonly.com\/dmca\/\" \/>\n<meta property=\"og:locale\" content=\"it_IT\" \/>\n<meta property=\"og:type\" content=\"article\" \/>\n<meta property=\"og:title\" content=\"DMCA page[fr]Page DMCA[\/fr][es]Pagina dei DMCA[\/es][de]DMCA[\/de][it]Pagina dei DMCA[\/it]\" \/>\n<meta property=\"og:description\" content=\"DMCA MomPornOnly page is now available for any request. No more problem of copyright, we answer to you in a few hours[fr]La page DMCA MomPornOnly est d\u00e9sormais disponible pour toute demande. Plus de probl\u00e8me de droit d&#039;auteur, nous vous r\u00e9pondons en quelques heures [\/fr][es]La p\u00e1gina DMCA MomPornOnly ahora est\u00e1 disponible para cualquier solicitud. No m\u00e1s problema de derechos de autor, te respondemos en unas horas[\/es][de]Die DMCA MomPornOnly-Seite ist jetzt f\u00fcr jede Anfrage verf\u00fcgbar. Kein Problem mehr mit dem Urheberrecht, wir antworten Ihnen in wenigen Stunden[\/de][it]La pagina DMCA MomPornOnly \u00e8 ora disponibile per qualsiasi richiesta. Niente pi\u00f9 problemi di copyright, ti rispondiamo in poche ore [\/it]\" \/>\n<meta property=\"og:url\" content=\"https:\/\/mompornonly.com\/dmca\/\" \/>\n<meta property=\"og:site_name\" content=\"MomPornOnly\" \/>\n<meta property=\"article:publisher\" content=\"https:\/\/www.facebook.com\/momponly\/\" \/>\n<meta property=\"article:modified_time\" content=\"2023-10-13T15:02:03+00:00\" \/>\n<meta name=\"twitter:card\" content=\"summary_large_image\" \/>\n<meta name=\"twitter:site\" content=\"@mompornonly\" \/>\n<script type=\"application\/ld+json\" class=\"yoast-schema-graph\">{\"@context\":\"https:\\\/\\\/schema.org\",\"@graph\":[{\"@type\":\"WebPage\",\"@id\":\"https:\\\/\\\/mompornonly.com\\\/dmca\\\/\",\"url\":\"https:\\\/\\\/mompornonly.com\\\/dmca\\\/\",\"name\":\"DMCA page[fr]Page DMCA[\\\/fr][es]Pagina dei DMCA[\\\/es][de]DMCA[\\\/de][it]Pagina dei DMCA[\\\/it]\",\"isPartOf\":{\"@id\":\"https:\\\/\\\/mompornonly.com\\\/#website\"},\"datePublished\":\"2020-06-30T18:57:22+00:00\",\"dateModified\":\"2023-10-13T15:02:03+00:00\",\"description\":\"DMCA MomPornOnly page is now available for any request. No more problem of copyright, we answer to you in a few hours[fr]La page DMCA MomPornOnly est d\u00e9sormais disponible pour toute demande. Plus de probl\u00e8me de droit d'auteur, nous vous r\u00e9pondons en quelques heures [\\\/fr][es]La p\u00e1gina DMCA MomPornOnly ahora est\u00e1 disponible para cualquier solicitud. No m\u00e1s problema de derechos de autor, te respondemos en unas horas[\\\/es][de]Die DMCA MomPornOnly-Seite ist jetzt f\u00fcr jede Anfrage verf\u00fcgbar. Kein Problem mehr mit dem Urheberrecht, wir antworten Ihnen in wenigen Stunden[\\\/de][it]La pagina DMCA MomPornOnly \u00e8 ora disponibile per qualsiasi richiesta. Niente pi\u00f9 problemi di copyright, ti rispondiamo in poche ore [\\\/it]\",\"breadcrumb\":{\"@id\":\"https:\\\/\\\/mompornonly.com\\\/dmca\\\/#breadcrumb\"},\"inLanguage\":\"it-IT\",\"potentialAction\":[{\"@type\":\"ReadAction\",\"target\":[\"https:\\\/\\\/mompornonly.com\\\/dmca\\\/\"]}]},{\"@type\":\"BreadcrumbList\",\"@id\":\"https:\\\/\\\/mompornonly.com\\\/dmca\\\/#breadcrumb\",\"itemListElement\":[{\"@type\":\"ListItem\",\"position\":1,\"name\":\"Accueil\",\"item\":\"https:\\\/\\\/mompornonly.com\\\/\"},{\"@type\":\"ListItem\",\"position\":2,\"name\":\"DMCA\"}]},{\"@type\":\"WebSite\",\"@id\":\"https:\\\/\\\/mompornonly.com\\\/#website\",\"url\":\"https:\\\/\\\/mompornonly.com\\\/\",\"name\":\"MomPornOnly\",\"description\":\"Mompornonly.com is the best porn tube site ever with just moms and MILFs, the best XXX videos and free sex streaming.[fr]Mompornonly.com est le meilleur site de tubes porno avec seulement des mamans et  des MILF, les meilleures vid\u00e9os XXX et du streaming sexe gratuit.[\\\/fr][es]Mompornonly.com es el mejor sitio de tubos porno con mam\u00e1s y MILF, los mejores videos XXX y transmisi\u00f3n de sexo gratis.[\\\/es][de]Mompornonly.com ist die beste Porno-Tube-Site aller Zeiten mit nur M\u00fcttern und MILFs, den besten XXX-Videos und kostenlosem Sex-Streaming.[\\\/de][it]Mompornonly.com \u00e8 il miglior sito di porno tube di sempre con solo mamme e MILF, i migliori video XXX e lo streaming di sesso gratuito.[\\\/it]\",\"publisher\":{\"@id\":\"https:\\\/\\\/mompornonly.com\\\/#organization\"},\"potentialAction\":[{\"@type\":\"SearchAction\",\"target\":{\"@type\":\"EntryPoint\",\"urlTemplate\":\"https:\\\/\\\/mompornonly.com\\\/?s={search_term_string}\"},\"query-input\":{\"@type\":\"PropertyValueSpecification\",\"valueRequired\":true,\"valueName\":\"search_term_string\"}}],\"inLanguage\":\"it-IT\"},{\"@type\":\"Organization\",\"@id\":\"https:\\\/\\\/mompornonly.com\\\/#organization\",\"name\":\"MomPornOnly\",\"url\":\"https:\\\/\\\/mompornonly.com\\\/\",\"logo\":{\"@type\":\"ImageObject\",\"inLanguage\":\"it-IT\",\"@id\":\"https:\\\/\\\/mompornonly.com\\\/#\\\/schema\\\/logo\\\/image\\\/\",\"url\":\"https:\\\/\\\/mompornonly.com\\\/wp-content\\\/uploads\\\/2020\\\/05\\\/logomompornonly.png\",\"contentUrl\":\"https:\\\/\\\/mompornonly.com\\\/wp-content\\\/uploads\\\/2020\\\/05\\\/logomompornonly.png\",\"width\":792,\"height\":446,\"caption\":\"MomPornOnly\"},\"image\":{\"@id\":\"https:\\\/\\\/mompornonly.com\\\/#\\\/schema\\\/logo\\\/image\\\/\"},\"sameAs\":[\"https:\\\/\\\/www.facebook.com\\\/momponly\\\/\",\"https:\\\/\\\/x.com\\\/mompornonly\",\"https:\\\/\\\/www.instagram.com\\\/mpo_com\\\/\"]}]}<\/script>\n<!-- \/ Yoast SEO plugin. -->","yoast_head_json":{"title":"Pagina dei DMCA","description":"La pagina DMCA MomPornOnly \u00e8 ora disponibile per qualsiasi richiesta. Niente pi\u00f9 problemi di copyright, ti rispondiamo in poche ore","robots":{"index":"index","follow":"follow","max-snippet":"max-snippet:-1","max-image-preview":"max-image-preview:large","max-video-preview":"max-video-preview:-1"},"canonical":"https:\/\/mompornonly.com\/dmca\/","og_locale":"it_IT","og_type":"article","og_title":"DMCA page[fr]Page DMCA[\/fr][es]Pagina dei DMCA[\/es][de]DMCA[\/de][it]Pagina dei DMCA[\/it]","og_description":"DMCA MomPornOnly page is now available for any request. No more problem of copyright, we answer to you in a few hours[fr]La page DMCA MomPornOnly est d\u00e9sormais disponible pour toute demande. Plus de probl\u00e8me de droit d'auteur, nous vous r\u00e9pondons en quelques heures [\/fr][es]La p\u00e1gina DMCA MomPornOnly ahora est\u00e1 disponible para cualquier solicitud. No m\u00e1s problema de derechos de autor, te respondemos en unas horas[\/es][de]Die DMCA MomPornOnly-Seite ist jetzt f\u00fcr jede Anfrage verf\u00fcgbar. Kein Problem mehr mit dem Urheberrecht, wir antworten Ihnen in wenigen Stunden[\/de][it]La pagina DMCA MomPornOnly \u00e8 ora disponibile per qualsiasi richiesta. Niente pi\u00f9 problemi di copyright, ti rispondiamo in poche ore [\/it]","og_url":"https:\/\/mompornonly.com\/dmca\/","og_site_name":"MomPornOnly","article_publisher":"https:\/\/www.facebook.com\/momponly\/","article_modified_time":"2023-10-13T15:02:03+00:00","twitter_card":"summary_large_image","twitter_site":"@mompornonly","schema":{"@context":"https:\/\/schema.org","@graph":[{"@type":"WebPage","@id":"https:\/\/mompornonly.com\/dmca\/","url":"https:\/\/mompornonly.com\/dmca\/","name":"DMCA page[fr]Page DMCA[\/fr][es]Pagina dei DMCA[\/es][de]DMCA[\/de][it]Pagina dei DMCA[\/it]","isPartOf":{"@id":"https:\/\/mompornonly.com\/#website"},"datePublished":"2020-06-30T18:57:22+00:00","dateModified":"2023-10-13T15:02:03+00:00","description":"DMCA MomPornOnly page is now available for any request. No more problem of copyright, we answer to you in a few hours[fr]La page DMCA MomPornOnly est d\u00e9sormais disponible pour toute demande. Plus de probl\u00e8me de droit d'auteur, nous vous r\u00e9pondons en quelques heures [\/fr][es]La p\u00e1gina DMCA MomPornOnly ahora est\u00e1 disponible para cualquier solicitud. No m\u00e1s problema de derechos de autor, te respondemos en unas horas[\/es][de]Die DMCA MomPornOnly-Seite ist jetzt f\u00fcr jede Anfrage verf\u00fcgbar. Kein Problem mehr mit dem Urheberrecht, wir antworten Ihnen in wenigen Stunden[\/de][it]La pagina DMCA MomPornOnly \u00e8 ora disponibile per qualsiasi richiesta. Niente pi\u00f9 problemi di copyright, ti rispondiamo in poche ore [\/it]","breadcrumb":{"@id":"https:\/\/mompornonly.com\/dmca\/#breadcrumb"},"inLanguage":"it-IT","potentialAction":[{"@type":"ReadAction","target":["https:\/\/mompornonly.com\/dmca\/"]}]},{"@type":"BreadcrumbList","@id":"https:\/\/mompornonly.com\/dmca\/#breadcrumb","itemListElement":[{"@type":"ListItem","position":1,"name":"Accueil","item":"https:\/\/mompornonly.com\/"},{"@type":"ListItem","position":2,"name":"DMCA"}]},{"@type":"WebSite","@id":"https:\/\/mompornonly.com\/#website","url":"https:\/\/mompornonly.com\/","name":"MomPornOnly","description":"Mompornonly.com is the best porn tube site ever with just moms and MILFs, the best XXX videos and free sex streaming.[fr]Mompornonly.com est le meilleur site de tubes porno avec seulement des mamans et  des MILF, les meilleures vid\u00e9os XXX et du streaming sexe gratuit.[\/fr][es]Mompornonly.com es el mejor sitio de tubos porno con mam\u00e1s y MILF, los mejores videos XXX y transmisi\u00f3n de sexo gratis.[\/es][de]Mompornonly.com ist die beste Porno-Tube-Site aller Zeiten mit nur M\u00fcttern und MILFs, den besten XXX-Videos und kostenlosem Sex-Streaming.[\/de][it]Mompornonly.com \u00e8 il miglior sito di porno tube di sempre con solo mamme e MILF, i migliori video XXX e lo streaming di sesso gratuito.[\/it]","publisher":{"@id":"https:\/\/mompornonly.com\/#organization"},"potentialAction":[{"@type":"SearchAction","target":{"@type":"EntryPoint","urlTemplate":"https:\/\/mompornonly.com\/?s={search_term_string}"},"query-input":{"@type":"PropertyValueSpecification","valueRequired":true,"valueName":"search_term_string"}}],"inLanguage":"it-IT"},{"@type":"Organization","@id":"https:\/\/mompornonly.com\/#organization","name":"MomPornOnly","url":"https:\/\/mompornonly.com\/","logo":{"@type":"ImageObject","inLanguage":"it-IT","@id":"https:\/\/mompornonly.com\/#\/schema\/logo\/image\/","url":"https:\/\/mompornonly.com\/wp-content\/uploads\/2020\/05\/logomompornonly.png","contentUrl":"https:\/\/mompornonly.com\/wp-content\/uploads\/2020\/05\/logomompornonly.png","width":792,"height":446,"caption":"MomPornOnly"},"image":{"@id":"https:\/\/mompornonly.com\/#\/schema\/logo\/image\/"},"sameAs":["https:\/\/www.facebook.com\/momponly\/","https:\/\/x.com\/mompornonly","https:\/\/www.instagram.com\/mpo_com\/"]}]}},"_links":{"self":[{"href":"https:\/\/mompornonly.com\/it\/wp-json\/wp\/v2\/pages\/6862","targetHints":{"allow":["GET"]}}],"collection":[{"href":"https:\/\/mompornonly.com\/it\/wp-json\/wp\/v2\/pages"}],"about":[{"href":"https:\/\/mompornonly.com\/it\/wp-json\/wp\/v2\/types\/page"}],"author":[{"embeddable":true,"href":"https:\/\/mompornonly.com\/it\/wp-json\/wp\/v2\/users\/1"}],"replies":[{"embeddable":true,"href":"https:\/\/mompornonly.com\/it\/wp-json\/wp\/v2\/comments?post=6862"}],"version-history":[{"count":1,"href":"https:\/\/mompornonly.com\/it\/wp-json\/wp\/v2\/pages\/6862\/revisions"}],"predecessor-version":[{"id":13104,"href":"https:\/\/mompornonly.com\/it\/wp-json\/wp\/v2\/pages\/6862\/revisions\/13104"}],"wp:attachment":[{"href":"https:\/\/mompornonly.com\/it\/wp-json\/wp\/v2\/media?parent=6862"}],"curies":[{"name":"wp","href":"https:\/\/api.w.org\/{rel}","templated":true}]}}