{"id":6561,"date":"2020-05-06T16:36:37","date_gmt":"2020-05-06T14:36:37","guid":{"rendered":"https:\/\/mompornonly.com\/?page_id=6561"},"modified":"2023-10-13T16:26:44","modified_gmt":"2023-10-13T14:26:44","slug":"channels","status":"publish","type":"page","link":"https:\/\/mompornonly.com\/it\/channels\/","title":{"rendered":"Channels"},"content":{"rendered":"<h2>Un raggruppamento di contenuti di qualit\u00e0 da siti X<\/h2>\n<p>.<br \/>\nVi starete chiedendo a cosa serve questa pagina, e lo capirete. \u00c8 semplicemente una pagina che raggruppa per voi tutti i siti pornografici pi\u00f9 trendy del momento. I tubi pornografici hanno i migliori contenuti X del pianeta, e soprattutto per voi li abbiamo raggruppati tutti insieme in questa pagina. Con il solo scopo di farvi godere i <strong> migliori video<\/strong> in un unico posto, senza bisogno di cercare per ore. Raggruppiamo i video per siti, perch\u00e9 se volete per esempio i contenuti di Pornhub in esclusiva e bene dovrete solo andare alla pagina e divertirvi. Scegliendo il video che vi attirer\u00e0 di pi\u00f9, che avr\u00e0 pi\u00f9 visualizzazioni, o che vi piacer\u00e0 di pi\u00f9 o che sar\u00e0 il video pi\u00f9 lungo. Con MomPornOnly \u00e8 tutto possibile, ti rendiamo facile arrivare ai migliori video porno ogni giorno, quindi vieni a fare il miglior sesso che tu abbia mai fatto.<\/p>\n<p>Selezioniamo i nostri video con molta attenzione in modo da poter offrire ai nostri stimati utenti solo contenuti della migliore qualit\u00e0. Raccogliamo i migliori video e film porno sul nostro sito, ma abbiamo cos\u00ec tanti video di qualit\u00e0. Non sai pi\u00f9 dove guardare, basta cliccare sulla scheda &#8220;canali&#8221; e troverai esattamente<br \/>\name video. Solo che saranno ordinati dai siti porno pi\u00f9 famosi come <strong>Xvideos, XNXX, YouPorn, xHamster, xHamster, Pornhuv,<\/strong> ecc&#8230; I migliori video XXX di tutti questi siti saranno sui vostri schermi grazie al lavoro del nostro rigoroso team, che lavora per un solo motivo: soddisfare i nostri utenti. Ecco perch\u00e9 scegliamo solo i video e i film porno della migliore qualit\u00e0. Su MomPornOnly troverete i migliori contenuti nella migliore qualit\u00e0 sia che si tratti di 720p, 1080p, FULL HD o 4K. Stiamo facendo tutto il possibile per farti divertire.<\/p>\n<h2>Vieni a provare il massimo del divertimento su MomPornOnly.<\/h2>\n<p>Probabilmente avete gi\u00e0 sentito parlare di produttori nell&#8217;industria del porno, anche se non significa nulla per voi, ma posso darvi qualche nome. Per esempio, se ve lo dicessi, Brazzers, beh, tutti conoscono questo produttore con queste sceneggiature molto emozionanti. Anche se \u00e8 il pi\u00f9 conosciuto, non \u00e8 l&#8217;unico. E s\u00ec! Ce ne sono molti, per esempio, <strong>Blacked, Tushy, Naughty America, ma soprattutto MomsTeachSex<\/strong> che offre scenari mozzafiato. Mamme ultra sexy che si fanno scopare dal figlio, sia con la figlia che con la fidanzata. \u00c8 sempre incredibilmente eccitante vedere una madre che insegna il sesso ai giovani attraverso la pratica. Come sapete, noi ci concentriamo sulle mamme perch\u00e9 le loro grandi tette e i loro grandi culi ci fanno venire duro. Ecco perch\u00e9 non potevamo dimenticare quel produttore di video porno.<\/p>\n<p>Ma questo non significa che dobbiamo sottovalutare i video di mamme dilettanti, che, va detto, sono molto eccitanti. Queste donne mature hanno una fame di cazzo che non si vede da nessun&#8217;altra parte. Non c&#8217;\u00e8 bisogno di ripeterlo, su MomPornOnly si possono guardare le pi\u00f9 grandi troie della storia del porno che si fanno scopare dai giovani. Scopare con donne esperte ti insegna sempre un paio di cose su come far venire una donna, perch\u00e9 vedrai cosa piace alle donne pi\u00f9 mature. Soprattutto quando vengono trattate con molta fermezza e autorit\u00e0. Cos\u00ec possiamo finalmente dirvi, il miglior sito porno al momento \u00e8 <strong>MomPornOnly.com<\/strong>, quindi siete nel posto migliore per godervi la migliore sega che abbiate mai fatto. Tuttavia, se sei un utente abituale, sai quanto divertimento forniscono i nostri video su base giornaliera. Cos\u00ec avremo tutte le pornostar dei grandi canali a tua disposizione. Tutte le mamme pi\u00f9 cattive e famose come Brandi Love, Cory Chase, Nikki Brooks e molte altre saranno l\u00ec per mostrarvi le loro belle forme.<\/p>\n","protected":false},"excerpt":{"rendered":"<p>Un raggruppamento di contenuti di qualit\u00e0 da siti X . Vi starete chiedendo a cosa serve questa pagina, e lo capirete. \u00c8 semplicemente una pagina che raggruppa per voi tutti i siti pornografici pi\u00f9 trendy del momento. I tubi pornografici hanno i migliori contenuti X del pianeta, e soprattutto per voi li abbiamo raggruppati tutti [&hellip;]<\/p>\n","protected":false},"author":1,"featured_media":0,"parent":0,"menu_order":0,"comment_status":"closed","ping_status":"closed","template":"templates\/template-channels.php","meta":{"footnotes":""},"class_list":["post-6561","page","type-page","status-publish","hentry"],"yoast_head":"<!-- This site is optimized with the Yoast SEO plugin v27.4 - https:\/\/yoast.com\/product\/yoast-seo-wordpress\/ -->\n<title>I migliori video porno tube e produttori XXX<\/title>\n<meta name=\"description\" content=\"Il meglio del porno con siti come Pornhub, xhamster e altri produttori porno e canali XXX con MILF come Brazzers su Mompornonly.com\" \/>\n<meta name=\"robots\" content=\"index, follow, max-snippet:-1, max-image-preview:large, max-video-preview:-1\" \/>\n<link rel=\"canonical\" href=\"https:\/\/mompornonly.com\/channels\/\" \/>\n<meta property=\"og:locale\" content=\"it_IT\" \/>\n<meta property=\"og:type\" content=\"article\" \/>\n<meta property=\"og:title\" content=\"Best porn tubes videos and XXX producers[fr]Meilleures vid\u00e9os de tubes porno et producteurs XXX[\/fr][es]Los mejores videos de tubos porno y productores XXX[\/es][de]Beste Porno Tube Videos und XXX Produzenten[\/de][it]I migliori video porno tube e produttori XXX[\/it]\" \/>\n<meta property=\"og:description\" content=\"The best of porn with sites like Pornhub, xhamster and other porn producers and XXX channels with MILFs like Brazzers on Mompornonly.com[fr]Le meilleur du porno avec des sites comme Pornhub, xhamster et d&#039;autres producteurs porno et cha\u00eenes XXX avec des MILF comme Brazzers sur Mompornonly.com[\/fr][es]Lo mejor del porno con sitios como Pornhub, xhamster y otros productores de porno y canales XXX con MILF como Brazzers en Mompornonly.com[\/es][de]Das Beste aus Pornos mit Websites wie Pornhub, xhamster und anderen Pornoproduzenten und XXX-Kan\u00e4len mit MILFs wie Brazzers auf Mompornonly.com[\/de][it]Il meglio del porno con siti come Pornhub, xhamster e altri produttori porno e canali XXX con MILF come Brazzers su Mompornonly.com[\/it]\" \/>\n<meta property=\"og:url\" content=\"https:\/\/mompornonly.com\/channels\/\" \/>\n<meta property=\"og:site_name\" content=\"MomPornOnly\" \/>\n<meta property=\"article:publisher\" content=\"https:\/\/www.facebook.com\/momponly\/\" \/>\n<meta property=\"article:modified_time\" content=\"2023-10-13T14:26:44+00:00\" \/>\n<meta name=\"twitter:card\" content=\"summary_large_image\" \/>\n<meta name=\"twitter:site\" content=\"@mompornonly\" \/>\n<script type=\"application\/ld+json\" class=\"yoast-schema-graph\">{\"@context\":\"https:\\\/\\\/schema.org\",\"@graph\":[{\"@type\":\"WebPage\",\"@id\":\"https:\\\/\\\/mompornonly.com\\\/channels\\\/\",\"url\":\"https:\\\/\\\/mompornonly.com\\\/channels\\\/\",\"name\":\"Best porn tubes videos and XXX producers[fr]Meilleures vid\u00e9os de tubes porno et producteurs XXX[\\\/fr][es]Los mejores videos de tubos porno y productores XXX[\\\/es][de]Beste Porno Tube Videos und XXX Produzenten[\\\/de][it]I migliori video porno tube e produttori XXX[\\\/it]\",\"isPartOf\":{\"@id\":\"https:\\\/\\\/mompornonly.com\\\/#website\"},\"datePublished\":\"2020-05-06T14:36:37+00:00\",\"dateModified\":\"2023-10-13T14:26:44+00:00\",\"description\":\"The best of porn with sites like Pornhub, xhamster and other porn producers and XXX channels with MILFs like Brazzers on Mompornonly.com[fr]Le meilleur du porno avec des sites comme Pornhub, xhamster et d'autres producteurs porno et cha\u00eenes XXX avec des MILF comme Brazzers sur Mompornonly.com[\\\/fr][es]Lo mejor del porno con sitios como Pornhub, xhamster y otros productores de porno y canales XXX con MILF como Brazzers en Mompornonly.com[\\\/es][de]Das Beste aus Pornos mit Websites wie Pornhub, xhamster und anderen Pornoproduzenten und XXX-Kan\u00e4len mit MILFs wie Brazzers auf Mompornonly.com[\\\/de][it]Il meglio del porno con siti come Pornhub, xhamster e altri produttori porno e canali XXX con MILF come Brazzers su Mompornonly.com[\\\/it]\",\"breadcrumb\":{\"@id\":\"https:\\\/\\\/mompornonly.com\\\/channels\\\/#breadcrumb\"},\"inLanguage\":\"it-IT\",\"potentialAction\":[{\"@type\":\"ReadAction\",\"target\":[\"https:\\\/\\\/mompornonly.com\\\/channels\\\/\"]}]},{\"@type\":\"BreadcrumbList\",\"@id\":\"https:\\\/\\\/mompornonly.com\\\/channels\\\/#breadcrumb\",\"itemListElement\":[{\"@type\":\"ListItem\",\"position\":1,\"name\":\"Accueil\",\"item\":\"https:\\\/\\\/mompornonly.com\\\/\"},{\"@type\":\"ListItem\",\"position\":2,\"name\":\"Channels\"}]},{\"@type\":\"WebSite\",\"@id\":\"https:\\\/\\\/mompornonly.com\\\/#website\",\"url\":\"https:\\\/\\\/mompornonly.com\\\/\",\"name\":\"MomPornOnly\",\"description\":\"Mompornonly.com is the best porn tube site ever with just moms and MILFs, the best XXX videos and free sex streaming.[fr]Mompornonly.com est le meilleur site de tubes porno avec seulement des mamans et  des MILF, les meilleures vid\u00e9os XXX et du streaming sexe gratuit.[\\\/fr][es]Mompornonly.com es el mejor sitio de tubos porno con mam\u00e1s y MILF, los mejores videos XXX y transmisi\u00f3n de sexo gratis.[\\\/es][de]Mompornonly.com ist die beste Porno-Tube-Site aller Zeiten mit nur M\u00fcttern und MILFs, den besten XXX-Videos und kostenlosem Sex-Streaming.[\\\/de][it]Mompornonly.com \u00e8 il miglior sito di porno tube di sempre con solo mamme e MILF, i migliori video XXX e lo streaming di sesso gratuito.[\\\/it]\",\"publisher\":{\"@id\":\"https:\\\/\\\/mompornonly.com\\\/#organization\"},\"potentialAction\":[{\"@type\":\"SearchAction\",\"target\":{\"@type\":\"EntryPoint\",\"urlTemplate\":\"https:\\\/\\\/mompornonly.com\\\/?s={search_term_string}\"},\"query-input\":{\"@type\":\"PropertyValueSpecification\",\"valueRequired\":true,\"valueName\":\"search_term_string\"}}],\"inLanguage\":\"it-IT\"},{\"@type\":\"Organization\",\"@id\":\"https:\\\/\\\/mompornonly.com\\\/#organization\",\"name\":\"MomPornOnly\",\"url\":\"https:\\\/\\\/mompornonly.com\\\/\",\"logo\":{\"@type\":\"ImageObject\",\"inLanguage\":\"it-IT\",\"@id\":\"https:\\\/\\\/mompornonly.com\\\/#\\\/schema\\\/logo\\\/image\\\/\",\"url\":\"https:\\\/\\\/mompornonly.com\\\/wp-content\\\/uploads\\\/2020\\\/05\\\/logomompornonly.png\",\"contentUrl\":\"https:\\\/\\\/mompornonly.com\\\/wp-content\\\/uploads\\\/2020\\\/05\\\/logomompornonly.png\",\"width\":792,\"height\":446,\"caption\":\"MomPornOnly\"},\"image\":{\"@id\":\"https:\\\/\\\/mompornonly.com\\\/#\\\/schema\\\/logo\\\/image\\\/\"},\"sameAs\":[\"https:\\\/\\\/www.facebook.com\\\/momponly\\\/\",\"https:\\\/\\\/x.com\\\/mompornonly\",\"https:\\\/\\\/www.instagram.com\\\/mpo_com\\\/\"]}]}<\/script>\n<!-- \/ Yoast SEO plugin. -->","yoast_head_json":{"title":"I migliori video porno tube e produttori XXX","description":"Il meglio del porno con siti come Pornhub, xhamster e altri produttori porno e canali XXX con MILF come Brazzers su Mompornonly.com","robots":{"index":"index","follow":"follow","max-snippet":"max-snippet:-1","max-image-preview":"max-image-preview:large","max-video-preview":"max-video-preview:-1"},"canonical":"https:\/\/mompornonly.com\/channels\/","og_locale":"it_IT","og_type":"article","og_title":"Best porn tubes videos and XXX producers[fr]Meilleures vid\u00e9os de tubes porno et producteurs XXX[\/fr][es]Los mejores videos de tubos porno y productores XXX[\/es][de]Beste Porno Tube Videos und XXX Produzenten[\/de][it]I migliori video porno tube e produttori XXX[\/it]","og_description":"The best of porn with sites like Pornhub, xhamster and other porn producers and XXX channels with MILFs like Brazzers on Mompornonly.com[fr]Le meilleur du porno avec des sites comme Pornhub, xhamster et d'autres producteurs porno et cha\u00eenes XXX avec des MILF comme Brazzers sur Mompornonly.com[\/fr][es]Lo mejor del porno con sitios como Pornhub, xhamster y otros productores de porno y canales XXX con MILF como Brazzers en Mompornonly.com[\/es][de]Das Beste aus Pornos mit Websites wie Pornhub, xhamster und anderen Pornoproduzenten und XXX-Kan\u00e4len mit MILFs wie Brazzers auf Mompornonly.com[\/de][it]Il meglio del porno con siti come Pornhub, xhamster e altri produttori porno e canali XXX con MILF come Brazzers su Mompornonly.com[\/it]","og_url":"https:\/\/mompornonly.com\/channels\/","og_site_name":"MomPornOnly","article_publisher":"https:\/\/www.facebook.com\/momponly\/","article_modified_time":"2023-10-13T14:26:44+00:00","twitter_card":"summary_large_image","twitter_site":"@mompornonly","schema":{"@context":"https:\/\/schema.org","@graph":[{"@type":"WebPage","@id":"https:\/\/mompornonly.com\/channels\/","url":"https:\/\/mompornonly.com\/channels\/","name":"Best porn tubes videos and XXX producers[fr]Meilleures vid\u00e9os de tubes porno et producteurs XXX[\/fr][es]Los mejores videos de tubos porno y productores XXX[\/es][de]Beste Porno Tube Videos und XXX Produzenten[\/de][it]I migliori video porno tube e produttori XXX[\/it]","isPartOf":{"@id":"https:\/\/mompornonly.com\/#website"},"datePublished":"2020-05-06T14:36:37+00:00","dateModified":"2023-10-13T14:26:44+00:00","description":"The best of porn with sites like Pornhub, xhamster and other porn producers and XXX channels with MILFs like Brazzers on Mompornonly.com[fr]Le meilleur du porno avec des sites comme Pornhub, xhamster et d'autres producteurs porno et cha\u00eenes XXX avec des MILF comme Brazzers sur Mompornonly.com[\/fr][es]Lo mejor del porno con sitios como Pornhub, xhamster y otros productores de porno y canales XXX con MILF como Brazzers en Mompornonly.com[\/es][de]Das Beste aus Pornos mit Websites wie Pornhub, xhamster und anderen Pornoproduzenten und XXX-Kan\u00e4len mit MILFs wie Brazzers auf Mompornonly.com[\/de][it]Il meglio del porno con siti come Pornhub, xhamster e altri produttori porno e canali XXX con MILF come Brazzers su Mompornonly.com[\/it]","breadcrumb":{"@id":"https:\/\/mompornonly.com\/channels\/#breadcrumb"},"inLanguage":"it-IT","potentialAction":[{"@type":"ReadAction","target":["https:\/\/mompornonly.com\/channels\/"]}]},{"@type":"BreadcrumbList","@id":"https:\/\/mompornonly.com\/channels\/#breadcrumb","itemListElement":[{"@type":"ListItem","position":1,"name":"Accueil","item":"https:\/\/mompornonly.com\/"},{"@type":"ListItem","position":2,"name":"Channels"}]},{"@type":"WebSite","@id":"https:\/\/mompornonly.com\/#website","url":"https:\/\/mompornonly.com\/","name":"MomPornOnly","description":"Mompornonly.com is the best porn tube site ever with just moms and MILFs, the best XXX videos and free sex streaming.[fr]Mompornonly.com est le meilleur site de tubes porno avec seulement des mamans et  des MILF, les meilleures vid\u00e9os XXX et du streaming sexe gratuit.[\/fr][es]Mompornonly.com es el mejor sitio de tubos porno con mam\u00e1s y MILF, los mejores videos XXX y transmisi\u00f3n de sexo gratis.[\/es][de]Mompornonly.com ist die beste Porno-Tube-Site aller Zeiten mit nur M\u00fcttern und MILFs, den besten XXX-Videos und kostenlosem Sex-Streaming.[\/de][it]Mompornonly.com \u00e8 il miglior sito di porno tube di sempre con solo mamme e MILF, i migliori video XXX e lo streaming di sesso gratuito.[\/it]","publisher":{"@id":"https:\/\/mompornonly.com\/#organization"},"potentialAction":[{"@type":"SearchAction","target":{"@type":"EntryPoint","urlTemplate":"https:\/\/mompornonly.com\/?s={search_term_string}"},"query-input":{"@type":"PropertyValueSpecification","valueRequired":true,"valueName":"search_term_string"}}],"inLanguage":"it-IT"},{"@type":"Organization","@id":"https:\/\/mompornonly.com\/#organization","name":"MomPornOnly","url":"https:\/\/mompornonly.com\/","logo":{"@type":"ImageObject","inLanguage":"it-IT","@id":"https:\/\/mompornonly.com\/#\/schema\/logo\/image\/","url":"https:\/\/mompornonly.com\/wp-content\/uploads\/2020\/05\/logomompornonly.png","contentUrl":"https:\/\/mompornonly.com\/wp-content\/uploads\/2020\/05\/logomompornonly.png","width":792,"height":446,"caption":"MomPornOnly"},"image":{"@id":"https:\/\/mompornonly.com\/#\/schema\/logo\/image\/"},"sameAs":["https:\/\/www.facebook.com\/momponly\/","https:\/\/x.com\/mompornonly","https:\/\/www.instagram.com\/mpo_com\/"]}]}},"_links":{"self":[{"href":"https:\/\/mompornonly.com\/it\/wp-json\/wp\/v2\/pages\/6561","targetHints":{"allow":["GET"]}}],"collection":[{"href":"https:\/\/mompornonly.com\/it\/wp-json\/wp\/v2\/pages"}],"about":[{"href":"https:\/\/mompornonly.com\/it\/wp-json\/wp\/v2\/types\/page"}],"author":[{"embeddable":true,"href":"https:\/\/mompornonly.com\/it\/wp-json\/wp\/v2\/users\/1"}],"replies":[{"embeddable":true,"href":"https:\/\/mompornonly.com\/it\/wp-json\/wp\/v2\/comments?post=6561"}],"version-history":[{"count":2,"href":"https:\/\/mompornonly.com\/it\/wp-json\/wp\/v2\/pages\/6561\/revisions"}],"predecessor-version":[{"id":13068,"href":"https:\/\/mompornonly.com\/it\/wp-json\/wp\/v2\/pages\/6561\/revisions\/13068"}],"wp:attachment":[{"href":"https:\/\/mompornonly.com\/it\/wp-json\/wp\/v2\/media?parent=6561"}],"curies":[{"name":"wp","href":"https:\/\/api.w.org\/{rel}","templated":true}]}}