{"id":6379,"date":"2020-04-29T15:07:52","date_gmt":"2020-04-29T13:07:52","guid":{"rendered":"https:\/\/mompornonly.com\/?page_id=6379"},"modified":"2023-10-13T16:17:13","modified_gmt":"2023-10-13T14:17:13","slug":"albums","status":"publish","type":"page","link":"https:\/\/mompornonly.com\/it\/albums\/","title":{"rendered":"Photos"},"content":{"rendered":"<h2>Le migliori foto porno e immagini della mamma sono ora disponibili su MomPornOnly<\/h2>\n<p>Perch\u00e9 era noioso dover cambiare sito per avere delle foto. Perch\u00e9 avendo trovato <a href=\"https:\/\/mompornonly.com\/it\/\">MomPornOnly.com<\/a> siete stati finalmente soddisfatti di avere i <strong>migliori video XXX<\/strong>. Ora potete trovare qui i video e le foto pi\u00f9 belle senza dover cambiare sito! Tutto \u00e8 qui in grande quantit\u00e0 e sempre in buona qualit\u00e0! Trova le tue mamme preferite che si toccano la figa come una brava puttana. La scelta \u00e8 estremamente varia, perch\u00e9 non mancano assolutamente le mamme sporche che si spogliano davanti alla telecamera. Quindi la nostra collezione di mamme che mostrano il loro corpo non sta per finire!<\/p>\n<p>Le pi\u00f9 belle puttane del mondo, segretarie, insegnanti, studenti o infermiere sono tutte su <strong>MomPornOnly.com<\/strong> che sia in <strong>GIF, X foto o X video HD<\/strong> tutte le pi\u00f9 belle mamme troie sono qui! Non c&#8217;\u00e8 pi\u00f9 bisogno di andare a Porn Pics perch\u00e9 tutte le foto di Porn Pics sono qui. Sono anche qui in aggiunta a molti altri che Porn Pics non ha! Siamo il sito di riferimento nel porno che riguarda i milfs!<\/p>\n<h2>Su MomPornOnly tutte le mamme spargono le loro cosce con invidia!<\/h2>\n<p>Tutte le nostre foto sono di mamme bellissime che amano mettersi in mostra. Mostrando i loro bei culetti, le loro grandi tette, la loro bella figa pelosa o no. Queste piccole troiette a volte in calzamaglia, a volte bionde o brune amano dirsi che i piccoli neem si masturbano mentre guardano le loro foto! Perch\u00e9, ad essere onesti, quello che sognano di pi\u00f9 \u00e8 avere lo sperma dei ragazzi francesi in faccia per avere un viso libero e naturale!<\/p>\n<p>In perizoma, collant, culo all&#8217;aria queste mamme amano masturbarsi la figa in <strong>foto XXX<\/strong> o in video per adulti gratis! Siamo il sito per adulti pi\u00f9 completo sulle mamme, le mamme, le mamme. Che sia in formato video porno o foto porno, c&#8217;\u00e8 qualcosa per tutti su <a href=\"https:\/\/mompornonly.com\/it\/\">MomPornOnly.com<\/a> ! Queste mamme amano il cazzo come nessun altro, hanno lo sperma nelle loro gole!<\/p>\n<h2>Recupera un gran numero di album fotografici<\/h2>\n<p>In pochi click potete sfogliare i nostri album fotografici pornografici! Tutto \u00e8 semplice e ottimizzato in modo da poter accedere a tutte le foto porno senza sforzo. Tutto \u00e8 ben ordinato in modo che una volta scelto un album si pu\u00f2 vedere solo la piccola mamma sgualdrina che hai scelto di guardare! I nostri album sono tutti in qualit\u00e0 HD in modo da poter guardare le loro fighette senza bisogno di occhiali. Quindi a MomPornOnly, speriamo che una cosa sia che tu abbia una patente di camion in modo da poter gestire quelle grosse palle di mamme troie!<\/p>\n<p>E se amate guardare le pornostar, non esitate e trovate <a href=\"https:\/\/mompornonly.com\/it\/photos\/lisa-ann-pornstar-compilation\/\">Lisa Ann<\/a>, <a href=\"https:\/\/mompornonly.com\/it\/photos\/cory-chase-pornstar-compilation\/\">Cory Chase<\/a>, <a href=\"https:\/\/mompornonly.com\/it\/photos\/brandi-love-pornstar-compilation\/\">Brandi Love<\/a>, <a href=\"https:\/\/mompornonly.com\/it\/photos\/nikki-brooks-pornstar-compilation\/\">Nikki Brooks<\/a> e molti altri nella sezione foto di MomPornOnly! Vedere tutte queste donne nude \u00e8 davvero fantastico. Voglio dire, a chi non piace vedere le mamme nude? Tutte queste foto di nudo gratis sono gratis e senza restrizioni solo per te. Trova le migliori immagini erotiche e sporche che puoi trovare su internet! La nostra collezione di bellissime foto femminili XXX \u00e8 infinita e aggiorniamo il nostro album ogni giorno in modo che non si esauriscano mai le foto pronografiche.<\/p>\n<h3>Guardare foto di donne nude non ti basta?<\/h3>\n<p>Allora \u00e8 il tuo giorno fortunato, perch\u00e9 l&#8217;attivit\u00e0 principale di <a href=\"https:\/\/mompornonly.com\/it\/\">MomPornOnly.com<\/a> non \u00e8 quella di postare <strong>XXX foto di ragazze nude<\/strong>. Infatti qui pubblichiamo per lo pi\u00f9 film porno e video di mamme sporche. Stanno cercando una piccola figa a cui insegnare il sesso XXX! I nostri film XXX gratuiti e i nostri video xxx gratuiti vi soddisferanno e dovrebbero permettervi di soddisfare le vostre fantasie pi\u00f9 sporche in relazione alle mamme troie.<\/p>\n<p>Buone grandi mamme con tette enormi che si fanno scopare da piccoli giovani. E se hai bisogno di vedere qualcosa di diverso dalle mamme troie, allora puoi andare su <a href=\"https:\/\/xfrenchies.com\/\">xFrenchies.com<\/a> ! Questo \u00e8 il miglior sito porno che mette insieme <strong>x-video gratuiti di ragazze troie francesi<\/strong>. Giovane, mamma o vecchio c&#8217;\u00e8 qualcosa per tutti i gusti su <a href=\"https:\/\/xfrenchies.com\/\">xFrenchies.com<\/a> tanto le ragazze francesi sono grandi troie sporche che amano il cazzo!<\/p>\n","protected":false},"excerpt":{"rendered":"<p>Le migliori foto porno e immagini della mamma sono ora disponibili su MomPornOnly Perch\u00e9 era noioso dover cambiare sito per avere delle foto. Perch\u00e9 avendo trovato MomPornOnly.com siete stati finalmente soddisfatti di avere i migliori video XXX. Ora potete trovare qui i video e le foto pi\u00f9 belle senza dover cambiare sito! Tutto \u00e8 qui [&hellip;]<\/p>\n","protected":false},"author":1,"featured_media":0,"parent":0,"menu_order":0,"comment_status":"closed","ping_status":"closed","template":"templates\/template-photos.php","meta":{"ep_exclude_from_search":false,"footnotes":""},"class_list":["post-6379","page","type-page","status-publish","hentry"],"yoast_head":"<!-- This site is optimized with the Yoast SEO plugin v27.4 - https:\/\/yoast.com\/product\/yoast-seo-wordpress\/ -->\n<title>Immagini Porno Gratuite e foto di sesso con MILF CALDI - MomPornOnly<\/title>\n<meta name=\"description\" content=\"Dai un&#039;occhiata a tutti gli ALBUM di foto sexy di MILF hot qui su MomPornOnly.com. Goditi le foto erotiche pi\u00f9 calde ora con la mamma sexy con tette enormi che succhiano il suo figliastro\" \/>\n<meta name=\"robots\" content=\"index, follow, max-snippet:-1, max-image-preview:large, max-video-preview:-1\" \/>\n<link rel=\"canonical\" href=\"https:\/\/mompornonly.com\/albums\/\" \/>\n<meta property=\"og:locale\" content=\"it_IT\" \/>\n<meta property=\"og:type\" content=\"article\" \/>\n<meta property=\"og:title\" content=\"Free Porn Pictures &amp; Sex Pictures With HOT MILFs - MomPornOnly [fr]Photos porno gratuites et photos de sexe avec des MILF CHAUDES - MomPornOnly [\/fr][es]Fotos porno gratis y fotos de sexo con MILFs CALIENTES - MomPornOnly [\/es][de]Kostenlose Porno Bilder &amp; Sex Fotos mit hei\u00dfen MILFs - MomPornOnly [\/de][it]Immagini Porno Gratuite e foto di sesso con MILF CALDI - MomPornOnly [\/it]\" \/>\n<meta property=\"og:description\" content=\"Checkout all sexy photo ALBUMS of hot MILFs here at MomPornOnly.com. Enjoy the hottest erotic pics now with sexy Mom with huge boobs sucking her step son[fr]D\u00e9couvrez tous les ALBUMS de photos sexy de MILF chaudes ici sur MomPornOnly.com. Profitez des photos \u00e9rotiques les plus chaudes maintenant avec des mamans sexy avec d&#039;\u00e9normes seins su\u00e7ant son beau-fils[\/fr][es]Echa un vistazo a todos los \u00e1lbumes de fotos sexy de MILFs calientes aqu\u00ed en MomPornOnly.com. Disfruta de las fotos er\u00f3ticas m\u00e1s calientes ahora con una mam\u00e1 sexy con enormes tetas chupando a su hijastro[\/es][de]Kasse aller sexy Fotoalben hei\u00dfer MILFs hier bei MomPornOnly.com. Genie\u00dfe die hei\u00dfesten erotischen Bilder jetzt mit sexy Mom mit riesigen Titten, die ihren Stiefsohn lutschen[\/de][it]Dai un&#039;occhiata a tutti gli ALBUM di foto sexy di MILF hot qui su MomPornOnly.com. Goditi le foto erotiche pi\u00f9 calde ora con la mamma sexy con tette enormi che succhiano il suo figliastro[\/it]\" \/>\n<meta property=\"og:url\" content=\"https:\/\/mompornonly.com\/albums\/\" \/>\n<meta property=\"og:site_name\" content=\"MomPornOnly\" \/>\n<meta property=\"article:publisher\" content=\"https:\/\/www.facebook.com\/momponly\/\" \/>\n<meta property=\"article:modified_time\" content=\"2023-10-13T14:17:13+00:00\" \/>\n<meta name=\"twitter:card\" content=\"summary_large_image\" \/>\n<meta name=\"twitter:site\" content=\"@mompornonly\" \/>\n<script type=\"application\/ld+json\" class=\"yoast-schema-graph\">{\"@context\":\"https:\\\/\\\/schema.org\",\"@graph\":[{\"@type\":\"WebPage\",\"@id\":\"https:\\\/\\\/mompornonly.com\\\/albums\\\/\",\"url\":\"https:\\\/\\\/mompornonly.com\\\/albums\\\/\",\"name\":\"Free Porn Pictures & Sex Pictures With HOT MILFs - MomPornOnly [fr]Photos porno gratuites et photos de sexe avec des MILF CHAUDES - MomPornOnly [\\\/fr][es]Fotos porno gratis y fotos de sexo con MILFs CALIENTES - MomPornOnly [\\\/es][de]Kostenlose Porno Bilder & Sex Fotos mit hei\u00dfen MILFs - MomPornOnly [\\\/de][it]Immagini Porno Gratuite e foto di sesso con MILF CALDI - MomPornOnly [\\\/it]\",\"isPartOf\":{\"@id\":\"https:\\\/\\\/mompornonly.com\\\/#website\"},\"datePublished\":\"2020-04-29T13:07:52+00:00\",\"dateModified\":\"2023-10-13T14:17:13+00:00\",\"description\":\"Checkout all sexy photo ALBUMS of hot MILFs here at MomPornOnly.com. Enjoy the hottest erotic pics now with sexy Mom with huge boobs sucking her step son[fr]D\u00e9couvrez tous les ALBUMS de photos sexy de MILF chaudes ici sur MomPornOnly.com. Profitez des photos \u00e9rotiques les plus chaudes maintenant avec des mamans sexy avec d'\u00e9normes seins su\u00e7ant son beau-fils[\\\/fr][es]Echa un vistazo a todos los \u00e1lbumes de fotos sexy de MILFs calientes aqu\u00ed en MomPornOnly.com. Disfruta de las fotos er\u00f3ticas m\u00e1s calientes ahora con una mam\u00e1 sexy con enormes tetas chupando a su hijastro[\\\/es][de]Kasse aller sexy Fotoalben hei\u00dfer MILFs hier bei MomPornOnly.com. Genie\u00dfe die hei\u00dfesten erotischen Bilder jetzt mit sexy Mom mit riesigen Titten, die ihren Stiefsohn lutschen[\\\/de][it]Dai un'occhiata a tutti gli ALBUM di foto sexy di MILF hot qui su MomPornOnly.com. Goditi le foto erotiche pi\u00f9 calde ora con la mamma sexy con tette enormi che succhiano il suo figliastro[\\\/it]\",\"breadcrumb\":{\"@id\":\"https:\\\/\\\/mompornonly.com\\\/albums\\\/#breadcrumb\"},\"inLanguage\":\"it-IT\",\"potentialAction\":[{\"@type\":\"ReadAction\",\"target\":[\"https:\\\/\\\/mompornonly.com\\\/albums\\\/\"]}]},{\"@type\":\"BreadcrumbList\",\"@id\":\"https:\\\/\\\/mompornonly.com\\\/albums\\\/#breadcrumb\",\"itemListElement\":[{\"@type\":\"ListItem\",\"position\":1,\"name\":\"Accueil\",\"item\":\"https:\\\/\\\/mompornonly.com\\\/\"},{\"@type\":\"ListItem\",\"position\":2,\"name\":\"Photos\"}]},{\"@type\":\"WebSite\",\"@id\":\"https:\\\/\\\/mompornonly.com\\\/#website\",\"url\":\"https:\\\/\\\/mompornonly.com\\\/\",\"name\":\"MomPornOnly\",\"description\":\"Mompornonly.com is the best porn tube site ever with just moms and MILFs, the best XXX videos and free sex streaming.[fr]Mompornonly.com est le meilleur site de tubes porno avec seulement des mamans et  des MILF, les meilleures vid\u00e9os XXX et du streaming sexe gratuit.[\\\/fr][es]Mompornonly.com es el mejor sitio de tubos porno con mam\u00e1s y MILF, los mejores videos XXX y transmisi\u00f3n de sexo gratis.[\\\/es][de]Mompornonly.com ist die beste Porno-Tube-Site aller Zeiten mit nur M\u00fcttern und MILFs, den besten XXX-Videos und kostenlosem Sex-Streaming.[\\\/de][it]Mompornonly.com \u00e8 il miglior sito di porno tube di sempre con solo mamme e MILF, i migliori video XXX e lo streaming di sesso gratuito.[\\\/it]\",\"publisher\":{\"@id\":\"https:\\\/\\\/mompornonly.com\\\/#organization\"},\"potentialAction\":[{\"@type\":\"SearchAction\",\"target\":{\"@type\":\"EntryPoint\",\"urlTemplate\":\"https:\\\/\\\/mompornonly.com\\\/?s={search_term_string}\"},\"query-input\":{\"@type\":\"PropertyValueSpecification\",\"valueRequired\":true,\"valueName\":\"search_term_string\"}}],\"inLanguage\":\"it-IT\"},{\"@type\":\"Organization\",\"@id\":\"https:\\\/\\\/mompornonly.com\\\/#organization\",\"name\":\"MomPornOnly\",\"url\":\"https:\\\/\\\/mompornonly.com\\\/\",\"logo\":{\"@type\":\"ImageObject\",\"inLanguage\":\"it-IT\",\"@id\":\"https:\\\/\\\/mompornonly.com\\\/#\\\/schema\\\/logo\\\/image\\\/\",\"url\":\"https:\\\/\\\/mompornonly.com\\\/wp-content\\\/uploads\\\/2020\\\/05\\\/logomompornonly.png\",\"contentUrl\":\"https:\\\/\\\/mompornonly.com\\\/wp-content\\\/uploads\\\/2020\\\/05\\\/logomompornonly.png\",\"width\":792,\"height\":446,\"caption\":\"MomPornOnly\"},\"image\":{\"@id\":\"https:\\\/\\\/mompornonly.com\\\/#\\\/schema\\\/logo\\\/image\\\/\"},\"sameAs\":[\"https:\\\/\\\/www.facebook.com\\\/momponly\\\/\",\"https:\\\/\\\/x.com\\\/mompornonly\",\"https:\\\/\\\/www.instagram.com\\\/mpo_com\\\/\"]}]}<\/script>\n<!-- \/ Yoast SEO plugin. -->","yoast_head_json":{"title":"Immagini Porno Gratuite e foto di sesso con MILF CALDI - MomPornOnly","description":"Dai un'occhiata a tutti gli ALBUM di foto sexy di MILF hot qui su MomPornOnly.com. Goditi le foto erotiche pi\u00f9 calde ora con la mamma sexy con tette enormi che succhiano il suo figliastro","robots":{"index":"index","follow":"follow","max-snippet":"max-snippet:-1","max-image-preview":"max-image-preview:large","max-video-preview":"max-video-preview:-1"},"canonical":"https:\/\/mompornonly.com\/albums\/","og_locale":"it_IT","og_type":"article","og_title":"Free Porn Pictures & Sex Pictures With HOT MILFs - MomPornOnly [fr]Photos porno gratuites et photos de sexe avec des MILF CHAUDES - MomPornOnly [\/fr][es]Fotos porno gratis y fotos de sexo con MILFs CALIENTES - MomPornOnly [\/es][de]Kostenlose Porno Bilder & Sex Fotos mit hei\u00dfen MILFs - MomPornOnly [\/de][it]Immagini Porno Gratuite e foto di sesso con MILF CALDI - MomPornOnly [\/it]","og_description":"Checkout all sexy photo ALBUMS of hot MILFs here at MomPornOnly.com. Enjoy the hottest erotic pics now with sexy Mom with huge boobs sucking her step son[fr]D\u00e9couvrez tous les ALBUMS de photos sexy de MILF chaudes ici sur MomPornOnly.com. Profitez des photos \u00e9rotiques les plus chaudes maintenant avec des mamans sexy avec d'\u00e9normes seins su\u00e7ant son beau-fils[\/fr][es]Echa un vistazo a todos los \u00e1lbumes de fotos sexy de MILFs calientes aqu\u00ed en MomPornOnly.com. Disfruta de las fotos er\u00f3ticas m\u00e1s calientes ahora con una mam\u00e1 sexy con enormes tetas chupando a su hijastro[\/es][de]Kasse aller sexy Fotoalben hei\u00dfer MILFs hier bei MomPornOnly.com. Genie\u00dfe die hei\u00dfesten erotischen Bilder jetzt mit sexy Mom mit riesigen Titten, die ihren Stiefsohn lutschen[\/de][it]Dai un'occhiata a tutti gli ALBUM di foto sexy di MILF hot qui su MomPornOnly.com. Goditi le foto erotiche pi\u00f9 calde ora con la mamma sexy con tette enormi che succhiano il suo figliastro[\/it]","og_url":"https:\/\/mompornonly.com\/albums\/","og_site_name":"MomPornOnly","article_publisher":"https:\/\/www.facebook.com\/momponly\/","article_modified_time":"2023-10-13T14:17:13+00:00","twitter_card":"summary_large_image","twitter_site":"@mompornonly","schema":{"@context":"https:\/\/schema.org","@graph":[{"@type":"WebPage","@id":"https:\/\/mompornonly.com\/albums\/","url":"https:\/\/mompornonly.com\/albums\/","name":"Free Porn Pictures & Sex Pictures With HOT MILFs - MomPornOnly [fr]Photos porno gratuites et photos de sexe avec des MILF CHAUDES - MomPornOnly [\/fr][es]Fotos porno gratis y fotos de sexo con MILFs CALIENTES - MomPornOnly [\/es][de]Kostenlose Porno Bilder & Sex Fotos mit hei\u00dfen MILFs - MomPornOnly [\/de][it]Immagini Porno Gratuite e foto di sesso con MILF CALDI - MomPornOnly [\/it]","isPartOf":{"@id":"https:\/\/mompornonly.com\/#website"},"datePublished":"2020-04-29T13:07:52+00:00","dateModified":"2023-10-13T14:17:13+00:00","description":"Checkout all sexy photo ALBUMS of hot MILFs here at MomPornOnly.com. Enjoy the hottest erotic pics now with sexy Mom with huge boobs sucking her step son[fr]D\u00e9couvrez tous les ALBUMS de photos sexy de MILF chaudes ici sur MomPornOnly.com. Profitez des photos \u00e9rotiques les plus chaudes maintenant avec des mamans sexy avec d'\u00e9normes seins su\u00e7ant son beau-fils[\/fr][es]Echa un vistazo a todos los \u00e1lbumes de fotos sexy de MILFs calientes aqu\u00ed en MomPornOnly.com. Disfruta de las fotos er\u00f3ticas m\u00e1s calientes ahora con una mam\u00e1 sexy con enormes tetas chupando a su hijastro[\/es][de]Kasse aller sexy Fotoalben hei\u00dfer MILFs hier bei MomPornOnly.com. Genie\u00dfe die hei\u00dfesten erotischen Bilder jetzt mit sexy Mom mit riesigen Titten, die ihren Stiefsohn lutschen[\/de][it]Dai un'occhiata a tutti gli ALBUM di foto sexy di MILF hot qui su MomPornOnly.com. Goditi le foto erotiche pi\u00f9 calde ora con la mamma sexy con tette enormi che succhiano il suo figliastro[\/it]","breadcrumb":{"@id":"https:\/\/mompornonly.com\/albums\/#breadcrumb"},"inLanguage":"it-IT","potentialAction":[{"@type":"ReadAction","target":["https:\/\/mompornonly.com\/albums\/"]}]},{"@type":"BreadcrumbList","@id":"https:\/\/mompornonly.com\/albums\/#breadcrumb","itemListElement":[{"@type":"ListItem","position":1,"name":"Accueil","item":"https:\/\/mompornonly.com\/"},{"@type":"ListItem","position":2,"name":"Photos"}]},{"@type":"WebSite","@id":"https:\/\/mompornonly.com\/#website","url":"https:\/\/mompornonly.com\/","name":"MomPornOnly","description":"Mompornonly.com is the best porn tube site ever with just moms and MILFs, the best XXX videos and free sex streaming.[fr]Mompornonly.com est le meilleur site de tubes porno avec seulement des mamans et  des MILF, les meilleures vid\u00e9os XXX et du streaming sexe gratuit.[\/fr][es]Mompornonly.com es el mejor sitio de tubos porno con mam\u00e1s y MILF, los mejores videos XXX y transmisi\u00f3n de sexo gratis.[\/es][de]Mompornonly.com ist die beste Porno-Tube-Site aller Zeiten mit nur M\u00fcttern und MILFs, den besten XXX-Videos und kostenlosem Sex-Streaming.[\/de][it]Mompornonly.com \u00e8 il miglior sito di porno tube di sempre con solo mamme e MILF, i migliori video XXX e lo streaming di sesso gratuito.[\/it]","publisher":{"@id":"https:\/\/mompornonly.com\/#organization"},"potentialAction":[{"@type":"SearchAction","target":{"@type":"EntryPoint","urlTemplate":"https:\/\/mompornonly.com\/?s={search_term_string}"},"query-input":{"@type":"PropertyValueSpecification","valueRequired":true,"valueName":"search_term_string"}}],"inLanguage":"it-IT"},{"@type":"Organization","@id":"https:\/\/mompornonly.com\/#organization","name":"MomPornOnly","url":"https:\/\/mompornonly.com\/","logo":{"@type":"ImageObject","inLanguage":"it-IT","@id":"https:\/\/mompornonly.com\/#\/schema\/logo\/image\/","url":"https:\/\/mompornonly.com\/wp-content\/uploads\/2020\/05\/logomompornonly.png","contentUrl":"https:\/\/mompornonly.com\/wp-content\/uploads\/2020\/05\/logomompornonly.png","width":792,"height":446,"caption":"MomPornOnly"},"image":{"@id":"https:\/\/mompornonly.com\/#\/schema\/logo\/image\/"},"sameAs":["https:\/\/www.facebook.com\/momponly\/","https:\/\/x.com\/mompornonly","https:\/\/www.instagram.com\/mpo_com\/"]}]}},"_links":{"self":[{"href":"https:\/\/mompornonly.com\/it\/wp-json\/wp\/v2\/pages\/6379","targetHints":{"allow":["GET"]}}],"collection":[{"href":"https:\/\/mompornonly.com\/it\/wp-json\/wp\/v2\/pages"}],"about":[{"href":"https:\/\/mompornonly.com\/it\/wp-json\/wp\/v2\/types\/page"}],"author":[{"embeddable":true,"href":"https:\/\/mompornonly.com\/it\/wp-json\/wp\/v2\/users\/1"}],"replies":[{"embeddable":true,"href":"https:\/\/mompornonly.com\/it\/wp-json\/wp\/v2\/comments?post=6379"}],"version-history":[{"count":1,"href":"https:\/\/mompornonly.com\/it\/wp-json\/wp\/v2\/pages\/6379\/revisions"}],"predecessor-version":[{"id":13051,"href":"https:\/\/mompornonly.com\/it\/wp-json\/wp\/v2\/pages\/6379\/revisions\/13051"}],"wp:attachment":[{"href":"https:\/\/mompornonly.com\/it\/wp-json\/wp\/v2\/media?parent=6379"}],"curies":[{"name":"wp","href":"https:\/\/api.w.org\/{rel}","templated":true}]}}