{"id":6,"date":"2019-06-23T15:52:54","date_gmt":"2019-06-23T15:52:54","guid":{"rendered":"https:\/\/xfrenchies.com\/actors\/"},"modified":"2023-10-13T16:23:07","modified_gmt":"2023-10-13T14:23:07","slug":"pornstars","status":"publish","type":"page","link":"https:\/\/mompornonly.com\/it\/pornstars\/","title":{"rendered":"Pornstars"},"content":{"rendered":"<h2>Le attrici pi\u00f9 sexy su MomPornOnly.<\/h2>\n<p>Scoprite la nostra selezione delle attrici pi\u00f9 sexy su internet, abbiamo raccolto le MILF pi\u00f9 zoccole disponibili. Le troverete per tutti i gusti,<strong> bionde, brune, rosse, nere, asiatici, ecc..<\/strong> A MomPornOnly non facciamo le cose a met\u00e0, dovrete visitare la pagina delle pornostar solo una volta per capire quanto ha gusto il nostro team. Potreste anche essere alla ricerca di mamme con grandi tette o grandi culi da questo lato non dovete preoccuparvi che abbiamo tutto ci\u00f2 che vi serve. Con le mamme pi\u00f9 famose dell&#8217;industria del porno, probabilmente le conoscete gi\u00e0 tutte per i cattivi tra di voi. Naturalmente stiamo parlando di grandi nomi del settore, come <strong>Cory Chase, Brandi Love, Nikki Brooks,<\/strong> e cos\u00ec tanti altri che non potremmo mai nominarli tutti. Basta scuse, abbiamo scelto le MILF pi\u00f9 sexy e sexy di sempre. Se sei un fan del porno che si rispetti, probabilmente hai gi\u00e0 sentito parlare di queste attrici che sono molto popolari tra i fan delle scene porno con le madri e i loro figli. Naturalmente, ognuna di queste pornostar ha le sue specialit\u00e0. Prendete ad esempio Brandy Love, la donna che ha fatto il suo posto nel vasto mondo della pornografia. Conosciuta soprattutto per queste scene in cui insegna ai giovani a scopare, naturalmente partecipa a queste scene di sesso e rimane soprattutto una troia. \u00c8 un&#8217;ottima spagnola che si fa le seghe con le sue grandi tette, pu\u00f2 anche prendere due cazzi allo stesso tempo tra le sue enormi tette.<\/p>\n<p>O anche Cory Chase e Nikki Brooks, che oltre ad essere brave sono anche ottime amiche. Hanno girato molti video insieme dove scopano un giovane e condividono il suo cazzo e il suo sperma, lei condivide anche i loro rispettivi figli. Potrete trovare tutti questi video sul nostro sito, nella migliore qualit\u00e0 HD, ma soprattutto in modo illimitato e completamente gratuito. Scoprite le due donne <strong> pi\u00f9 sexy<\/strong> di internet che vi offrono gratuitamente i loro corpi e le loro performance sul nostro sito. Scoprirete i video di loro dove si bloccano in tutti i luoghi della casa. Ti fa domandare se lo fanno apposta, come spesso accade, se \u00e8 incastrato nel lavandino, sotto un mobile, sotto un tavolo, e tanti altri esempi. Diciamo che in questi video queste donne chiamano i loro figli e gli chiedono aiuto per toglierlo di mezzo. Ma per qualche strana ragione, l&#8217;unico modo in cui queste donne riescono a liberare le loro mamme, \u00e8 semplicemente scopare le loro mamme mentre sono bloccate. E la parte migliore \u00e8 che funziona. Ma questo non significa che smettono di scopare, NO NO! Continuano a scopare finch\u00e9 non ingoiano lo sperma dei loro figli. Contrariamente alle apparenze queste scene sono molto eccitanti, vedere una donna che viene scopata violentemente senza che lei possa fare nulla, suo figlio naturalmente si diverte. Ma anche tu puoi divertirti cliccando su questo video che ti far\u00e0 diventare duro come un toro.<\/p>\n<h2>Il meglio di X sui vostri schermi!<\/h2>\n<p>Venite a godervi le pi\u00f9 grandi pornostar, gratis. Il meglio di X sui vostri schermi, disponibile per tutti, a condizione che abbiate una connessione internet. Ma una cosa \u00e8 certa, non potete perdervi questi emozionanti contenuti con le migliori attrici del mondo, le pi\u00f9 puttane, le pi\u00f9 sexy e anche le pi\u00f9 sexy. Tutto ci\u00f2 di cui hai bisogno \u00e8 un layout, una connessione, un fazzoletto di carta e sei fuori per il <strong>pi\u00f9 bel lavoretto di mano<\/strong> della tua vita. Vedrete delle donne piene di perversioni e di morbosit\u00e0, cos\u00ec calde che saranno con le loro fighette bagnate e le loro tette di plastica. Ma offriamo anche mamme con tette vere, prendete per esempio Nikky Brooks, Angela White, Channel Preston, Clara Morgane, e molte altre. Il miglior sito porno del momento, gratuito e a volont\u00e0. Venite a provare l&#8217;esperienza che vi offriamo, un contenuto adatto a tutti i vostri desideri pi\u00f9 sfrenati. Tutte le vostre fantasie sono qui, che si tratti di piedi, o qualsiasi altra pratica fetish che vi piaccia, noi ce l&#8217;abbiamo. Scoprite anche i giovani attori pi\u00f9 sexy e fortunati del mondo, Juan El Caballo e Jordi El Nino Polla, che sono entrambi i due uomini che hanno scopato pi\u00f9 mamme del mondo.<\/p>\n","protected":false},"excerpt":{"rendered":"<p>Le attrici pi\u00f9 sexy su MomPornOnly. Scoprite la nostra selezione delle attrici pi\u00f9 sexy su internet, abbiamo raccolto le MILF pi\u00f9 zoccole disponibili. Le troverete per tutti i gusti, bionde, brune, rosse, nere, asiatici, ecc.. A MomPornOnly non facciamo le cose a met\u00e0, dovrete visitare la pagina delle pornostar solo una volta per capire quanto [&hellip;]<\/p>\n","protected":false},"author":1,"featured_media":0,"parent":0,"menu_order":0,"comment_status":"closed","ping_status":"closed","template":"templates\/template-actors.php","meta":{"footnotes":""},"class_list":["post-6","page","type-page","status-publish","hentry"],"yoast_head":"<!-- This site is optimized with the Yoast SEO plugin v27.4 - https:\/\/yoast.com\/product\/yoast-seo-wordpress\/ -->\n<title>Le migliori pornostar MILF su Mom Porn Only, video porno gratuiti<\/title>\n<meta name=\"description\" content=\"Sei alla ricerca di mamme pornostar con grandi tette? MILF che amano farsi scopare da giovani figli arrapati, troverai quello che stai cercando su Mom Porn Only\" \/>\n<meta name=\"robots\" content=\"index, follow, max-snippet:-1, max-image-preview:large, max-video-preview:-1\" \/>\n<link rel=\"canonical\" href=\"https:\/\/mompornonly.com\/pornstars\/\" \/>\n<meta property=\"og:locale\" content=\"it_IT\" \/>\n<meta property=\"og:type\" content=\"article\" \/>\n<meta property=\"og:title\" content=\"Best MILFs Pornstar on Mom Porn Only, Free Porn tubes[fr]Meilleures MILFs pornstar sur Mom Porn Only, tubes porno gratuit[\/fr][es]Mejor MILF Pornstar en Mom Porn Only, videos porno gratis[\/es][de]Beste MILFs Pornostar auf Mom Porn Only, free Porno Videos[\/de][it]Le migliori pornostar MILF su Mom Porn Only, video porno gratuiti[\/it]\" \/>\n<meta property=\"og:description\" content=\"Are you looking for pornstar moms with big boobs ? MILFs who love to be fucked by horny young step sons, you will find what you are looking for on Mom Porn Only[fr]Tu cherches des mamans pornstar avec des gros seins ? Des MILFs qui adorent se faire baiser par des jeunes fils en rute, tu trouveras ton bonheur sur Mom Porn Only[\/fr][es]\u00bfEst\u00e1s buscando madres porno con grandes tetas ? MILFs que adoran ser folladas por j\u00f3venes hijos cachondos, encontrar\u00e1s lo que est\u00e1s buscando en Mom Porn Only[\/es][de]Suchst du Pornostar M\u00fctter mit gro\u00dfen Titten? MILFs, die es lieben, von geilen jungen S\u00f6hnen gefickt zu werden, finden auf Mom Porn Only nur das, wonach Sie suchen[\/de][it]Sei alla ricerca di mamme pornostar con grandi tette? MILF che amano farsi scopare da giovani figli arrapati, troverai quello che stai cercando su Mom Porn Only[\/it]\" \/>\n<meta property=\"og:url\" content=\"https:\/\/mompornonly.com\/pornstars\/\" \/>\n<meta property=\"og:site_name\" content=\"MomPornOnly\" \/>\n<meta property=\"article:publisher\" content=\"https:\/\/www.facebook.com\/momponly\/\" \/>\n<meta property=\"article:modified_time\" content=\"2023-10-13T14:23:07+00:00\" \/>\n<meta name=\"twitter:card\" content=\"summary_large_image\" \/>\n<meta name=\"twitter:site\" content=\"@mompornonly\" \/>\n<script type=\"application\/ld+json\" class=\"yoast-schema-graph\">{\"@context\":\"https:\\\/\\\/schema.org\",\"@graph\":[{\"@type\":\"WebPage\",\"@id\":\"https:\\\/\\\/mompornonly.com\\\/pornstars\\\/\",\"url\":\"https:\\\/\\\/mompornonly.com\\\/pornstars\\\/\",\"name\":\"Best MILFs Pornstar on Mom Porn Only, Free Porn tubes[fr]Meilleures MILFs pornstar sur Mom Porn Only, tubes porno gratuit[\\\/fr][es]Mejor MILF Pornstar en Mom Porn Only, videos porno gratis[\\\/es][de]Beste MILFs Pornostar auf Mom Porn Only, free Porno Videos[\\\/de][it]Le migliori pornostar MILF su Mom Porn Only, video porno gratuiti[\\\/it]\",\"isPartOf\":{\"@id\":\"https:\\\/\\\/mompornonly.com\\\/#website\"},\"datePublished\":\"2019-06-23T15:52:54+00:00\",\"dateModified\":\"2023-10-13T14:23:07+00:00\",\"description\":\"Are you looking for pornstar moms with big boobs ? MILFs who love to be fucked by horny young step sons, you will find what you are looking for on Mom Porn Only[fr]Tu cherches des mamans pornstar avec des gros seins ? Des MILFs qui adorent se faire baiser par des jeunes fils en rute, tu trouveras ton bonheur sur Mom Porn Only[\\\/fr][es]\u00bfEst\u00e1s buscando madres porno con grandes tetas ? MILFs que adoran ser folladas por j\u00f3venes hijos cachondos, encontrar\u00e1s lo que est\u00e1s buscando en Mom Porn Only[\\\/es][de]Suchst du Pornostar M\u00fctter mit gro\u00dfen Titten? MILFs, die es lieben, von geilen jungen S\u00f6hnen gefickt zu werden, finden auf Mom Porn Only nur das, wonach Sie suchen[\\\/de][it]Sei alla ricerca di mamme pornostar con grandi tette? MILF che amano farsi scopare da giovani figli arrapati, troverai quello che stai cercando su Mom Porn Only[\\\/it]\",\"breadcrumb\":{\"@id\":\"https:\\\/\\\/mompornonly.com\\\/pornstars\\\/#breadcrumb\"},\"inLanguage\":\"it-IT\",\"potentialAction\":[{\"@type\":\"ReadAction\",\"target\":[\"https:\\\/\\\/mompornonly.com\\\/pornstars\\\/\"]}]},{\"@type\":\"BreadcrumbList\",\"@id\":\"https:\\\/\\\/mompornonly.com\\\/pornstars\\\/#breadcrumb\",\"itemListElement\":[{\"@type\":\"ListItem\",\"position\":1,\"name\":\"Accueil\",\"item\":\"https:\\\/\\\/mompornonly.com\\\/\"},{\"@type\":\"ListItem\",\"position\":2,\"name\":\"Pornstars\"}]},{\"@type\":\"WebSite\",\"@id\":\"https:\\\/\\\/mompornonly.com\\\/#website\",\"url\":\"https:\\\/\\\/mompornonly.com\\\/\",\"name\":\"MomPornOnly\",\"description\":\"Mompornonly.com is the best porn tube site ever with just moms and MILFs, the best XXX videos and free sex streaming.[fr]Mompornonly.com est le meilleur site de tubes porno avec seulement des mamans et  des MILF, les meilleures vid\u00e9os XXX et du streaming sexe gratuit.[\\\/fr][es]Mompornonly.com es el mejor sitio de tubos porno con mam\u00e1s y MILF, los mejores videos XXX y transmisi\u00f3n de sexo gratis.[\\\/es][de]Mompornonly.com ist die beste Porno-Tube-Site aller Zeiten mit nur M\u00fcttern und MILFs, den besten XXX-Videos und kostenlosem Sex-Streaming.[\\\/de][it]Mompornonly.com \u00e8 il miglior sito di porno tube di sempre con solo mamme e MILF, i migliori video XXX e lo streaming di sesso gratuito.[\\\/it]\",\"publisher\":{\"@id\":\"https:\\\/\\\/mompornonly.com\\\/#organization\"},\"potentialAction\":[{\"@type\":\"SearchAction\",\"target\":{\"@type\":\"EntryPoint\",\"urlTemplate\":\"https:\\\/\\\/mompornonly.com\\\/?s={search_term_string}\"},\"query-input\":{\"@type\":\"PropertyValueSpecification\",\"valueRequired\":true,\"valueName\":\"search_term_string\"}}],\"inLanguage\":\"it-IT\"},{\"@type\":\"Organization\",\"@id\":\"https:\\\/\\\/mompornonly.com\\\/#organization\",\"name\":\"MomPornOnly\",\"url\":\"https:\\\/\\\/mompornonly.com\\\/\",\"logo\":{\"@type\":\"ImageObject\",\"inLanguage\":\"it-IT\",\"@id\":\"https:\\\/\\\/mompornonly.com\\\/#\\\/schema\\\/logo\\\/image\\\/\",\"url\":\"https:\\\/\\\/mompornonly.com\\\/wp-content\\\/uploads\\\/2020\\\/05\\\/logomompornonly.png\",\"contentUrl\":\"https:\\\/\\\/mompornonly.com\\\/wp-content\\\/uploads\\\/2020\\\/05\\\/logomompornonly.png\",\"width\":792,\"height\":446,\"caption\":\"MomPornOnly\"},\"image\":{\"@id\":\"https:\\\/\\\/mompornonly.com\\\/#\\\/schema\\\/logo\\\/image\\\/\"},\"sameAs\":[\"https:\\\/\\\/www.facebook.com\\\/momponly\\\/\",\"https:\\\/\\\/x.com\\\/mompornonly\",\"https:\\\/\\\/www.instagram.com\\\/mpo_com\\\/\"]}]}<\/script>\n<!-- \/ Yoast SEO plugin. -->","yoast_head_json":{"title":"Le migliori pornostar MILF su Mom Porn Only, video porno gratuiti","description":"Sei alla ricerca di mamme pornostar con grandi tette? MILF che amano farsi scopare da giovani figli arrapati, troverai quello che stai cercando su Mom Porn Only","robots":{"index":"index","follow":"follow","max-snippet":"max-snippet:-1","max-image-preview":"max-image-preview:large","max-video-preview":"max-video-preview:-1"},"canonical":"https:\/\/mompornonly.com\/pornstars\/","og_locale":"it_IT","og_type":"article","og_title":"Best MILFs Pornstar on Mom Porn Only, Free Porn tubes[fr]Meilleures MILFs pornstar sur Mom Porn Only, tubes porno gratuit[\/fr][es]Mejor MILF Pornstar en Mom Porn Only, videos porno gratis[\/es][de]Beste MILFs Pornostar auf Mom Porn Only, free Porno Videos[\/de][it]Le migliori pornostar MILF su Mom Porn Only, video porno gratuiti[\/it]","og_description":"Are you looking for pornstar moms with big boobs ? MILFs who love to be fucked by horny young step sons, you will find what you are looking for on Mom Porn Only[fr]Tu cherches des mamans pornstar avec des gros seins ? Des MILFs qui adorent se faire baiser par des jeunes fils en rute, tu trouveras ton bonheur sur Mom Porn Only[\/fr][es]\u00bfEst\u00e1s buscando madres porno con grandes tetas ? MILFs que adoran ser folladas por j\u00f3venes hijos cachondos, encontrar\u00e1s lo que est\u00e1s buscando en Mom Porn Only[\/es][de]Suchst du Pornostar M\u00fctter mit gro\u00dfen Titten? MILFs, die es lieben, von geilen jungen S\u00f6hnen gefickt zu werden, finden auf Mom Porn Only nur das, wonach Sie suchen[\/de][it]Sei alla ricerca di mamme pornostar con grandi tette? MILF che amano farsi scopare da giovani figli arrapati, troverai quello che stai cercando su Mom Porn Only[\/it]","og_url":"https:\/\/mompornonly.com\/pornstars\/","og_site_name":"MomPornOnly","article_publisher":"https:\/\/www.facebook.com\/momponly\/","article_modified_time":"2023-10-13T14:23:07+00:00","twitter_card":"summary_large_image","twitter_site":"@mompornonly","schema":{"@context":"https:\/\/schema.org","@graph":[{"@type":"WebPage","@id":"https:\/\/mompornonly.com\/pornstars\/","url":"https:\/\/mompornonly.com\/pornstars\/","name":"Best MILFs Pornstar on Mom Porn Only, Free Porn tubes[fr]Meilleures MILFs pornstar sur Mom Porn Only, tubes porno gratuit[\/fr][es]Mejor MILF Pornstar en Mom Porn Only, videos porno gratis[\/es][de]Beste MILFs Pornostar auf Mom Porn Only, free Porno Videos[\/de][it]Le migliori pornostar MILF su Mom Porn Only, video porno gratuiti[\/it]","isPartOf":{"@id":"https:\/\/mompornonly.com\/#website"},"datePublished":"2019-06-23T15:52:54+00:00","dateModified":"2023-10-13T14:23:07+00:00","description":"Are you looking for pornstar moms with big boobs ? MILFs who love to be fucked by horny young step sons, you will find what you are looking for on Mom Porn Only[fr]Tu cherches des mamans pornstar avec des gros seins ? Des MILFs qui adorent se faire baiser par des jeunes fils en rute, tu trouveras ton bonheur sur Mom Porn Only[\/fr][es]\u00bfEst\u00e1s buscando madres porno con grandes tetas ? MILFs que adoran ser folladas por j\u00f3venes hijos cachondos, encontrar\u00e1s lo que est\u00e1s buscando en Mom Porn Only[\/es][de]Suchst du Pornostar M\u00fctter mit gro\u00dfen Titten? MILFs, die es lieben, von geilen jungen S\u00f6hnen gefickt zu werden, finden auf Mom Porn Only nur das, wonach Sie suchen[\/de][it]Sei alla ricerca di mamme pornostar con grandi tette? MILF che amano farsi scopare da giovani figli arrapati, troverai quello che stai cercando su Mom Porn Only[\/it]","breadcrumb":{"@id":"https:\/\/mompornonly.com\/pornstars\/#breadcrumb"},"inLanguage":"it-IT","potentialAction":[{"@type":"ReadAction","target":["https:\/\/mompornonly.com\/pornstars\/"]}]},{"@type":"BreadcrumbList","@id":"https:\/\/mompornonly.com\/pornstars\/#breadcrumb","itemListElement":[{"@type":"ListItem","position":1,"name":"Accueil","item":"https:\/\/mompornonly.com\/"},{"@type":"ListItem","position":2,"name":"Pornstars"}]},{"@type":"WebSite","@id":"https:\/\/mompornonly.com\/#website","url":"https:\/\/mompornonly.com\/","name":"MomPornOnly","description":"Mompornonly.com is the best porn tube site ever with just moms and MILFs, the best XXX videos and free sex streaming.[fr]Mompornonly.com est le meilleur site de tubes porno avec seulement des mamans et  des MILF, les meilleures vid\u00e9os XXX et du streaming sexe gratuit.[\/fr][es]Mompornonly.com es el mejor sitio de tubos porno con mam\u00e1s y MILF, los mejores videos XXX y transmisi\u00f3n de sexo gratis.[\/es][de]Mompornonly.com ist die beste Porno-Tube-Site aller Zeiten mit nur M\u00fcttern und MILFs, den besten XXX-Videos und kostenlosem Sex-Streaming.[\/de][it]Mompornonly.com \u00e8 il miglior sito di porno tube di sempre con solo mamme e MILF, i migliori video XXX e lo streaming di sesso gratuito.[\/it]","publisher":{"@id":"https:\/\/mompornonly.com\/#organization"},"potentialAction":[{"@type":"SearchAction","target":{"@type":"EntryPoint","urlTemplate":"https:\/\/mompornonly.com\/?s={search_term_string}"},"query-input":{"@type":"PropertyValueSpecification","valueRequired":true,"valueName":"search_term_string"}}],"inLanguage":"it-IT"},{"@type":"Organization","@id":"https:\/\/mompornonly.com\/#organization","name":"MomPornOnly","url":"https:\/\/mompornonly.com\/","logo":{"@type":"ImageObject","inLanguage":"it-IT","@id":"https:\/\/mompornonly.com\/#\/schema\/logo\/image\/","url":"https:\/\/mompornonly.com\/wp-content\/uploads\/2020\/05\/logomompornonly.png","contentUrl":"https:\/\/mompornonly.com\/wp-content\/uploads\/2020\/05\/logomompornonly.png","width":792,"height":446,"caption":"MomPornOnly"},"image":{"@id":"https:\/\/mompornonly.com\/#\/schema\/logo\/image\/"},"sameAs":["https:\/\/www.facebook.com\/momponly\/","https:\/\/x.com\/mompornonly","https:\/\/www.instagram.com\/mpo_com\/"]}]}},"_links":{"self":[{"href":"https:\/\/mompornonly.com\/it\/wp-json\/wp\/v2\/pages\/6","targetHints":{"allow":["GET"]}}],"collection":[{"href":"https:\/\/mompornonly.com\/it\/wp-json\/wp\/v2\/pages"}],"about":[{"href":"https:\/\/mompornonly.com\/it\/wp-json\/wp\/v2\/types\/page"}],"author":[{"embeddable":true,"href":"https:\/\/mompornonly.com\/it\/wp-json\/wp\/v2\/users\/1"}],"replies":[{"embeddable":true,"href":"https:\/\/mompornonly.com\/it\/wp-json\/wp\/v2\/comments?post=6"}],"version-history":[{"count":1,"href":"https:\/\/mompornonly.com\/it\/wp-json\/wp\/v2\/pages\/6\/revisions"}],"predecessor-version":[{"id":13064,"href":"https:\/\/mompornonly.com\/it\/wp-json\/wp\/v2\/pages\/6\/revisions\/13064"}],"wp:attachment":[{"href":"https:\/\/mompornonly.com\/it\/wp-json\/wp\/v2\/media?parent=6"}],"curies":[{"name":"wp","href":"https:\/\/api.w.org\/{rel}","templated":true}]}}