{"id":197,"date":"2019-06-23T21:47:56","date_gmt":"2019-06-23T21:47:56","guid":{"rendered":"https:\/\/xfrenchies.com\/?page_id=197"},"modified":"2023-10-13T19:00:31","modified_gmt":"2023-10-13T17:00:31","slug":"videos","status":"publish","type":"page","link":"https:\/\/mompornonly.com\/it\/videos\/","title":{"rendered":"Vid\u00e9os"},"content":{"rendered":"<h2>MomPornOnly, il miglior sito di video porno gratuito per vedere le mamme che si scopano<\/h2>\n<p>Ciao e benvenuto su <a href=\"https:\/\/mompornonly.com\/it\/\">MomPornOnly.com<\/a>! Ora non c&#8217;\u00e8 dubbio che se volete vedere mamme cattive che si fanno scopare in video incredibili, <strong>MomPornOnly.com<\/strong> \u00e8 il posto dove andare. Onestamente, quale altro sito vi offre tantissimi <strong>video XXX di mamme<\/strong> che si fanno scopare? Nessun altro sito a parte MomPornOnly! Perch\u00e9 il nostro team lavora sodo per fornirvi contenuti di altissima qualit\u00e0 e cercare di ottenere il maggior numero possibile di contenuti! Per noi \u00e8 importante fornirti contenuti pornografici che ti permettano di godere del piacere pi\u00f9 intenso e di realizzare le tue fantasie su queste piccole mamme diaboliche! Perch\u00e9 onestamente \u00e8 bello vedere donne nude, ma vedere <strong>mamme nude<\/strong> che si scopano \u00e8 davvero una delizia! Quello che amiamo di MomPornOnly \u00e8 che \u00e8 disponibile in grandi quantit\u00e0 e che sono le mamme che insegnano il sesso ai pi\u00f9 piccoli. Vedere queste mamme esperte che vengono sollevate dai loro generi o che le loro nuora mangiano le loro fighe \u00e8 davvero eccitante!<\/p>\n<h2>Una vasta collezione di video scelti a mano e una vasta gamma di tag e categorie!<\/h2>\n<p>Per offrire una qualit\u00e0 ineccepibile dei <strong>video XXX<\/strong> abbiamo scelto di ordinare i nostri contenuti sull&#8217;otturatore prima di metterli a vostra disposizione. Questo processo, che pu\u00f2 richiedere pi\u00f9 tempo per l&#8217;uscita dei video, garantisce comunque un&#8217;ottima qualit\u00e0 dei video di culo! Il meglio dei video hotshot di MATURE XXX \u00e8 disponibile gratuitamente! Gli MATURE sono noti per realizzare i tuoi sogni pi\u00f9 preziosi, colmare le tue lacune e soddisfare i tuoi desideri insoddisfatti. Queste donne mature sono le pi\u00f9 sexy e sporche del mondo! Le donne mature in grande forma sono <strong>davvero sexy<\/strong>, spesso pratica yoga per mantenere il suo corpo in forma, mantenere il suo corpo, il culo e le tette in equilibrio! Chi, da giovani, non sognava di fare esperienza con una coguaiola puttana bisognosa di un cazzo? Queste donne quarantenni non si rendono necessariamente conto di quanto siano desiderate con le loro grandi tette! Inoltre, spesso sono delle vere e proprie troie aperte a molte esperienze. Noi siamo gli specialisti di queste donne mature, quindi non esitate a venire a vedere regolarmente i nostri <strong>video XXX<\/strong> e a fare in modo che le vostre amiche del quartiere, del college, del lavoro o dei vostri amici e parenti pi\u00f9 stretti facciano provare anche a loro la felicit\u00e0 che procura la masturbazione delle donne mature! Non esitate quindi ad aggiungere MomPornOnly.com ai vostri siti preferiti e a raccomandarci il pi\u00f9 possibile! MomPornOnly il miglior sito di sesso libero al mondo per donne mature troie!<\/p>\n<h2>Grazie alla nostra tecnologia \u00e8 possibile ordinare facilmente i video !<\/h2>\n<p>Infatti MomPornOnly.com \u00e8 stato progettato per rendere la sua navigazione facile e fluida, anche per i principianti, potete trovarlo nella nostra pagina dei <a href=\"https:\/\/mompornonly.com\/it\/videos\/\">video<\/a>. Ci sono opzioni che permettono di ordinare i video, come l&#8217;opzione <a href=\"https:\/\/mompornonly.com\/it\/videos\/?filter=derniere\">Pi\u00f9 recente<\/a> che permette di accedere ai nostri ultimi video o l&#8217;opzione <a href=\"https:\/\/mompornonly.com\/it\/videos\/?filter=plus-vu\">Pi\u00f9 Visti<\/a> che mette in evidenza i <strong>video XXX<\/strong> che hanno pi\u00f9 visualizzazioni. Ci sono ancora moltissimi strumenti che puoi scoprire. Puoi scegliere di visualizzare tutti i nostri video HD con il pulsante in alto a destra per goderti i video di altissima qualit\u00e0. Tutti i nostri strumenti sono a disposizione di tutti, sono facili da usare e, soprattutto, sono gratuiti. MomPornOnly.com supporta il porno gratuito per tutti i maggiorenni! Quindi non esitate ad aggiungere MomPornOnly.com ai vostri preferiti e venite a <strong>masturbarvi<\/strong> ogni giorno sulla nostra selezione di porno con mamme troie.<\/p>\n<h3>Trovate questa tecnologia su tutti i siti della nostra rete!<\/h3>\n<p>Tutta la tecnologia utilizzata da MomPornOnly \u00e8 disponibile anche sull&#8217;altro nostro sito <a href=\"https:\/\/xfrenchies.com\/\">xFrenchies.com<\/a>. \u00c8 il piccolo gioiello del porno francese. Questo \u00e8 il miglior sito porno francese e per il vostro piacere il sito \u00e8 gi\u00e0 disponibile in inglese, francese e spagnolo! I video delle ragazze cattive francesi disponibili sul sito di <strong>xFrenchies<\/strong> sono incredibili e il numero di video fatti in casa \u00e8 pazzesco. Si tratta di vere e proprie donne bisognose di cazzi che si filmano regolarmente e nutrono il sito con i loro corpi divini e le loro belle fighette. Guardate per esempio questi due giovani francesi che fanno un filmino <a href=\"https:\/\/xfrenchies.com\/es\/baise-en-cite-u\/\">porno in un&#8217;aula studenti<\/a>. \u00c8 un piacere curiosare tra le xFrenchies perch\u00e9 le donne francesi sono dei bravi maiali che amano succhiare, leccare o inghiottire. Quindi, se volete provarlo, potete andare sul sito e iniziare a guardare un numero illimitato di <strong>video XXX<\/strong> di ragazze francesi senza pagare, perch\u00e9, come MomPornOnly, il sito \u00e8 completamente gratuito e facile da usare!<\/p>\n","protected":false},"excerpt":{"rendered":"<p>MomPornOnly, il miglior sito di video porno gratuito per vedere le mamme che si scopano Ciao e benvenuto su MomPornOnly.com! Ora non c&#8217;\u00e8 dubbio che se volete vedere mamme cattive che si fanno scopare in video incredibili, MomPornOnly.com \u00e8 il posto dove andare. Onestamente, quale altro sito vi offre tantissimi video XXX di mamme che [&hellip;]<\/p>\n","protected":false},"author":1,"featured_media":0,"parent":0,"menu_order":0,"comment_status":"closed","ping_status":"closed","template":"templates\/template-videos.php","meta":{"ep_exclude_from_search":false,"footnotes":""},"class_list":["post-197","page","type-page","status-publish","hentry"],"yoast_head":"<!-- This site is optimized with the Yoast SEO plugin v27.6 - https:\/\/yoast.com\/product\/yoast-seo-wordpress\/ -->\n<title>Video Porno gratis con MAMMA | HD Videos - MomPornOnly<\/title>\n<meta name=\"description\" content=\"I migliori video Porno mamma GRATUITI al 100% sono disponibili su MomPornOnly.com ! Migliaia di video di sesso PORNO con matrigna, figliastro, figlio che scopa sua madre in streaming HD\" \/>\n<meta name=\"robots\" content=\"index, follow, max-snippet:-1, max-image-preview:large, max-video-preview:-1\" \/>\n<link rel=\"canonical\" href=\"https:\/\/mompornonly.com\/videos\/\" \/>\n<meta property=\"og:locale\" content=\"it_IT\" \/>\n<meta property=\"og:type\" content=\"article\" \/>\n<meta property=\"og:title\" content=\"Free Porn videos with MOM - FREE Sex | HD Videos - MomPornOnly [fr]Vid\u00e9os Porno gratuites avec maman | HD Videos - MomPornOnly [\/fr][es]Videos porno gratis con Madre | HD Videos MomPornOnly [\/es][de]Kostenlose Porno Videos mit Mutter | HD Videos MomPornOnly [\/de][it]Video Porno gratis con MAMMA | HD Videos - MomPornOnly [\/it]\" \/>\n<meta property=\"og:description\" content=\"The best 100% FREE Mom Porn videos can be found on MomPornOnly.com ! Thousands of porn sex videos with step Mom, step son, Son fucking her mom in HD streaming sex[fr]Les meilleures vid\u00e9os porno de maman 100% GRATUITES peuvent \u00eatre trouv\u00e9es sur MomPornOnly.com ! Des milliers de vid\u00e9os porno de sexe avec sa belle-m\u00e8re, son beau-fils et son fils baisent sa m\u00e8re en streaming HD[\/fr][es]\u00a1Los mejores Videos Porno de mam\u00e1 100% GRATUITOS se pueden encontrar en MomPornOnly.com ! Miles de videos de sexo PORNO con madrastra, hijastro, hijo follando a su madre en transmisi\u00f3n de sexo en HD[\/es][de]Die besten 100% KOSTENLOSEN Porno-Videos f\u00fcr M\u00fctter finden Sie auf MomPornOnly.com ! Tausende von Porno Sexvideos mit Stiefmutter, Stiefsohn und Sohn ficken ihre Mutter in HD-Streaming Sex[\/de][it]I migliori video Porno mamma GRATUITI al 100% sono disponibili su MomPornOnly.com ! Migliaia di video di sesso PORNO con matrigna, figliastro, figlio che scopa sua madre in streaming HD[\/it]\" \/>\n<meta property=\"og:url\" content=\"https:\/\/mompornonly.com\/videos\/\" \/>\n<meta property=\"og:site_name\" content=\"MomPornOnly\" \/>\n<meta property=\"article:publisher\" content=\"https:\/\/www.facebook.com\/momponly\/\" \/>\n<meta property=\"article:modified_time\" content=\"2023-10-13T17:00:31+00:00\" \/>\n<meta name=\"twitter:card\" content=\"summary_large_image\" \/>\n<meta name=\"twitter:site\" content=\"@mompornonly\" \/>\n<script type=\"application\/ld+json\" class=\"yoast-schema-graph\">{\"@context\":\"https:\\\/\\\/schema.org\",\"@graph\":[{\"@type\":\"WebPage\",\"@id\":\"https:\\\/\\\/mompornonly.com\\\/videos\\\/\",\"url\":\"https:\\\/\\\/mompornonly.com\\\/videos\\\/\",\"name\":\"Free Porn videos with MOM - FREE Sex | HD Videos - MomPornOnly [fr]Vid\u00e9os Porno gratuites avec maman | HD Videos - MomPornOnly [\\\/fr][es]Videos porno gratis con Madre | HD Videos MomPornOnly [\\\/es][de]Kostenlose Porno Videos mit Mutter | HD Videos MomPornOnly [\\\/de][it]Video Porno gratis con MAMMA | HD Videos - MomPornOnly [\\\/it]\",\"isPartOf\":{\"@id\":\"https:\\\/\\\/mompornonly.com\\\/#website\"},\"datePublished\":\"2019-06-23T21:47:56+00:00\",\"dateModified\":\"2023-10-13T17:00:31+00:00\",\"description\":\"The best 100% FREE Mom Porn videos can be found on MomPornOnly.com ! Thousands of porn sex videos with step Mom, step son, Son fucking her mom in HD streaming sex[fr]Les meilleures vid\u00e9os porno de maman 100% GRATUITES peuvent \u00eatre trouv\u00e9es sur MomPornOnly.com ! Des milliers de vid\u00e9os porno de sexe avec sa belle-m\u00e8re, son beau-fils et son fils baisent sa m\u00e8re en streaming HD[\\\/fr][es]\u00a1Los mejores Videos Porno de mam\u00e1 100% GRATUITOS se pueden encontrar en MomPornOnly.com ! Miles de videos de sexo PORNO con madrastra, hijastro, hijo follando a su madre en transmisi\u00f3n de sexo en HD[\\\/es][de]Die besten 100% KOSTENLOSEN Porno-Videos f\u00fcr M\u00fctter finden Sie auf MomPornOnly.com ! Tausende von Porno Sexvideos mit Stiefmutter, Stiefsohn und Sohn ficken ihre Mutter in HD-Streaming Sex[\\\/de][it]I migliori video Porno mamma GRATUITI al 100% sono disponibili su MomPornOnly.com ! Migliaia di video di sesso PORNO con matrigna, figliastro, figlio che scopa sua madre in streaming HD[\\\/it]\",\"breadcrumb\":{\"@id\":\"https:\\\/\\\/mompornonly.com\\\/videos\\\/#breadcrumb\"},\"inLanguage\":\"it-IT\",\"potentialAction\":[{\"@type\":\"ReadAction\",\"target\":[\"https:\\\/\\\/mompornonly.com\\\/videos\\\/\"]}]},{\"@type\":\"BreadcrumbList\",\"@id\":\"https:\\\/\\\/mompornonly.com\\\/videos\\\/#breadcrumb\",\"itemListElement\":[{\"@type\":\"ListItem\",\"position\":1,\"name\":\"Accueil\",\"item\":\"https:\\\/\\\/mompornonly.com\\\/\"},{\"@type\":\"ListItem\",\"position\":2,\"name\":\"Vid\u00e9os\"}]},{\"@type\":\"WebSite\",\"@id\":\"https:\\\/\\\/mompornonly.com\\\/#website\",\"url\":\"https:\\\/\\\/mompornonly.com\\\/\",\"name\":\"MomPornOnly\",\"description\":\"Mompornonly.com is the best porn tube site ever with just moms and MILFs, the best XXX videos and free sex streaming.[fr]Mompornonly.com est le meilleur site de tubes porno avec seulement des mamans et  des MILF, les meilleures vid\u00e9os XXX et du streaming sexe gratuit.[\\\/fr][es]Mompornonly.com es el mejor sitio de tubos porno con mam\u00e1s y MILF, los mejores videos XXX y transmisi\u00f3n de sexo gratis.[\\\/es][de]Mompornonly.com ist die beste Porno-Tube-Site aller Zeiten mit nur M\u00fcttern und MILFs, den besten XXX-Videos und kostenlosem Sex-Streaming.[\\\/de][it]Mompornonly.com \u00e8 il miglior sito di porno tube di sempre con solo mamme e MILF, i migliori video XXX e lo streaming di sesso gratuito.[\\\/it]\",\"publisher\":{\"@id\":\"https:\\\/\\\/mompornonly.com\\\/#organization\"},\"potentialAction\":[{\"@type\":\"SearchAction\",\"target\":{\"@type\":\"EntryPoint\",\"urlTemplate\":\"https:\\\/\\\/mompornonly.com\\\/?s={search_term_string}\"},\"query-input\":{\"@type\":\"PropertyValueSpecification\",\"valueRequired\":true,\"valueName\":\"search_term_string\"}}],\"inLanguage\":\"it-IT\"},{\"@type\":\"Organization\",\"@id\":\"https:\\\/\\\/mompornonly.com\\\/#organization\",\"name\":\"MomPornOnly\",\"url\":\"https:\\\/\\\/mompornonly.com\\\/\",\"logo\":{\"@type\":\"ImageObject\",\"inLanguage\":\"it-IT\",\"@id\":\"https:\\\/\\\/mompornonly.com\\\/#\\\/schema\\\/logo\\\/image\\\/\",\"url\":\"https:\\\/\\\/mompornonly.com\\\/wp-content\\\/uploads\\\/2020\\\/05\\\/logomompornonly.png\",\"contentUrl\":\"https:\\\/\\\/mompornonly.com\\\/wp-content\\\/uploads\\\/2020\\\/05\\\/logomompornonly.png\",\"width\":792,\"height\":446,\"caption\":\"MomPornOnly\"},\"image\":{\"@id\":\"https:\\\/\\\/mompornonly.com\\\/#\\\/schema\\\/logo\\\/image\\\/\"},\"sameAs\":[\"https:\\\/\\\/www.facebook.com\\\/momponly\\\/\",\"https:\\\/\\\/x.com\\\/mompornonly\",\"https:\\\/\\\/www.instagram.com\\\/mpo_com\\\/\"]}]}<\/script>\n<!-- \/ Yoast SEO plugin. -->","yoast_head_json":{"title":"Video Porno gratis con MAMMA | HD Videos - MomPornOnly","description":"I migliori video Porno mamma GRATUITI al 100% sono disponibili su MomPornOnly.com ! Migliaia di video di sesso PORNO con matrigna, figliastro, figlio che scopa sua madre in streaming HD","robots":{"index":"index","follow":"follow","max-snippet":"max-snippet:-1","max-image-preview":"max-image-preview:large","max-video-preview":"max-video-preview:-1"},"canonical":"https:\/\/mompornonly.com\/videos\/","og_locale":"it_IT","og_type":"article","og_title":"Free Porn videos with MOM - FREE Sex | HD Videos - MomPornOnly [fr]Vid\u00e9os Porno gratuites avec maman | HD Videos - MomPornOnly [\/fr][es]Videos porno gratis con Madre | HD Videos MomPornOnly [\/es][de]Kostenlose Porno Videos mit Mutter | HD Videos MomPornOnly [\/de][it]Video Porno gratis con MAMMA | HD Videos - MomPornOnly [\/it]","og_description":"The best 100% FREE Mom Porn videos can be found on MomPornOnly.com ! Thousands of porn sex videos with step Mom, step son, Son fucking her mom in HD streaming sex[fr]Les meilleures vid\u00e9os porno de maman 100% GRATUITES peuvent \u00eatre trouv\u00e9es sur MomPornOnly.com ! Des milliers de vid\u00e9os porno de sexe avec sa belle-m\u00e8re, son beau-fils et son fils baisent sa m\u00e8re en streaming HD[\/fr][es]\u00a1Los mejores Videos Porno de mam\u00e1 100% GRATUITOS se pueden encontrar en MomPornOnly.com ! Miles de videos de sexo PORNO con madrastra, hijastro, hijo follando a su madre en transmisi\u00f3n de sexo en HD[\/es][de]Die besten 100% KOSTENLOSEN Porno-Videos f\u00fcr M\u00fctter finden Sie auf MomPornOnly.com ! Tausende von Porno Sexvideos mit Stiefmutter, Stiefsohn und Sohn ficken ihre Mutter in HD-Streaming Sex[\/de][it]I migliori video Porno mamma GRATUITI al 100% sono disponibili su MomPornOnly.com ! Migliaia di video di sesso PORNO con matrigna, figliastro, figlio che scopa sua madre in streaming HD[\/it]","og_url":"https:\/\/mompornonly.com\/videos\/","og_site_name":"MomPornOnly","article_publisher":"https:\/\/www.facebook.com\/momponly\/","article_modified_time":"2023-10-13T17:00:31+00:00","twitter_card":"summary_large_image","twitter_site":"@mompornonly","schema":{"@context":"https:\/\/schema.org","@graph":[{"@type":"WebPage","@id":"https:\/\/mompornonly.com\/videos\/","url":"https:\/\/mompornonly.com\/videos\/","name":"Free Porn videos with MOM - FREE Sex | HD Videos - MomPornOnly [fr]Vid\u00e9os Porno gratuites avec maman | HD Videos - MomPornOnly [\/fr][es]Videos porno gratis con Madre | HD Videos MomPornOnly [\/es][de]Kostenlose Porno Videos mit Mutter | HD Videos MomPornOnly [\/de][it]Video Porno gratis con MAMMA | HD Videos - MomPornOnly [\/it]","isPartOf":{"@id":"https:\/\/mompornonly.com\/#website"},"datePublished":"2019-06-23T21:47:56+00:00","dateModified":"2023-10-13T17:00:31+00:00","description":"The best 100% FREE Mom Porn videos can be found on MomPornOnly.com ! Thousands of porn sex videos with step Mom, step son, Son fucking her mom in HD streaming sex[fr]Les meilleures vid\u00e9os porno de maman 100% GRATUITES peuvent \u00eatre trouv\u00e9es sur MomPornOnly.com ! Des milliers de vid\u00e9os porno de sexe avec sa belle-m\u00e8re, son beau-fils et son fils baisent sa m\u00e8re en streaming HD[\/fr][es]\u00a1Los mejores Videos Porno de mam\u00e1 100% GRATUITOS se pueden encontrar en MomPornOnly.com ! Miles de videos de sexo PORNO con madrastra, hijastro, hijo follando a su madre en transmisi\u00f3n de sexo en HD[\/es][de]Die besten 100% KOSTENLOSEN Porno-Videos f\u00fcr M\u00fctter finden Sie auf MomPornOnly.com ! Tausende von Porno Sexvideos mit Stiefmutter, Stiefsohn und Sohn ficken ihre Mutter in HD-Streaming Sex[\/de][it]I migliori video Porno mamma GRATUITI al 100% sono disponibili su MomPornOnly.com ! Migliaia di video di sesso PORNO con matrigna, figliastro, figlio che scopa sua madre in streaming HD[\/it]","breadcrumb":{"@id":"https:\/\/mompornonly.com\/videos\/#breadcrumb"},"inLanguage":"it-IT","potentialAction":[{"@type":"ReadAction","target":["https:\/\/mompornonly.com\/videos\/"]}]},{"@type":"BreadcrumbList","@id":"https:\/\/mompornonly.com\/videos\/#breadcrumb","itemListElement":[{"@type":"ListItem","position":1,"name":"Accueil","item":"https:\/\/mompornonly.com\/"},{"@type":"ListItem","position":2,"name":"Vid\u00e9os"}]},{"@type":"WebSite","@id":"https:\/\/mompornonly.com\/#website","url":"https:\/\/mompornonly.com\/","name":"MomPornOnly","description":"Mompornonly.com is the best porn tube site ever with just moms and MILFs, the best XXX videos and free sex streaming.[fr]Mompornonly.com est le meilleur site de tubes porno avec seulement des mamans et  des MILF, les meilleures vid\u00e9os XXX et du streaming sexe gratuit.[\/fr][es]Mompornonly.com es el mejor sitio de tubos porno con mam\u00e1s y MILF, los mejores videos XXX y transmisi\u00f3n de sexo gratis.[\/es][de]Mompornonly.com ist die beste Porno-Tube-Site aller Zeiten mit nur M\u00fcttern und MILFs, den besten XXX-Videos und kostenlosem Sex-Streaming.[\/de][it]Mompornonly.com \u00e8 il miglior sito di porno tube di sempre con solo mamme e MILF, i migliori video XXX e lo streaming di sesso gratuito.[\/it]","publisher":{"@id":"https:\/\/mompornonly.com\/#organization"},"potentialAction":[{"@type":"SearchAction","target":{"@type":"EntryPoint","urlTemplate":"https:\/\/mompornonly.com\/?s={search_term_string}"},"query-input":{"@type":"PropertyValueSpecification","valueRequired":true,"valueName":"search_term_string"}}],"inLanguage":"it-IT"},{"@type":"Organization","@id":"https:\/\/mompornonly.com\/#organization","name":"MomPornOnly","url":"https:\/\/mompornonly.com\/","logo":{"@type":"ImageObject","inLanguage":"it-IT","@id":"https:\/\/mompornonly.com\/#\/schema\/logo\/image\/","url":"https:\/\/mompornonly.com\/wp-content\/uploads\/2020\/05\/logomompornonly.png","contentUrl":"https:\/\/mompornonly.com\/wp-content\/uploads\/2020\/05\/logomompornonly.png","width":792,"height":446,"caption":"MomPornOnly"},"image":{"@id":"https:\/\/mompornonly.com\/#\/schema\/logo\/image\/"},"sameAs":["https:\/\/www.facebook.com\/momponly\/","https:\/\/x.com\/mompornonly","https:\/\/www.instagram.com\/mpo_com\/"]}]}},"_links":{"self":[{"href":"https:\/\/mompornonly.com\/it\/wp-json\/wp\/v2\/pages\/197","targetHints":{"allow":["GET"]}}],"collection":[{"href":"https:\/\/mompornonly.com\/it\/wp-json\/wp\/v2\/pages"}],"about":[{"href":"https:\/\/mompornonly.com\/it\/wp-json\/wp\/v2\/types\/page"}],"author":[{"embeddable":true,"href":"https:\/\/mompornonly.com\/it\/wp-json\/wp\/v2\/users\/1"}],"replies":[{"embeddable":true,"href":"https:\/\/mompornonly.com\/it\/wp-json\/wp\/v2\/comments?post=197"}],"version-history":[{"count":1,"href":"https:\/\/mompornonly.com\/it\/wp-json\/wp\/v2\/pages\/197\/revisions"}],"predecessor-version":[{"id":13048,"href":"https:\/\/mompornonly.com\/it\/wp-json\/wp\/v2\/pages\/197\/revisions\/13048"}],"wp:attachment":[{"href":"https:\/\/mompornonly.com\/it\/wp-json\/wp\/v2\/media?parent=197"}],"curies":[{"name":"wp","href":"https:\/\/api.w.org\/{rel}","templated":true}]}}