{"id":10,"date":"2019-06-23T15:52:54","date_gmt":"2019-06-23T15:52:54","guid":{"rendered":"https:\/\/xfrenchies.com\/tags\/"},"modified":"2023-10-13T16:24:55","modified_gmt":"2023-10-13T14:24:55","slug":"tags","status":"publish","type":"page","link":"https:\/\/mompornonly.com\/it\/tags\/","title":{"rendered":"Tags"},"content":{"rendered":"<h2>Benvenuti su MomPornOnly.com, il miglior sito porno gratuito per mamme. Trova i migliori tag porno relativi a milfs<\/h2>\n<p>Prima di tutto una delle cose pi\u00f9 importanti su un sito porno dopo i video gratuiti questo suona bene i tag! E anche se il nostro sito contiene solo belle mamme affamate di cazzo, era importante per noi classificare tutte queste stronze in diverse tag. In modo che possiate scegliere tra i nostri <strong>un sacco di tag<\/strong>, i video che pi\u00f9 vi si addicono. E&#8217; vero, dopotutto, un giorno potresti voler vedere <a href=\"https:\/\/mompornonly.com\/it\/tag\/facial\/\">eiaculazioni facciali<\/a>. Mentre un altro giorno una mamma che si fa scopare per bene con i <a href=\"https:\/\/mompornonly.com\/it\/tag\/tights\/\">collant<\/a> potrebbe essere pi\u00f9 piacevole per noi o solo una mamma che si fa scopare <a href=\"https:\/\/mompornonly.com\/it\/tag\/well-fucked\/\">la figa<\/a> .<\/p>\n<p>Ad oggi, cosa definisce meglio <strong>MomPornOnly.com<\/strong> ? Sicuramente la sua qualit\u00e0 e la sua gratuit\u00e0. Perch\u00e9 qui tutti i video sulle mamme sono totalmente gratuiti. Non c&#8217;\u00e8 bisogno di registrarsi o altro. Allora trova il video pornografico che ti piace di pi\u00f9, la mamma pi\u00f9 sexy che ti eccita di pi\u00f9 e che ti fa una sega senza pagare niente e senza perdere tempo. Qui tutto \u00e8 semplice e gratuito. Probabilmente \u00e8 per questo che siamo gi\u00e0 il tuo sito web preferito per lo streaming di pronuncia!<\/p>\n<h2>MomPornOnly.com \u00e8 un sito fluido, ottimizzato per essere accessibile in tutte le circostanze.<\/h2>\n<p>Se sei su computer, smartphone, tablet, xbox o ps4 <a href=\"https:\/\/mompornonly.com\/it\/\">MomPornOnly.com<\/a> \u00e8 disponibile, fluido e veloce. Sarete quindi in grado di accedere a <strong>video, film o foto gratis<\/strong>. Qualunque sia il <strong>tags<\/strong> che state per scegliere troverete i migliori milfs in tutto il mondo <strong>e che fuori dalla tasca<\/strong>, \u00e8 possibile ordinare i nostri video per tag. Utilizza la ricerca intelligente o i nostri tag video per trovare il XXX video che ti eccita di pi\u00f9 e ti d\u00e0 soddisfazione.<\/p>\n<p>Nell&#8217;industria del porno e pi\u00f9 specificamente nella categoria Mamme la concorrenza \u00e8 davvero dura, ma \u00e8 per questo che abbiamo molta concorrenza su MomPornOnly.com abbiamo fatto una selezione dei migliori video della milf. Una preferenza per mamme con grandi tette ? Nessun problema utilizzare il di giorno la maggior parte del suo <a href=\"https:\/\/mompornonly.com\/it\/tag\/big-tits\">grandi tette<\/a> ! Preferisci seni piccoli infine ? Nessun problema, quindi usate il tag inverso <a href=\"https:\/\/mompornonly.com\/it\/tag\/small-tits\">Seni piccoli<\/a><\/p>\n<h2>In MomPornOnly la qualit\u00e0 dei nostri contenuti \u00e8 pi\u00f9 importante della quantit\u00e0 !<\/h2>\n<p>Certo! Per noi \u00e8 importante, a differenza dei nostri concorrenti o dei giganti prono xvideos.com, pornhub.com, xhamster.com oppure youporn.com. Tutti questi siti che mirano ad avere il massimo video pornografici possibile non \u00e8 interessato alla qualit\u00e0 del loro contenuto. Mentre il contrario \u00e8 vero per MomPornOnly !<\/p>\n<p>Abbiamo fatto una selezione di i migliori video porno milf che esiste e continuiamo ad aggiungere XXX video su base regolare. Trova i video di sesso HD, 1080p o anche in 4K e <strong>che senza pagare o prelevare la carta di credito<\/strong> e se la vostra connessione internet non vi permette di guardare i contenuti con una qualit\u00e0 cos\u00ec buona nessun problema il nostro lettore video vi permette di cambiare qualit\u00e0 e vedere Bionde, pompini, amatoriali o anali in 180p, 240p, 480p e anche 720p ! Non devi pi\u00f9 non guardare il tuo XXX video di mamme troie a MomPornOnly.com !<\/p>\n<h2>MomPornOnly \u00e8 il tuo sito milf preferito. ?<\/h2>\n<p>Quindi non esitate a visitare l&#8217;altro nostro sito se volete vedere le nostre selezioni video. Infatti la squadra di MomPornOnly \u00e8 lo stesso che lavora alla <a href=\"https:\/\/xfrenchies.com\/en\/\" target=\"_blank\" rel=\"dofollow noopener noreferrer\">xFrenchies.com<\/a> !<br \/>\nTroverete Puttane francesi a cui piace il gallo. Non pensate che i francesi siano dei prudenti, sono i pi\u00f9 grandi maiali del mondo.<br \/>\nGarantisco che il nostro video pornografici su xFrenchies.com sono eccezionali e abbiamo un numero enorme di <strong>video fatti a casa<\/strong> e bene amatoriale che nessuno dei giganti della porno e nessun altro sito porno ! Da buone troie che pensava che stesse trasformando un sextape per ridere con i loro amici al momento, ma tutto finisce su <a href=\"https:\/\/xfrenchies.com\/en\/\" target=\"_blank\" rel=\"dofollow noopener noreferrer\">xFrenchies.com<\/a> il il miglior sito pornografico gratuito in Francia ! Saremo sempre l\u00ec a sostenere sesso gratuito !<\/p>\n","protected":false},"excerpt":{"rendered":"<p>Benvenuti su MomPornOnly.com, il miglior sito porno gratuito per mamme. Trova i migliori tag porno relativi a milfs Prima di tutto una delle cose pi\u00f9 importanti su un sito porno dopo i video gratuiti questo suona bene i tag! E anche se il nostro sito contiene solo belle mamme affamate di cazzo, era importante per [&hellip;]<\/p>\n","protected":false},"author":1,"featured_media":0,"parent":0,"menu_order":0,"comment_status":"closed","ping_status":"closed","template":"templates\/template-tags.php","meta":{"footnotes":""},"class_list":["post-10","page","type-page","status-publish","hentry"],"yoast_head":"<!-- This site is optimized with the Yoast SEO plugin v27.4 - https:\/\/yoast.com\/product\/yoast-seo-wordpress\/ -->\n<title>Migliaia di tag PORN per la mamma | Tag video PORN - Mom Porn Only<\/title>\n<meta name=\"description\" content=\"Solo mamma porno ti offre la possibilit\u00e0 di sfogliare migliaia di tag PORNO MAMMA che ti piaceranno di pi\u00f9. Sesso PORN GRATUITO al 100% con mamma e figliastro\" \/>\n<meta name=\"robots\" content=\"index, follow, max-snippet:-1, max-image-preview:large, max-video-preview:-1\" \/>\n<link rel=\"canonical\" href=\"https:\/\/mompornonly.com\/tags\/\" \/>\n<meta property=\"og:locale\" content=\"it_IT\" \/>\n<meta property=\"og:type\" content=\"article\" \/>\n<meta property=\"og:title\" content=\"Thousands of Mom PORN tags | PORN videos Tags - Mom Porn Only[fr]Des milliers de Tags Maman PORNO | PORNO vid\u00e9os Tags - Mom Porn Only[\/fr][es]Miles de etiquetas PORNO de mam\u00e1 | Videos PORNO Etiquetas - Mom Porn Only[\/es][de]Tausende von Mutter PORN Tags | PORNO Videos Tags - Mom Porn Only[\/de][it]Migliaia di tag PORN per la mamma | Tag video PORN - Mom Porn Only[\/it]\" \/>\n<meta property=\"og:description\" content=\"Mom Porn Only offers you the possibility to browse thousands of Mom PORN tags that you will like the most. 100% FREE PORN sex with Mom and stepson[fr]Mom Porn Only vous offre la possibilit\u00e9 de parcourir des milliers de tags porno maman que vous aimerez le plus. Sexe PORNO 100% GRATUIT avec belle m\u00e8re et beau-fils[\/fr][es]Mom Porn Only te ofrece la posibilidad de navegar por miles de etiquetas porno de mam\u00e1 que m\u00e1s te gustar\u00e1n. Sexo PORNO 100% GRATUITO con mam\u00e1 y hijastro[\/es][de]Mom Porn Only bietet Ihnen die M\u00f6glichkeit, Tausende von Mom Porno Tags zu durchsuchen, die Ihnen am besten gefallen. 100% KOSTENLOSER PORNO Sex mit Mama und Stiefsohn[\/de][it]Solo mamma porno ti offre la possibilit\u00e0 di sfogliare migliaia di tag PORNO MAMMA che ti piaceranno di pi\u00f9. Sesso PORN GRATUITO al 100% con mamma e figliastro[\/it]\" \/>\n<meta property=\"og:url\" content=\"https:\/\/mompornonly.com\/tags\/\" \/>\n<meta property=\"og:site_name\" content=\"MomPornOnly\" \/>\n<meta property=\"article:publisher\" content=\"https:\/\/www.facebook.com\/momponly\/\" \/>\n<meta property=\"article:modified_time\" content=\"2023-10-13T14:24:55+00:00\" \/>\n<meta name=\"twitter:card\" content=\"summary_large_image\" \/>\n<meta name=\"twitter:site\" content=\"@mompornonly\" \/>\n<script type=\"application\/ld+json\" class=\"yoast-schema-graph\">{\"@context\":\"https:\\\/\\\/schema.org\",\"@graph\":[{\"@type\":\"WebPage\",\"@id\":\"https:\\\/\\\/mompornonly.com\\\/tags\\\/\",\"url\":\"https:\\\/\\\/mompornonly.com\\\/tags\\\/\",\"name\":\"Thousands of Mom PORN tags | PORN videos Tags - Mom Porn Only[fr]Des milliers de Tags Maman PORNO | PORNO vid\u00e9os Tags - Mom Porn Only[\\\/fr][es]Miles de etiquetas PORNO de mam\u00e1 | Videos PORNO Etiquetas - Mom Porn Only[\\\/es][de]Tausende von Mutter PORN Tags | PORNO Videos Tags - Mom Porn Only[\\\/de][it]Migliaia di tag PORN per la mamma | Tag video PORN - Mom Porn Only[\\\/it]\",\"isPartOf\":{\"@id\":\"https:\\\/\\\/mompornonly.com\\\/#website\"},\"datePublished\":\"2019-06-23T15:52:54+00:00\",\"dateModified\":\"2023-10-13T14:24:55+00:00\",\"description\":\"Mom Porn Only offers you the possibility to browse thousands of Mom PORN tags that you will like the most. 100% FREE PORN sex with Mom and stepson[fr]Mom Porn Only vous offre la possibilit\u00e9 de parcourir des milliers de tags porno maman que vous aimerez le plus. Sexe PORNO 100% GRATUIT avec belle m\u00e8re et beau-fils[\\\/fr][es]Mom Porn Only te ofrece la posibilidad de navegar por miles de etiquetas porno de mam\u00e1 que m\u00e1s te gustar\u00e1n. Sexo PORNO 100% GRATUITO con mam\u00e1 y hijastro[\\\/es][de]Mom Porn Only bietet Ihnen die M\u00f6glichkeit, Tausende von Mom Porno Tags zu durchsuchen, die Ihnen am besten gefallen. 100% KOSTENLOSER PORNO Sex mit Mama und Stiefsohn[\\\/de][it]Solo mamma porno ti offre la possibilit\u00e0 di sfogliare migliaia di tag PORNO MAMMA che ti piaceranno di pi\u00f9. Sesso PORN GRATUITO al 100% con mamma e figliastro[\\\/it]\",\"breadcrumb\":{\"@id\":\"https:\\\/\\\/mompornonly.com\\\/tags\\\/#breadcrumb\"},\"inLanguage\":\"it-IT\",\"potentialAction\":[{\"@type\":\"ReadAction\",\"target\":[\"https:\\\/\\\/mompornonly.com\\\/tags\\\/\"]}]},{\"@type\":\"BreadcrumbList\",\"@id\":\"https:\\\/\\\/mompornonly.com\\\/tags\\\/#breadcrumb\",\"itemListElement\":[{\"@type\":\"ListItem\",\"position\":1,\"name\":\"Accueil\",\"item\":\"https:\\\/\\\/mompornonly.com\\\/\"},{\"@type\":\"ListItem\",\"position\":2,\"name\":\"Tags\"}]},{\"@type\":\"WebSite\",\"@id\":\"https:\\\/\\\/mompornonly.com\\\/#website\",\"url\":\"https:\\\/\\\/mompornonly.com\\\/\",\"name\":\"MomPornOnly\",\"description\":\"Mompornonly.com is the best porn tube site ever with just moms and MILFs, the best XXX videos and free sex streaming.[fr]Mompornonly.com est le meilleur site de tubes porno avec seulement des mamans et  des MILF, les meilleures vid\u00e9os XXX et du streaming sexe gratuit.[\\\/fr][es]Mompornonly.com es el mejor sitio de tubos porno con mam\u00e1s y MILF, los mejores videos XXX y transmisi\u00f3n de sexo gratis.[\\\/es][de]Mompornonly.com ist die beste Porno-Tube-Site aller Zeiten mit nur M\u00fcttern und MILFs, den besten XXX-Videos und kostenlosem Sex-Streaming.[\\\/de][it]Mompornonly.com \u00e8 il miglior sito di porno tube di sempre con solo mamme e MILF, i migliori video XXX e lo streaming di sesso gratuito.[\\\/it]\",\"publisher\":{\"@id\":\"https:\\\/\\\/mompornonly.com\\\/#organization\"},\"potentialAction\":[{\"@type\":\"SearchAction\",\"target\":{\"@type\":\"EntryPoint\",\"urlTemplate\":\"https:\\\/\\\/mompornonly.com\\\/?s={search_term_string}\"},\"query-input\":{\"@type\":\"PropertyValueSpecification\",\"valueRequired\":true,\"valueName\":\"search_term_string\"}}],\"inLanguage\":\"it-IT\"},{\"@type\":\"Organization\",\"@id\":\"https:\\\/\\\/mompornonly.com\\\/#organization\",\"name\":\"MomPornOnly\",\"url\":\"https:\\\/\\\/mompornonly.com\\\/\",\"logo\":{\"@type\":\"ImageObject\",\"inLanguage\":\"it-IT\",\"@id\":\"https:\\\/\\\/mompornonly.com\\\/#\\\/schema\\\/logo\\\/image\\\/\",\"url\":\"https:\\\/\\\/mompornonly.com\\\/wp-content\\\/uploads\\\/2020\\\/05\\\/logomompornonly.png\",\"contentUrl\":\"https:\\\/\\\/mompornonly.com\\\/wp-content\\\/uploads\\\/2020\\\/05\\\/logomompornonly.png\",\"width\":792,\"height\":446,\"caption\":\"MomPornOnly\"},\"image\":{\"@id\":\"https:\\\/\\\/mompornonly.com\\\/#\\\/schema\\\/logo\\\/image\\\/\"},\"sameAs\":[\"https:\\\/\\\/www.facebook.com\\\/momponly\\\/\",\"https:\\\/\\\/x.com\\\/mompornonly\",\"https:\\\/\\\/www.instagram.com\\\/mpo_com\\\/\"]}]}<\/script>\n<!-- \/ Yoast SEO plugin. -->","yoast_head_json":{"title":"Migliaia di tag PORN per la mamma | Tag video PORN - Mom Porn Only","description":"Solo mamma porno ti offre la possibilit\u00e0 di sfogliare migliaia di tag PORNO MAMMA che ti piaceranno di pi\u00f9. Sesso PORN GRATUITO al 100% con mamma e figliastro","robots":{"index":"index","follow":"follow","max-snippet":"max-snippet:-1","max-image-preview":"max-image-preview:large","max-video-preview":"max-video-preview:-1"},"canonical":"https:\/\/mompornonly.com\/tags\/","og_locale":"it_IT","og_type":"article","og_title":"Thousands of Mom PORN tags | PORN videos Tags - Mom Porn Only[fr]Des milliers de Tags Maman PORNO | PORNO vid\u00e9os Tags - Mom Porn Only[\/fr][es]Miles de etiquetas PORNO de mam\u00e1 | Videos PORNO Etiquetas - Mom Porn Only[\/es][de]Tausende von Mutter PORN Tags | PORNO Videos Tags - Mom Porn Only[\/de][it]Migliaia di tag PORN per la mamma | Tag video PORN - Mom Porn Only[\/it]","og_description":"Mom Porn Only offers you the possibility to browse thousands of Mom PORN tags that you will like the most. 100% FREE PORN sex with Mom and stepson[fr]Mom Porn Only vous offre la possibilit\u00e9 de parcourir des milliers de tags porno maman que vous aimerez le plus. Sexe PORNO 100% GRATUIT avec belle m\u00e8re et beau-fils[\/fr][es]Mom Porn Only te ofrece la posibilidad de navegar por miles de etiquetas porno de mam\u00e1 que m\u00e1s te gustar\u00e1n. Sexo PORNO 100% GRATUITO con mam\u00e1 y hijastro[\/es][de]Mom Porn Only bietet Ihnen die M\u00f6glichkeit, Tausende von Mom Porno Tags zu durchsuchen, die Ihnen am besten gefallen. 100% KOSTENLOSER PORNO Sex mit Mama und Stiefsohn[\/de][it]Solo mamma porno ti offre la possibilit\u00e0 di sfogliare migliaia di tag PORNO MAMMA che ti piaceranno di pi\u00f9. Sesso PORN GRATUITO al 100% con mamma e figliastro[\/it]","og_url":"https:\/\/mompornonly.com\/tags\/","og_site_name":"MomPornOnly","article_publisher":"https:\/\/www.facebook.com\/momponly\/","article_modified_time":"2023-10-13T14:24:55+00:00","twitter_card":"summary_large_image","twitter_site":"@mompornonly","schema":{"@context":"https:\/\/schema.org","@graph":[{"@type":"WebPage","@id":"https:\/\/mompornonly.com\/tags\/","url":"https:\/\/mompornonly.com\/tags\/","name":"Thousands of Mom PORN tags | PORN videos Tags - Mom Porn Only[fr]Des milliers de Tags Maman PORNO | PORNO vid\u00e9os Tags - Mom Porn Only[\/fr][es]Miles de etiquetas PORNO de mam\u00e1 | Videos PORNO Etiquetas - Mom Porn Only[\/es][de]Tausende von Mutter PORN Tags | PORNO Videos Tags - Mom Porn Only[\/de][it]Migliaia di tag PORN per la mamma | Tag video PORN - Mom Porn Only[\/it]","isPartOf":{"@id":"https:\/\/mompornonly.com\/#website"},"datePublished":"2019-06-23T15:52:54+00:00","dateModified":"2023-10-13T14:24:55+00:00","description":"Mom Porn Only offers you the possibility to browse thousands of Mom PORN tags that you will like the most. 100% FREE PORN sex with Mom and stepson[fr]Mom Porn Only vous offre la possibilit\u00e9 de parcourir des milliers de tags porno maman que vous aimerez le plus. Sexe PORNO 100% GRATUIT avec belle m\u00e8re et beau-fils[\/fr][es]Mom Porn Only te ofrece la posibilidad de navegar por miles de etiquetas porno de mam\u00e1 que m\u00e1s te gustar\u00e1n. Sexo PORNO 100% GRATUITO con mam\u00e1 y hijastro[\/es][de]Mom Porn Only bietet Ihnen die M\u00f6glichkeit, Tausende von Mom Porno Tags zu durchsuchen, die Ihnen am besten gefallen. 100% KOSTENLOSER PORNO Sex mit Mama und Stiefsohn[\/de][it]Solo mamma porno ti offre la possibilit\u00e0 di sfogliare migliaia di tag PORNO MAMMA che ti piaceranno di pi\u00f9. Sesso PORN GRATUITO al 100% con mamma e figliastro[\/it]","breadcrumb":{"@id":"https:\/\/mompornonly.com\/tags\/#breadcrumb"},"inLanguage":"it-IT","potentialAction":[{"@type":"ReadAction","target":["https:\/\/mompornonly.com\/tags\/"]}]},{"@type":"BreadcrumbList","@id":"https:\/\/mompornonly.com\/tags\/#breadcrumb","itemListElement":[{"@type":"ListItem","position":1,"name":"Accueil","item":"https:\/\/mompornonly.com\/"},{"@type":"ListItem","position":2,"name":"Tags"}]},{"@type":"WebSite","@id":"https:\/\/mompornonly.com\/#website","url":"https:\/\/mompornonly.com\/","name":"MomPornOnly","description":"Mompornonly.com is the best porn tube site ever with just moms and MILFs, the best XXX videos and free sex streaming.[fr]Mompornonly.com est le meilleur site de tubes porno avec seulement des mamans et  des MILF, les meilleures vid\u00e9os XXX et du streaming sexe gratuit.[\/fr][es]Mompornonly.com es el mejor sitio de tubos porno con mam\u00e1s y MILF, los mejores videos XXX y transmisi\u00f3n de sexo gratis.[\/es][de]Mompornonly.com ist die beste Porno-Tube-Site aller Zeiten mit nur M\u00fcttern und MILFs, den besten XXX-Videos und kostenlosem Sex-Streaming.[\/de][it]Mompornonly.com \u00e8 il miglior sito di porno tube di sempre con solo mamme e MILF, i migliori video XXX e lo streaming di sesso gratuito.[\/it]","publisher":{"@id":"https:\/\/mompornonly.com\/#organization"},"potentialAction":[{"@type":"SearchAction","target":{"@type":"EntryPoint","urlTemplate":"https:\/\/mompornonly.com\/?s={search_term_string}"},"query-input":{"@type":"PropertyValueSpecification","valueRequired":true,"valueName":"search_term_string"}}],"inLanguage":"it-IT"},{"@type":"Organization","@id":"https:\/\/mompornonly.com\/#organization","name":"MomPornOnly","url":"https:\/\/mompornonly.com\/","logo":{"@type":"ImageObject","inLanguage":"it-IT","@id":"https:\/\/mompornonly.com\/#\/schema\/logo\/image\/","url":"https:\/\/mompornonly.com\/wp-content\/uploads\/2020\/05\/logomompornonly.png","contentUrl":"https:\/\/mompornonly.com\/wp-content\/uploads\/2020\/05\/logomompornonly.png","width":792,"height":446,"caption":"MomPornOnly"},"image":{"@id":"https:\/\/mompornonly.com\/#\/schema\/logo\/image\/"},"sameAs":["https:\/\/www.facebook.com\/momponly\/","https:\/\/x.com\/mompornonly","https:\/\/www.instagram.com\/mpo_com\/"]}]}},"_links":{"self":[{"href":"https:\/\/mompornonly.com\/it\/wp-json\/wp\/v2\/pages\/10","targetHints":{"allow":["GET"]}}],"collection":[{"href":"https:\/\/mompornonly.com\/it\/wp-json\/wp\/v2\/pages"}],"about":[{"href":"https:\/\/mompornonly.com\/it\/wp-json\/wp\/v2\/types\/page"}],"author":[{"embeddable":true,"href":"https:\/\/mompornonly.com\/it\/wp-json\/wp\/v2\/users\/1"}],"replies":[{"embeddable":true,"href":"https:\/\/mompornonly.com\/it\/wp-json\/wp\/v2\/comments?post=10"}],"version-history":[{"count":1,"href":"https:\/\/mompornonly.com\/it\/wp-json\/wp\/v2\/pages\/10\/revisions"}],"predecessor-version":[{"id":13067,"href":"https:\/\/mompornonly.com\/it\/wp-json\/wp\/v2\/pages\/10\/revisions\/13067"}],"wp:attachment":[{"href":"https:\/\/mompornonly.com\/it\/wp-json\/wp\/v2\/media?parent=10"}],"curies":[{"name":"wp","href":"https:\/\/api.w.org\/{rel}","templated":true}]}}