{"id":8659,"date":"2021-07-20T12:51:44","date_gmt":"2021-07-20T10:51:44","guid":{"rendered":"https:\/\/mompornonly.com\/?page_id=8659"},"modified":"2023-10-13T16:19:08","modified_gmt":"2023-10-13T14:19:08","slug":"livecams","status":"publish","type":"page","link":"https:\/\/mompornonly.com\/fr\/livecams\/","title":{"rendered":"Livecams"},"content":{"rendered":"<h2>Les camgirls les plus sexys et chaudes du monde sont en live<\/h2>\n<p>Vous avez surement entendu parler de cam\u00e9ra en ligne qui font le buzz, notamment gr\u00e2ce au <strong>live twitch Hot Tube<\/strong>. Cela consiste \u00e0 se filmer en petite tenue, maillot ou <strong>bikini dans un jacuzzi <\/strong>devant des milliers de personnes. Cela \u00e0 forc\u00e9ment eu un impact sur les sites de cams en ligne, qui sont en pleine expansion et touche de plus en plus de personnes. C&rsquo;est pourquoi nous nous sentions oblig\u00e9 d&rsquo;int\u00e9grer ce genre de contenu \u00e0 notre site pour que tous nos utilisateurs puissent profiter de cette merveille. Vous n&rsquo;imaginez pas encore toutes les possibilit\u00e9s que vous pourrez explorer pour simplement vous rincez l&rsquo;oeil ou vous masturber si l&rsquo;envie vous prends. <strong>Ces femmes sont supers sexys et chaudes comme de la braise<\/strong>, ne soyez pas intimid\u00e9 devant tant de charisme et de chaleur. Elles sont l\u00e0 pour donner un maximum de plaisir \u00e0 quiconque les regardent, vous ne pourrez pas r\u00e9sister si vous croisez leurs regards. L&rsquo;avantage des cam\u00e9ras est que vous ne savez pas ce qu&rsquo;il vous attend contrairement aux vid\u00e9os pornos qui sont plus ou moins similaires avec le temps. Sur notre site mompornonly.com vous serez surpris par le talent de ces camgirls qui vont tout faire pour vous exciter, que ce soit avec leur petite chatte serr\u00e9e, un sextoy, un vibro ou encore la bite de leur copain. Elles savent tout faire vous n&rsquo;avez pas de soucis \u00e0 vous faire, qu&rsquo;importe ce que vous pr\u00e9f\u00e9rez chacunes auront leurs sp\u00e9cialit\u00e9s en fonction de leur ethnicit\u00e9. Peu importe qu&rsquo;elles soient <strong>brunes, blondes ou rousses<\/strong>, vous trouverez chaussure \u00e0 votre pied c&rsquo;est certain.<\/p>\n<p>Vous aimez les <strong>femmes blondes avec de gros seins ou avec de petits seins<\/strong>, cela n&rsquo;a pas d&rsquo;importance vous avez tout ce qu&rsquo;il vous faut ici, ou peut \u00eatre que vous aimez les belles brunes avec une petite poitrine et des grosses fesses, c&rsquo;est toujours pareil, pas d&rsquo;importance vous trouverez la femme qui vous fera jouir aujourd&rsquo;hui. Des cat\u00e9gories sont mises \u00e0 disposition pour vous permettre de trouver plus facilement ce que vous cherchez, imaginons que vous \u00eates un <strong>f\u00e9tichiste des pieds<\/strong>, et bien <a href=\"https:\/\/mompornonly.com\/fr\/livecams-category\/feet\/\">la cat\u00e9gorie pieds<\/a> sera votre jardin secret. Et surtout personne ne vous jugera ou vous dira quoi que ce soit, alors profitez juste de ce qu&rsquo;il vous fait plaisir et n&rsquo;h\u00e9sitez pas \u00e0 partager votre plaisir \u00e0 travers le chat avec d&rsquo;autres personnes. Si ce que vous voyez vous plait et qu&rsquo;il vous a permis d&rsquo;atteindre d&rsquo;autres lieux, vous pouvez soutenir la personne qui vous aura fait jouir avec votre argent.<\/p>\n<h3>Une recette \u00e9labor\u00e9e pour vous faire jouir le plus possible<\/h3>\n<p>En effet, le syst\u00e8me de cam\u00e9ra en ligne est tr\u00e8s \u00e9labor\u00e9, vous pouvez regarder autant que vous voulez gratuitement une femme en ligne. Mais ces femmes ne vont pas tout montrer pour vos beaux petits yeux, une aide financi\u00e8re vont certainement pousser cette femme en manque \u00e0 faire des dingueries. Beaucoup de camgirls ont des \u00ab\u00a0goals\u00a0\u00bb qui consistent \u00e0 r\u00e9aliser une action au bout d&rsquo;un certain montant d&rsquo;argent. La monnaie du site se compte en cr\u00e9dit, par exemple une femme peut se mettre un <strong>dildo dans le cul<\/strong> pour 1000 cr\u00e9dits. Cela veut dire que vous pouvez en faire votre esclave sexuel, en simplement quelques clics, et un peu d&rsquo;argent. Elles poss\u00e8dent \u00e9galement une liste de toutes les choses qu&rsquo;elles peuvent effectuer contre de l&rsquo;argent, il ne vous reste plus qu&rsquo;\u00e0 vous d\u00e9tendre et profiter du moment. Si vous voulez cette femme qui est votre type de la t\u00eate aux pieds et qui vous fait bander alors vous pouvez payer pour <strong>un show priv\u00e9<\/strong> juste entre vous et elle. Elle pourra vous donner des paroles sales, comme si c&rsquo;\u00e9tait votre chienne et que vous pouviez faire ce que vous voulez l&rsquo;un de l&rsquo;autre.<\/p>\n<p>Vous ne verez que du contenu exclusif, ce ne sera pas comme toutes videos xxx que vous voyez sur les sites comme <strong>pornhub, xhamster ou encore xvideos.<\/strong> C&rsquo;est une vid\u00e9o que vous ne pourrez plus retrouver nulle part, vous serez le seul \u00e0 avoir vu cette femme se d\u00e9hancher devant la cam\u00e9ra pour vous, pour faire bander votre simple queue. C&rsquo;est magnifique tout ce que l&rsquo;on peut avoir avec un peu d&rsquo;argent, nous vous invitons \u00e0 profiter pleinement de toutes les fonctionnalit\u00e9s que nous vous proposons en partenariat avec <strong>Chaturbate.<\/strong><\/p>\n<p>Tous les mod\u00e8les sur MomPornOnly.com appartiennent \u00e0 Chaturbate et par cons\u00e9quent nous ne poss\u00e9dons aucun droit sur le contenu diffus\u00e9. Toutes les galeries porno et les liens vers des vid\u00e9os de sexe sont fournis par des tiers. Nous n&rsquo;avons aucun contr\u00f4le sur le contenu de ces pages mais nous certifions que toutes les filles pr\u00e9sentes ont 18ans ou plus. Nous ne prenons aucune responsabilit\u00e9 pour le contenu de tout site web auquel nous renvoyons, veuillez utiliser votre propre discr\u00e9tion lors de la navigation sur les liens pornographiques.<\/p>\n<p><a href=\"https:\/\/chaturbate.com\/in\/?track=mpo_link&amp;tour=hr8m&amp;campaign=d7A1h\" target=\"_blank\" rel=\"noopener\">\u00a9 Chaturbate.com<\/a><\/p>\n","protected":false},"excerpt":{"rendered":"<p>Les camgirls les plus sexys et chaudes du monde sont en live Vous avez surement entendu parler de cam\u00e9ra en ligne qui font le buzz, notamment gr\u00e2ce au live twitch Hot Tube. Cela consiste \u00e0 se filmer en petite tenue, maillot ou bikini dans un jacuzzi devant des milliers de personnes. Cela \u00e0 forc\u00e9ment eu [&hellip;]<\/p>\n","protected":false},"author":3,"featured_media":0,"parent":0,"menu_order":0,"comment_status":"closed","ping_status":"closed","template":"templates\/template-livecams.php","meta":{"ep_exclude_from_search":false,"footnotes":""},"class_list":["post-8659","page","type-page","status-publish","hentry"],"yoast_head":"<!-- This site is optimized with the Yoast SEO plugin v27.4 - https:\/\/yoast.com\/product\/yoast-seo-wordpress\/ -->\n<title>LiveCams - Les camgirls les plus c\u00e9l\u00e8bres sont maintenant en direct | MomPornOnly.com<\/title>\n<meta name=\"description\" content=\"Regardez les livecams les plus c\u00e9l\u00e8bres gratuitement, sans inscription requise sur MomPornOnly.com. Les meilleures camgirls du monde sont d\u00e9sormais en direct, qu&#039;elles soient amatrices ou pornstars, elles vous procureront le plus de plaisir possible.\" \/>\n<meta name=\"robots\" content=\"index, follow, max-snippet:-1, max-image-preview:large, max-video-preview:-1\" \/>\n<link rel=\"canonical\" href=\"https:\/\/mompornonly.com\/livecams\/\" \/>\n<meta property=\"og:locale\" content=\"fr_FR\" \/>\n<meta property=\"og:type\" content=\"article\" \/>\n<meta property=\"og:title\" content=\"LiveCams - The most famous camgirls are now live | MomPornOnly.com [fr]LiveCams - Les camgirls les plus c\u00e9l\u00e8bres sont maintenant en direct | MomPornOnly.com[\/fr][es]LiveCams - Las camgirls m\u00e1s famosas ya est\u00e1n en vivo |MomPornOnly.com[\/es][de]LiveCams - Die ber\u00fchmtesten Camgirls sind jetzt live | MomPornOnly.com[\/de][it]LiveCams - Le camgirl pi\u00f9 famose sono ora in diretta | MomPornOnly.com[\/it]\" \/>\n<meta property=\"og:description\" content=\"Watch the most famous livecams for free, with no registrations required at MomPornOnly.com. The best camgirls in the world are now live, whether they are amateurs or pornstars, they will give you the most pleasure possible. [fr] Regardez les livecams les plus c\u00e9l\u00e8bres gratuitement, sans inscription requise sur MomPornOnly.com. Les meilleures camgirls du monde sont d\u00e9sormais en direct, qu&#039;elles soient amatrices ou pornstars, elles vous procureront le plus de plaisir possible. [\/fr][es]Vea las c\u00e1maras en vivo m\u00e1s famosas de forma gratuita, sin necesidad de registrarse en MomPornOnly.com. Las mejores camgirls del mundo ahora est\u00e1n en vivo, ya sean amateurs o pornstars, te dar\u00e1n el mayor placer posible.[\/es][de]Sehen Sie sich die ber\u00fchmtesten Livecams kostenlos an, ohne dass eine Registrierung bei MomPornOnly.com erforderlich ist. Die besten Camgirls der Welt sind jetzt live, egal ob Amateure oder Pornostars, sie werden dir das gr\u00f6\u00dftm\u00f6gliche Vergn\u00fcgen bereiten.[\/de][it]Guarda le livecam pi\u00f9 famose gratuitamente, senza registrazione richiesta su MomPornOnly.com. Le migliori camgirl del mondo sono ora in diretta, che siano dilettanti o pornostar, ti daranno il massimo piacere possibile.[\/it]\" \/>\n<meta property=\"og:url\" content=\"https:\/\/mompornonly.com\/livecams\/\" \/>\n<meta property=\"og:site_name\" content=\"MomPornOnly\" \/>\n<meta property=\"article:publisher\" content=\"https:\/\/www.facebook.com\/momponly\/\" \/>\n<meta property=\"article:modified_time\" content=\"2023-10-13T14:19:08+00:00\" \/>\n<meta name=\"twitter:card\" content=\"summary_large_image\" \/>\n<meta name=\"twitter:site\" content=\"@mompornonly\" \/>\n<script type=\"application\/ld+json\" class=\"yoast-schema-graph\">{\"@context\":\"https:\\\/\\\/schema.org\",\"@graph\":[{\"@type\":\"WebPage\",\"@id\":\"https:\\\/\\\/mompornonly.com\\\/livecams\\\/\",\"url\":\"https:\\\/\\\/mompornonly.com\\\/livecams\\\/\",\"name\":\"LiveCams - The most famous camgirls are now live | MomPornOnly.com [fr]LiveCams - Les camgirls les plus c\u00e9l\u00e8bres sont maintenant en direct | MomPornOnly.com[\\\/fr][es]LiveCams - Las camgirls m\u00e1s famosas ya est\u00e1n en vivo |MomPornOnly.com[\\\/es][de]LiveCams - Die ber\u00fchmtesten Camgirls sind jetzt live | MomPornOnly.com[\\\/de][it]LiveCams - Le camgirl pi\u00f9 famose sono ora in diretta | MomPornOnly.com[\\\/it]\",\"isPartOf\":{\"@id\":\"https:\\\/\\\/mompornonly.com\\\/#website\"},\"datePublished\":\"2021-07-20T10:51:44+00:00\",\"dateModified\":\"2023-10-13T14:19:08+00:00\",\"description\":\"Watch the most famous livecams for free, with no registrations required at MomPornOnly.com. The best camgirls in the world are now live, whether they are amateurs or pornstars, they will give you the most pleasure possible. [fr] Regardez les livecams les plus c\u00e9l\u00e8bres gratuitement, sans inscription requise sur MomPornOnly.com. Les meilleures camgirls du monde sont d\u00e9sormais en direct, qu'elles soient amatrices ou pornstars, elles vous procureront le plus de plaisir possible. [\\\/fr][es]Vea las c\u00e1maras en vivo m\u00e1s famosas de forma gratuita, sin necesidad de registrarse en MomPornOnly.com. Las mejores camgirls del mundo ahora est\u00e1n en vivo, ya sean amateurs o pornstars, te dar\u00e1n el mayor placer posible.[\\\/es][de]Sehen Sie sich die ber\u00fchmtesten Livecams kostenlos an, ohne dass eine Registrierung bei MomPornOnly.com erforderlich ist. Die besten Camgirls der Welt sind jetzt live, egal ob Amateure oder Pornostars, sie werden dir das gr\u00f6\u00dftm\u00f6gliche Vergn\u00fcgen bereiten.[\\\/de][it]Guarda le livecam pi\u00f9 famose gratuitamente, senza registrazione richiesta su MomPornOnly.com. Le migliori camgirl del mondo sono ora in diretta, che siano dilettanti o pornostar, ti daranno il massimo piacere possibile.[\\\/it]\",\"breadcrumb\":{\"@id\":\"https:\\\/\\\/mompornonly.com\\\/livecams\\\/#breadcrumb\"},\"inLanguage\":\"fr-FR\",\"potentialAction\":[{\"@type\":\"ReadAction\",\"target\":[\"https:\\\/\\\/mompornonly.com\\\/livecams\\\/\"]}]},{\"@type\":\"BreadcrumbList\",\"@id\":\"https:\\\/\\\/mompornonly.com\\\/livecams\\\/#breadcrumb\",\"itemListElement\":[{\"@type\":\"ListItem\",\"position\":1,\"name\":\"Accueil\",\"item\":\"https:\\\/\\\/mompornonly.com\\\/\"},{\"@type\":\"ListItem\",\"position\":2,\"name\":\"Livecams\"}]},{\"@type\":\"WebSite\",\"@id\":\"https:\\\/\\\/mompornonly.com\\\/#website\",\"url\":\"https:\\\/\\\/mompornonly.com\\\/\",\"name\":\"MomPornOnly\",\"description\":\"Mompornonly.com is the best porn tube site ever with just moms and MILFs, the best XXX videos and free sex streaming.[fr]Mompornonly.com est le meilleur site de tubes porno avec seulement des mamans et  des MILF, les meilleures vid\u00e9os XXX et du streaming sexe gratuit.[\\\/fr][es]Mompornonly.com es el mejor sitio de tubos porno con mam\u00e1s y MILF, los mejores videos XXX y transmisi\u00f3n de sexo gratis.[\\\/es][de]Mompornonly.com ist die beste Porno-Tube-Site aller Zeiten mit nur M\u00fcttern und MILFs, den besten XXX-Videos und kostenlosem Sex-Streaming.[\\\/de][it]Mompornonly.com \u00e8 il miglior sito di porno tube di sempre con solo mamme e MILF, i migliori video XXX e lo streaming di sesso gratuito.[\\\/it]\",\"publisher\":{\"@id\":\"https:\\\/\\\/mompornonly.com\\\/#organization\"},\"potentialAction\":[{\"@type\":\"SearchAction\",\"target\":{\"@type\":\"EntryPoint\",\"urlTemplate\":\"https:\\\/\\\/mompornonly.com\\\/?s={search_term_string}\"},\"query-input\":{\"@type\":\"PropertyValueSpecification\",\"valueRequired\":true,\"valueName\":\"search_term_string\"}}],\"inLanguage\":\"fr-FR\"},{\"@type\":\"Organization\",\"@id\":\"https:\\\/\\\/mompornonly.com\\\/#organization\",\"name\":\"MomPornOnly\",\"url\":\"https:\\\/\\\/mompornonly.com\\\/\",\"logo\":{\"@type\":\"ImageObject\",\"inLanguage\":\"fr-FR\",\"@id\":\"https:\\\/\\\/mompornonly.com\\\/#\\\/schema\\\/logo\\\/image\\\/\",\"url\":\"https:\\\/\\\/mompornonly.com\\\/wp-content\\\/uploads\\\/2020\\\/05\\\/logomompornonly.png\",\"contentUrl\":\"https:\\\/\\\/mompornonly.com\\\/wp-content\\\/uploads\\\/2020\\\/05\\\/logomompornonly.png\",\"width\":792,\"height\":446,\"caption\":\"MomPornOnly\"},\"image\":{\"@id\":\"https:\\\/\\\/mompornonly.com\\\/#\\\/schema\\\/logo\\\/image\\\/\"},\"sameAs\":[\"https:\\\/\\\/www.facebook.com\\\/momponly\\\/\",\"https:\\\/\\\/x.com\\\/mompornonly\",\"https:\\\/\\\/www.instagram.com\\\/mpo_com\\\/\"]}]}<\/script>\n<!-- \/ Yoast SEO plugin. -->","yoast_head_json":{"title":"LiveCams - Les camgirls les plus c\u00e9l\u00e8bres sont maintenant en direct | MomPornOnly.com","description":"Regardez les livecams les plus c\u00e9l\u00e8bres gratuitement, sans inscription requise sur MomPornOnly.com. Les meilleures camgirls du monde sont d\u00e9sormais en direct, qu'elles soient amatrices ou pornstars, elles vous procureront le plus de plaisir possible.","robots":{"index":"index","follow":"follow","max-snippet":"max-snippet:-1","max-image-preview":"max-image-preview:large","max-video-preview":"max-video-preview:-1"},"canonical":"https:\/\/mompornonly.com\/livecams\/","og_locale":"fr_FR","og_type":"article","og_title":"LiveCams - The most famous camgirls are now live | MomPornOnly.com [fr]LiveCams - Les camgirls les plus c\u00e9l\u00e8bres sont maintenant en direct | MomPornOnly.com[\/fr][es]LiveCams - Las camgirls m\u00e1s famosas ya est\u00e1n en vivo |MomPornOnly.com[\/es][de]LiveCams - Die ber\u00fchmtesten Camgirls sind jetzt live | MomPornOnly.com[\/de][it]LiveCams - Le camgirl pi\u00f9 famose sono ora in diretta | MomPornOnly.com[\/it]","og_description":"Watch the most famous livecams for free, with no registrations required at MomPornOnly.com. The best camgirls in the world are now live, whether they are amateurs or pornstars, they will give you the most pleasure possible. [fr] Regardez les livecams les plus c\u00e9l\u00e8bres gratuitement, sans inscription requise sur MomPornOnly.com. Les meilleures camgirls du monde sont d\u00e9sormais en direct, qu'elles soient amatrices ou pornstars, elles vous procureront le plus de plaisir possible. [\/fr][es]Vea las c\u00e1maras en vivo m\u00e1s famosas de forma gratuita, sin necesidad de registrarse en MomPornOnly.com. Las mejores camgirls del mundo ahora est\u00e1n en vivo, ya sean amateurs o pornstars, te dar\u00e1n el mayor placer posible.[\/es][de]Sehen Sie sich die ber\u00fchmtesten Livecams kostenlos an, ohne dass eine Registrierung bei MomPornOnly.com erforderlich ist. Die besten Camgirls der Welt sind jetzt live, egal ob Amateure oder Pornostars, sie werden dir das gr\u00f6\u00dftm\u00f6gliche Vergn\u00fcgen bereiten.[\/de][it]Guarda le livecam pi\u00f9 famose gratuitamente, senza registrazione richiesta su MomPornOnly.com. Le migliori camgirl del mondo sono ora in diretta, che siano dilettanti o pornostar, ti daranno il massimo piacere possibile.[\/it]","og_url":"https:\/\/mompornonly.com\/livecams\/","og_site_name":"MomPornOnly","article_publisher":"https:\/\/www.facebook.com\/momponly\/","article_modified_time":"2023-10-13T14:19:08+00:00","twitter_card":"summary_large_image","twitter_site":"@mompornonly","schema":{"@context":"https:\/\/schema.org","@graph":[{"@type":"WebPage","@id":"https:\/\/mompornonly.com\/livecams\/","url":"https:\/\/mompornonly.com\/livecams\/","name":"LiveCams - The most famous camgirls are now live | MomPornOnly.com [fr]LiveCams - Les camgirls les plus c\u00e9l\u00e8bres sont maintenant en direct | MomPornOnly.com[\/fr][es]LiveCams - Las camgirls m\u00e1s famosas ya est\u00e1n en vivo |MomPornOnly.com[\/es][de]LiveCams - Die ber\u00fchmtesten Camgirls sind jetzt live | MomPornOnly.com[\/de][it]LiveCams - Le camgirl pi\u00f9 famose sono ora in diretta | MomPornOnly.com[\/it]","isPartOf":{"@id":"https:\/\/mompornonly.com\/#website"},"datePublished":"2021-07-20T10:51:44+00:00","dateModified":"2023-10-13T14:19:08+00:00","description":"Watch the most famous livecams for free, with no registrations required at MomPornOnly.com. The best camgirls in the world are now live, whether they are amateurs or pornstars, they will give you the most pleasure possible. [fr] Regardez les livecams les plus c\u00e9l\u00e8bres gratuitement, sans inscription requise sur MomPornOnly.com. Les meilleures camgirls du monde sont d\u00e9sormais en direct, qu'elles soient amatrices ou pornstars, elles vous procureront le plus de plaisir possible. [\/fr][es]Vea las c\u00e1maras en vivo m\u00e1s famosas de forma gratuita, sin necesidad de registrarse en MomPornOnly.com. Las mejores camgirls del mundo ahora est\u00e1n en vivo, ya sean amateurs o pornstars, te dar\u00e1n el mayor placer posible.[\/es][de]Sehen Sie sich die ber\u00fchmtesten Livecams kostenlos an, ohne dass eine Registrierung bei MomPornOnly.com erforderlich ist. Die besten Camgirls der Welt sind jetzt live, egal ob Amateure oder Pornostars, sie werden dir das gr\u00f6\u00dftm\u00f6gliche Vergn\u00fcgen bereiten.[\/de][it]Guarda le livecam pi\u00f9 famose gratuitamente, senza registrazione richiesta su MomPornOnly.com. Le migliori camgirl del mondo sono ora in diretta, che siano dilettanti o pornostar, ti daranno il massimo piacere possibile.[\/it]","breadcrumb":{"@id":"https:\/\/mompornonly.com\/livecams\/#breadcrumb"},"inLanguage":"fr-FR","potentialAction":[{"@type":"ReadAction","target":["https:\/\/mompornonly.com\/livecams\/"]}]},{"@type":"BreadcrumbList","@id":"https:\/\/mompornonly.com\/livecams\/#breadcrumb","itemListElement":[{"@type":"ListItem","position":1,"name":"Accueil","item":"https:\/\/mompornonly.com\/"},{"@type":"ListItem","position":2,"name":"Livecams"}]},{"@type":"WebSite","@id":"https:\/\/mompornonly.com\/#website","url":"https:\/\/mompornonly.com\/","name":"MomPornOnly","description":"Mompornonly.com is the best porn tube site ever with just moms and MILFs, the best XXX videos and free sex streaming.[fr]Mompornonly.com est le meilleur site de tubes porno avec seulement des mamans et  des MILF, les meilleures vid\u00e9os XXX et du streaming sexe gratuit.[\/fr][es]Mompornonly.com es el mejor sitio de tubos porno con mam\u00e1s y MILF, los mejores videos XXX y transmisi\u00f3n de sexo gratis.[\/es][de]Mompornonly.com ist die beste Porno-Tube-Site aller Zeiten mit nur M\u00fcttern und MILFs, den besten XXX-Videos und kostenlosem Sex-Streaming.[\/de][it]Mompornonly.com \u00e8 il miglior sito di porno tube di sempre con solo mamme e MILF, i migliori video XXX e lo streaming di sesso gratuito.[\/it]","publisher":{"@id":"https:\/\/mompornonly.com\/#organization"},"potentialAction":[{"@type":"SearchAction","target":{"@type":"EntryPoint","urlTemplate":"https:\/\/mompornonly.com\/?s={search_term_string}"},"query-input":{"@type":"PropertyValueSpecification","valueRequired":true,"valueName":"search_term_string"}}],"inLanguage":"fr-FR"},{"@type":"Organization","@id":"https:\/\/mompornonly.com\/#organization","name":"MomPornOnly","url":"https:\/\/mompornonly.com\/","logo":{"@type":"ImageObject","inLanguage":"fr-FR","@id":"https:\/\/mompornonly.com\/#\/schema\/logo\/image\/","url":"https:\/\/mompornonly.com\/wp-content\/uploads\/2020\/05\/logomompornonly.png","contentUrl":"https:\/\/mompornonly.com\/wp-content\/uploads\/2020\/05\/logomompornonly.png","width":792,"height":446,"caption":"MomPornOnly"},"image":{"@id":"https:\/\/mompornonly.com\/#\/schema\/logo\/image\/"},"sameAs":["https:\/\/www.facebook.com\/momponly\/","https:\/\/x.com\/mompornonly","https:\/\/www.instagram.com\/mpo_com\/"]}]}},"_links":{"self":[{"href":"https:\/\/mompornonly.com\/fr\/wp-json\/wp\/v2\/pages\/8659","targetHints":{"allow":["GET"]}}],"collection":[{"href":"https:\/\/mompornonly.com\/fr\/wp-json\/wp\/v2\/pages"}],"about":[{"href":"https:\/\/mompornonly.com\/fr\/wp-json\/wp\/v2\/types\/page"}],"author":[{"embeddable":true,"href":"https:\/\/mompornonly.com\/fr\/wp-json\/wp\/v2\/users\/3"}],"replies":[{"embeddable":true,"href":"https:\/\/mompornonly.com\/fr\/wp-json\/wp\/v2\/comments?post=8659"}],"version-history":[{"count":5,"href":"https:\/\/mompornonly.com\/fr\/wp-json\/wp\/v2\/pages\/8659\/revisions"}],"predecessor-version":[{"id":9262,"href":"https:\/\/mompornonly.com\/fr\/wp-json\/wp\/v2\/pages\/8659\/revisions\/9262"}],"wp:attachment":[{"href":"https:\/\/mompornonly.com\/fr\/wp-json\/wp\/v2\/media?parent=8659"}],"curies":[{"name":"wp","href":"https:\/\/api.w.org\/{rel}","templated":true}]}}