{"id":8302,"date":"2021-01-05T20:30:44","date_gmt":"2021-01-05T18:30:44","guid":{"rendered":""},"modified":"2021-01-05T21:15:37","modified_gmt":"2021-01-05T19:15:37","slug":"mom-porn-hd","status":"publish","type":"page","link":"https:\/\/mompornonly.com\/fr\/mom-porn-hd\/","title":{"rendered":"The best mom porn HD videos are on MomPornOnly.com !"},"content":{"rendered":"<h1>Le meilleur du porno maman HD au monde<\/h1>\n<p>MomPornOnly en anglais peut se traduire Porno maman seulement en fran\u00e7ais. Comme le nom du site l&rsquo;indique ici seulement de bonne mamans, de bonne milfs en chaleur qui aiment sucer des bonnes grosses queues ou bien se faire d\u00e9foncer la chatte par de bonne grosse bites. Et bien que le contenu amateur soit extr\u00eament bandant il n&rsquo;est cependant pas forc\u00e9ment de qualit\u00e9 HD. C&rsquo;est pour cela que nous travaillons avec des studios comme Brazzers, Mylf, Pervmom et pleins d&rsquo;autres pour vous proposer le plus grand nombre de <strong>vid\u00e9os pornographiques HD<\/strong> car le porno maman HD est vraiment le meilleur porno disponible actuellement ! Et c&rsquo;est pourquoi vous retrouverez le top du top chez MomPornOnly ! <\/p>\n<p>Les mamans chaudassent qui se mettent des doigts dans la chatte pour se masturber ou bien les milfs salopes qui se font baiser par des jeunots en pleine bourre. Les milfs adorent l&rsquo;anal c&rsquo;est pour cela que tu peux retrouver un tas de vid\u00e9os XXX o\u00f9 des milfs se font d\u00e9foncer le cul par des grosses bites dans notre cat\u00e9gorie Anal ! Mais pas que car nous savons aussi chez MomPornOnly qu&rsquo;il en faut pour tous les go\u00fbts et c&rsquo;est pour cela que nous avons aussi pleins d&rsquo;autres cat\u00e9gories telles que <strong>gros cul<\/strong> avec pleins de vid\u00e9os X HD de salope avec des gros culs qui se font d\u00e9foncer devant tes yeux \u00e9bahit, gros seins pour profiter des pornstars avec les seins refait \u00e9normes qui te feront bien bander, petits seins ou encore lesbienne pour voir des belles salopes jouer entre elles et se l\u00e9cher le minou. Autant de href=\u00a0\u00bbhttps:\/\/mompornonly.com\/fr\/categories\/\u00a0\u00bb>cat\u00e9gories<\/a> qui te permettrons de te masturber tout en profitant de vid\u00e9os porno HD ! Regarder des vid\u00e9os en HD c&rsquo;est pouvoir voir les chattes bien d\u00e9goulinante de fa\u00e7on rapproch\u00e9e avec une qualit\u00e9 incroyable et ind\u00e9niable ! Le plus important est quand m\u00eame que la liste de notre catalogue qui est d\u00e9j\u00e0 bien fournis est enti\u00e8rement gratuite et surtout vous n&rsquo;avez pas besoin de vous inqui\u00eater de revoir les m\u00eames choses en permanence car notre catalogue est soigneusement renouvel\u00e9 afin que tous les jours de nouvelles vid\u00e9os soient disponible gratuitement ! <\/p>\n<p>Nous essayons aussi d&rsquo;agrandir notre catalogue photo pour que vous puissiez avoir le meilleur des milfs en <strong>photo XXX gratuitement<\/strong> sans que vous n&rsquo;aillez besoin de changer de site ! Vous pouvez d\u00e8s \u00e0 pr\u00e9sent profiter des plus grosses salopes milfs du monde X tel que Brandi Love, Anissa Kate, Blanche Bradburry, Bianca Burke, Bethany Benz ou encore Mia Khalifa gratuitement sur MomPornOnly ! Nous sommes vraiment le meilleur site porno XXX que tu connaisses hein ! N&rsquo;oublie pas de parler de nous \u00e0 tous tes amis pour qu&rsquo;eux aussi puisse profiter des meilleurs pute qui se font baiser gratuitement et sans perte de temps ! Tu peux aussi nous suivre sur notre Twitter pour \u00eatre tenu inform\u00e9 de temps en temps ! Chez MomPornOnly le porno ne conna\u00eet aucune limite de temps et tu peux profiter 24h\/24 et 7j\/7 du meilleur porno maman HD gratuitement ! <\/p>\n<h2>Regarde et t\u00e9l\u00e9charge gratuitement une tonne de vid\u00e9o porno HD<\/h2>\n<p>Toutes nos vid\u00e9os HD (high definition), sont disponibles au <strong>visionnage gratuitement<\/strong> mais sont maintenant aussi <strong>t\u00e9l\u00e9chargeable<\/strong> pour votre plus grand plaisir et comme vous le savez ce qui vous rend heureux est notre priorit\u00e9 chez MomPornOnly et tu pourras profiter de tes salopes pr\u00e9f\u00e9r\u00e9s m\u00eame sans avoir de connexion internet pendant tes voyages en train ou avion par exemple ! En plus de disposer des meilleurs milfs salopent au monde gratuitement vous pouvez maintenant les t\u00e9l\u00e9chargers gratuitement alors on adore ? Si tu as envie de proposer des vid\u00e9os o\u00f9 tu baises ta belle-m\u00e8re n&rsquo;h\u00e9site pas gr\u00e2ce au formulaire d&rsquo;upload mis \u00e0 ta disposition sur le site ! On adore vos vid\u00e9os et vos retours alors surtout n&rsquo;h\u00e9sitez pas ! Le site est disponible en beaucoup de langue telle que l&rsquo;espagnol, l&rsquo;anglais, le fran\u00e7ais, l&rsquo;allemand et l&rsquo;italien alors n&rsquo;h\u00e9site pas \u00e0 choisir celle que tu pr\u00e9f\u00e8res ou \u00e0 demander une traduction suppl\u00e9mentaire en nous contactant ! Tu peux aussi retrouver le meilleur du porno fran\u00e7ais sur <a href=\"https:\/\/xfrenchies.com\/\">xFrenchies.com<\/a> ! le meilleur site de porno amateur fran\u00e7ais il contient des vid\u00e9os de salope amatrice fran\u00e7aises exclusives qui vont te faire tourner la t\u00eate et cracher la bite !<\/p>\n","protected":false},"excerpt":{"rendered":"<p>Le meilleur du porno maman HD au monde MomPornOnly en anglais peut se traduire Porno maman seulement en fran\u00e7ais. Comme le nom du site l&rsquo;indique ici seulement de bonne mamans, de bonne milfs en chaleur qui aiment sucer des bonnes grosses queues ou bien se faire d\u00e9foncer la chatte par de bonne grosse bites. Et [&hellip;]<\/p>\n","protected":false},"author":3,"featured_media":0,"parent":0,"menu_order":0,"comment_status":"closed","ping_status":"closed","template":"template-porn-fr.php","meta":{"ep_exclude_from_search":false,"footnotes":""},"class_list":["post-8302","page","type-page","status-publish","hentry"],"yoast_head":"<!-- This site is optimized with the Yoast SEO plugin v27.5 - https:\/\/yoast.com\/product\/yoast-seo-wordpress\/ -->\n<title>The best mom porn HD videos are on MomPornOnly.com ! | MEILLEURES MILF VIDEOS PORNO HD - MomPornOnly<\/title>\n<meta name=\"description\" content=\"Regardez des milliers de vid\u00e9os hd de m\u00e8res porno gratuitement sur MomPornOnly.com, le meilleur site de tubes sur le porno de m\u00e8res dans le monde\" \/>\n<meta name=\"robots\" content=\"index, follow, max-snippet:-1, max-image-preview:large, max-video-preview:-1\" \/>\n<link rel=\"canonical\" href=\"https:\/\/mompornonly.com\/de\/mom-porn-hd\/\" \/>\n<meta property=\"og:locale\" content=\"fr_FR\" \/>\n<meta property=\"og:type\" content=\"article\" \/>\n<meta property=\"og:title\" content=\"The best mom porn HD videos are on MomPornOnly.com ! | BEST MILF VIDEOS PORN HD - MomPornOnly [fr]The best mom porn HD videos are on MomPornOnly.com ! | MEILLEURES MILF VIDEOS PORNO HD - MomPornOnly [\/fr] [de]The best mom porn HD videos are on MomPornOnly.com ! | BESTE MILF VIDEOS PORN HD - MomPornOnly [\/de] [es]The best mom porn HD videos are on MomPornOnly.com ! | MEJORES VIDEOS DE LA MILF PORNO HD - MomPornOnly [\/es] [it]The best mom porn HD videos are on MomPornOnly.com ! | MIGLIORI VIDEO PORNO MILF HD - MomPornOnly [\/it]\" \/>\n<meta property=\"og:description\" content=\"Watch thousands of mom porn hd videos for free on MomPornOnly.com the best tube site milf porn related in the world ! [fr]Regardez des milliers de vid\u00e9os hd de m\u00e8res porno gratuitement sur MomPornOnly.com, le meilleur site de tubes sur le porno de m\u00e8res dans le monde [\/fr] [de]Sehen Sie Tausende von Mama Porno hd Videos kostenlos auf MomPornOnly.com die beste Tube Website Milf Porno in der Welt im Zusammenhang [\/de] [es]Mira miles de videos pornogr\u00e1ficos de mam\u00e1 gratis en MomPornOnly.com, el mejor sitio de videos pornogr\u00e1ficos de mam\u00e1 en el mundo. [\/es] [it]Guarda migliaia di video di mamma porno hd gratis su MomPornOnly.com il miglior sito di tube milf porno correlate al mondo [\/it]\" \/>\n<meta property=\"og:url\" content=\"https:\/\/mompornonly.com\/de\/mom-porn-hd\/\" \/>\n<meta property=\"og:site_name\" content=\"MomPornOnly\" \/>\n<meta property=\"article:publisher\" content=\"https:\/\/www.facebook.com\/momponly\/\" \/>\n<meta property=\"article:modified_time\" content=\"2021-01-05T19:15:37+00:00\" \/>\n<meta name=\"twitter:card\" content=\"summary_large_image\" \/>\n<meta name=\"twitter:site\" content=\"@mompornonly\" \/>\n<script type=\"application\/ld+json\" class=\"yoast-schema-graph\">{\"@context\":\"https:\\\/\\\/schema.org\",\"@graph\":[{\"@type\":\"WebPage\",\"@id\":\"https:\\\/\\\/mompornonly.com\\\/de\\\/mom-porn-hd\\\/\",\"url\":\"https:\\\/\\\/mompornonly.com\\\/de\\\/mom-porn-hd\\\/\",\"name\":\"The best mom porn HD videos are on MomPornOnly.com ! | BEST MILF VIDEOS PORN HD - MomPornOnly [fr]The best mom porn HD videos are on MomPornOnly.com ! | MEILLEURES MILF VIDEOS PORNO HD - MomPornOnly [\\\/fr] [de]The best mom porn HD videos are on MomPornOnly.com ! | BESTE MILF VIDEOS PORN HD - MomPornOnly [\\\/de] [es]The best mom porn HD videos are on MomPornOnly.com ! | MEJORES VIDEOS DE LA MILF PORNO HD - MomPornOnly [\\\/es] [it]The best mom porn HD videos are on MomPornOnly.com ! | MIGLIORI VIDEO PORNO MILF HD - MomPornOnly [\\\/it]\",\"isPartOf\":{\"@id\":\"https:\\\/\\\/mompornonly.com\\\/#website\"},\"datePublished\":\"2021-01-05T18:30:44+00:00\",\"dateModified\":\"2021-01-05T19:15:37+00:00\",\"description\":\"Watch thousands of mom porn hd videos for free on MomPornOnly.com the best tube site milf porn related in the world ! [fr]Regardez des milliers de vid\u00e9os hd de m\u00e8res porno gratuitement sur MomPornOnly.com, le meilleur site de tubes sur le porno de m\u00e8res dans le monde [\\\/fr] [de]Sehen Sie Tausende von Mama Porno hd Videos kostenlos auf MomPornOnly.com die beste Tube Website Milf Porno in der Welt im Zusammenhang [\\\/de] [es]Mira miles de videos pornogr\u00e1ficos de mam\u00e1 gratis en MomPornOnly.com, el mejor sitio de videos pornogr\u00e1ficos de mam\u00e1 en el mundo. [\\\/es] [it]Guarda migliaia di video di mamma porno hd gratis su MomPornOnly.com il miglior sito di tube milf porno correlate al mondo [\\\/it]\",\"breadcrumb\":{\"@id\":\"https:\\\/\\\/mompornonly.com\\\/de\\\/mom-porn-hd\\\/#breadcrumb\"},\"inLanguage\":\"fr-FR\",\"potentialAction\":[{\"@type\":\"ReadAction\",\"target\":[\"https:\\\/\\\/mompornonly.com\\\/de\\\/mom-porn-hd\\\/\"]}]},{\"@type\":\"BreadcrumbList\",\"@id\":\"https:\\\/\\\/mompornonly.com\\\/de\\\/mom-porn-hd\\\/#breadcrumb\",\"itemListElement\":[{\"@type\":\"ListItem\",\"position\":1,\"name\":\"Accueil\",\"item\":\"https:\\\/\\\/mompornonly.com\\\/\"},{\"@type\":\"ListItem\",\"position\":2,\"name\":\"The best mom porn HD videos are on MomPornOnly.com !\"}]},{\"@type\":\"WebSite\",\"@id\":\"https:\\\/\\\/mompornonly.com\\\/#website\",\"url\":\"https:\\\/\\\/mompornonly.com\\\/\",\"name\":\"MomPornOnly\",\"description\":\"Mompornonly.com is the best porn tube site ever with just moms and MILFs, the best XXX videos and free sex streaming.[fr]Mompornonly.com est le meilleur site de tubes porno avec seulement des mamans et  des MILF, les meilleures vid\u00e9os XXX et du streaming sexe gratuit.[\\\/fr][es]Mompornonly.com es el mejor sitio de tubos porno con mam\u00e1s y MILF, los mejores videos XXX y transmisi\u00f3n de sexo gratis.[\\\/es][de]Mompornonly.com ist die beste Porno-Tube-Site aller Zeiten mit nur M\u00fcttern und MILFs, den besten XXX-Videos und kostenlosem Sex-Streaming.[\\\/de][it]Mompornonly.com \u00e8 il miglior sito di porno tube di sempre con solo mamme e MILF, i migliori video XXX e lo streaming di sesso gratuito.[\\\/it]\",\"publisher\":{\"@id\":\"https:\\\/\\\/mompornonly.com\\\/#organization\"},\"potentialAction\":[{\"@type\":\"SearchAction\",\"target\":{\"@type\":\"EntryPoint\",\"urlTemplate\":\"https:\\\/\\\/mompornonly.com\\\/?s={search_term_string}\"},\"query-input\":{\"@type\":\"PropertyValueSpecification\",\"valueRequired\":true,\"valueName\":\"search_term_string\"}}],\"inLanguage\":\"fr-FR\"},{\"@type\":\"Organization\",\"@id\":\"https:\\\/\\\/mompornonly.com\\\/#organization\",\"name\":\"MomPornOnly\",\"url\":\"https:\\\/\\\/mompornonly.com\\\/\",\"logo\":{\"@type\":\"ImageObject\",\"inLanguage\":\"fr-FR\",\"@id\":\"https:\\\/\\\/mompornonly.com\\\/#\\\/schema\\\/logo\\\/image\\\/\",\"url\":\"https:\\\/\\\/mompornonly.com\\\/wp-content\\\/uploads\\\/2020\\\/05\\\/logomompornonly.png\",\"contentUrl\":\"https:\\\/\\\/mompornonly.com\\\/wp-content\\\/uploads\\\/2020\\\/05\\\/logomompornonly.png\",\"width\":792,\"height\":446,\"caption\":\"MomPornOnly\"},\"image\":{\"@id\":\"https:\\\/\\\/mompornonly.com\\\/#\\\/schema\\\/logo\\\/image\\\/\"},\"sameAs\":[\"https:\\\/\\\/www.facebook.com\\\/momponly\\\/\",\"https:\\\/\\\/x.com\\\/mompornonly\",\"https:\\\/\\\/www.instagram.com\\\/mpo_com\\\/\"]}]}<\/script>\n<!-- \/ Yoast SEO plugin. -->","yoast_head_json":{"title":"The best mom porn HD videos are on MomPornOnly.com ! | MEILLEURES MILF VIDEOS PORNO HD - MomPornOnly","description":"Regardez des milliers de vid\u00e9os hd de m\u00e8res porno gratuitement sur MomPornOnly.com, le meilleur site de tubes sur le porno de m\u00e8res dans le monde","robots":{"index":"index","follow":"follow","max-snippet":"max-snippet:-1","max-image-preview":"max-image-preview:large","max-video-preview":"max-video-preview:-1"},"canonical":"https:\/\/mompornonly.com\/de\/mom-porn-hd\/","og_locale":"fr_FR","og_type":"article","og_title":"The best mom porn HD videos are on MomPornOnly.com ! | BEST MILF VIDEOS PORN HD - MomPornOnly [fr]The best mom porn HD videos are on MomPornOnly.com ! | MEILLEURES MILF VIDEOS PORNO HD - MomPornOnly [\/fr] [de]The best mom porn HD videos are on MomPornOnly.com ! | BESTE MILF VIDEOS PORN HD - MomPornOnly [\/de] [es]The best mom porn HD videos are on MomPornOnly.com ! | MEJORES VIDEOS DE LA MILF PORNO HD - MomPornOnly [\/es] [it]The best mom porn HD videos are on MomPornOnly.com ! | MIGLIORI VIDEO PORNO MILF HD - MomPornOnly [\/it]","og_description":"Watch thousands of mom porn hd videos for free on MomPornOnly.com the best tube site milf porn related in the world ! [fr]Regardez des milliers de vid\u00e9os hd de m\u00e8res porno gratuitement sur MomPornOnly.com, le meilleur site de tubes sur le porno de m\u00e8res dans le monde [\/fr] [de]Sehen Sie Tausende von Mama Porno hd Videos kostenlos auf MomPornOnly.com die beste Tube Website Milf Porno in der Welt im Zusammenhang [\/de] [es]Mira miles de videos pornogr\u00e1ficos de mam\u00e1 gratis en MomPornOnly.com, el mejor sitio de videos pornogr\u00e1ficos de mam\u00e1 en el mundo. [\/es] [it]Guarda migliaia di video di mamma porno hd gratis su MomPornOnly.com il miglior sito di tube milf porno correlate al mondo [\/it]","og_url":"https:\/\/mompornonly.com\/de\/mom-porn-hd\/","og_site_name":"MomPornOnly","article_publisher":"https:\/\/www.facebook.com\/momponly\/","article_modified_time":"2021-01-05T19:15:37+00:00","twitter_card":"summary_large_image","twitter_site":"@mompornonly","schema":{"@context":"https:\/\/schema.org","@graph":[{"@type":"WebPage","@id":"https:\/\/mompornonly.com\/de\/mom-porn-hd\/","url":"https:\/\/mompornonly.com\/de\/mom-porn-hd\/","name":"The best mom porn HD videos are on MomPornOnly.com ! | BEST MILF VIDEOS PORN HD - MomPornOnly [fr]The best mom porn HD videos are on MomPornOnly.com ! | MEILLEURES MILF VIDEOS PORNO HD - MomPornOnly [\/fr] [de]The best mom porn HD videos are on MomPornOnly.com ! | BESTE MILF VIDEOS PORN HD - MomPornOnly [\/de] [es]The best mom porn HD videos are on MomPornOnly.com ! | MEJORES VIDEOS DE LA MILF PORNO HD - MomPornOnly [\/es] [it]The best mom porn HD videos are on MomPornOnly.com ! | MIGLIORI VIDEO PORNO MILF HD - MomPornOnly [\/it]","isPartOf":{"@id":"https:\/\/mompornonly.com\/#website"},"datePublished":"2021-01-05T18:30:44+00:00","dateModified":"2021-01-05T19:15:37+00:00","description":"Watch thousands of mom porn hd videos for free on MomPornOnly.com the best tube site milf porn related in the world ! [fr]Regardez des milliers de vid\u00e9os hd de m\u00e8res porno gratuitement sur MomPornOnly.com, le meilleur site de tubes sur le porno de m\u00e8res dans le monde [\/fr] [de]Sehen Sie Tausende von Mama Porno hd Videos kostenlos auf MomPornOnly.com die beste Tube Website Milf Porno in der Welt im Zusammenhang [\/de] [es]Mira miles de videos pornogr\u00e1ficos de mam\u00e1 gratis en MomPornOnly.com, el mejor sitio de videos pornogr\u00e1ficos de mam\u00e1 en el mundo. [\/es] [it]Guarda migliaia di video di mamma porno hd gratis su MomPornOnly.com il miglior sito di tube milf porno correlate al mondo [\/it]","breadcrumb":{"@id":"https:\/\/mompornonly.com\/de\/mom-porn-hd\/#breadcrumb"},"inLanguage":"fr-FR","potentialAction":[{"@type":"ReadAction","target":["https:\/\/mompornonly.com\/de\/mom-porn-hd\/"]}]},{"@type":"BreadcrumbList","@id":"https:\/\/mompornonly.com\/de\/mom-porn-hd\/#breadcrumb","itemListElement":[{"@type":"ListItem","position":1,"name":"Accueil","item":"https:\/\/mompornonly.com\/"},{"@type":"ListItem","position":2,"name":"The best mom porn HD videos are on MomPornOnly.com !"}]},{"@type":"WebSite","@id":"https:\/\/mompornonly.com\/#website","url":"https:\/\/mompornonly.com\/","name":"MomPornOnly","description":"Mompornonly.com is the best porn tube site ever with just moms and MILFs, the best XXX videos and free sex streaming.[fr]Mompornonly.com est le meilleur site de tubes porno avec seulement des mamans et  des MILF, les meilleures vid\u00e9os XXX et du streaming sexe gratuit.[\/fr][es]Mompornonly.com es el mejor sitio de tubos porno con mam\u00e1s y MILF, los mejores videos XXX y transmisi\u00f3n de sexo gratis.[\/es][de]Mompornonly.com ist die beste Porno-Tube-Site aller Zeiten mit nur M\u00fcttern und MILFs, den besten XXX-Videos und kostenlosem Sex-Streaming.[\/de][it]Mompornonly.com \u00e8 il miglior sito di porno tube di sempre con solo mamme e MILF, i migliori video XXX e lo streaming di sesso gratuito.[\/it]","publisher":{"@id":"https:\/\/mompornonly.com\/#organization"},"potentialAction":[{"@type":"SearchAction","target":{"@type":"EntryPoint","urlTemplate":"https:\/\/mompornonly.com\/?s={search_term_string}"},"query-input":{"@type":"PropertyValueSpecification","valueRequired":true,"valueName":"search_term_string"}}],"inLanguage":"fr-FR"},{"@type":"Organization","@id":"https:\/\/mompornonly.com\/#organization","name":"MomPornOnly","url":"https:\/\/mompornonly.com\/","logo":{"@type":"ImageObject","inLanguage":"fr-FR","@id":"https:\/\/mompornonly.com\/#\/schema\/logo\/image\/","url":"https:\/\/mompornonly.com\/wp-content\/uploads\/2020\/05\/logomompornonly.png","contentUrl":"https:\/\/mompornonly.com\/wp-content\/uploads\/2020\/05\/logomompornonly.png","width":792,"height":446,"caption":"MomPornOnly"},"image":{"@id":"https:\/\/mompornonly.com\/#\/schema\/logo\/image\/"},"sameAs":["https:\/\/www.facebook.com\/momponly\/","https:\/\/x.com\/mompornonly","https:\/\/www.instagram.com\/mpo_com\/"]}]}},"_links":{"self":[{"href":"https:\/\/mompornonly.com\/fr\/wp-json\/wp\/v2\/pages\/8302","targetHints":{"allow":["GET"]}}],"collection":[{"href":"https:\/\/mompornonly.com\/fr\/wp-json\/wp\/v2\/pages"}],"about":[{"href":"https:\/\/mompornonly.com\/fr\/wp-json\/wp\/v2\/types\/page"}],"author":[{"embeddable":true,"href":"https:\/\/mompornonly.com\/fr\/wp-json\/wp\/v2\/users\/3"}],"replies":[{"embeddable":true,"href":"https:\/\/mompornonly.com\/fr\/wp-json\/wp\/v2\/comments?post=8302"}],"version-history":[{"count":7,"href":"https:\/\/mompornonly.com\/fr\/wp-json\/wp\/v2\/pages\/8302\/revisions"}],"predecessor-version":[{"id":8313,"href":"https:\/\/mompornonly.com\/fr\/wp-json\/wp\/v2\/pages\/8302\/revisions\/8313"}],"wp:attachment":[{"href":"https:\/\/mompornonly.com\/fr\/wp-json\/wp\/v2\/media?parent=8302"}],"curies":[{"name":"wp","href":"https:\/\/api.w.org\/{rel}","templated":true}]}}