{"id":6561,"date":"2020-05-06T16:36:37","date_gmt":"2020-05-06T14:36:37","guid":{"rendered":"https:\/\/mompornonly.com\/?page_id=6561"},"modified":"2023-10-13T16:26:44","modified_gmt":"2023-10-13T14:26:44","slug":"channels","status":"publish","type":"page","link":"https:\/\/mompornonly.com\/fr\/channels\/","title":{"rendered":"Channels"},"content":{"rendered":"<h2>Un regroupement de contenu de qualit\u00e9 des sites X<\/h2>\n<p>Vous devez certainement vous demandez \u00e0 quoi peut bien servir cette page, et bien vous allez le comprendre. Il s&rsquo;agit tout simplement d&rsquo;une page regroupement pour vous l&rsquo;int\u00e9gralit\u00e9 des sites pornographiques les plus tendances du moment. Les tubes pornographiques ont les meilleurs contenus X de la plan\u00e8te, et sp\u00e9cialement pour vous nous les avons tous regroup\u00e9s dans cette page. Dans le seul but que vous puissiez profiter des <strong>meilleures vid\u00e9os<\/strong> en seul endroit, plus besoin de chercher durant des heures. Nous regroupons les vid\u00e9os par sites, c&rsquo;est \u00e0 dire que si vous voulez par exemple du contenu de Pornhub exclusivement et bien il vous suffira de vous rendre sur la page et de passer un agr\u00e9able moment. En choisissant la vid\u00e9o qui vous attirera le plus, qui aura le plus de vues, ou le plus de likes ou encore la plus longue vid\u00e9o. Avec MomPornOnly tout est possible, nous facilitons votre acc\u00e8s aux tops des vid\u00e9os pornos de jour en jour, venez passer la meilleure branlette de votre vie.<\/p>\n<p>Nous s\u00e9lectionnons nos vid\u00e9os avec beaucoup pr\u00e9cision afin de ne proposer \u00e0 nos chers utilisateurs, qu&rsquo;un contenu de qualit\u00e9. Nous regroupons les meilleurs vid\u00e9os et films pornographiques sur notre site, mais tellement nous avons de vid\u00e9os de qualit\u00e9s. Vous ne savez plus o\u00f9 chercher, et bien il vous suffit de cliquer sur l&rsquo;onglet \u00ab\u00a0channels\u00a0\u00bb et vous trouverez exactement les m\u00eames vid\u00e9os. Seulement elles seront tri\u00e9es par sites pornographiques les plus connus tel que <strong>Xvideos, XNXX, YouPorn, xHamster, Pornhuv,<\/strong> etc&#8230; Les meilleures vid\u00e9os XXX de tous ces sites seront sur vos \u00e9crans gr\u00e2ce au travail de notre rigoureuse \u00e9quipe, qui ne travaille que pour une seule raison : satisfaire nos utilisateurs. C&rsquo;est la raison pour laquelle nous ne choisissons que les vid\u00e9os et films pornos d&rsquo;une qualit\u00e9 excellente. Sur MomPornOnly vous trouverez le meilleur contenu dans la meilleure des qualit\u00e9s que ce soit 720p, 1080p, FULL HD ou encore 4K. Nous mettons tous nos moyens \u00e0 disposition pour vous faire passer un moment incroyable.<\/p>\n<h2>Venez gouter au plaisir ultime sur MomPornOnly<\/h2>\n<p>Vous avez sans doute d\u00e9j\u00e0 entendu parler de producteurs dans le milieu du porno, m\u00eame si cela ne vous dis rien il me suffit de vous citer quelques noms. Si par exemple je vous disais, Brazzers, et bien tout le monde connait ce producteur avec ces sc\u00e9narios tr\u00e8s excitants. Bien qu&rsquo;il soit le plus connus, ce n&rsquo;est pas le seul. Et oui ! Il en existe \u00e9norm\u00e9ment par exemple, <strong>Blacked, Tushy, Naughty America, mais surtout MomsTeachSex<\/strong> qui propose des sc\u00e9narios \u00e0 couper le souffle. Des mamans ultra sexys se faisant baiser par leur fils, que ce soit accompagn\u00e9s de la fille ou de la petite amie. C&rsquo;est toujours incroyablement excitant de voir une m\u00e8re apprendre le sexe \u00e0 des jeunes par la pratique. Vous le savez nous concentrons notre contenu sur les mamans tellement leurs gros seins et leurs gros culs nous font bander. C&rsquo;est la raison pour laquelle nous ne pouvions oublier ce producteur de vid\u00e9os pornographiques.<\/p>\n<p>Mais ce n&rsquo;est pas pour autant qu&rsquo;il faut sous-estimer les vid\u00e9os de mamans amateurs, qui il faut le dire sont tr\u00e8s excitantes. Ces femmes matures ont une faim de bite que vous ne verrez nulle part ailleurs. Plus besoin de vous le r\u00e9p\u00e9te, sur MomPornOnly vous pourrez regarder les plus grosses salopes de l&rsquo;histoire du porno se faire baiser par des jeunes. Les baises avec des femmes exp\u00e9riment\u00e9es vous apprennent toujours quelques choses pour faire jouir une femme, car vous verrez ce qu\u2019aiment les femmes les plus m\u00fbres. Notamment lorsque l&rsquo;on les traites avec beaucoup de fermet\u00e9s et d&rsquo;autorit\u00e9s. On peut donc enfin vous le dire, le meilleur site porno du moment c&rsquo;est <strong>MomPornOnly.com<\/strong>, alors vous \u00eates au meilleur endroit pour profiter de la meilleure des branlettes que vous n&rsquo;ayez jamais faites. Cependant si vous \u00eates un utilisateur r\u00e9current vous savez \u00e0 quel point nos vid\u00e9os procurent du plaisir au quotidien. Nous aurons donc toutes les pornstars des grosses chaines qui seront mis \u00e0 votre disposition. Toutes les mamans les plus cochonnes et c\u00e9l\u00e8bres tel que Brandi Love, Cory Chase, Nikki Brooks, et bien d&rsquo;autres seront de la partie pour vous montrer leurs magnifiques formes.<\/p>\n","protected":false},"excerpt":{"rendered":"<p>Un regroupement de contenu de qualit\u00e9 des sites X Vous devez certainement vous demandez \u00e0 quoi peut bien servir cette page, et bien vous allez le comprendre. Il s&rsquo;agit tout simplement d&rsquo;une page regroupement pour vous l&rsquo;int\u00e9gralit\u00e9 des sites pornographiques les plus tendances du moment. Les tubes pornographiques ont les meilleurs contenus X de la [&hellip;]<\/p>\n","protected":false},"author":1,"featured_media":0,"parent":0,"menu_order":0,"comment_status":"closed","ping_status":"closed","template":"templates\/template-channels.php","meta":{"ep_exclude_from_search":false,"footnotes":""},"class_list":["post-6561","page","type-page","status-publish","hentry"],"yoast_head":"<!-- This site is optimized with the Yoast SEO plugin v27.4 - https:\/\/yoast.com\/product\/yoast-seo-wordpress\/ -->\n<title>Meilleures vid\u00e9os de tubes porno et producteurs XXX<\/title>\n<meta name=\"description\" content=\"Le meilleur du porno avec des sites comme Pornhub, xhamster et d&#039;autres producteurs porno et cha\u00eenes XXX avec des MILF comme Brazzers sur Mompornonly.com\" \/>\n<meta name=\"robots\" content=\"index, follow, max-snippet:-1, max-image-preview:large, max-video-preview:-1\" \/>\n<link rel=\"canonical\" href=\"https:\/\/mompornonly.com\/channels\/\" \/>\n<meta property=\"og:locale\" content=\"fr_FR\" \/>\n<meta property=\"og:type\" content=\"article\" \/>\n<meta property=\"og:title\" content=\"Best porn tubes videos and XXX producers[fr]Meilleures vid\u00e9os de tubes porno et producteurs XXX[\/fr][es]Los mejores videos de tubos porno y productores XXX[\/es][de]Beste Porno Tube Videos und XXX Produzenten[\/de][it]I migliori video porno tube e produttori XXX[\/it]\" \/>\n<meta property=\"og:description\" content=\"The best of porn with sites like Pornhub, xhamster and other porn producers and XXX channels with MILFs like Brazzers on Mompornonly.com[fr]Le meilleur du porno avec des sites comme Pornhub, xhamster et d&#039;autres producteurs porno et cha\u00eenes XXX avec des MILF comme Brazzers sur Mompornonly.com[\/fr][es]Lo mejor del porno con sitios como Pornhub, xhamster y otros productores de porno y canales XXX con MILF como Brazzers en Mompornonly.com[\/es][de]Das Beste aus Pornos mit Websites wie Pornhub, xhamster und anderen Pornoproduzenten und XXX-Kan\u00e4len mit MILFs wie Brazzers auf Mompornonly.com[\/de][it]Il meglio del porno con siti come Pornhub, xhamster e altri produttori porno e canali XXX con MILF come Brazzers su Mompornonly.com[\/it]\" \/>\n<meta property=\"og:url\" content=\"https:\/\/mompornonly.com\/channels\/\" \/>\n<meta property=\"og:site_name\" content=\"MomPornOnly\" \/>\n<meta property=\"article:publisher\" content=\"https:\/\/www.facebook.com\/momponly\/\" \/>\n<meta property=\"article:modified_time\" content=\"2023-10-13T14:26:44+00:00\" \/>\n<meta name=\"twitter:card\" content=\"summary_large_image\" \/>\n<meta name=\"twitter:site\" content=\"@mompornonly\" \/>\n<script type=\"application\/ld+json\" class=\"yoast-schema-graph\">{\"@context\":\"https:\\\/\\\/schema.org\",\"@graph\":[{\"@type\":\"WebPage\",\"@id\":\"https:\\\/\\\/mompornonly.com\\\/channels\\\/\",\"url\":\"https:\\\/\\\/mompornonly.com\\\/channels\\\/\",\"name\":\"Best porn tubes videos and XXX producers[fr]Meilleures vid\u00e9os de tubes porno et producteurs XXX[\\\/fr][es]Los mejores videos de tubos porno y productores XXX[\\\/es][de]Beste Porno Tube Videos und XXX Produzenten[\\\/de][it]I migliori video porno tube e produttori XXX[\\\/it]\",\"isPartOf\":{\"@id\":\"https:\\\/\\\/mompornonly.com\\\/#website\"},\"datePublished\":\"2020-05-06T14:36:37+00:00\",\"dateModified\":\"2023-10-13T14:26:44+00:00\",\"description\":\"The best of porn with sites like Pornhub, xhamster and other porn producers and XXX channels with MILFs like Brazzers on Mompornonly.com[fr]Le meilleur du porno avec des sites comme Pornhub, xhamster et d'autres producteurs porno et cha\u00eenes XXX avec des MILF comme Brazzers sur Mompornonly.com[\\\/fr][es]Lo mejor del porno con sitios como Pornhub, xhamster y otros productores de porno y canales XXX con MILF como Brazzers en Mompornonly.com[\\\/es][de]Das Beste aus Pornos mit Websites wie Pornhub, xhamster und anderen Pornoproduzenten und XXX-Kan\u00e4len mit MILFs wie Brazzers auf Mompornonly.com[\\\/de][it]Il meglio del porno con siti come Pornhub, xhamster e altri produttori porno e canali XXX con MILF come Brazzers su Mompornonly.com[\\\/it]\",\"breadcrumb\":{\"@id\":\"https:\\\/\\\/mompornonly.com\\\/channels\\\/#breadcrumb\"},\"inLanguage\":\"fr-FR\",\"potentialAction\":[{\"@type\":\"ReadAction\",\"target\":[\"https:\\\/\\\/mompornonly.com\\\/channels\\\/\"]}]},{\"@type\":\"BreadcrumbList\",\"@id\":\"https:\\\/\\\/mompornonly.com\\\/channels\\\/#breadcrumb\",\"itemListElement\":[{\"@type\":\"ListItem\",\"position\":1,\"name\":\"Accueil\",\"item\":\"https:\\\/\\\/mompornonly.com\\\/\"},{\"@type\":\"ListItem\",\"position\":2,\"name\":\"Channels\"}]},{\"@type\":\"WebSite\",\"@id\":\"https:\\\/\\\/mompornonly.com\\\/#website\",\"url\":\"https:\\\/\\\/mompornonly.com\\\/\",\"name\":\"MomPornOnly\",\"description\":\"Mompornonly.com is the best porn tube site ever with just moms and MILFs, the best XXX videos and free sex streaming.[fr]Mompornonly.com est le meilleur site de tubes porno avec seulement des mamans et  des MILF, les meilleures vid\u00e9os XXX et du streaming sexe gratuit.[\\\/fr][es]Mompornonly.com es el mejor sitio de tubos porno con mam\u00e1s y MILF, los mejores videos XXX y transmisi\u00f3n de sexo gratis.[\\\/es][de]Mompornonly.com ist die beste Porno-Tube-Site aller Zeiten mit nur M\u00fcttern und MILFs, den besten XXX-Videos und kostenlosem Sex-Streaming.[\\\/de][it]Mompornonly.com \u00e8 il miglior sito di porno tube di sempre con solo mamme e MILF, i migliori video XXX e lo streaming di sesso gratuito.[\\\/it]\",\"publisher\":{\"@id\":\"https:\\\/\\\/mompornonly.com\\\/#organization\"},\"potentialAction\":[{\"@type\":\"SearchAction\",\"target\":{\"@type\":\"EntryPoint\",\"urlTemplate\":\"https:\\\/\\\/mompornonly.com\\\/?s={search_term_string}\"},\"query-input\":{\"@type\":\"PropertyValueSpecification\",\"valueRequired\":true,\"valueName\":\"search_term_string\"}}],\"inLanguage\":\"fr-FR\"},{\"@type\":\"Organization\",\"@id\":\"https:\\\/\\\/mompornonly.com\\\/#organization\",\"name\":\"MomPornOnly\",\"url\":\"https:\\\/\\\/mompornonly.com\\\/\",\"logo\":{\"@type\":\"ImageObject\",\"inLanguage\":\"fr-FR\",\"@id\":\"https:\\\/\\\/mompornonly.com\\\/#\\\/schema\\\/logo\\\/image\\\/\",\"url\":\"https:\\\/\\\/mompornonly.com\\\/wp-content\\\/uploads\\\/2020\\\/05\\\/logomompornonly.png\",\"contentUrl\":\"https:\\\/\\\/mompornonly.com\\\/wp-content\\\/uploads\\\/2020\\\/05\\\/logomompornonly.png\",\"width\":792,\"height\":446,\"caption\":\"MomPornOnly\"},\"image\":{\"@id\":\"https:\\\/\\\/mompornonly.com\\\/#\\\/schema\\\/logo\\\/image\\\/\"},\"sameAs\":[\"https:\\\/\\\/www.facebook.com\\\/momponly\\\/\",\"https:\\\/\\\/x.com\\\/mompornonly\",\"https:\\\/\\\/www.instagram.com\\\/mpo_com\\\/\"]}]}<\/script>\n<!-- \/ Yoast SEO plugin. -->","yoast_head_json":{"title":"Meilleures vid\u00e9os de tubes porno et producteurs XXX","description":"Le meilleur du porno avec des sites comme Pornhub, xhamster et d'autres producteurs porno et cha\u00eenes XXX avec des MILF comme Brazzers sur Mompornonly.com","robots":{"index":"index","follow":"follow","max-snippet":"max-snippet:-1","max-image-preview":"max-image-preview:large","max-video-preview":"max-video-preview:-1"},"canonical":"https:\/\/mompornonly.com\/channels\/","og_locale":"fr_FR","og_type":"article","og_title":"Best porn tubes videos and XXX producers[fr]Meilleures vid\u00e9os de tubes porno et producteurs XXX[\/fr][es]Los mejores videos de tubos porno y productores XXX[\/es][de]Beste Porno Tube Videos und XXX Produzenten[\/de][it]I migliori video porno tube e produttori XXX[\/it]","og_description":"The best of porn with sites like Pornhub, xhamster and other porn producers and XXX channels with MILFs like Brazzers on Mompornonly.com[fr]Le meilleur du porno avec des sites comme Pornhub, xhamster et d'autres producteurs porno et cha\u00eenes XXX avec des MILF comme Brazzers sur Mompornonly.com[\/fr][es]Lo mejor del porno con sitios como Pornhub, xhamster y otros productores de porno y canales XXX con MILF como Brazzers en Mompornonly.com[\/es][de]Das Beste aus Pornos mit Websites wie Pornhub, xhamster und anderen Pornoproduzenten und XXX-Kan\u00e4len mit MILFs wie Brazzers auf Mompornonly.com[\/de][it]Il meglio del porno con siti come Pornhub, xhamster e altri produttori porno e canali XXX con MILF come Brazzers su Mompornonly.com[\/it]","og_url":"https:\/\/mompornonly.com\/channels\/","og_site_name":"MomPornOnly","article_publisher":"https:\/\/www.facebook.com\/momponly\/","article_modified_time":"2023-10-13T14:26:44+00:00","twitter_card":"summary_large_image","twitter_site":"@mompornonly","schema":{"@context":"https:\/\/schema.org","@graph":[{"@type":"WebPage","@id":"https:\/\/mompornonly.com\/channels\/","url":"https:\/\/mompornonly.com\/channels\/","name":"Best porn tubes videos and XXX producers[fr]Meilleures vid\u00e9os de tubes porno et producteurs XXX[\/fr][es]Los mejores videos de tubos porno y productores XXX[\/es][de]Beste Porno Tube Videos und XXX Produzenten[\/de][it]I migliori video porno tube e produttori XXX[\/it]","isPartOf":{"@id":"https:\/\/mompornonly.com\/#website"},"datePublished":"2020-05-06T14:36:37+00:00","dateModified":"2023-10-13T14:26:44+00:00","description":"The best of porn with sites like Pornhub, xhamster and other porn producers and XXX channels with MILFs like Brazzers on Mompornonly.com[fr]Le meilleur du porno avec des sites comme Pornhub, xhamster et d'autres producteurs porno et cha\u00eenes XXX avec des MILF comme Brazzers sur Mompornonly.com[\/fr][es]Lo mejor del porno con sitios como Pornhub, xhamster y otros productores de porno y canales XXX con MILF como Brazzers en Mompornonly.com[\/es][de]Das Beste aus Pornos mit Websites wie Pornhub, xhamster und anderen Pornoproduzenten und XXX-Kan\u00e4len mit MILFs wie Brazzers auf Mompornonly.com[\/de][it]Il meglio del porno con siti come Pornhub, xhamster e altri produttori porno e canali XXX con MILF come Brazzers su Mompornonly.com[\/it]","breadcrumb":{"@id":"https:\/\/mompornonly.com\/channels\/#breadcrumb"},"inLanguage":"fr-FR","potentialAction":[{"@type":"ReadAction","target":["https:\/\/mompornonly.com\/channels\/"]}]},{"@type":"BreadcrumbList","@id":"https:\/\/mompornonly.com\/channels\/#breadcrumb","itemListElement":[{"@type":"ListItem","position":1,"name":"Accueil","item":"https:\/\/mompornonly.com\/"},{"@type":"ListItem","position":2,"name":"Channels"}]},{"@type":"WebSite","@id":"https:\/\/mompornonly.com\/#website","url":"https:\/\/mompornonly.com\/","name":"MomPornOnly","description":"Mompornonly.com is the best porn tube site ever with just moms and MILFs, the best XXX videos and free sex streaming.[fr]Mompornonly.com est le meilleur site de tubes porno avec seulement des mamans et  des MILF, les meilleures vid\u00e9os XXX et du streaming sexe gratuit.[\/fr][es]Mompornonly.com es el mejor sitio de tubos porno con mam\u00e1s y MILF, los mejores videos XXX y transmisi\u00f3n de sexo gratis.[\/es][de]Mompornonly.com ist die beste Porno-Tube-Site aller Zeiten mit nur M\u00fcttern und MILFs, den besten XXX-Videos und kostenlosem Sex-Streaming.[\/de][it]Mompornonly.com \u00e8 il miglior sito di porno tube di sempre con solo mamme e MILF, i migliori video XXX e lo streaming di sesso gratuito.[\/it]","publisher":{"@id":"https:\/\/mompornonly.com\/#organization"},"potentialAction":[{"@type":"SearchAction","target":{"@type":"EntryPoint","urlTemplate":"https:\/\/mompornonly.com\/?s={search_term_string}"},"query-input":{"@type":"PropertyValueSpecification","valueRequired":true,"valueName":"search_term_string"}}],"inLanguage":"fr-FR"},{"@type":"Organization","@id":"https:\/\/mompornonly.com\/#organization","name":"MomPornOnly","url":"https:\/\/mompornonly.com\/","logo":{"@type":"ImageObject","inLanguage":"fr-FR","@id":"https:\/\/mompornonly.com\/#\/schema\/logo\/image\/","url":"https:\/\/mompornonly.com\/wp-content\/uploads\/2020\/05\/logomompornonly.png","contentUrl":"https:\/\/mompornonly.com\/wp-content\/uploads\/2020\/05\/logomompornonly.png","width":792,"height":446,"caption":"MomPornOnly"},"image":{"@id":"https:\/\/mompornonly.com\/#\/schema\/logo\/image\/"},"sameAs":["https:\/\/www.facebook.com\/momponly\/","https:\/\/x.com\/mompornonly","https:\/\/www.instagram.com\/mpo_com\/"]}]}},"_links":{"self":[{"href":"https:\/\/mompornonly.com\/fr\/wp-json\/wp\/v2\/pages\/6561","targetHints":{"allow":["GET"]}}],"collection":[{"href":"https:\/\/mompornonly.com\/fr\/wp-json\/wp\/v2\/pages"}],"about":[{"href":"https:\/\/mompornonly.com\/fr\/wp-json\/wp\/v2\/types\/page"}],"author":[{"embeddable":true,"href":"https:\/\/mompornonly.com\/fr\/wp-json\/wp\/v2\/users\/1"}],"replies":[{"embeddable":true,"href":"https:\/\/mompornonly.com\/fr\/wp-json\/wp\/v2\/comments?post=6561"}],"version-history":[{"count":2,"href":"https:\/\/mompornonly.com\/fr\/wp-json\/wp\/v2\/pages\/6561\/revisions"}],"predecessor-version":[{"id":13068,"href":"https:\/\/mompornonly.com\/fr\/wp-json\/wp\/v2\/pages\/6561\/revisions\/13068"}],"wp:attachment":[{"href":"https:\/\/mompornonly.com\/fr\/wp-json\/wp\/v2\/media?parent=6561"}],"curies":[{"name":"wp","href":"https:\/\/api.w.org\/{rel}","templated":true}]}}