{"id":6379,"date":"2020-04-29T15:07:52","date_gmt":"2020-04-29T13:07:52","guid":{"rendered":"https:\/\/mompornonly.com\/?page_id=6379"},"modified":"2023-10-13T16:17:13","modified_gmt":"2023-10-13T14:17:13","slug":"albums","status":"publish","type":"page","link":"https:\/\/mompornonly.com\/fr\/albums\/","title":{"rendered":"Photos"},"content":{"rendered":"<h2>Les meilleures photos et images porno de maman sont maintenant disponible chez MomPornOnly<\/h2>\n<p>Car c&rsquo;\u00e9tait chiant de devoir changer de site pour avoir des photos. Car en ayant trouver <a href=\"https:\/\/mompornonly.com\/fr\/\">MomPornOnly.com<\/a> tu \u00e9tais enfin satisfait d&rsquo;avoir <strong>les meilleures vid\u00e9os XXX<\/strong>. Maintenant tu peux retrouver ici le meilleur du prono vid\u00e9os et photos sans avoir besoin de changer de site ! Tout est ici en grande quantit\u00e9 et toujours dans une bonne qualit\u00e9 ! Retrouve tes mamans pr\u00e9f\u00e9r\u00e9s se toucher la chatte comme de bonne salope. Le choix est extr\u00eamement vari\u00e9 tant il ne manque absolument pas de mamans cochonnes qui se d\u00e9nude devant l&rsquo;objectif. Par cons\u00e9quent notre collection de maman qui montrent leurs corps n&rsquo;est pas pr\u00eate de toucher \u00e0 sa fin !<\/p>\n<p>Les plus belles putes du Monde, secr\u00e9taires, professeures, \u00e9tudiantes ou infirmi\u00e8res sont toutes sur <strong>MomPornOnly.com<\/strong> que ce soit en <strong>GIF, photos X ou vid\u00e9os X HD<\/strong> toutes les plus belles mamans salope sont ici ! Plus besoin de te rendre sur Porn Pics puisque que toutes les photos de Porn Pics. Elles sont aussi ici en plus de pleins d&rsquo;autres que Porn Pics ne poss\u00e8de pas ! Nous sommes le site r\u00e9f\u00e9rent dans le porno qui concerne les milfs !<\/p>\n<h2>Sur MomPornOnly toutes les mamans \u00e9cartent les cuisses avec envie !<\/h2>\n<p>Toutes nos photos concernent de belle mamans qui adorent s&rsquo;exhiber. Montrer leurs beau petit cul, leurs gros seins, leurs belle chatte poilue ou non. Ces petites salopes parfois en collant, parfois blonde ou brune adorent se dire que des petits margoulin se branlent en regardant leurs photos ! Car pour \u00eatre honn\u00eate ce dont elles r\u00eavent le plus c&rsquo;est d&rsquo;avoir le sperme de mecs fran\u00e7ais en pleins visage pour avoir un soins du visage gratuit et naturel !<\/p>\n<p>En string, collant, le cul en l&rsquo;air ces petites mamans aiment se masturber la chatte dans des <strong>photos XXX<\/strong> ou bien des vid\u00e9os adulte gratuite ! Nous sommes le site pour adulte le plus complet concernant les mamans, milfs. Que ce soit sous format vid\u00e9os porno ou photo porno, il y en a pour tous sur <a href=\"https:\/\/mompornonly.com\/fr\/\">MomPornOnly.com<\/a> ! Ces mamans adorent la bite comme personne d&rsquo;autres, elles ont du sperme pleins le gosier !<\/p>\n<h2>Retrouve un grand nombre d&rsquo;albums photos<\/h2>\n<p>En quelques clics tu pourras naviguer dans nos albums de photos pornographique ! Tout est simple et optimis\u00e9 pour que tu puisses acc\u00e9der \u00e0 toutes les photos porno sans efforts. Tout est bien tri\u00e9 sur le volet pour qu&rsquo;une fois un album choisit tu puisses ne voir que la petite maman salope que tu as choisis de mater ! Nos albums sont tous en qualit\u00e9 HD afin que tu puisses reluquer leurs petites chattes sans avoir besoin de lunettes. Alors chez MomPornOnly, on esp\u00e8re qu&rsquo;une chose c&rsquo;est que tu poss\u00e8des le permis camion pour pouvoir man\u0153uvrer ces gros boules de mamans cochonnes !<\/p>\n<p>Et si tu adores mater des pornstars alors n&rsquo;h\u00e9site pas non plus et retrouve <a href=\"https:\/\/mompornonly.com\/fr\/photos\/lisa-ann-pornstar-compilation\/\">Lisa Ann<\/a>, <a href=\"https:\/\/mompornonly.com\/fr\/photos\/cory-chase-pornstar-compilation\/\">Cory Chase<\/a>, <a href=\"https:\/\/mompornonly.com\/fr\/photos\/brandi-love-pornstar-compilation\/\">Brandi Love<\/a>, <a href=\"https:\/\/mompornonly.com\/fr\/photos\/nikki-brooks-pornstar-compilation\/\">Nikki Brooks<\/a> et bien d&rsquo;autres dans la section photo de MomPornOnly ! Voir toutes ces femmes nues c&rsquo;est vraiment le pieds. C&rsquo;est vrai qui n&rsquo;aime pas voir des mamans nues ? Tout ce s exe gratuit toutes ces photo pournou gratuite et sans restriction rien que pour toi. Retrouve le meilleur des photos \u00e9rotique et cochonne que tu puisses trouver sur internet ! Notre collection de belle femme image XXX est interminable et nous mettons notre album \u00e0 jour quotidiennement afin que tu ne manques jamais d&rsquo;image pronographique.<\/p>\n<h3>Regarder des photos de femmes nues ne te suffit pas ?<\/h3>\n<p>Alors c&rsquo;est ton jour de chance car l&rsquo;activit\u00e9 principale de <a href=\"https:\/\/mompornonly.com\/fr\/\">MomPornOnly.com<\/a> n&rsquo;est pas d&rsquo;afficher des <strong>photos XXX de filles nues<\/strong>. Effectivement ici nous affichons surtout des films pornographique ainsi que des vid\u00e9os de cul de mamans cochonnes. Elles sont \u00e0 la recherche de petit minot \u00e0 qui apprendre le sexe XXX ! Nos films XXX gratuits et nos vid\u00e9os xxx gratuits seront te satisfaire et devraient te permettre d&rsquo;assouvir tes fantasmes les plus cochons en lien avec les mamans salopes.<\/p>\n<p>Les bonnes grosses milfs avec des seins \u00e9normes qui se font baiser par des petits jeunes. Et si tu as besoin de voir autres choses que des mamans pute alors tu peux te rendre sur <a href=\"https:\/\/xfrenchies.com\/\">xFrenchies.com<\/a> ! Il s&rsquo;agit du meilleure site porno qui met regroupe les <strong>vid\u00e9os x gratuites de fran\u00e7aises salope<\/strong>. Jeune, maman ou vieille il y en a pour tout les go\u00fbts sur <a href=\"https:\/\/xfrenchies.com\/\">xFrenchies.com<\/a> tant les fran\u00e7aises sont de grosses salopes cochonne qui aime la bite !<\/p>\n","protected":false},"excerpt":{"rendered":"<p>Les meilleures photos et images porno de maman sont maintenant disponible chez MomPornOnly Car c&rsquo;\u00e9tait chiant de devoir changer de site pour avoir des photos. Car en ayant trouver MomPornOnly.com tu \u00e9tais enfin satisfait d&rsquo;avoir les meilleures vid\u00e9os XXX. Maintenant tu peux retrouver ici le meilleur du prono vid\u00e9os et photos sans avoir besoin de [&hellip;]<\/p>\n","protected":false},"author":1,"featured_media":0,"parent":0,"menu_order":0,"comment_status":"closed","ping_status":"closed","template":"templates\/template-photos.php","meta":{"footnotes":""},"class_list":["post-6379","page","type-page","status-publish","hentry"],"yoast_head":"<!-- This site is optimized with the Yoast SEO plugin v27.4 - https:\/\/yoast.com\/product\/yoast-seo-wordpress\/ -->\n<title>Photos porno gratuites et photos de sexe avec des MILF CHAUDES - MomPornOnly<\/title>\n<meta name=\"description\" content=\"D\u00e9couvrez tous les ALBUMS de photos sexy de MILF chaudes ici sur MomPornOnly.com. Profitez des photos \u00e9rotiques les plus chaudes maintenant avec des mamans sexy avec d&#039;\u00e9normes seins su\u00e7ant son beau-fils\" \/>\n<meta name=\"robots\" content=\"index, follow, max-snippet:-1, max-image-preview:large, max-video-preview:-1\" \/>\n<link rel=\"canonical\" href=\"https:\/\/mompornonly.com\/albums\/\" \/>\n<meta property=\"og:locale\" content=\"fr_FR\" \/>\n<meta property=\"og:type\" content=\"article\" \/>\n<meta property=\"og:title\" content=\"Free Porn Pictures &amp; Sex Pictures With HOT MILFs - MomPornOnly [fr]Photos porno gratuites et photos de sexe avec des MILF CHAUDES - MomPornOnly [\/fr][es]Fotos porno gratis y fotos de sexo con MILFs CALIENTES - MomPornOnly [\/es][de]Kostenlose Porno Bilder &amp; Sex Fotos mit hei\u00dfen MILFs - MomPornOnly [\/de][it]Immagini Porno Gratuite e foto di sesso con MILF CALDI - MomPornOnly [\/it]\" \/>\n<meta property=\"og:description\" content=\"Checkout all sexy photo ALBUMS of hot MILFs here at MomPornOnly.com. Enjoy the hottest erotic pics now with sexy Mom with huge boobs sucking her step son[fr]D\u00e9couvrez tous les ALBUMS de photos sexy de MILF chaudes ici sur MomPornOnly.com. Profitez des photos \u00e9rotiques les plus chaudes maintenant avec des mamans sexy avec d&#039;\u00e9normes seins su\u00e7ant son beau-fils[\/fr][es]Echa un vistazo a todos los \u00e1lbumes de fotos sexy de MILFs calientes aqu\u00ed en MomPornOnly.com. Disfruta de las fotos er\u00f3ticas m\u00e1s calientes ahora con una mam\u00e1 sexy con enormes tetas chupando a su hijastro[\/es][de]Kasse aller sexy Fotoalben hei\u00dfer MILFs hier bei MomPornOnly.com. Genie\u00dfe die hei\u00dfesten erotischen Bilder jetzt mit sexy Mom mit riesigen Titten, die ihren Stiefsohn lutschen[\/de][it]Dai un&#039;occhiata a tutti gli ALBUM di foto sexy di MILF hot qui su MomPornOnly.com. Goditi le foto erotiche pi\u00f9 calde ora con la mamma sexy con tette enormi che succhiano il suo figliastro[\/it]\" \/>\n<meta property=\"og:url\" content=\"https:\/\/mompornonly.com\/albums\/\" \/>\n<meta property=\"og:site_name\" content=\"MomPornOnly\" \/>\n<meta property=\"article:publisher\" content=\"https:\/\/www.facebook.com\/momponly\/\" \/>\n<meta property=\"article:modified_time\" content=\"2023-10-13T14:17:13+00:00\" \/>\n<meta name=\"twitter:card\" content=\"summary_large_image\" \/>\n<meta name=\"twitter:site\" content=\"@mompornonly\" \/>\n<script type=\"application\/ld+json\" class=\"yoast-schema-graph\">{\"@context\":\"https:\\\/\\\/schema.org\",\"@graph\":[{\"@type\":\"WebPage\",\"@id\":\"https:\\\/\\\/mompornonly.com\\\/albums\\\/\",\"url\":\"https:\\\/\\\/mompornonly.com\\\/albums\\\/\",\"name\":\"Free Porn Pictures & Sex Pictures With HOT MILFs - MomPornOnly [fr]Photos porno gratuites et photos de sexe avec des MILF CHAUDES - MomPornOnly [\\\/fr][es]Fotos porno gratis y fotos de sexo con MILFs CALIENTES - MomPornOnly [\\\/es][de]Kostenlose Porno Bilder & Sex Fotos mit hei\u00dfen MILFs - MomPornOnly [\\\/de][it]Immagini Porno Gratuite e foto di sesso con MILF CALDI - MomPornOnly [\\\/it]\",\"isPartOf\":{\"@id\":\"https:\\\/\\\/mompornonly.com\\\/#website\"},\"datePublished\":\"2020-04-29T13:07:52+00:00\",\"dateModified\":\"2023-10-13T14:17:13+00:00\",\"description\":\"Checkout all sexy photo ALBUMS of hot MILFs here at MomPornOnly.com. Enjoy the hottest erotic pics now with sexy Mom with huge boobs sucking her step son[fr]D\u00e9couvrez tous les ALBUMS de photos sexy de MILF chaudes ici sur MomPornOnly.com. Profitez des photos \u00e9rotiques les plus chaudes maintenant avec des mamans sexy avec d'\u00e9normes seins su\u00e7ant son beau-fils[\\\/fr][es]Echa un vistazo a todos los \u00e1lbumes de fotos sexy de MILFs calientes aqu\u00ed en MomPornOnly.com. Disfruta de las fotos er\u00f3ticas m\u00e1s calientes ahora con una mam\u00e1 sexy con enormes tetas chupando a su hijastro[\\\/es][de]Kasse aller sexy Fotoalben hei\u00dfer MILFs hier bei MomPornOnly.com. Genie\u00dfe die hei\u00dfesten erotischen Bilder jetzt mit sexy Mom mit riesigen Titten, die ihren Stiefsohn lutschen[\\\/de][it]Dai un'occhiata a tutti gli ALBUM di foto sexy di MILF hot qui su MomPornOnly.com. Goditi le foto erotiche pi\u00f9 calde ora con la mamma sexy con tette enormi che succhiano il suo figliastro[\\\/it]\",\"breadcrumb\":{\"@id\":\"https:\\\/\\\/mompornonly.com\\\/albums\\\/#breadcrumb\"},\"inLanguage\":\"fr-FR\",\"potentialAction\":[{\"@type\":\"ReadAction\",\"target\":[\"https:\\\/\\\/mompornonly.com\\\/albums\\\/\"]}]},{\"@type\":\"BreadcrumbList\",\"@id\":\"https:\\\/\\\/mompornonly.com\\\/albums\\\/#breadcrumb\",\"itemListElement\":[{\"@type\":\"ListItem\",\"position\":1,\"name\":\"Accueil\",\"item\":\"https:\\\/\\\/mompornonly.com\\\/\"},{\"@type\":\"ListItem\",\"position\":2,\"name\":\"Photos\"}]},{\"@type\":\"WebSite\",\"@id\":\"https:\\\/\\\/mompornonly.com\\\/#website\",\"url\":\"https:\\\/\\\/mompornonly.com\\\/\",\"name\":\"MomPornOnly\",\"description\":\"Mompornonly.com is the best porn tube site ever with just moms and MILFs, the best XXX videos and free sex streaming.[fr]Mompornonly.com est le meilleur site de tubes porno avec seulement des mamans et  des MILF, les meilleures vid\u00e9os XXX et du streaming sexe gratuit.[\\\/fr][es]Mompornonly.com es el mejor sitio de tubos porno con mam\u00e1s y MILF, los mejores videos XXX y transmisi\u00f3n de sexo gratis.[\\\/es][de]Mompornonly.com ist die beste Porno-Tube-Site aller Zeiten mit nur M\u00fcttern und MILFs, den besten XXX-Videos und kostenlosem Sex-Streaming.[\\\/de][it]Mompornonly.com \u00e8 il miglior sito di porno tube di sempre con solo mamme e MILF, i migliori video XXX e lo streaming di sesso gratuito.[\\\/it]\",\"publisher\":{\"@id\":\"https:\\\/\\\/mompornonly.com\\\/#organization\"},\"potentialAction\":[{\"@type\":\"SearchAction\",\"target\":{\"@type\":\"EntryPoint\",\"urlTemplate\":\"https:\\\/\\\/mompornonly.com\\\/?s={search_term_string}\"},\"query-input\":{\"@type\":\"PropertyValueSpecification\",\"valueRequired\":true,\"valueName\":\"search_term_string\"}}],\"inLanguage\":\"fr-FR\"},{\"@type\":\"Organization\",\"@id\":\"https:\\\/\\\/mompornonly.com\\\/#organization\",\"name\":\"MomPornOnly\",\"url\":\"https:\\\/\\\/mompornonly.com\\\/\",\"logo\":{\"@type\":\"ImageObject\",\"inLanguage\":\"fr-FR\",\"@id\":\"https:\\\/\\\/mompornonly.com\\\/#\\\/schema\\\/logo\\\/image\\\/\",\"url\":\"https:\\\/\\\/mompornonly.com\\\/wp-content\\\/uploads\\\/2020\\\/05\\\/logomompornonly.png\",\"contentUrl\":\"https:\\\/\\\/mompornonly.com\\\/wp-content\\\/uploads\\\/2020\\\/05\\\/logomompornonly.png\",\"width\":792,\"height\":446,\"caption\":\"MomPornOnly\"},\"image\":{\"@id\":\"https:\\\/\\\/mompornonly.com\\\/#\\\/schema\\\/logo\\\/image\\\/\"},\"sameAs\":[\"https:\\\/\\\/www.facebook.com\\\/momponly\\\/\",\"https:\\\/\\\/x.com\\\/mompornonly\",\"https:\\\/\\\/www.instagram.com\\\/mpo_com\\\/\"]}]}<\/script>\n<!-- \/ Yoast SEO plugin. -->","yoast_head_json":{"title":"Photos porno gratuites et photos de sexe avec des MILF CHAUDES - MomPornOnly","description":"D\u00e9couvrez tous les ALBUMS de photos sexy de MILF chaudes ici sur MomPornOnly.com. Profitez des photos \u00e9rotiques les plus chaudes maintenant avec des mamans sexy avec d'\u00e9normes seins su\u00e7ant son beau-fils","robots":{"index":"index","follow":"follow","max-snippet":"max-snippet:-1","max-image-preview":"max-image-preview:large","max-video-preview":"max-video-preview:-1"},"canonical":"https:\/\/mompornonly.com\/albums\/","og_locale":"fr_FR","og_type":"article","og_title":"Free Porn Pictures & Sex Pictures With HOT MILFs - MomPornOnly [fr]Photos porno gratuites et photos de sexe avec des MILF CHAUDES - MomPornOnly [\/fr][es]Fotos porno gratis y fotos de sexo con MILFs CALIENTES - MomPornOnly [\/es][de]Kostenlose Porno Bilder & Sex Fotos mit hei\u00dfen MILFs - MomPornOnly [\/de][it]Immagini Porno Gratuite e foto di sesso con MILF CALDI - MomPornOnly [\/it]","og_description":"Checkout all sexy photo ALBUMS of hot MILFs here at MomPornOnly.com. Enjoy the hottest erotic pics now with sexy Mom with huge boobs sucking her step son[fr]D\u00e9couvrez tous les ALBUMS de photos sexy de MILF chaudes ici sur MomPornOnly.com. Profitez des photos \u00e9rotiques les plus chaudes maintenant avec des mamans sexy avec d'\u00e9normes seins su\u00e7ant son beau-fils[\/fr][es]Echa un vistazo a todos los \u00e1lbumes de fotos sexy de MILFs calientes aqu\u00ed en MomPornOnly.com. Disfruta de las fotos er\u00f3ticas m\u00e1s calientes ahora con una mam\u00e1 sexy con enormes tetas chupando a su hijastro[\/es][de]Kasse aller sexy Fotoalben hei\u00dfer MILFs hier bei MomPornOnly.com. Genie\u00dfe die hei\u00dfesten erotischen Bilder jetzt mit sexy Mom mit riesigen Titten, die ihren Stiefsohn lutschen[\/de][it]Dai un'occhiata a tutti gli ALBUM di foto sexy di MILF hot qui su MomPornOnly.com. Goditi le foto erotiche pi\u00f9 calde ora con la mamma sexy con tette enormi che succhiano il suo figliastro[\/it]","og_url":"https:\/\/mompornonly.com\/albums\/","og_site_name":"MomPornOnly","article_publisher":"https:\/\/www.facebook.com\/momponly\/","article_modified_time":"2023-10-13T14:17:13+00:00","twitter_card":"summary_large_image","twitter_site":"@mompornonly","schema":{"@context":"https:\/\/schema.org","@graph":[{"@type":"WebPage","@id":"https:\/\/mompornonly.com\/albums\/","url":"https:\/\/mompornonly.com\/albums\/","name":"Free Porn Pictures & Sex Pictures With HOT MILFs - MomPornOnly [fr]Photos porno gratuites et photos de sexe avec des MILF CHAUDES - MomPornOnly [\/fr][es]Fotos porno gratis y fotos de sexo con MILFs CALIENTES - MomPornOnly [\/es][de]Kostenlose Porno Bilder & Sex Fotos mit hei\u00dfen MILFs - MomPornOnly [\/de][it]Immagini Porno Gratuite e foto di sesso con MILF CALDI - MomPornOnly [\/it]","isPartOf":{"@id":"https:\/\/mompornonly.com\/#website"},"datePublished":"2020-04-29T13:07:52+00:00","dateModified":"2023-10-13T14:17:13+00:00","description":"Checkout all sexy photo ALBUMS of hot MILFs here at MomPornOnly.com. Enjoy the hottest erotic pics now with sexy Mom with huge boobs sucking her step son[fr]D\u00e9couvrez tous les ALBUMS de photos sexy de MILF chaudes ici sur MomPornOnly.com. Profitez des photos \u00e9rotiques les plus chaudes maintenant avec des mamans sexy avec d'\u00e9normes seins su\u00e7ant son beau-fils[\/fr][es]Echa un vistazo a todos los \u00e1lbumes de fotos sexy de MILFs calientes aqu\u00ed en MomPornOnly.com. Disfruta de las fotos er\u00f3ticas m\u00e1s calientes ahora con una mam\u00e1 sexy con enormes tetas chupando a su hijastro[\/es][de]Kasse aller sexy Fotoalben hei\u00dfer MILFs hier bei MomPornOnly.com. Genie\u00dfe die hei\u00dfesten erotischen Bilder jetzt mit sexy Mom mit riesigen Titten, die ihren Stiefsohn lutschen[\/de][it]Dai un'occhiata a tutti gli ALBUM di foto sexy di MILF hot qui su MomPornOnly.com. Goditi le foto erotiche pi\u00f9 calde ora con la mamma sexy con tette enormi che succhiano il suo figliastro[\/it]","breadcrumb":{"@id":"https:\/\/mompornonly.com\/albums\/#breadcrumb"},"inLanguage":"fr-FR","potentialAction":[{"@type":"ReadAction","target":["https:\/\/mompornonly.com\/albums\/"]}]},{"@type":"BreadcrumbList","@id":"https:\/\/mompornonly.com\/albums\/#breadcrumb","itemListElement":[{"@type":"ListItem","position":1,"name":"Accueil","item":"https:\/\/mompornonly.com\/"},{"@type":"ListItem","position":2,"name":"Photos"}]},{"@type":"WebSite","@id":"https:\/\/mompornonly.com\/#website","url":"https:\/\/mompornonly.com\/","name":"MomPornOnly","description":"Mompornonly.com is the best porn tube site ever with just moms and MILFs, the best XXX videos and free sex streaming.[fr]Mompornonly.com est le meilleur site de tubes porno avec seulement des mamans et  des MILF, les meilleures vid\u00e9os XXX et du streaming sexe gratuit.[\/fr][es]Mompornonly.com es el mejor sitio de tubos porno con mam\u00e1s y MILF, los mejores videos XXX y transmisi\u00f3n de sexo gratis.[\/es][de]Mompornonly.com ist die beste Porno-Tube-Site aller Zeiten mit nur M\u00fcttern und MILFs, den besten XXX-Videos und kostenlosem Sex-Streaming.[\/de][it]Mompornonly.com \u00e8 il miglior sito di porno tube di sempre con solo mamme e MILF, i migliori video XXX e lo streaming di sesso gratuito.[\/it]","publisher":{"@id":"https:\/\/mompornonly.com\/#organization"},"potentialAction":[{"@type":"SearchAction","target":{"@type":"EntryPoint","urlTemplate":"https:\/\/mompornonly.com\/?s={search_term_string}"},"query-input":{"@type":"PropertyValueSpecification","valueRequired":true,"valueName":"search_term_string"}}],"inLanguage":"fr-FR"},{"@type":"Organization","@id":"https:\/\/mompornonly.com\/#organization","name":"MomPornOnly","url":"https:\/\/mompornonly.com\/","logo":{"@type":"ImageObject","inLanguage":"fr-FR","@id":"https:\/\/mompornonly.com\/#\/schema\/logo\/image\/","url":"https:\/\/mompornonly.com\/wp-content\/uploads\/2020\/05\/logomompornonly.png","contentUrl":"https:\/\/mompornonly.com\/wp-content\/uploads\/2020\/05\/logomompornonly.png","width":792,"height":446,"caption":"MomPornOnly"},"image":{"@id":"https:\/\/mompornonly.com\/#\/schema\/logo\/image\/"},"sameAs":["https:\/\/www.facebook.com\/momponly\/","https:\/\/x.com\/mompornonly","https:\/\/www.instagram.com\/mpo_com\/"]}]}},"_links":{"self":[{"href":"https:\/\/mompornonly.com\/fr\/wp-json\/wp\/v2\/pages\/6379","targetHints":{"allow":["GET"]}}],"collection":[{"href":"https:\/\/mompornonly.com\/fr\/wp-json\/wp\/v2\/pages"}],"about":[{"href":"https:\/\/mompornonly.com\/fr\/wp-json\/wp\/v2\/types\/page"}],"author":[{"embeddable":true,"href":"https:\/\/mompornonly.com\/fr\/wp-json\/wp\/v2\/users\/1"}],"replies":[{"embeddable":true,"href":"https:\/\/mompornonly.com\/fr\/wp-json\/wp\/v2\/comments?post=6379"}],"version-history":[{"count":1,"href":"https:\/\/mompornonly.com\/fr\/wp-json\/wp\/v2\/pages\/6379\/revisions"}],"predecessor-version":[{"id":13051,"href":"https:\/\/mompornonly.com\/fr\/wp-json\/wp\/v2\/pages\/6379\/revisions\/13051"}],"wp:attachment":[{"href":"https:\/\/mompornonly.com\/fr\/wp-json\/wp\/v2\/media?parent=6379"}],"curies":[{"name":"wp","href":"https:\/\/api.w.org\/{rel}","templated":true}]}}