{"id":13061,"date":"2023-10-13T16:21:48","date_gmt":"2023-10-13T14:21:48","guid":{"rendered":"https:\/\/mompornonly.com\/?page_id=13061"},"modified":"2023-10-14T15:53:28","modified_gmt":"2023-10-14T13:53:28","slug":"most-viewed","status":"publish","type":"page","link":"https:\/\/mompornonly.com\/fr\/albums\/most-viewed\/","title":{"rendered":"Most viewed photos"},"content":{"rendered":"<p>Allez sur MomPornOnly  pour regarder les photos pornos des albums MILF les plus vues. Ces albums incluent \u00e0 la fois une MILF amateur qui s&rsquo;est fait baiser par un jeune gar\u00e7on, ou m\u00eame des MILF stars du porno qui aiment se faire baiser par une jeune grosse bite.<\/p>\n","protected":false},"excerpt":{"rendered":"<p>Allez sur MomPornOnly pour regarder les photos pornos des albums MILF les plus vues. Ces albums incluent \u00e0 la fois une MILF amateur qui s&rsquo;est fait baiser par un jeune gar\u00e7on, ou m\u00eame des MILF stars du porno qui aiment se faire baiser par une jeune grosse bite.<\/p>\n","protected":false},"author":3,"featured_media":0,"parent":6379,"menu_order":0,"comment_status":"closed","ping_status":"closed","template":"templates\/template-photos.php","meta":{"ep_exclude_from_search":false,"footnotes":""},"class_list":["post-13061","page","type-page","status-publish","hentry"],"yoast_head":"<!-- This site is optimized with the Yoast SEO plugin v27.4 - https:\/\/yoast.com\/product\/yoast-seo-wordpress\/ -->\n<title>Les photos pornos les plus vues des albums MILF - MomPornOnly<\/title>\n<meta name=\"description\" content=\"Allez sur MomPornOnly pour regarder les photos pornos des albums MILF les plus vues. Ces albums incluent \u00e0 la fois une MILF amateur qui s&#039;est fait baiser par un jeune gar\u00e7on, ou m\u00eame des MILF stars du porno qui aiment se faire baiser par une jeune grosse bite.\" \/>\n<meta name=\"robots\" content=\"index, follow, max-snippet:-1, max-image-preview:large, max-video-preview:-1\" \/>\n<link rel=\"canonical\" href=\"https:\/\/mompornonly.com\/albums\/most-viewed\/\" \/>\n<meta property=\"og:locale\" content=\"fr_FR\" \/>\n<meta property=\"og:type\" content=\"article\" \/>\n<meta property=\"og:title\" content=\"The most viewed photos porn MILF albums - MomPornOnly [fr]Les photos pornos les plus vues des albums MILF - MomPornOnly [\/fr][de]Die am h\u00e4ufigsten angesehenen Fotos von Porno-MILF-Alben - MomPornOnly [\/de][es]Las fotos m\u00e1s vistas de los \u00e1lbumes porno de MILF - MomPornOnly [\/es][it]Le foto pi\u00f9 viste degli album porno di MILF - MomPornOnly [\/it]\" \/>\n<meta property=\"og:description\" content=\"Come on MomPornOnly to watch the most viewed photos porn MILF albums. Those albums include both amateur milf who got fucked by young boy, or even pornstars milfs who like get fucked by younger big dick[fr]Allez sur MomPornOnly pour regarder les photos pornos des albums MILF les plus vues. Ces albums incluent \u00e0 la fois une MILF amateur qui s&#039;est fait baiser par un jeune gar\u00e7on, ou m\u00eame des MILF stars du porno qui aiment se faire baiser par une jeune grosse bite.[\/fr][de]Kommen Sie auf MomPornOnly, um sich die meistgesehenen Foto-Porno-MILF-Alben anzusehen. Auf diesen Alben finden sich sowohl Amateur-Milfs, die von jungen Jungs gefickt werden, als auch Pornostar-Milfs, die gerne von j\u00fcngeren gro\u00dfen Schw\u00e4nzen gefickt werden[\/de][es]Ven a MomPornOnly para ver las fotos m\u00e1s vistas de los \u00e1lbumes porno de MILF. Esos \u00e1lbumes incluyen tanto MILF amateur que fue follada por un joven, como incluso MILFs estrellas porno a las que les gusta ser folladas por una gran polla m\u00e1s joven.[\/es][it]Vieni su MomPornOnly per guardare le foto pi\u00f9 viste degli album porno di MILF. Questi album includono sia MILF amatoriali che vengono scopate da un giovane ragazzo, sia anche pornostar MILF a cui piace farsi scopare da un grosso cazzo pi\u00f9 giovane.[\/it]\" \/>\n<meta property=\"og:url\" content=\"https:\/\/mompornonly.com\/albums\/most-viewed\/\" \/>\n<meta property=\"og:site_name\" content=\"MomPornOnly\" \/>\n<meta property=\"article:publisher\" content=\"https:\/\/www.facebook.com\/momponly\/\" \/>\n<meta property=\"article:modified_time\" content=\"2023-10-14T13:53:28+00:00\" \/>\n<meta name=\"twitter:card\" content=\"summary_large_image\" \/>\n<meta name=\"twitter:site\" content=\"@mompornonly\" \/>\n<script type=\"application\/ld+json\" class=\"yoast-schema-graph\">{\"@context\":\"https:\\\/\\\/schema.org\",\"@graph\":[{\"@type\":\"WebPage\",\"@id\":\"https:\\\/\\\/mompornonly.com\\\/albums\\\/most-viewed\\\/\",\"url\":\"https:\\\/\\\/mompornonly.com\\\/albums\\\/most-viewed\\\/\",\"name\":\"The most viewed photos porn MILF albums - MomPornOnly [fr]Les photos pornos les plus vues des albums MILF - MomPornOnly [\\\/fr][de]Die am h\u00e4ufigsten angesehenen Fotos von Porno-MILF-Alben - MomPornOnly [\\\/de][es]Las fotos m\u00e1s vistas de los \u00e1lbumes porno de MILF - MomPornOnly [\\\/es][it]Le foto pi\u00f9 viste degli album porno di MILF - MomPornOnly [\\\/it]\",\"isPartOf\":{\"@id\":\"https:\\\/\\\/mompornonly.com\\\/#website\"},\"datePublished\":\"2023-10-13T14:21:48+00:00\",\"dateModified\":\"2023-10-14T13:53:28+00:00\",\"description\":\"Come on MomPornOnly to watch the most viewed photos porn MILF albums. Those albums include both amateur milf who got fucked by young boy, or even pornstars milfs who like get fucked by younger big dick[fr]Allez sur MomPornOnly pour regarder les photos pornos des albums MILF les plus vues. Ces albums incluent \u00e0 la fois une MILF amateur qui s'est fait baiser par un jeune gar\u00e7on, ou m\u00eame des MILF stars du porno qui aiment se faire baiser par une jeune grosse bite.[\\\/fr][de]Kommen Sie auf MomPornOnly, um sich die meistgesehenen Foto-Porno-MILF-Alben anzusehen. Auf diesen Alben finden sich sowohl Amateur-Milfs, die von jungen Jungs gefickt werden, als auch Pornostar-Milfs, die gerne von j\u00fcngeren gro\u00dfen Schw\u00e4nzen gefickt werden[\\\/de][es]Ven a MomPornOnly para ver las fotos m\u00e1s vistas de los \u00e1lbumes porno de MILF. Esos \u00e1lbumes incluyen tanto MILF amateur que fue follada por un joven, como incluso MILFs estrellas porno a las que les gusta ser folladas por una gran polla m\u00e1s joven.[\\\/es][it]Vieni su MomPornOnly per guardare le foto pi\u00f9 viste degli album porno di MILF. Questi album includono sia MILF amatoriali che vengono scopate da un giovane ragazzo, sia anche pornostar MILF a cui piace farsi scopare da un grosso cazzo pi\u00f9 giovane.[\\\/it]\",\"breadcrumb\":{\"@id\":\"https:\\\/\\\/mompornonly.com\\\/albums\\\/most-viewed\\\/#breadcrumb\"},\"inLanguage\":\"fr-FR\",\"potentialAction\":[{\"@type\":\"ReadAction\",\"target\":[\"https:\\\/\\\/mompornonly.com\\\/albums\\\/most-viewed\\\/\"]}]},{\"@type\":\"BreadcrumbList\",\"@id\":\"https:\\\/\\\/mompornonly.com\\\/albums\\\/most-viewed\\\/#breadcrumb\",\"itemListElement\":[{\"@type\":\"ListItem\",\"position\":1,\"name\":\"Accueil\",\"item\":\"https:\\\/\\\/mompornonly.com\\\/\"},{\"@type\":\"ListItem\",\"position\":2,\"name\":\"Photos\",\"item\":\"https:\\\/\\\/mompornonly.com\\\/albums\\\/\"},{\"@type\":\"ListItem\",\"position\":3,\"name\":\"Most viewed photos\"}]},{\"@type\":\"WebSite\",\"@id\":\"https:\\\/\\\/mompornonly.com\\\/#website\",\"url\":\"https:\\\/\\\/mompornonly.com\\\/\",\"name\":\"MomPornOnly\",\"description\":\"Mompornonly.com is the best porn tube site ever with just moms and MILFs, the best XXX videos and free sex streaming.[fr]Mompornonly.com est le meilleur site de tubes porno avec seulement des mamans et  des MILF, les meilleures vid\u00e9os XXX et du streaming sexe gratuit.[\\\/fr][es]Mompornonly.com es el mejor sitio de tubos porno con mam\u00e1s y MILF, los mejores videos XXX y transmisi\u00f3n de sexo gratis.[\\\/es][de]Mompornonly.com ist die beste Porno-Tube-Site aller Zeiten mit nur M\u00fcttern und MILFs, den besten XXX-Videos und kostenlosem Sex-Streaming.[\\\/de][it]Mompornonly.com \u00e8 il miglior sito di porno tube di sempre con solo mamme e MILF, i migliori video XXX e lo streaming di sesso gratuito.[\\\/it]\",\"publisher\":{\"@id\":\"https:\\\/\\\/mompornonly.com\\\/#organization\"},\"potentialAction\":[{\"@type\":\"SearchAction\",\"target\":{\"@type\":\"EntryPoint\",\"urlTemplate\":\"https:\\\/\\\/mompornonly.com\\\/?s={search_term_string}\"},\"query-input\":{\"@type\":\"PropertyValueSpecification\",\"valueRequired\":true,\"valueName\":\"search_term_string\"}}],\"inLanguage\":\"fr-FR\"},{\"@type\":\"Organization\",\"@id\":\"https:\\\/\\\/mompornonly.com\\\/#organization\",\"name\":\"MomPornOnly\",\"url\":\"https:\\\/\\\/mompornonly.com\\\/\",\"logo\":{\"@type\":\"ImageObject\",\"inLanguage\":\"fr-FR\",\"@id\":\"https:\\\/\\\/mompornonly.com\\\/#\\\/schema\\\/logo\\\/image\\\/\",\"url\":\"https:\\\/\\\/mompornonly.com\\\/wp-content\\\/uploads\\\/2020\\\/05\\\/logomompornonly.png\",\"contentUrl\":\"https:\\\/\\\/mompornonly.com\\\/wp-content\\\/uploads\\\/2020\\\/05\\\/logomompornonly.png\",\"width\":792,\"height\":446,\"caption\":\"MomPornOnly\"},\"image\":{\"@id\":\"https:\\\/\\\/mompornonly.com\\\/#\\\/schema\\\/logo\\\/image\\\/\"},\"sameAs\":[\"https:\\\/\\\/www.facebook.com\\\/momponly\\\/\",\"https:\\\/\\\/x.com\\\/mompornonly\",\"https:\\\/\\\/www.instagram.com\\\/mpo_com\\\/\"]}]}<\/script>\n<!-- \/ Yoast SEO plugin. -->","yoast_head_json":{"title":"Les photos pornos les plus vues des albums MILF - MomPornOnly","description":"Allez sur MomPornOnly pour regarder les photos pornos des albums MILF les plus vues. Ces albums incluent \u00e0 la fois une MILF amateur qui s'est fait baiser par un jeune gar\u00e7on, ou m\u00eame des MILF stars du porno qui aiment se faire baiser par une jeune grosse bite.","robots":{"index":"index","follow":"follow","max-snippet":"max-snippet:-1","max-image-preview":"max-image-preview:large","max-video-preview":"max-video-preview:-1"},"canonical":"https:\/\/mompornonly.com\/albums\/most-viewed\/","og_locale":"fr_FR","og_type":"article","og_title":"The most viewed photos porn MILF albums - MomPornOnly [fr]Les photos pornos les plus vues des albums MILF - MomPornOnly [\/fr][de]Die am h\u00e4ufigsten angesehenen Fotos von Porno-MILF-Alben - MomPornOnly [\/de][es]Las fotos m\u00e1s vistas de los \u00e1lbumes porno de MILF - MomPornOnly [\/es][it]Le foto pi\u00f9 viste degli album porno di MILF - MomPornOnly [\/it]","og_description":"Come on MomPornOnly to watch the most viewed photos porn MILF albums. Those albums include both amateur milf who got fucked by young boy, or even pornstars milfs who like get fucked by younger big dick[fr]Allez sur MomPornOnly pour regarder les photos pornos des albums MILF les plus vues. Ces albums incluent \u00e0 la fois une MILF amateur qui s'est fait baiser par un jeune gar\u00e7on, ou m\u00eame des MILF stars du porno qui aiment se faire baiser par une jeune grosse bite.[\/fr][de]Kommen Sie auf MomPornOnly, um sich die meistgesehenen Foto-Porno-MILF-Alben anzusehen. Auf diesen Alben finden sich sowohl Amateur-Milfs, die von jungen Jungs gefickt werden, als auch Pornostar-Milfs, die gerne von j\u00fcngeren gro\u00dfen Schw\u00e4nzen gefickt werden[\/de][es]Ven a MomPornOnly para ver las fotos m\u00e1s vistas de los \u00e1lbumes porno de MILF. Esos \u00e1lbumes incluyen tanto MILF amateur que fue follada por un joven, como incluso MILFs estrellas porno a las que les gusta ser folladas por una gran polla m\u00e1s joven.[\/es][it]Vieni su MomPornOnly per guardare le foto pi\u00f9 viste degli album porno di MILF. Questi album includono sia MILF amatoriali che vengono scopate da un giovane ragazzo, sia anche pornostar MILF a cui piace farsi scopare da un grosso cazzo pi\u00f9 giovane.[\/it]","og_url":"https:\/\/mompornonly.com\/albums\/most-viewed\/","og_site_name":"MomPornOnly","article_publisher":"https:\/\/www.facebook.com\/momponly\/","article_modified_time":"2023-10-14T13:53:28+00:00","twitter_card":"summary_large_image","twitter_site":"@mompornonly","schema":{"@context":"https:\/\/schema.org","@graph":[{"@type":"WebPage","@id":"https:\/\/mompornonly.com\/albums\/most-viewed\/","url":"https:\/\/mompornonly.com\/albums\/most-viewed\/","name":"The most viewed photos porn MILF albums - MomPornOnly [fr]Les photos pornos les plus vues des albums MILF - MomPornOnly [\/fr][de]Die am h\u00e4ufigsten angesehenen Fotos von Porno-MILF-Alben - MomPornOnly [\/de][es]Las fotos m\u00e1s vistas de los \u00e1lbumes porno de MILF - MomPornOnly [\/es][it]Le foto pi\u00f9 viste degli album porno di MILF - MomPornOnly [\/it]","isPartOf":{"@id":"https:\/\/mompornonly.com\/#website"},"datePublished":"2023-10-13T14:21:48+00:00","dateModified":"2023-10-14T13:53:28+00:00","description":"Come on MomPornOnly to watch the most viewed photos porn MILF albums. Those albums include both amateur milf who got fucked by young boy, or even pornstars milfs who like get fucked by younger big dick[fr]Allez sur MomPornOnly pour regarder les photos pornos des albums MILF les plus vues. Ces albums incluent \u00e0 la fois une MILF amateur qui s'est fait baiser par un jeune gar\u00e7on, ou m\u00eame des MILF stars du porno qui aiment se faire baiser par une jeune grosse bite.[\/fr][de]Kommen Sie auf MomPornOnly, um sich die meistgesehenen Foto-Porno-MILF-Alben anzusehen. Auf diesen Alben finden sich sowohl Amateur-Milfs, die von jungen Jungs gefickt werden, als auch Pornostar-Milfs, die gerne von j\u00fcngeren gro\u00dfen Schw\u00e4nzen gefickt werden[\/de][es]Ven a MomPornOnly para ver las fotos m\u00e1s vistas de los \u00e1lbumes porno de MILF. Esos \u00e1lbumes incluyen tanto MILF amateur que fue follada por un joven, como incluso MILFs estrellas porno a las que les gusta ser folladas por una gran polla m\u00e1s joven.[\/es][it]Vieni su MomPornOnly per guardare le foto pi\u00f9 viste degli album porno di MILF. Questi album includono sia MILF amatoriali che vengono scopate da un giovane ragazzo, sia anche pornostar MILF a cui piace farsi scopare da un grosso cazzo pi\u00f9 giovane.[\/it]","breadcrumb":{"@id":"https:\/\/mompornonly.com\/albums\/most-viewed\/#breadcrumb"},"inLanguage":"fr-FR","potentialAction":[{"@type":"ReadAction","target":["https:\/\/mompornonly.com\/albums\/most-viewed\/"]}]},{"@type":"BreadcrumbList","@id":"https:\/\/mompornonly.com\/albums\/most-viewed\/#breadcrumb","itemListElement":[{"@type":"ListItem","position":1,"name":"Accueil","item":"https:\/\/mompornonly.com\/"},{"@type":"ListItem","position":2,"name":"Photos","item":"https:\/\/mompornonly.com\/albums\/"},{"@type":"ListItem","position":3,"name":"Most viewed photos"}]},{"@type":"WebSite","@id":"https:\/\/mompornonly.com\/#website","url":"https:\/\/mompornonly.com\/","name":"MomPornOnly","description":"Mompornonly.com is the best porn tube site ever with just moms and MILFs, the best XXX videos and free sex streaming.[fr]Mompornonly.com est le meilleur site de tubes porno avec seulement des mamans et  des MILF, les meilleures vid\u00e9os XXX et du streaming sexe gratuit.[\/fr][es]Mompornonly.com es el mejor sitio de tubos porno con mam\u00e1s y MILF, los mejores videos XXX y transmisi\u00f3n de sexo gratis.[\/es][de]Mompornonly.com ist die beste Porno-Tube-Site aller Zeiten mit nur M\u00fcttern und MILFs, den besten XXX-Videos und kostenlosem Sex-Streaming.[\/de][it]Mompornonly.com \u00e8 il miglior sito di porno tube di sempre con solo mamme e MILF, i migliori video XXX e lo streaming di sesso gratuito.[\/it]","publisher":{"@id":"https:\/\/mompornonly.com\/#organization"},"potentialAction":[{"@type":"SearchAction","target":{"@type":"EntryPoint","urlTemplate":"https:\/\/mompornonly.com\/?s={search_term_string}"},"query-input":{"@type":"PropertyValueSpecification","valueRequired":true,"valueName":"search_term_string"}}],"inLanguage":"fr-FR"},{"@type":"Organization","@id":"https:\/\/mompornonly.com\/#organization","name":"MomPornOnly","url":"https:\/\/mompornonly.com\/","logo":{"@type":"ImageObject","inLanguage":"fr-FR","@id":"https:\/\/mompornonly.com\/#\/schema\/logo\/image\/","url":"https:\/\/mompornonly.com\/wp-content\/uploads\/2020\/05\/logomompornonly.png","contentUrl":"https:\/\/mompornonly.com\/wp-content\/uploads\/2020\/05\/logomompornonly.png","width":792,"height":446,"caption":"MomPornOnly"},"image":{"@id":"https:\/\/mompornonly.com\/#\/schema\/logo\/image\/"},"sameAs":["https:\/\/www.facebook.com\/momponly\/","https:\/\/x.com\/mompornonly","https:\/\/www.instagram.com\/mpo_com\/"]}]}},"_links":{"self":[{"href":"https:\/\/mompornonly.com\/fr\/wp-json\/wp\/v2\/pages\/13061","targetHints":{"allow":["GET"]}}],"collection":[{"href":"https:\/\/mompornonly.com\/fr\/wp-json\/wp\/v2\/pages"}],"about":[{"href":"https:\/\/mompornonly.com\/fr\/wp-json\/wp\/v2\/types\/page"}],"author":[{"embeddable":true,"href":"https:\/\/mompornonly.com\/fr\/wp-json\/wp\/v2\/users\/3"}],"replies":[{"embeddable":true,"href":"https:\/\/mompornonly.com\/fr\/wp-json\/wp\/v2\/comments?post=13061"}],"version-history":[{"count":3,"href":"https:\/\/mompornonly.com\/fr\/wp-json\/wp\/v2\/pages\/13061\/revisions"}],"predecessor-version":[{"id":13161,"href":"https:\/\/mompornonly.com\/fr\/wp-json\/wp\/v2\/pages\/13061\/revisions\/13161"}],"up":[{"embeddable":true,"href":"https:\/\/mompornonly.com\/fr\/wp-json\/wp\/v2\/pages\/6379"}],"wp:attachment":[{"href":"https:\/\/mompornonly.com\/fr\/wp-json\/wp\/v2\/media?parent=13061"}],"curies":[{"name":"wp","href":"https:\/\/api.w.org\/{rel}","templated":true}]}}