{"id":8302,"date":"2021-01-05T20:30:44","date_gmt":"2021-01-05T18:30:44","guid":{"rendered":""},"modified":"2021-01-05T21:15:37","modified_gmt":"2021-01-05T19:15:37","slug":"mom-porn-hd","status":"publish","type":"page","link":"https:\/\/mompornonly.com\/es\/mom-porn-hd\/","title":{"rendered":"The best mom porn HD videos are on MomPornOnly.com !"},"content":{"rendered":"<h1>El mejor porno de momias en HD del mundo<\/h1>\n<p>MomPornOnly en ingl\u00e9s s\u00f3lo puede traducir s\u00f3lo mam\u00e1 porno al espa\u00f1ol. Como el nombre del sitio indica aqu\u00ed s\u00f3lo buenas mam\u00e1s, buenas mam\u00e1s en celo a las que les gusta chupar buenas pollas grandes o que sus co\u00f1os sean follados por buenas pollas grandes. Y aunque el contenido amateur es extremadamente caliente, no es necesariamente de calidad HD. Por eso trabajamos con estudios como Brazzers, Mylf, Pervmom y muchos otros para traerte la mayor cantidad de <strong>videos pornogr\u00e1ficos<\/strong> de alta definici\u00f3n porque el porno de mam\u00e1 en alta definici\u00f3n es realmente el mejor porno disponible hoy en d\u00eda! \u00a1Y por eso encontrar\u00e1s lo mejor en MomPornOnly! <\/p>\n<p>Madres calientes que se meten los dedos en el co\u00f1o para masturbarse o putas que se follan a j\u00f3venes en medio del co\u00f1o. A las Milfs les encanta el anal, por eso puedes encontrar un mont\u00f3n de videos XXX donde las Milfs se follan el culo con grandes pollas en nuestra categor\u00eda de Anal! Pero no s\u00f3lo porque en MomPornOnly sabemos que hay algo para todos y por eso tambi\u00e9n tenemos muchas otras categor\u00edas como el gran culo con muchos v\u00eddeos X HD de putas con culos grandes que se follan delante de tus ojos aturdidos, tetas grandes para disfrutar de las estrellas del porno con enormes tetas rehechas que te har\u00e1n ponerte duro, tetas peque\u00f1as o lesbianas para ver putas guapas jugando entre ellas y lami\u00e9ndose el co\u00f1o. Tantas <a href=\"https:\/\/mompornonly.com\/es\/categories\/\">categor\u00edas<\/a> que te permitir\u00e1n masturbarte mientras disfrutas de videos pornogr\u00e1ficos en HD! Ver videos en HD significa poder ver el co\u00f1o goteando muy cerca con una calidad incre\u00edble e innegable! Lo m\u00e1s importante sigue siendo que la lista de nuestro cat\u00e1logo, que ya est\u00e1 bien provista, es completamente gratuita y sobre todo no hay que preocuparse de revisar las mismas cosas una y otra vez porque nuestro cat\u00e1logo se renueva cuidadosamente para que cada d\u00eda haya nuevos v\u00eddeos disponibles de forma gratuita! <\/p>\n<p>Tambi\u00e9n estamos tratando de ampliar nuestro cat\u00e1logo de fotos para que puedas tener lo mejor de <strong>milfs en fotos XXX<\/strong> de forma gratuita sin tener que cambiar de sitio! Ahora puedes disfrutar de algunas de las putas m\u00e1s grandes del mundo X como Brandi Love, Anissa Kate, Blanche Bradburry, Bianca Burke, Bethany Benz o Mia Khalifa gratis en MomPornOnly! Somos realmente el mejor sitio pornogr\u00e1fico XXX que conoces! No te olvides de contarle a todos tus amigos sobre nosotros para que ellos tambi\u00e9n puedan disfrutar de las mejores putas follando gratis y sin perder tiempo! Tambi\u00e9n puedes seguirnos en nuestro Twitter para estar informado de vez en cuando! En MomPornOnly el porno no tiene l\u00edmite de tiempo y puedes disfrutar 24\/7 del mejor porno de alta definici\u00f3n de mam\u00e1 de forma gratuita! <\/p>\n<h2>Ver y descargar una tonelada de v\u00eddeo pornogr\u00e1fico HD gratis<\/h2>\n<p>Todos nuestros v\u00eddeos HD (alta definici\u00f3n) est\u00e1n disponibles para <strong>su visualizaci\u00f3n gratuita<\/strong>, pero ahora tambi\u00e9n se pueden descargar para que los disfrutes y, como sabes, lo que te hace feliz es nuestra prioridad en MomPornOnly y podr\u00e1s disfrutar de tus perras favoritas incluso sin conexi\u00f3n a Internet mientras viajas en tren o en avi\u00f3n, por ejemplo. Adem\u00e1s de tener los mejores slutty milfs del mundo gratis, ahora puedes descargarlos gratis, as\u00ed que nos encanta&#8230; Si quieres proponer <strong>videos<\/strong> en los que te follas a tu suegra no lo dudes gracias al formulario de carga disponible en la p\u00e1gina web! Nos encantan tus v\u00eddeos y tus comentarios, as\u00ed que no lo dudes. El sitio est\u00e1 disponible en muchos idiomas como el espa\u00f1ol, ingl\u00e9s, franc\u00e9s, alem\u00e1n e italiano, as\u00ed que no dude en elegir el que prefiera o pida una traducci\u00f3n adicional contactando con nosotros. Tambi\u00e9n puedes encontrar el mejor porno franc\u00e9s en <a href=\"https:\/\/xfrenchies.com\/es\/\">xFrenchies.com<\/a> ! El mejor sitio porno amateur franc\u00e9s contiene videos exclusivos de putas amateurs francesas que har\u00e1n que tu cabeza gire y escupa tu polla!<\/p>\n","protected":false},"excerpt":{"rendered":"<p>El mejor porno de momias en HD del mundo MomPornOnly en ingl\u00e9s s\u00f3lo puede traducir s\u00f3lo mam\u00e1 porno al espa\u00f1ol. Como el nombre del sitio indica aqu\u00ed s\u00f3lo buenas mam\u00e1s, buenas mam\u00e1s en celo a las que les gusta chupar buenas pollas grandes o que sus co\u00f1os sean follados por buenas pollas grandes. Y aunque [&hellip;]<\/p>\n","protected":false},"author":3,"featured_media":0,"parent":0,"menu_order":0,"comment_status":"closed","ping_status":"closed","template":"template-porn-fr.php","meta":{"ep_exclude_from_search":false,"footnotes":""},"class_list":["post-8302","page","type-page","status-publish","hentry"],"yoast_head":"<!-- This site is optimized with the Yoast SEO plugin v27.5 - https:\/\/yoast.com\/product\/yoast-seo-wordpress\/ -->\n<title>The best mom porn HD videos are on MomPornOnly.com ! | MEJORES VIDEOS DE LA MILF PORNO HD - MomPornOnly<\/title>\n<meta name=\"description\" content=\"Mira miles de videos pornogr\u00e1ficos de mam\u00e1 gratis en MomPornOnly.com, el mejor sitio de videos pornogr\u00e1ficos de mam\u00e1 en el mundo.\" \/>\n<meta name=\"robots\" content=\"index, follow, max-snippet:-1, max-image-preview:large, max-video-preview:-1\" \/>\n<link rel=\"canonical\" href=\"https:\/\/mompornonly.com\/de\/mom-porn-hd\/\" \/>\n<meta property=\"og:locale\" content=\"es_ES\" \/>\n<meta property=\"og:type\" content=\"article\" \/>\n<meta property=\"og:title\" content=\"The best mom porn HD videos are on MomPornOnly.com ! | BEST MILF VIDEOS PORN HD - MomPornOnly [fr]The best mom porn HD videos are on MomPornOnly.com ! | MEILLEURES MILF VIDEOS PORNO HD - MomPornOnly [\/fr] [de]The best mom porn HD videos are on MomPornOnly.com ! | BESTE MILF VIDEOS PORN HD - MomPornOnly [\/de] [es]The best mom porn HD videos are on MomPornOnly.com ! | MEJORES VIDEOS DE LA MILF PORNO HD - MomPornOnly [\/es] [it]The best mom porn HD videos are on MomPornOnly.com ! | MIGLIORI VIDEO PORNO MILF HD - MomPornOnly [\/it]\" \/>\n<meta property=\"og:description\" content=\"Watch thousands of mom porn hd videos for free on MomPornOnly.com the best tube site milf porn related in the world ! [fr]Regardez des milliers de vid\u00e9os hd de m\u00e8res porno gratuitement sur MomPornOnly.com, le meilleur site de tubes sur le porno de m\u00e8res dans le monde [\/fr] [de]Sehen Sie Tausende von Mama Porno hd Videos kostenlos auf MomPornOnly.com die beste Tube Website Milf Porno in der Welt im Zusammenhang [\/de] [es]Mira miles de videos pornogr\u00e1ficos de mam\u00e1 gratis en MomPornOnly.com, el mejor sitio de videos pornogr\u00e1ficos de mam\u00e1 en el mundo. [\/es] [it]Guarda migliaia di video di mamma porno hd gratis su MomPornOnly.com il miglior sito di tube milf porno correlate al mondo [\/it]\" \/>\n<meta property=\"og:url\" content=\"https:\/\/mompornonly.com\/de\/mom-porn-hd\/\" \/>\n<meta property=\"og:site_name\" content=\"MomPornOnly\" \/>\n<meta property=\"article:publisher\" content=\"https:\/\/www.facebook.com\/momponly\/\" \/>\n<meta property=\"article:modified_time\" content=\"2021-01-05T19:15:37+00:00\" \/>\n<meta name=\"twitter:card\" content=\"summary_large_image\" \/>\n<meta name=\"twitter:site\" content=\"@mompornonly\" \/>\n<script type=\"application\/ld+json\" class=\"yoast-schema-graph\">{\"@context\":\"https:\\\/\\\/schema.org\",\"@graph\":[{\"@type\":\"WebPage\",\"@id\":\"https:\\\/\\\/mompornonly.com\\\/de\\\/mom-porn-hd\\\/\",\"url\":\"https:\\\/\\\/mompornonly.com\\\/de\\\/mom-porn-hd\\\/\",\"name\":\"The best mom porn HD videos are on MomPornOnly.com ! | BEST MILF VIDEOS PORN HD - MomPornOnly [fr]The best mom porn HD videos are on MomPornOnly.com ! | MEILLEURES MILF VIDEOS PORNO HD - MomPornOnly [\\\/fr] [de]The best mom porn HD videos are on MomPornOnly.com ! | BESTE MILF VIDEOS PORN HD - MomPornOnly [\\\/de] [es]The best mom porn HD videos are on MomPornOnly.com ! | MEJORES VIDEOS DE LA MILF PORNO HD - MomPornOnly [\\\/es] [it]The best mom porn HD videos are on MomPornOnly.com ! | MIGLIORI VIDEO PORNO MILF HD - MomPornOnly [\\\/it]\",\"isPartOf\":{\"@id\":\"https:\\\/\\\/mompornonly.com\\\/#website\"},\"datePublished\":\"2021-01-05T18:30:44+00:00\",\"dateModified\":\"2021-01-05T19:15:37+00:00\",\"description\":\"Watch thousands of mom porn hd videos for free on MomPornOnly.com the best tube site milf porn related in the world ! [fr]Regardez des milliers de vid\u00e9os hd de m\u00e8res porno gratuitement sur MomPornOnly.com, le meilleur site de tubes sur le porno de m\u00e8res dans le monde [\\\/fr] [de]Sehen Sie Tausende von Mama Porno hd Videos kostenlos auf MomPornOnly.com die beste Tube Website Milf Porno in der Welt im Zusammenhang [\\\/de] [es]Mira miles de videos pornogr\u00e1ficos de mam\u00e1 gratis en MomPornOnly.com, el mejor sitio de videos pornogr\u00e1ficos de mam\u00e1 en el mundo. [\\\/es] [it]Guarda migliaia di video di mamma porno hd gratis su MomPornOnly.com il miglior sito di tube milf porno correlate al mondo [\\\/it]\",\"breadcrumb\":{\"@id\":\"https:\\\/\\\/mompornonly.com\\\/de\\\/mom-porn-hd\\\/#breadcrumb\"},\"inLanguage\":\"es-ES\",\"potentialAction\":[{\"@type\":\"ReadAction\",\"target\":[\"https:\\\/\\\/mompornonly.com\\\/de\\\/mom-porn-hd\\\/\"]}]},{\"@type\":\"BreadcrumbList\",\"@id\":\"https:\\\/\\\/mompornonly.com\\\/de\\\/mom-porn-hd\\\/#breadcrumb\",\"itemListElement\":[{\"@type\":\"ListItem\",\"position\":1,\"name\":\"Accueil\",\"item\":\"https:\\\/\\\/mompornonly.com\\\/\"},{\"@type\":\"ListItem\",\"position\":2,\"name\":\"The best mom porn HD videos are on MomPornOnly.com !\"}]},{\"@type\":\"WebSite\",\"@id\":\"https:\\\/\\\/mompornonly.com\\\/#website\",\"url\":\"https:\\\/\\\/mompornonly.com\\\/\",\"name\":\"MomPornOnly\",\"description\":\"Mompornonly.com is the best porn tube site ever with just moms and MILFs, the best XXX videos and free sex streaming.[fr]Mompornonly.com est le meilleur site de tubes porno avec seulement des mamans et  des MILF, les meilleures vid\u00e9os XXX et du streaming sexe gratuit.[\\\/fr][es]Mompornonly.com es el mejor sitio de tubos porno con mam\u00e1s y MILF, los mejores videos XXX y transmisi\u00f3n de sexo gratis.[\\\/es][de]Mompornonly.com ist die beste Porno-Tube-Site aller Zeiten mit nur M\u00fcttern und MILFs, den besten XXX-Videos und kostenlosem Sex-Streaming.[\\\/de][it]Mompornonly.com \u00e8 il miglior sito di porno tube di sempre con solo mamme e MILF, i migliori video XXX e lo streaming di sesso gratuito.[\\\/it]\",\"publisher\":{\"@id\":\"https:\\\/\\\/mompornonly.com\\\/#organization\"},\"potentialAction\":[{\"@type\":\"SearchAction\",\"target\":{\"@type\":\"EntryPoint\",\"urlTemplate\":\"https:\\\/\\\/mompornonly.com\\\/?s={search_term_string}\"},\"query-input\":{\"@type\":\"PropertyValueSpecification\",\"valueRequired\":true,\"valueName\":\"search_term_string\"}}],\"inLanguage\":\"es-ES\"},{\"@type\":\"Organization\",\"@id\":\"https:\\\/\\\/mompornonly.com\\\/#organization\",\"name\":\"MomPornOnly\",\"url\":\"https:\\\/\\\/mompornonly.com\\\/\",\"logo\":{\"@type\":\"ImageObject\",\"inLanguage\":\"es-ES\",\"@id\":\"https:\\\/\\\/mompornonly.com\\\/#\\\/schema\\\/logo\\\/image\\\/\",\"url\":\"https:\\\/\\\/mompornonly.com\\\/wp-content\\\/uploads\\\/2020\\\/05\\\/logomompornonly.png\",\"contentUrl\":\"https:\\\/\\\/mompornonly.com\\\/wp-content\\\/uploads\\\/2020\\\/05\\\/logomompornonly.png\",\"width\":792,\"height\":446,\"caption\":\"MomPornOnly\"},\"image\":{\"@id\":\"https:\\\/\\\/mompornonly.com\\\/#\\\/schema\\\/logo\\\/image\\\/\"},\"sameAs\":[\"https:\\\/\\\/www.facebook.com\\\/momponly\\\/\",\"https:\\\/\\\/x.com\\\/mompornonly\",\"https:\\\/\\\/www.instagram.com\\\/mpo_com\\\/\"]}]}<\/script>\n<!-- \/ Yoast SEO plugin. -->","yoast_head_json":{"title":"The best mom porn HD videos are on MomPornOnly.com ! | MEJORES VIDEOS DE LA MILF PORNO HD - MomPornOnly","description":"Mira miles de videos pornogr\u00e1ficos de mam\u00e1 gratis en MomPornOnly.com, el mejor sitio de videos pornogr\u00e1ficos de mam\u00e1 en el mundo.","robots":{"index":"index","follow":"follow","max-snippet":"max-snippet:-1","max-image-preview":"max-image-preview:large","max-video-preview":"max-video-preview:-1"},"canonical":"https:\/\/mompornonly.com\/de\/mom-porn-hd\/","og_locale":"es_ES","og_type":"article","og_title":"The best mom porn HD videos are on MomPornOnly.com ! | BEST MILF VIDEOS PORN HD - MomPornOnly [fr]The best mom porn HD videos are on MomPornOnly.com ! | MEILLEURES MILF VIDEOS PORNO HD - MomPornOnly [\/fr] [de]The best mom porn HD videos are on MomPornOnly.com ! | BESTE MILF VIDEOS PORN HD - MomPornOnly [\/de] [es]The best mom porn HD videos are on MomPornOnly.com ! | MEJORES VIDEOS DE LA MILF PORNO HD - MomPornOnly [\/es] [it]The best mom porn HD videos are on MomPornOnly.com ! | MIGLIORI VIDEO PORNO MILF HD - MomPornOnly [\/it]","og_description":"Watch thousands of mom porn hd videos for free on MomPornOnly.com the best tube site milf porn related in the world ! [fr]Regardez des milliers de vid\u00e9os hd de m\u00e8res porno gratuitement sur MomPornOnly.com, le meilleur site de tubes sur le porno de m\u00e8res dans le monde [\/fr] [de]Sehen Sie Tausende von Mama Porno hd Videos kostenlos auf MomPornOnly.com die beste Tube Website Milf Porno in der Welt im Zusammenhang [\/de] [es]Mira miles de videos pornogr\u00e1ficos de mam\u00e1 gratis en MomPornOnly.com, el mejor sitio de videos pornogr\u00e1ficos de mam\u00e1 en el mundo. [\/es] [it]Guarda migliaia di video di mamma porno hd gratis su MomPornOnly.com il miglior sito di tube milf porno correlate al mondo [\/it]","og_url":"https:\/\/mompornonly.com\/de\/mom-porn-hd\/","og_site_name":"MomPornOnly","article_publisher":"https:\/\/www.facebook.com\/momponly\/","article_modified_time":"2021-01-05T19:15:37+00:00","twitter_card":"summary_large_image","twitter_site":"@mompornonly","schema":{"@context":"https:\/\/schema.org","@graph":[{"@type":"WebPage","@id":"https:\/\/mompornonly.com\/de\/mom-porn-hd\/","url":"https:\/\/mompornonly.com\/de\/mom-porn-hd\/","name":"The best mom porn HD videos are on MomPornOnly.com ! | BEST MILF VIDEOS PORN HD - MomPornOnly [fr]The best mom porn HD videos are on MomPornOnly.com ! | MEILLEURES MILF VIDEOS PORNO HD - MomPornOnly [\/fr] [de]The best mom porn HD videos are on MomPornOnly.com ! | BESTE MILF VIDEOS PORN HD - MomPornOnly [\/de] [es]The best mom porn HD videos are on MomPornOnly.com ! | MEJORES VIDEOS DE LA MILF PORNO HD - MomPornOnly [\/es] [it]The best mom porn HD videos are on MomPornOnly.com ! | MIGLIORI VIDEO PORNO MILF HD - MomPornOnly [\/it]","isPartOf":{"@id":"https:\/\/mompornonly.com\/#website"},"datePublished":"2021-01-05T18:30:44+00:00","dateModified":"2021-01-05T19:15:37+00:00","description":"Watch thousands of mom porn hd videos for free on MomPornOnly.com the best tube site milf porn related in the world ! [fr]Regardez des milliers de vid\u00e9os hd de m\u00e8res porno gratuitement sur MomPornOnly.com, le meilleur site de tubes sur le porno de m\u00e8res dans le monde [\/fr] [de]Sehen Sie Tausende von Mama Porno hd Videos kostenlos auf MomPornOnly.com die beste Tube Website Milf Porno in der Welt im Zusammenhang [\/de] [es]Mira miles de videos pornogr\u00e1ficos de mam\u00e1 gratis en MomPornOnly.com, el mejor sitio de videos pornogr\u00e1ficos de mam\u00e1 en el mundo. [\/es] [it]Guarda migliaia di video di mamma porno hd gratis su MomPornOnly.com il miglior sito di tube milf porno correlate al mondo [\/it]","breadcrumb":{"@id":"https:\/\/mompornonly.com\/de\/mom-porn-hd\/#breadcrumb"},"inLanguage":"es-ES","potentialAction":[{"@type":"ReadAction","target":["https:\/\/mompornonly.com\/de\/mom-porn-hd\/"]}]},{"@type":"BreadcrumbList","@id":"https:\/\/mompornonly.com\/de\/mom-porn-hd\/#breadcrumb","itemListElement":[{"@type":"ListItem","position":1,"name":"Accueil","item":"https:\/\/mompornonly.com\/"},{"@type":"ListItem","position":2,"name":"The best mom porn HD videos are on MomPornOnly.com !"}]},{"@type":"WebSite","@id":"https:\/\/mompornonly.com\/#website","url":"https:\/\/mompornonly.com\/","name":"MomPornOnly","description":"Mompornonly.com is the best porn tube site ever with just moms and MILFs, the best XXX videos and free sex streaming.[fr]Mompornonly.com est le meilleur site de tubes porno avec seulement des mamans et  des MILF, les meilleures vid\u00e9os XXX et du streaming sexe gratuit.[\/fr][es]Mompornonly.com es el mejor sitio de tubos porno con mam\u00e1s y MILF, los mejores videos XXX y transmisi\u00f3n de sexo gratis.[\/es][de]Mompornonly.com ist die beste Porno-Tube-Site aller Zeiten mit nur M\u00fcttern und MILFs, den besten XXX-Videos und kostenlosem Sex-Streaming.[\/de][it]Mompornonly.com \u00e8 il miglior sito di porno tube di sempre con solo mamme e MILF, i migliori video XXX e lo streaming di sesso gratuito.[\/it]","publisher":{"@id":"https:\/\/mompornonly.com\/#organization"},"potentialAction":[{"@type":"SearchAction","target":{"@type":"EntryPoint","urlTemplate":"https:\/\/mompornonly.com\/?s={search_term_string}"},"query-input":{"@type":"PropertyValueSpecification","valueRequired":true,"valueName":"search_term_string"}}],"inLanguage":"es-ES"},{"@type":"Organization","@id":"https:\/\/mompornonly.com\/#organization","name":"MomPornOnly","url":"https:\/\/mompornonly.com\/","logo":{"@type":"ImageObject","inLanguage":"es-ES","@id":"https:\/\/mompornonly.com\/#\/schema\/logo\/image\/","url":"https:\/\/mompornonly.com\/wp-content\/uploads\/2020\/05\/logomompornonly.png","contentUrl":"https:\/\/mompornonly.com\/wp-content\/uploads\/2020\/05\/logomompornonly.png","width":792,"height":446,"caption":"MomPornOnly"},"image":{"@id":"https:\/\/mompornonly.com\/#\/schema\/logo\/image\/"},"sameAs":["https:\/\/www.facebook.com\/momponly\/","https:\/\/x.com\/mompornonly","https:\/\/www.instagram.com\/mpo_com\/"]}]}},"_links":{"self":[{"href":"https:\/\/mompornonly.com\/es\/wp-json\/wp\/v2\/pages\/8302","targetHints":{"allow":["GET"]}}],"collection":[{"href":"https:\/\/mompornonly.com\/es\/wp-json\/wp\/v2\/pages"}],"about":[{"href":"https:\/\/mompornonly.com\/es\/wp-json\/wp\/v2\/types\/page"}],"author":[{"embeddable":true,"href":"https:\/\/mompornonly.com\/es\/wp-json\/wp\/v2\/users\/3"}],"replies":[{"embeddable":true,"href":"https:\/\/mompornonly.com\/es\/wp-json\/wp\/v2\/comments?post=8302"}],"version-history":[{"count":7,"href":"https:\/\/mompornonly.com\/es\/wp-json\/wp\/v2\/pages\/8302\/revisions"}],"predecessor-version":[{"id":8313,"href":"https:\/\/mompornonly.com\/es\/wp-json\/wp\/v2\/pages\/8302\/revisions\/8313"}],"wp:attachment":[{"href":"https:\/\/mompornonly.com\/es\/wp-json\/wp\/v2\/media?parent=8302"}],"curies":[{"name":"wp","href":"https:\/\/api.w.org\/{rel}","templated":true}]}}