{"id":7,"date":"2019-06-23T15:52:54","date_gmt":"2019-06-23T15:52:54","guid":{"rendered":"https:\/\/xfrenchies.com\/categories\/"},"modified":"2023-10-13T16:21:00","modified_gmt":"2023-10-13T14:21:00","slug":"categories","status":"publish","type":"page","link":"https:\/\/mompornonly.com\/es\/categories\/","title":{"rendered":"Cat\u00e9gories"},"content":{"rendered":"<h2>Bienvenido a MomPornOnly.com, el sitio porno de mam\u00e1 completamente gratis<\/h2>\n<p><strong> MomPornOnly <\/strong> se ha convertido recientemente en un jugador importante en <strong> transmisi\u00f3n gratuita de pornograf\u00eda <\/strong> con solo madres. Todos los d\u00edas, elegimos videos de <strong> madrastra <\/strong> de muy buena calidad para que nuestros usuarios est\u00e9n lo m\u00e1s satisfechos posible. En MomPornOnly, hay m\u00e1s de 42 categor\u00edas de videos XXX de mam\u00e1, podemos decir que hay algo para todos, desde el m\u00e1s suave hasta el m\u00e1s dif\u00edcil y si falta una categor\u00eda, siempre puede contactarnos para que se agregue y complete el horas que siguieron! <strong>MomPornOnly<\/strong> este es el lugar donde todas las mam\u00e1s m\u00e1s calientes y sexys son folladas de forma ilimitada y gratuita.<\/p>\n<p>En MomPornOnly.com podr\u00e1s encontrar tu felicidad con videos XXX de mam\u00e1 con grandes pechos. Si buscas el m\u00e1ximo placer, has venido al lugar correcto. Un deseo de milf sexy, caliente, con grandes pechos, un gran culo y buscando sexo gratis. Esta aqu\u00ed. Te gustan las MILFs grandes, as\u00ed que ve aqu\u00ed y encuentra tu felicidad: <a href=\"https:\/\/mompornonly.com\/es\/category\/big-ass\/\"> gran culo<\/a><br \/>\nPor supuesto, a diferencia de nuestros competidores como pornhub, xvideos, xhamster y muchos otros. \u00a1Todos nuestros videos XXX son completamente gratis!<\/p>\n<h2>MILF ilimitadas en MomPornOnly<\/h2>\n<p>Te gustan las mujeres maduras, las mam\u00e1s que tienen sexo con su hijo, las mujeres maduras que se vuelven policiales traslapadas por su hijo peque\u00f1o.<br \/>\nMadres con grandes pechos que hacen la polic\u00eda de los handjobs, a las madrastras que aman el mordisco de su hijastro. Ir a los amigos de su madre que unen al hijo y toman su gran polla en su gran culo. Puede encontrar todo esto en este paginas ilimitado 100% gratis. Los <strong>videos porno de mam\u00e1s m\u00e1s calientes<\/strong> est\u00e1n a solo un clic de distancia, as\u00ed que si\u00e9ntete libre y divi\u00e9rtete en Mompornonly.<\/p>\n<h2>\u00bfEst\u00e1s buscando madres que aprendan sexo?<\/h2>\n<p>La categor\u00eda <a href=\"https:\/\/mompornonly.com\/es\/category\/mom-teach-sex\/\">Mom Teach Sex<\/a> est\u00e1 disponible en nuestro sitio con una gran selecci\u00f3n de videos gratuitos y de alta definici\u00f3n. Te gusta el sexo inesperado donde la madre sorprende a su hijo masturb\u00e1ndose, luego en estado de shock por lo que se ha convertido en su propio hijo. Ella lo ayuda y lo masturba, luego \u00e9l toma medidas, y todo eso para el mayor placer de la madre y el hijo. As\u00ed que no lo dudes, tienes razones para MomPornOnly en esta direcci\u00f3n: <a href=\"https:\/\/mompornonly.com\/es\/category\/mom-teach-sex\/\">MomsTeachSex<\/a>. Puede encontrar <a title=\"Ver videos con la etiqueta cory chase\" href=\"https:\/\/mompornonly.com\/es\/tag\/cory-chase\/\"> Cory Chase <\/a>, <a title=\"Ver los videos con la etiqueta brandi love \" href=\"https:\/\/mompornonly.com\/es\/tag\/brandi-love\/\">Brandi Love <\/a> o <a title=\"Mira los videos con la etiqueta ashley alban\" href=\"https:\/\/mompornonly.com\/es\/tag\/ashley-alban\/\">Ashley Alban<\/a> y muchas otras MILFs que quieren polla.<\/p>\n<h2>Categor\u00edas de categor\u00edas y etiquetas acumuladas para usted<\/h2>\n<p>Le proporcionamos categor\u00edas y etiquetas de calidad para satisfacer sus necesidades tanto como sea posible. As\u00ed que comb\u00ednalos para obtener tu deseo m\u00e1s profundo, anal, tr\u00edo, flaco, abuelita, golondrina, corrida, mamada, paja, grandes tetas, gran culo y muchos m\u00e1s &#8230;<br \/>\nEstamos escuchando a nuestros usuarios, as\u00ed que no dude en contactarnos. \u00a1Espero que lo pases bien en MomPornOnly el video n. \u00b0 1 gratis y <strong> ilimitado de mam\u00e1 HD <\/strong>!<\/p>\n<h2>Los grandes nombres del porno en MomPornOnly<\/h2>\n<p>De hecho, eres un adicto al sexo, no te preocupes, reunimos todos los mejores videos XXX en HD y gratis de todos los estudios m\u00e1s grandes. Como <strong> MomsTeachSex <\/strong>, <strong> Mommys Girl <\/strong> o <strong> My Friends Hot Mom <\/strong>, <strong> Moms Bang Teen <\/strong> y muchos otros &#8230;<br \/>\nPrefieres videos de aficionados, no te preocupes, tenemos una gran oferta de videos de aficionados en HD y gratis, especialmente para ti. Se entiende que todos estos servicios est\u00e1n disponibles de forma gratuita, \u00a1as\u00ed que aproveche!<br \/>\n\u00bfTe gusta masturbarte delante de la chica de las c\u00e1maras? MomPornOnly tambi\u00e9n te ofrece esta posibilidad con la \u00e9lite de las c\u00e1maras de chicas m\u00e1s calientes y traviesas que existen.<br \/>\nPara resumir, simplemente diremos que puede encontrar todo lo que desea en nuestro sitio, se instala una barra de b\u00fasqueda para su mayor felicidad. Desde videos HD XXX de estudio gratuitos hasta videos amateur de mam\u00e1s muy calientes que aman la polla. \u00a1<strong> TODO <\/strong> es posible, as\u00ed que divi\u00e9rtete y cumple tus fantas\u00edas m\u00e1s salvajes!<br \/>\nSi prefieres los videos de chicas francesas muy calientes, \u00a1te ofrecemos, para satisfacer tus necesidades, un sitio que ofrece videos XXX 100% franceses y gratis! No nos agradezca: <a href=\"https:\/\/xfrenchies.com\/\" rel=\"dofollow noopener noreferrer\" target=\"_blank\"> xFrenchies <\/a> tambi\u00e9n puede tenerlo en su idioma: <a href=\"https:\/\/xfrenchies.com\/es\/\" rel=\"dofollow noopener noreferrer\" target=\"_blank\"> xFrenchies ES <\/a><\/p>\n","protected":false},"excerpt":{"rendered":"<p>Bienvenido a MomPornOnly.com, el sitio porno de mam\u00e1 completamente gratis MomPornOnly se ha convertido recientemente en un jugador importante en transmisi\u00f3n gratuita de pornograf\u00eda con solo madres. Todos los d\u00edas, elegimos videos de madrastra de muy buena calidad para que nuestros usuarios est\u00e9n lo m\u00e1s satisfechos posible. En MomPornOnly, hay m\u00e1s de 42 categor\u00edas de [&hellip;]<\/p>\n","protected":false},"author":1,"featured_media":0,"parent":0,"menu_order":0,"comment_status":"closed","ping_status":"closed","template":"templates\/template-categories.php","meta":{"ep_exclude_from_search":false,"footnotes":""},"class_list":["post-7","page","type-page","status-publish","hentry"],"yoast_head":"<!-- This site is optimized with the Yoast SEO plugin v27.4 - https:\/\/yoast.com\/product\/yoast-seo-wordpress\/ -->\n<title>Lo mejor de mam\u00e1 PORNO ordenado por categor\u00edas | Mom Porn Only<\/title>\n<meta name=\"description\" content=\"En Mom Porn Only, puedes descubrir videos porno gratis sobre mam\u00e1s, buenas MILFs y madrastras folladas clasificadas con tus categor\u00edas de porno favoritas\" \/>\n<meta name=\"robots\" content=\"index, follow, max-snippet:-1, max-image-preview:large, max-video-preview:-1\" \/>\n<link rel=\"canonical\" href=\"https:\/\/mompornonly.com\/categories\/\" \/>\n<meta property=\"og:locale\" content=\"es_ES\" \/>\n<meta property=\"og:type\" content=\"article\" \/>\n<meta property=\"og:title\" content=\"The best of Mom PORN sorted by categories | Mom Porn Only[fr]Le meilleur du Porno sur les m\u00e8res tri\u00e9 par cat\u00e9gories | Mom Porn Only[\/fr][es]Lo mejor de mam\u00e1 PORNO ordenado por categor\u00edas | Mom Porn Only[\/es][de]Das Beste von Mama PORN sortiert nach Kategorien | Mom Porn Only[\/de][it]Il meglio di Mamma PORN ordinati per categorie | Mom Porn Only[\/it]\" \/>\n<meta property=\"og:description\" content=\"On Mom Porn Only, you can discover free porn videos on Moms, good MILFs and stepmom fucks sorted with your favorite porn categories[fr]Sur Mom Porn Only, tu peux d\u00e9couvrir des vid\u00e9os porno gratuites sur les Mamans, les bonnes MILFs et la baise de belle m\u00e8re tri\u00e9s avec tes cat\u00e9gories porno pr\u00e9f\u00e9r\u00e9es[\/fr][es]En Mom Porn Only, puedes descubrir videos porno gratis sobre mam\u00e1s, buenas MILFs y madrastras folladas clasificadas con tus categor\u00edas de porno favoritas[\/es][de]Bei Mom Porn Only k\u00f6nnen Sie kostenlose Pornovideos zu Moms, guten MILFs und Stiefmutterficks entdecken, die nach Ihren Lieblingspornokategorien sortiert sind[\/de][it]Solo su Mom Porn Only, puoi scoprire video porno gratuiti su mamme, buoni MILF e scopate di matrigna ordinati con le tue categorie porno preferite[\/it]\" \/>\n<meta property=\"og:url\" content=\"https:\/\/mompornonly.com\/categories\/\" \/>\n<meta property=\"og:site_name\" content=\"MomPornOnly\" \/>\n<meta property=\"article:publisher\" content=\"https:\/\/www.facebook.com\/momponly\/\" \/>\n<meta property=\"article:modified_time\" content=\"2023-10-13T14:21:00+00:00\" \/>\n<meta name=\"twitter:card\" content=\"summary_large_image\" \/>\n<meta name=\"twitter:site\" content=\"@mompornonly\" \/>\n<script type=\"application\/ld+json\" class=\"yoast-schema-graph\">{\"@context\":\"https:\\\/\\\/schema.org\",\"@graph\":[{\"@type\":\"WebPage\",\"@id\":\"https:\\\/\\\/mompornonly.com\\\/categories\\\/\",\"url\":\"https:\\\/\\\/mompornonly.com\\\/categories\\\/\",\"name\":\"The best of Mom PORN sorted by categories | Mom Porn Only[fr]Le meilleur du Porno sur les m\u00e8res tri\u00e9 par cat\u00e9gories | Mom Porn Only[\\\/fr][es]Lo mejor de mam\u00e1 PORNO ordenado por categor\u00edas | Mom Porn Only[\\\/es][de]Das Beste von Mama PORN sortiert nach Kategorien | Mom Porn Only[\\\/de][it]Il meglio di Mamma PORN ordinati per categorie | Mom Porn Only[\\\/it]\",\"isPartOf\":{\"@id\":\"https:\\\/\\\/mompornonly.com\\\/#website\"},\"datePublished\":\"2019-06-23T15:52:54+00:00\",\"dateModified\":\"2023-10-13T14:21:00+00:00\",\"description\":\"On Mom Porn Only, you can discover free porn videos on Moms, good MILFs and stepmom fucks sorted with your favorite porn categories[fr]Sur Mom Porn Only, tu peux d\u00e9couvrir des vid\u00e9os porno gratuites sur les Mamans, les bonnes MILFs et la baise de belle m\u00e8re tri\u00e9s avec tes cat\u00e9gories porno pr\u00e9f\u00e9r\u00e9es[\\\/fr][es]En Mom Porn Only, puedes descubrir videos porno gratis sobre mam\u00e1s, buenas MILFs y madrastras folladas clasificadas con tus categor\u00edas de porno favoritas[\\\/es][de]Bei Mom Porn Only k\u00f6nnen Sie kostenlose Pornovideos zu Moms, guten MILFs und Stiefmutterficks entdecken, die nach Ihren Lieblingspornokategorien sortiert sind[\\\/de][it]Solo su Mom Porn Only, puoi scoprire video porno gratuiti su mamme, buoni MILF e scopate di matrigna ordinati con le tue categorie porno preferite[\\\/it]\",\"breadcrumb\":{\"@id\":\"https:\\\/\\\/mompornonly.com\\\/categories\\\/#breadcrumb\"},\"inLanguage\":\"es-ES\",\"potentialAction\":[{\"@type\":\"ReadAction\",\"target\":[\"https:\\\/\\\/mompornonly.com\\\/categories\\\/\"]}]},{\"@type\":\"BreadcrumbList\",\"@id\":\"https:\\\/\\\/mompornonly.com\\\/categories\\\/#breadcrumb\",\"itemListElement\":[{\"@type\":\"ListItem\",\"position\":1,\"name\":\"Accueil\",\"item\":\"https:\\\/\\\/mompornonly.com\\\/\"},{\"@type\":\"ListItem\",\"position\":2,\"name\":\"Cat\u00e9gories\"}]},{\"@type\":\"WebSite\",\"@id\":\"https:\\\/\\\/mompornonly.com\\\/#website\",\"url\":\"https:\\\/\\\/mompornonly.com\\\/\",\"name\":\"MomPornOnly\",\"description\":\"Mompornonly.com is the best porn tube site ever with just moms and MILFs, the best XXX videos and free sex streaming.[fr]Mompornonly.com est le meilleur site de tubes porno avec seulement des mamans et  des MILF, les meilleures vid\u00e9os XXX et du streaming sexe gratuit.[\\\/fr][es]Mompornonly.com es el mejor sitio de tubos porno con mam\u00e1s y MILF, los mejores videos XXX y transmisi\u00f3n de sexo gratis.[\\\/es][de]Mompornonly.com ist die beste Porno-Tube-Site aller Zeiten mit nur M\u00fcttern und MILFs, den besten XXX-Videos und kostenlosem Sex-Streaming.[\\\/de][it]Mompornonly.com \u00e8 il miglior sito di porno tube di sempre con solo mamme e MILF, i migliori video XXX e lo streaming di sesso gratuito.[\\\/it]\",\"publisher\":{\"@id\":\"https:\\\/\\\/mompornonly.com\\\/#organization\"},\"potentialAction\":[{\"@type\":\"SearchAction\",\"target\":{\"@type\":\"EntryPoint\",\"urlTemplate\":\"https:\\\/\\\/mompornonly.com\\\/?s={search_term_string}\"},\"query-input\":{\"@type\":\"PropertyValueSpecification\",\"valueRequired\":true,\"valueName\":\"search_term_string\"}}],\"inLanguage\":\"es-ES\"},{\"@type\":\"Organization\",\"@id\":\"https:\\\/\\\/mompornonly.com\\\/#organization\",\"name\":\"MomPornOnly\",\"url\":\"https:\\\/\\\/mompornonly.com\\\/\",\"logo\":{\"@type\":\"ImageObject\",\"inLanguage\":\"es-ES\",\"@id\":\"https:\\\/\\\/mompornonly.com\\\/#\\\/schema\\\/logo\\\/image\\\/\",\"url\":\"https:\\\/\\\/mompornonly.com\\\/wp-content\\\/uploads\\\/2020\\\/05\\\/logomompornonly.png\",\"contentUrl\":\"https:\\\/\\\/mompornonly.com\\\/wp-content\\\/uploads\\\/2020\\\/05\\\/logomompornonly.png\",\"width\":792,\"height\":446,\"caption\":\"MomPornOnly\"},\"image\":{\"@id\":\"https:\\\/\\\/mompornonly.com\\\/#\\\/schema\\\/logo\\\/image\\\/\"},\"sameAs\":[\"https:\\\/\\\/www.facebook.com\\\/momponly\\\/\",\"https:\\\/\\\/x.com\\\/mompornonly\",\"https:\\\/\\\/www.instagram.com\\\/mpo_com\\\/\"]}]}<\/script>\n<!-- \/ Yoast SEO plugin. -->","yoast_head_json":{"title":"Lo mejor de mam\u00e1 PORNO ordenado por categor\u00edas | Mom Porn Only","description":"En Mom Porn Only, puedes descubrir videos porno gratis sobre mam\u00e1s, buenas MILFs y madrastras folladas clasificadas con tus categor\u00edas de porno favoritas","robots":{"index":"index","follow":"follow","max-snippet":"max-snippet:-1","max-image-preview":"max-image-preview:large","max-video-preview":"max-video-preview:-1"},"canonical":"https:\/\/mompornonly.com\/categories\/","og_locale":"es_ES","og_type":"article","og_title":"The best of Mom PORN sorted by categories | Mom Porn Only[fr]Le meilleur du Porno sur les m\u00e8res tri\u00e9 par cat\u00e9gories | Mom Porn Only[\/fr][es]Lo mejor de mam\u00e1 PORNO ordenado por categor\u00edas | Mom Porn Only[\/es][de]Das Beste von Mama PORN sortiert nach Kategorien | Mom Porn Only[\/de][it]Il meglio di Mamma PORN ordinati per categorie | Mom Porn Only[\/it]","og_description":"On Mom Porn Only, you can discover free porn videos on Moms, good MILFs and stepmom fucks sorted with your favorite porn categories[fr]Sur Mom Porn Only, tu peux d\u00e9couvrir des vid\u00e9os porno gratuites sur les Mamans, les bonnes MILFs et la baise de belle m\u00e8re tri\u00e9s avec tes cat\u00e9gories porno pr\u00e9f\u00e9r\u00e9es[\/fr][es]En Mom Porn Only, puedes descubrir videos porno gratis sobre mam\u00e1s, buenas MILFs y madrastras folladas clasificadas con tus categor\u00edas de porno favoritas[\/es][de]Bei Mom Porn Only k\u00f6nnen Sie kostenlose Pornovideos zu Moms, guten MILFs und Stiefmutterficks entdecken, die nach Ihren Lieblingspornokategorien sortiert sind[\/de][it]Solo su Mom Porn Only, puoi scoprire video porno gratuiti su mamme, buoni MILF e scopate di matrigna ordinati con le tue categorie porno preferite[\/it]","og_url":"https:\/\/mompornonly.com\/categories\/","og_site_name":"MomPornOnly","article_publisher":"https:\/\/www.facebook.com\/momponly\/","article_modified_time":"2023-10-13T14:21:00+00:00","twitter_card":"summary_large_image","twitter_site":"@mompornonly","schema":{"@context":"https:\/\/schema.org","@graph":[{"@type":"WebPage","@id":"https:\/\/mompornonly.com\/categories\/","url":"https:\/\/mompornonly.com\/categories\/","name":"The best of Mom PORN sorted by categories | Mom Porn Only[fr]Le meilleur du Porno sur les m\u00e8res tri\u00e9 par cat\u00e9gories | Mom Porn Only[\/fr][es]Lo mejor de mam\u00e1 PORNO ordenado por categor\u00edas | Mom Porn Only[\/es][de]Das Beste von Mama PORN sortiert nach Kategorien | Mom Porn Only[\/de][it]Il meglio di Mamma PORN ordinati per categorie | Mom Porn Only[\/it]","isPartOf":{"@id":"https:\/\/mompornonly.com\/#website"},"datePublished":"2019-06-23T15:52:54+00:00","dateModified":"2023-10-13T14:21:00+00:00","description":"On Mom Porn Only, you can discover free porn videos on Moms, good MILFs and stepmom fucks sorted with your favorite porn categories[fr]Sur Mom Porn Only, tu peux d\u00e9couvrir des vid\u00e9os porno gratuites sur les Mamans, les bonnes MILFs et la baise de belle m\u00e8re tri\u00e9s avec tes cat\u00e9gories porno pr\u00e9f\u00e9r\u00e9es[\/fr][es]En Mom Porn Only, puedes descubrir videos porno gratis sobre mam\u00e1s, buenas MILFs y madrastras folladas clasificadas con tus categor\u00edas de porno favoritas[\/es][de]Bei Mom Porn Only k\u00f6nnen Sie kostenlose Pornovideos zu Moms, guten MILFs und Stiefmutterficks entdecken, die nach Ihren Lieblingspornokategorien sortiert sind[\/de][it]Solo su Mom Porn Only, puoi scoprire video porno gratuiti su mamme, buoni MILF e scopate di matrigna ordinati con le tue categorie porno preferite[\/it]","breadcrumb":{"@id":"https:\/\/mompornonly.com\/categories\/#breadcrumb"},"inLanguage":"es-ES","potentialAction":[{"@type":"ReadAction","target":["https:\/\/mompornonly.com\/categories\/"]}]},{"@type":"BreadcrumbList","@id":"https:\/\/mompornonly.com\/categories\/#breadcrumb","itemListElement":[{"@type":"ListItem","position":1,"name":"Accueil","item":"https:\/\/mompornonly.com\/"},{"@type":"ListItem","position":2,"name":"Cat\u00e9gories"}]},{"@type":"WebSite","@id":"https:\/\/mompornonly.com\/#website","url":"https:\/\/mompornonly.com\/","name":"MomPornOnly","description":"Mompornonly.com is the best porn tube site ever with just moms and MILFs, the best XXX videos and free sex streaming.[fr]Mompornonly.com est le meilleur site de tubes porno avec seulement des mamans et  des MILF, les meilleures vid\u00e9os XXX et du streaming sexe gratuit.[\/fr][es]Mompornonly.com es el mejor sitio de tubos porno con mam\u00e1s y MILF, los mejores videos XXX y transmisi\u00f3n de sexo gratis.[\/es][de]Mompornonly.com ist die beste Porno-Tube-Site aller Zeiten mit nur M\u00fcttern und MILFs, den besten XXX-Videos und kostenlosem Sex-Streaming.[\/de][it]Mompornonly.com \u00e8 il miglior sito di porno tube di sempre con solo mamme e MILF, i migliori video XXX e lo streaming di sesso gratuito.[\/it]","publisher":{"@id":"https:\/\/mompornonly.com\/#organization"},"potentialAction":[{"@type":"SearchAction","target":{"@type":"EntryPoint","urlTemplate":"https:\/\/mompornonly.com\/?s={search_term_string}"},"query-input":{"@type":"PropertyValueSpecification","valueRequired":true,"valueName":"search_term_string"}}],"inLanguage":"es-ES"},{"@type":"Organization","@id":"https:\/\/mompornonly.com\/#organization","name":"MomPornOnly","url":"https:\/\/mompornonly.com\/","logo":{"@type":"ImageObject","inLanguage":"es-ES","@id":"https:\/\/mompornonly.com\/#\/schema\/logo\/image\/","url":"https:\/\/mompornonly.com\/wp-content\/uploads\/2020\/05\/logomompornonly.png","contentUrl":"https:\/\/mompornonly.com\/wp-content\/uploads\/2020\/05\/logomompornonly.png","width":792,"height":446,"caption":"MomPornOnly"},"image":{"@id":"https:\/\/mompornonly.com\/#\/schema\/logo\/image\/"},"sameAs":["https:\/\/www.facebook.com\/momponly\/","https:\/\/x.com\/mompornonly","https:\/\/www.instagram.com\/mpo_com\/"]}]}},"_links":{"self":[{"href":"https:\/\/mompornonly.com\/es\/wp-json\/wp\/v2\/pages\/7","targetHints":{"allow":["GET"]}}],"collection":[{"href":"https:\/\/mompornonly.com\/es\/wp-json\/wp\/v2\/pages"}],"about":[{"href":"https:\/\/mompornonly.com\/es\/wp-json\/wp\/v2\/types\/page"}],"author":[{"embeddable":true,"href":"https:\/\/mompornonly.com\/es\/wp-json\/wp\/v2\/users\/1"}],"replies":[{"embeddable":true,"href":"https:\/\/mompornonly.com\/es\/wp-json\/wp\/v2\/comments?post=7"}],"version-history":[{"count":1,"href":"https:\/\/mompornonly.com\/es\/wp-json\/wp\/v2\/pages\/7\/revisions"}],"predecessor-version":[{"id":13060,"href":"https:\/\/mompornonly.com\/es\/wp-json\/wp\/v2\/pages\/7\/revisions\/13060"}],"wp:attachment":[{"href":"https:\/\/mompornonly.com\/es\/wp-json\/wp\/v2\/media?parent=7"}],"curies":[{"name":"wp","href":"https:\/\/api.w.org\/{rel}","templated":true}]}}