{"id":6561,"date":"2020-05-06T16:36:37","date_gmt":"2020-05-06T14:36:37","guid":{"rendered":"https:\/\/mompornonly.com\/?page_id=6561"},"modified":"2023-10-13T16:26:44","modified_gmt":"2023-10-13T14:26:44","slug":"channels","status":"publish","type":"page","link":"https:\/\/mompornonly.com\/es\/channels\/","title":{"rendered":"Channels"},"content":{"rendered":"<h2>Una agrupaci\u00f3n de contenido de calidad de los sitios X<\/h2>\n<p>.<br \/>\nDebes estar pregunt\u00e1ndote para qu\u00e9 sirve esta p\u00e1gina, y lo averiguar\u00e1s. Es simplemente una p\u00e1gina que reagrupa para ustedes todos los sitios pornogr\u00e1ficos de moda del momento. Los tubos pornogr\u00e1ficos tienen el mejor contenido X del planeta, y especialmente para ti los hemos agrupado todos en esta p\u00e1gina. Con el \u00fanico prop\u00f3sito de que puedas disfrutar de los mejores videos en un solo lugar, sin necesidad de buscar durante horas. Agrupamos los videos por sitios, porque si quieres por ejemplo contenido de Pornhub exclusivamente y bien s\u00f3lo tendr\u00e1s que ir a la p\u00e1gina y pasar un buen rato. Eligiendo el video que te atraiga m\u00e1s, que tenga m\u00e1s vistas, o que te guste m\u00e1s o que sea m\u00e1s largo. Con MomPornOnly todo es posible, te facilitamos el acceso a los mejores v\u00eddeos pornogr\u00e1ficos todos los d\u00edas, as\u00ed que ven a tener el mejor sexo que hayas tenido.<\/p>\n<p>Seleccionamos nuestros v\u00eddeos con mucho cuidado para poder ofrecer a nuestros valiosos usuarios s\u00f3lo el contenido de mejor calidad. Reunimos los mejores videos y pel\u00edculas pornogr\u00e1ficas en nuestro sitio, pero tenemos muchos videos de calidad. Ya no sabes d\u00f3nde buscar, bueno, s\u00f3lo tienes que hacer clic en la pesta\u00f1a &#8220;canales&#8221; y encontrar\u00e1s exactamente<br \/>\name videos. S\u00f3lo ser\u00e1n ordenados por los sitios porno m\u00e1s famosos como <strong>Xvideos, XNXX, YouPorn, xHamster, Pornhuv,<\/strong> etc&#8230; Los mejores videos XXX de todos estos sitios estar\u00e1n en sus pantallas gracias al trabajo de nuestro riguroso equipo, que trabaja por una sola raz\u00f3n: satisfacer a nuestros usuarios. Es por eso que s\u00f3lo elegimos los videos y pel\u00edculas pornogr\u00e1ficas de mejor calidad. En MomPornOnly encontrar\u00e1s el mejor contenido con la mejor calidad, ya sea 720p, 1080p, FULL HD o 4K. Hacemos todo lo posible para asegurarnos de que te diviertas al m\u00e1ximo.<\/p>\n<h2>Ven y experimenta la m\u00e1xima diversi\u00f3n en MomPornOnly.<\/h2>\n<p>Probablemente ya has o\u00eddo hablar de los productores de la industria del porno, aunque no signifique nada para ti, pero puedo darte algunos nombres. Por ejemplo, si te dijera, Brazzers, bueno, todo el mundo conoce a este productor con estos guiones tan emocionantes. Aunque es el m\u00e1s conocido, no es el \u00fanico. \u00a1Y s\u00ed! Hay muchos de ellos por ejemplo, <strong>Blacked, Tushy, Naughty America, pero especialmente MomsTeachSex<\/strong> que ofrece escenarios impresionantes. Mam\u00e1s ultra sexys siendo folladas por su hijo, ya sea con la hija o la novia. Siempre es incre\u00edblemente excitante ver a una madre ense\u00f1ando sexo a los j\u00f3venes a trav\u00e9s de la pr\u00e1ctica. Como saben, enfocamos nuestro contenido en las madres porque sus grandes tetas y grandes culos nos hacen poner duros. Por eso no pod\u00edamos olvidarnos de ese productor de videos pornogr\u00e1ficos.<\/p>\n<p>Pero eso no significa que debamos subestimar los videos de las mam\u00e1s amateurs, que, hay que decirlo, son muy excitantes. Estas mujeres maduras tienen un hambre de polla que no se ve en ning\u00fan otro sitio. No hace falta que te repita que en MomPornOnly puedes ver a las mayores zorras de la historia del porno siendo folladas por j\u00f3venes. Follar con mujeres experimentadas siempre te ense\u00f1a unas cuantas cosas sobre c\u00f3mo hacer que una mujer venga, porque ver\u00e1s lo que les gusta a las mujeres m\u00e1s maduras. Especialmente cuando son tratadas con mucha firmeza y autoridad. As\u00ed que finalmente podemos decirte, el mejor sitio pornogr\u00e1fico del momento es <strong>MomPornOnly.com<\/strong>, as\u00ed que est\u00e1s en el mejor lugar para disfrutar de la mejor paja que has hecho. Sin embargo, si eres un usuario habitual, sabes lo divertido que son nuestros videos a diario. As\u00ed que tendremos todas las estrellas porno de los grandes canales a tu disposici\u00f3n. Todas las madres m\u00e1s traviesas y famosas como Brandi Love, Cory Chase, Nikki Brooks, y muchas otras estar\u00e1n all\u00ed para mostrarte sus hermosas formas.<\/p>\n","protected":false},"excerpt":{"rendered":"<p>Una agrupaci\u00f3n de contenido de calidad de los sitios X . Debes estar pregunt\u00e1ndote para qu\u00e9 sirve esta p\u00e1gina, y lo averiguar\u00e1s. Es simplemente una p\u00e1gina que reagrupa para ustedes todos los sitios pornogr\u00e1ficos de moda del momento. Los tubos pornogr\u00e1ficos tienen el mejor contenido X del planeta, y especialmente para ti los hemos agrupado [&hellip;]<\/p>\n","protected":false},"author":1,"featured_media":0,"parent":0,"menu_order":0,"comment_status":"closed","ping_status":"closed","template":"templates\/template-channels.php","meta":{"ep_exclude_from_search":false,"footnotes":""},"class_list":["post-6561","page","type-page","status-publish","hentry"],"yoast_head":"<!-- This site is optimized with the Yoast SEO plugin v27.4 - https:\/\/yoast.com\/product\/yoast-seo-wordpress\/ -->\n<title>Los mejores videos de tubos porno y productores XXX<\/title>\n<meta name=\"description\" content=\"Lo mejor del porno con sitios como Pornhub, xhamster y otros productores de porno y canales XXX con MILF como Brazzers en Mompornonly.com\" \/>\n<meta name=\"robots\" content=\"index, follow, max-snippet:-1, max-image-preview:large, max-video-preview:-1\" \/>\n<link rel=\"canonical\" href=\"https:\/\/mompornonly.com\/channels\/\" \/>\n<meta property=\"og:locale\" content=\"es_ES\" \/>\n<meta property=\"og:type\" content=\"article\" \/>\n<meta property=\"og:title\" content=\"Best porn tubes videos and XXX producers[fr]Meilleures vid\u00e9os de tubes porno et producteurs XXX[\/fr][es]Los mejores videos de tubos porno y productores XXX[\/es][de]Beste Porno Tube Videos und XXX Produzenten[\/de][it]I migliori video porno tube e produttori XXX[\/it]\" \/>\n<meta property=\"og:description\" content=\"The best of porn with sites like Pornhub, xhamster and other porn producers and XXX channels with MILFs like Brazzers on Mompornonly.com[fr]Le meilleur du porno avec des sites comme Pornhub, xhamster et d&#039;autres producteurs porno et cha\u00eenes XXX avec des MILF comme Brazzers sur Mompornonly.com[\/fr][es]Lo mejor del porno con sitios como Pornhub, xhamster y otros productores de porno y canales XXX con MILF como Brazzers en Mompornonly.com[\/es][de]Das Beste aus Pornos mit Websites wie Pornhub, xhamster und anderen Pornoproduzenten und XXX-Kan\u00e4len mit MILFs wie Brazzers auf Mompornonly.com[\/de][it]Il meglio del porno con siti come Pornhub, xhamster e altri produttori porno e canali XXX con MILF come Brazzers su Mompornonly.com[\/it]\" \/>\n<meta property=\"og:url\" content=\"https:\/\/mompornonly.com\/channels\/\" \/>\n<meta property=\"og:site_name\" content=\"MomPornOnly\" \/>\n<meta property=\"article:publisher\" content=\"https:\/\/www.facebook.com\/momponly\/\" \/>\n<meta property=\"article:modified_time\" content=\"2023-10-13T14:26:44+00:00\" \/>\n<meta name=\"twitter:card\" content=\"summary_large_image\" \/>\n<meta name=\"twitter:site\" content=\"@mompornonly\" \/>\n<script type=\"application\/ld+json\" class=\"yoast-schema-graph\">{\"@context\":\"https:\\\/\\\/schema.org\",\"@graph\":[{\"@type\":\"WebPage\",\"@id\":\"https:\\\/\\\/mompornonly.com\\\/channels\\\/\",\"url\":\"https:\\\/\\\/mompornonly.com\\\/channels\\\/\",\"name\":\"Best porn tubes videos and XXX producers[fr]Meilleures vid\u00e9os de tubes porno et producteurs XXX[\\\/fr][es]Los mejores videos de tubos porno y productores XXX[\\\/es][de]Beste Porno Tube Videos und XXX Produzenten[\\\/de][it]I migliori video porno tube e produttori XXX[\\\/it]\",\"isPartOf\":{\"@id\":\"https:\\\/\\\/mompornonly.com\\\/#website\"},\"datePublished\":\"2020-05-06T14:36:37+00:00\",\"dateModified\":\"2023-10-13T14:26:44+00:00\",\"description\":\"The best of porn with sites like Pornhub, xhamster and other porn producers and XXX channels with MILFs like Brazzers on Mompornonly.com[fr]Le meilleur du porno avec des sites comme Pornhub, xhamster et d'autres producteurs porno et cha\u00eenes XXX avec des MILF comme Brazzers sur Mompornonly.com[\\\/fr][es]Lo mejor del porno con sitios como Pornhub, xhamster y otros productores de porno y canales XXX con MILF como Brazzers en Mompornonly.com[\\\/es][de]Das Beste aus Pornos mit Websites wie Pornhub, xhamster und anderen Pornoproduzenten und XXX-Kan\u00e4len mit MILFs wie Brazzers auf Mompornonly.com[\\\/de][it]Il meglio del porno con siti come Pornhub, xhamster e altri produttori porno e canali XXX con MILF come Brazzers su Mompornonly.com[\\\/it]\",\"breadcrumb\":{\"@id\":\"https:\\\/\\\/mompornonly.com\\\/channels\\\/#breadcrumb\"},\"inLanguage\":\"es-ES\",\"potentialAction\":[{\"@type\":\"ReadAction\",\"target\":[\"https:\\\/\\\/mompornonly.com\\\/channels\\\/\"]}]},{\"@type\":\"BreadcrumbList\",\"@id\":\"https:\\\/\\\/mompornonly.com\\\/channels\\\/#breadcrumb\",\"itemListElement\":[{\"@type\":\"ListItem\",\"position\":1,\"name\":\"Accueil\",\"item\":\"https:\\\/\\\/mompornonly.com\\\/\"},{\"@type\":\"ListItem\",\"position\":2,\"name\":\"Channels\"}]},{\"@type\":\"WebSite\",\"@id\":\"https:\\\/\\\/mompornonly.com\\\/#website\",\"url\":\"https:\\\/\\\/mompornonly.com\\\/\",\"name\":\"MomPornOnly\",\"description\":\"Mompornonly.com is the best porn tube site ever with just moms and MILFs, the best XXX videos and free sex streaming.[fr]Mompornonly.com est le meilleur site de tubes porno avec seulement des mamans et  des MILF, les meilleures vid\u00e9os XXX et du streaming sexe gratuit.[\\\/fr][es]Mompornonly.com es el mejor sitio de tubos porno con mam\u00e1s y MILF, los mejores videos XXX y transmisi\u00f3n de sexo gratis.[\\\/es][de]Mompornonly.com ist die beste Porno-Tube-Site aller Zeiten mit nur M\u00fcttern und MILFs, den besten XXX-Videos und kostenlosem Sex-Streaming.[\\\/de][it]Mompornonly.com \u00e8 il miglior sito di porno tube di sempre con solo mamme e MILF, i migliori video XXX e lo streaming di sesso gratuito.[\\\/it]\",\"publisher\":{\"@id\":\"https:\\\/\\\/mompornonly.com\\\/#organization\"},\"potentialAction\":[{\"@type\":\"SearchAction\",\"target\":{\"@type\":\"EntryPoint\",\"urlTemplate\":\"https:\\\/\\\/mompornonly.com\\\/?s={search_term_string}\"},\"query-input\":{\"@type\":\"PropertyValueSpecification\",\"valueRequired\":true,\"valueName\":\"search_term_string\"}}],\"inLanguage\":\"es-ES\"},{\"@type\":\"Organization\",\"@id\":\"https:\\\/\\\/mompornonly.com\\\/#organization\",\"name\":\"MomPornOnly\",\"url\":\"https:\\\/\\\/mompornonly.com\\\/\",\"logo\":{\"@type\":\"ImageObject\",\"inLanguage\":\"es-ES\",\"@id\":\"https:\\\/\\\/mompornonly.com\\\/#\\\/schema\\\/logo\\\/image\\\/\",\"url\":\"https:\\\/\\\/mompornonly.com\\\/wp-content\\\/uploads\\\/2020\\\/05\\\/logomompornonly.png\",\"contentUrl\":\"https:\\\/\\\/mompornonly.com\\\/wp-content\\\/uploads\\\/2020\\\/05\\\/logomompornonly.png\",\"width\":792,\"height\":446,\"caption\":\"MomPornOnly\"},\"image\":{\"@id\":\"https:\\\/\\\/mompornonly.com\\\/#\\\/schema\\\/logo\\\/image\\\/\"},\"sameAs\":[\"https:\\\/\\\/www.facebook.com\\\/momponly\\\/\",\"https:\\\/\\\/x.com\\\/mompornonly\",\"https:\\\/\\\/www.instagram.com\\\/mpo_com\\\/\"]}]}<\/script>\n<!-- \/ Yoast SEO plugin. -->","yoast_head_json":{"title":"Los mejores videos de tubos porno y productores XXX","description":"Lo mejor del porno con sitios como Pornhub, xhamster y otros productores de porno y canales XXX con MILF como Brazzers en Mompornonly.com","robots":{"index":"index","follow":"follow","max-snippet":"max-snippet:-1","max-image-preview":"max-image-preview:large","max-video-preview":"max-video-preview:-1"},"canonical":"https:\/\/mompornonly.com\/channels\/","og_locale":"es_ES","og_type":"article","og_title":"Best porn tubes videos and XXX producers[fr]Meilleures vid\u00e9os de tubes porno et producteurs XXX[\/fr][es]Los mejores videos de tubos porno y productores XXX[\/es][de]Beste Porno Tube Videos und XXX Produzenten[\/de][it]I migliori video porno tube e produttori XXX[\/it]","og_description":"The best of porn with sites like Pornhub, xhamster and other porn producers and XXX channels with MILFs like Brazzers on Mompornonly.com[fr]Le meilleur du porno avec des sites comme Pornhub, xhamster et d'autres producteurs porno et cha\u00eenes XXX avec des MILF comme Brazzers sur Mompornonly.com[\/fr][es]Lo mejor del porno con sitios como Pornhub, xhamster y otros productores de porno y canales XXX con MILF como Brazzers en Mompornonly.com[\/es][de]Das Beste aus Pornos mit Websites wie Pornhub, xhamster und anderen Pornoproduzenten und XXX-Kan\u00e4len mit MILFs wie Brazzers auf Mompornonly.com[\/de][it]Il meglio del porno con siti come Pornhub, xhamster e altri produttori porno e canali XXX con MILF come Brazzers su Mompornonly.com[\/it]","og_url":"https:\/\/mompornonly.com\/channels\/","og_site_name":"MomPornOnly","article_publisher":"https:\/\/www.facebook.com\/momponly\/","article_modified_time":"2023-10-13T14:26:44+00:00","twitter_card":"summary_large_image","twitter_site":"@mompornonly","schema":{"@context":"https:\/\/schema.org","@graph":[{"@type":"WebPage","@id":"https:\/\/mompornonly.com\/channels\/","url":"https:\/\/mompornonly.com\/channels\/","name":"Best porn tubes videos and XXX producers[fr]Meilleures vid\u00e9os de tubes porno et producteurs XXX[\/fr][es]Los mejores videos de tubos porno y productores XXX[\/es][de]Beste Porno Tube Videos und XXX Produzenten[\/de][it]I migliori video porno tube e produttori XXX[\/it]","isPartOf":{"@id":"https:\/\/mompornonly.com\/#website"},"datePublished":"2020-05-06T14:36:37+00:00","dateModified":"2023-10-13T14:26:44+00:00","description":"The best of porn with sites like Pornhub, xhamster and other porn producers and XXX channels with MILFs like Brazzers on Mompornonly.com[fr]Le meilleur du porno avec des sites comme Pornhub, xhamster et d'autres producteurs porno et cha\u00eenes XXX avec des MILF comme Brazzers sur Mompornonly.com[\/fr][es]Lo mejor del porno con sitios como Pornhub, xhamster y otros productores de porno y canales XXX con MILF como Brazzers en Mompornonly.com[\/es][de]Das Beste aus Pornos mit Websites wie Pornhub, xhamster und anderen Pornoproduzenten und XXX-Kan\u00e4len mit MILFs wie Brazzers auf Mompornonly.com[\/de][it]Il meglio del porno con siti come Pornhub, xhamster e altri produttori porno e canali XXX con MILF come Brazzers su Mompornonly.com[\/it]","breadcrumb":{"@id":"https:\/\/mompornonly.com\/channels\/#breadcrumb"},"inLanguage":"es-ES","potentialAction":[{"@type":"ReadAction","target":["https:\/\/mompornonly.com\/channels\/"]}]},{"@type":"BreadcrumbList","@id":"https:\/\/mompornonly.com\/channels\/#breadcrumb","itemListElement":[{"@type":"ListItem","position":1,"name":"Accueil","item":"https:\/\/mompornonly.com\/"},{"@type":"ListItem","position":2,"name":"Channels"}]},{"@type":"WebSite","@id":"https:\/\/mompornonly.com\/#website","url":"https:\/\/mompornonly.com\/","name":"MomPornOnly","description":"Mompornonly.com is the best porn tube site ever with just moms and MILFs, the best XXX videos and free sex streaming.[fr]Mompornonly.com est le meilleur site de tubes porno avec seulement des mamans et  des MILF, les meilleures vid\u00e9os XXX et du streaming sexe gratuit.[\/fr][es]Mompornonly.com es el mejor sitio de tubos porno con mam\u00e1s y MILF, los mejores videos XXX y transmisi\u00f3n de sexo gratis.[\/es][de]Mompornonly.com ist die beste Porno-Tube-Site aller Zeiten mit nur M\u00fcttern und MILFs, den besten XXX-Videos und kostenlosem Sex-Streaming.[\/de][it]Mompornonly.com \u00e8 il miglior sito di porno tube di sempre con solo mamme e MILF, i migliori video XXX e lo streaming di sesso gratuito.[\/it]","publisher":{"@id":"https:\/\/mompornonly.com\/#organization"},"potentialAction":[{"@type":"SearchAction","target":{"@type":"EntryPoint","urlTemplate":"https:\/\/mompornonly.com\/?s={search_term_string}"},"query-input":{"@type":"PropertyValueSpecification","valueRequired":true,"valueName":"search_term_string"}}],"inLanguage":"es-ES"},{"@type":"Organization","@id":"https:\/\/mompornonly.com\/#organization","name":"MomPornOnly","url":"https:\/\/mompornonly.com\/","logo":{"@type":"ImageObject","inLanguage":"es-ES","@id":"https:\/\/mompornonly.com\/#\/schema\/logo\/image\/","url":"https:\/\/mompornonly.com\/wp-content\/uploads\/2020\/05\/logomompornonly.png","contentUrl":"https:\/\/mompornonly.com\/wp-content\/uploads\/2020\/05\/logomompornonly.png","width":792,"height":446,"caption":"MomPornOnly"},"image":{"@id":"https:\/\/mompornonly.com\/#\/schema\/logo\/image\/"},"sameAs":["https:\/\/www.facebook.com\/momponly\/","https:\/\/x.com\/mompornonly","https:\/\/www.instagram.com\/mpo_com\/"]}]}},"_links":{"self":[{"href":"https:\/\/mompornonly.com\/es\/wp-json\/wp\/v2\/pages\/6561","targetHints":{"allow":["GET"]}}],"collection":[{"href":"https:\/\/mompornonly.com\/es\/wp-json\/wp\/v2\/pages"}],"about":[{"href":"https:\/\/mompornonly.com\/es\/wp-json\/wp\/v2\/types\/page"}],"author":[{"embeddable":true,"href":"https:\/\/mompornonly.com\/es\/wp-json\/wp\/v2\/users\/1"}],"replies":[{"embeddable":true,"href":"https:\/\/mompornonly.com\/es\/wp-json\/wp\/v2\/comments?post=6561"}],"version-history":[{"count":2,"href":"https:\/\/mompornonly.com\/es\/wp-json\/wp\/v2\/pages\/6561\/revisions"}],"predecessor-version":[{"id":13068,"href":"https:\/\/mompornonly.com\/es\/wp-json\/wp\/v2\/pages\/6561\/revisions\/13068"}],"wp:attachment":[{"href":"https:\/\/mompornonly.com\/es\/wp-json\/wp\/v2\/media?parent=6561"}],"curies":[{"name":"wp","href":"https:\/\/api.w.org\/{rel}","templated":true}]}}