{"id":6379,"date":"2020-04-29T15:07:52","date_gmt":"2020-04-29T13:07:52","guid":{"rendered":"https:\/\/mompornonly.com\/?page_id=6379"},"modified":"2023-10-13T16:17:13","modified_gmt":"2023-10-13T14:17:13","slug":"albums","status":"publish","type":"page","link":"https:\/\/mompornonly.com\/es\/albums\/","title":{"rendered":"Photos"},"content":{"rendered":"<h2>Las mejores fotos e im\u00e1genes pornogr\u00e1ficas de mam\u00e1 ya est\u00e1n disponibles en MomPornOnly.<\/h2>\n<p>Porque era aburrido tener que cambiar de sitio para conseguir fotos. Porque habiendo encontrado <a href=\"https:\/\/mompornonly.com\/es\/\">MomPornOnly.com<\/a> finalmente te satisfizo tener los <strong>mejores videos XXX<\/strong>. Ahora puedes encontrar aqu\u00ed los mejores videos y fotos de prono sin tener que cambiar de sitio! \u00a1Todo est\u00e1 aqu\u00ed en gran cantidad y siempre en buena calidad! Encuentra a tus madres favoritas toc\u00e1ndose los co\u00f1os como una buena puta. La elecci\u00f3n es muy variada ya que no faltan las mam\u00e1s sucias que se desnudan frente a la c\u00e1mara. Por lo tanto, nuestra colecci\u00f3n de mam\u00e1s que muestran sus cuerpos no est\u00e1 a punto de terminar.<\/p>\n<p>Las putas m\u00e1s bellas del mundo, secretarias, profesoras, estudiantes o enfermeras est\u00e1n todas en <strong>MomPornOnly.com<\/strong> ya sea en <strong>GIF, fotos X o videos X HD<\/strong> \u00a1todas las mam\u00e1s zorras m\u00e1s bellas est\u00e1n aqu\u00ed! No hay necesidad de ir a Fotos Porno ya que todas las fotos de Fotos Porno est\u00e1n aqu\u00ed. Tambi\u00e9n est\u00e1n aqu\u00ed, adem\u00e1s de muchos otros que no tiene Porn Pics! \u00a1Somos el sitio de referencia en el porno que concierne a la MILF!<\/p>\n<h2>\u00a1En MomPornOnly todas las madres extienden sus muslos con envidia!<\/h2>\n<p>Todas nuestras fotos son de madres hermosas a las que les encanta presumir. Mostrando sus hermosos culitos, sus grandes tetas, su hermoso co\u00f1o peludo o no. Estas peque\u00f1as zorras a veces en mallas, a veces rubias o morenas adoran decirse que los peque\u00f1os necios se masturban mientras miran sus fotos! Porque para ser honesto, lo que m\u00e1s sue\u00f1an es tener el esperma de los franceses en sus caras para obtener un facial gratis y natural!<\/p>\n<p>En tanga, pantimedias, culo en el aire a estas mam\u00e1s peque\u00f1as les gusta masturbarse el co\u00f1o en <strong>fotos XXX<\/strong> o videos adultos gratis! Somos el sitio adulto m\u00e1s completo sobre mam\u00e1s, milfs. Ya sea en formato de video porno o de foto porno, hay algo para todos en <a href=\"https:\/\/mompornonly.com\/es\/\">MomPornOnly.com<\/a> ! Estas madres aman la polla como nadie, \u00a1tienen esperma en sus gargantas!<\/p>\n<h2>Recupera un gran n\u00famero de \u00e1lbumes de fotos<\/h2>\n<p>\u00a1En s\u00f3lo unos pocos clics puedes navegar por nuestros \u00e1lbumes de fotos pornogr\u00e1ficas! Todo es simple y optimizado para que puedas acceder a todas las fotos pornogr\u00e1ficas sin esfuerzo. Todo est\u00e1 bien ordenado para que una vez que elijas un \u00e1lbum s\u00f3lo puedas ver a la peque\u00f1a mam\u00e1 zorra que elegiste ver! Nuestros \u00e1lbumes son todos en calidad HD para que puedas ver sus peque\u00f1os co\u00f1os sin necesidad de gafas. As\u00ed que en MomPornOnly, esperamos que una cosa sea que tengas una licencia de cami\u00f3n para que puedas manejar esas grandes bolas de madres zorras!<\/p>\n<p>Y si te gusta ver estrellas porno, no dudes en encontrar a <a href=\"https:\/\/mompornonly.com\/es\/photos\/lisa-ann-pornstar-compilation\/\">Lisa Ann<\/a>, <a href=\"https:\/\/mompornonly.com\/es\/photos\/cory-chase-pornstar-compilation\/\">Cory Chase<\/a>, <a href=\"https:\/\/mompornonly.com\/es\/photos\/brandi-love-pornstar-compilation\/\">Brandi Love<\/a>, <a href=\"https:\/\/mompornonly.com\/es\/photos\/nikki-brooks-pornstar-compilation\/\">Nikki Brooks<\/a> y muchos m\u00e1s en la secci\u00f3n de fotos de MomPornOnly. Ver a todas estas mujeres desnudas es realmente genial. Quiero decir, \u00bfa qui\u00e9n no le gusta ver madres desnudas? Todas estas fotos de desnudos gratis son gratis y sin restricciones s\u00f3lo para ti. \u00a1Encuentra las mejores fotos er\u00f3ticas y sucias que puedas encontrar en Internet! Nuestra colecci\u00f3n de hermosas fotos femeninas XXX es interminable y actualizamos nuestro \u00e1lbum a diario para que nunca se te acaben las fotos de pronograf\u00eda.<\/p>\n<h3>\u00bfMirar fotos de mujeres desnudas no es suficiente para ti?<\/h3>\n<p>Entonces es tu d\u00eda de suerte porque la principal actividad de <a href=\"https:\/\/mompornonly.com\/es\/\">MomPornOnly.com<\/a> no es publicar <strong>fotos XXX de chicas desnudas<\/strong>. De hecho, aqu\u00ed publicamos principalmente pel\u00edculas pornogr\u00e1ficas y videos de culos de madres sucias. \u00a1Est\u00e1n buscando un peque\u00f1o co\u00f1o para ense\u00f1arle el sexo XXX! Nuestras pel\u00edculas gratuitas XXX y nuestros videos gratuitos xxx te satisfar\u00e1n y deber\u00edan permitirte satisfacer tus m\u00e1s sucias fantas\u00edas relacionadas con las mam\u00e1s zorras.<\/p>\n<p>Buenas y grandes mam\u00e1s con grandes tetas que son folladas por j\u00f3venes. Y si necesitas ver algo que no sea una madre zorra, puedes ir a <a href=\"https:\/\/xfrenchies.com\/es\/\">xFrenchies.com<\/a> ! Es el mejor sitio pornogr\u00e1fico que re\u00fane <strong>x-videos gratis de chicas francesas putillas<\/strong>. Joven, mam\u00e1 o viejo, hay algo para todos los gustos en <a href=\"https:\/\/xfrenchies.com\/es\/\">xFrenchies.com<\/a> tanto que las francesas son grandes y sucias putas que aman las pollas!<\/p>\n","protected":false},"excerpt":{"rendered":"<p>Las mejores fotos e im\u00e1genes pornogr\u00e1ficas de mam\u00e1 ya est\u00e1n disponibles en MomPornOnly. Porque era aburrido tener que cambiar de sitio para conseguir fotos. Porque habiendo encontrado MomPornOnly.com finalmente te satisfizo tener los mejores videos XXX. Ahora puedes encontrar aqu\u00ed los mejores videos y fotos de prono sin tener que cambiar de sitio! \u00a1Todo est\u00e1 [&hellip;]<\/p>\n","protected":false},"author":1,"featured_media":0,"parent":0,"menu_order":0,"comment_status":"closed","ping_status":"closed","template":"templates\/template-photos.php","meta":{"footnotes":""},"class_list":["post-6379","page","type-page","status-publish","hentry"],"yoast_head":"<!-- This site is optimized with the Yoast SEO plugin v27.4 - https:\/\/yoast.com\/product\/yoast-seo-wordpress\/ -->\n<title>Fotos porno gratis y fotos de sexo con MILFs CALIENTES - MomPornOnly<\/title>\n<meta name=\"description\" content=\"Echa un vistazo a todos los \u00e1lbumes de fotos sexy de MILFs calientes aqu\u00ed en MomPornOnly.com. Disfruta de las fotos er\u00f3ticas m\u00e1s calientes ahora con una mam\u00e1 sexy con enormes tetas chupando a su hijastro\" \/>\n<meta name=\"robots\" content=\"index, follow, max-snippet:-1, max-image-preview:large, max-video-preview:-1\" \/>\n<link rel=\"canonical\" href=\"https:\/\/mompornonly.com\/albums\/\" \/>\n<meta property=\"og:locale\" content=\"es_ES\" \/>\n<meta property=\"og:type\" content=\"article\" \/>\n<meta property=\"og:title\" content=\"Free Porn Pictures &amp; Sex Pictures With HOT MILFs - MomPornOnly [fr]Photos porno gratuites et photos de sexe avec des MILF CHAUDES - MomPornOnly [\/fr][es]Fotos porno gratis y fotos de sexo con MILFs CALIENTES - MomPornOnly [\/es][de]Kostenlose Porno Bilder &amp; Sex Fotos mit hei\u00dfen MILFs - MomPornOnly [\/de][it]Immagini Porno Gratuite e foto di sesso con MILF CALDI - MomPornOnly [\/it]\" \/>\n<meta property=\"og:description\" content=\"Checkout all sexy photo ALBUMS of hot MILFs here at MomPornOnly.com. Enjoy the hottest erotic pics now with sexy Mom with huge boobs sucking her step son[fr]D\u00e9couvrez tous les ALBUMS de photos sexy de MILF chaudes ici sur MomPornOnly.com. Profitez des photos \u00e9rotiques les plus chaudes maintenant avec des mamans sexy avec d&#039;\u00e9normes seins su\u00e7ant son beau-fils[\/fr][es]Echa un vistazo a todos los \u00e1lbumes de fotos sexy de MILFs calientes aqu\u00ed en MomPornOnly.com. Disfruta de las fotos er\u00f3ticas m\u00e1s calientes ahora con una mam\u00e1 sexy con enormes tetas chupando a su hijastro[\/es][de]Kasse aller sexy Fotoalben hei\u00dfer MILFs hier bei MomPornOnly.com. Genie\u00dfe die hei\u00dfesten erotischen Bilder jetzt mit sexy Mom mit riesigen Titten, die ihren Stiefsohn lutschen[\/de][it]Dai un&#039;occhiata a tutti gli ALBUM di foto sexy di MILF hot qui su MomPornOnly.com. Goditi le foto erotiche pi\u00f9 calde ora con la mamma sexy con tette enormi che succhiano il suo figliastro[\/it]\" \/>\n<meta property=\"og:url\" content=\"https:\/\/mompornonly.com\/albums\/\" \/>\n<meta property=\"og:site_name\" content=\"MomPornOnly\" \/>\n<meta property=\"article:publisher\" content=\"https:\/\/www.facebook.com\/momponly\/\" \/>\n<meta property=\"article:modified_time\" content=\"2023-10-13T14:17:13+00:00\" \/>\n<meta name=\"twitter:card\" content=\"summary_large_image\" \/>\n<meta name=\"twitter:site\" content=\"@mompornonly\" \/>\n<script type=\"application\/ld+json\" class=\"yoast-schema-graph\">{\"@context\":\"https:\\\/\\\/schema.org\",\"@graph\":[{\"@type\":\"WebPage\",\"@id\":\"https:\\\/\\\/mompornonly.com\\\/albums\\\/\",\"url\":\"https:\\\/\\\/mompornonly.com\\\/albums\\\/\",\"name\":\"Free Porn Pictures & Sex Pictures With HOT MILFs - MomPornOnly [fr]Photos porno gratuites et photos de sexe avec des MILF CHAUDES - MomPornOnly [\\\/fr][es]Fotos porno gratis y fotos de sexo con MILFs CALIENTES - MomPornOnly [\\\/es][de]Kostenlose Porno Bilder & Sex Fotos mit hei\u00dfen MILFs - MomPornOnly [\\\/de][it]Immagini Porno Gratuite e foto di sesso con MILF CALDI - MomPornOnly [\\\/it]\",\"isPartOf\":{\"@id\":\"https:\\\/\\\/mompornonly.com\\\/#website\"},\"datePublished\":\"2020-04-29T13:07:52+00:00\",\"dateModified\":\"2023-10-13T14:17:13+00:00\",\"description\":\"Checkout all sexy photo ALBUMS of hot MILFs here at MomPornOnly.com. Enjoy the hottest erotic pics now with sexy Mom with huge boobs sucking her step son[fr]D\u00e9couvrez tous les ALBUMS de photos sexy de MILF chaudes ici sur MomPornOnly.com. Profitez des photos \u00e9rotiques les plus chaudes maintenant avec des mamans sexy avec d'\u00e9normes seins su\u00e7ant son beau-fils[\\\/fr][es]Echa un vistazo a todos los \u00e1lbumes de fotos sexy de MILFs calientes aqu\u00ed en MomPornOnly.com. Disfruta de las fotos er\u00f3ticas m\u00e1s calientes ahora con una mam\u00e1 sexy con enormes tetas chupando a su hijastro[\\\/es][de]Kasse aller sexy Fotoalben hei\u00dfer MILFs hier bei MomPornOnly.com. Genie\u00dfe die hei\u00dfesten erotischen Bilder jetzt mit sexy Mom mit riesigen Titten, die ihren Stiefsohn lutschen[\\\/de][it]Dai un'occhiata a tutti gli ALBUM di foto sexy di MILF hot qui su MomPornOnly.com. Goditi le foto erotiche pi\u00f9 calde ora con la mamma sexy con tette enormi che succhiano il suo figliastro[\\\/it]\",\"breadcrumb\":{\"@id\":\"https:\\\/\\\/mompornonly.com\\\/albums\\\/#breadcrumb\"},\"inLanguage\":\"es-ES\",\"potentialAction\":[{\"@type\":\"ReadAction\",\"target\":[\"https:\\\/\\\/mompornonly.com\\\/albums\\\/\"]}]},{\"@type\":\"BreadcrumbList\",\"@id\":\"https:\\\/\\\/mompornonly.com\\\/albums\\\/#breadcrumb\",\"itemListElement\":[{\"@type\":\"ListItem\",\"position\":1,\"name\":\"Accueil\",\"item\":\"https:\\\/\\\/mompornonly.com\\\/\"},{\"@type\":\"ListItem\",\"position\":2,\"name\":\"Photos\"}]},{\"@type\":\"WebSite\",\"@id\":\"https:\\\/\\\/mompornonly.com\\\/#website\",\"url\":\"https:\\\/\\\/mompornonly.com\\\/\",\"name\":\"MomPornOnly\",\"description\":\"Mompornonly.com is the best porn tube site ever with just moms and MILFs, the best XXX videos and free sex streaming.[fr]Mompornonly.com est le meilleur site de tubes porno avec seulement des mamans et  des MILF, les meilleures vid\u00e9os XXX et du streaming sexe gratuit.[\\\/fr][es]Mompornonly.com es el mejor sitio de tubos porno con mam\u00e1s y MILF, los mejores videos XXX y transmisi\u00f3n de sexo gratis.[\\\/es][de]Mompornonly.com ist die beste Porno-Tube-Site aller Zeiten mit nur M\u00fcttern und MILFs, den besten XXX-Videos und kostenlosem Sex-Streaming.[\\\/de][it]Mompornonly.com \u00e8 il miglior sito di porno tube di sempre con solo mamme e MILF, i migliori video XXX e lo streaming di sesso gratuito.[\\\/it]\",\"publisher\":{\"@id\":\"https:\\\/\\\/mompornonly.com\\\/#organization\"},\"potentialAction\":[{\"@type\":\"SearchAction\",\"target\":{\"@type\":\"EntryPoint\",\"urlTemplate\":\"https:\\\/\\\/mompornonly.com\\\/?s={search_term_string}\"},\"query-input\":{\"@type\":\"PropertyValueSpecification\",\"valueRequired\":true,\"valueName\":\"search_term_string\"}}],\"inLanguage\":\"es-ES\"},{\"@type\":\"Organization\",\"@id\":\"https:\\\/\\\/mompornonly.com\\\/#organization\",\"name\":\"MomPornOnly\",\"url\":\"https:\\\/\\\/mompornonly.com\\\/\",\"logo\":{\"@type\":\"ImageObject\",\"inLanguage\":\"es-ES\",\"@id\":\"https:\\\/\\\/mompornonly.com\\\/#\\\/schema\\\/logo\\\/image\\\/\",\"url\":\"https:\\\/\\\/mompornonly.com\\\/wp-content\\\/uploads\\\/2020\\\/05\\\/logomompornonly.png\",\"contentUrl\":\"https:\\\/\\\/mompornonly.com\\\/wp-content\\\/uploads\\\/2020\\\/05\\\/logomompornonly.png\",\"width\":792,\"height\":446,\"caption\":\"MomPornOnly\"},\"image\":{\"@id\":\"https:\\\/\\\/mompornonly.com\\\/#\\\/schema\\\/logo\\\/image\\\/\"},\"sameAs\":[\"https:\\\/\\\/www.facebook.com\\\/momponly\\\/\",\"https:\\\/\\\/x.com\\\/mompornonly\",\"https:\\\/\\\/www.instagram.com\\\/mpo_com\\\/\"]}]}<\/script>\n<!-- \/ Yoast SEO plugin. -->","yoast_head_json":{"title":"Fotos porno gratis y fotos de sexo con MILFs CALIENTES - MomPornOnly","description":"Echa un vistazo a todos los \u00e1lbumes de fotos sexy de MILFs calientes aqu\u00ed en MomPornOnly.com. Disfruta de las fotos er\u00f3ticas m\u00e1s calientes ahora con una mam\u00e1 sexy con enormes tetas chupando a su hijastro","robots":{"index":"index","follow":"follow","max-snippet":"max-snippet:-1","max-image-preview":"max-image-preview:large","max-video-preview":"max-video-preview:-1"},"canonical":"https:\/\/mompornonly.com\/albums\/","og_locale":"es_ES","og_type":"article","og_title":"Free Porn Pictures & Sex Pictures With HOT MILFs - MomPornOnly [fr]Photos porno gratuites et photos de sexe avec des MILF CHAUDES - MomPornOnly [\/fr][es]Fotos porno gratis y fotos de sexo con MILFs CALIENTES - MomPornOnly [\/es][de]Kostenlose Porno Bilder & Sex Fotos mit hei\u00dfen MILFs - MomPornOnly [\/de][it]Immagini Porno Gratuite e foto di sesso con MILF CALDI - MomPornOnly [\/it]","og_description":"Checkout all sexy photo ALBUMS of hot MILFs here at MomPornOnly.com. Enjoy the hottest erotic pics now with sexy Mom with huge boobs sucking her step son[fr]D\u00e9couvrez tous les ALBUMS de photos sexy de MILF chaudes ici sur MomPornOnly.com. Profitez des photos \u00e9rotiques les plus chaudes maintenant avec des mamans sexy avec d'\u00e9normes seins su\u00e7ant son beau-fils[\/fr][es]Echa un vistazo a todos los \u00e1lbumes de fotos sexy de MILFs calientes aqu\u00ed en MomPornOnly.com. Disfruta de las fotos er\u00f3ticas m\u00e1s calientes ahora con una mam\u00e1 sexy con enormes tetas chupando a su hijastro[\/es][de]Kasse aller sexy Fotoalben hei\u00dfer MILFs hier bei MomPornOnly.com. Genie\u00dfe die hei\u00dfesten erotischen Bilder jetzt mit sexy Mom mit riesigen Titten, die ihren Stiefsohn lutschen[\/de][it]Dai un'occhiata a tutti gli ALBUM di foto sexy di MILF hot qui su MomPornOnly.com. Goditi le foto erotiche pi\u00f9 calde ora con la mamma sexy con tette enormi che succhiano il suo figliastro[\/it]","og_url":"https:\/\/mompornonly.com\/albums\/","og_site_name":"MomPornOnly","article_publisher":"https:\/\/www.facebook.com\/momponly\/","article_modified_time":"2023-10-13T14:17:13+00:00","twitter_card":"summary_large_image","twitter_site":"@mompornonly","schema":{"@context":"https:\/\/schema.org","@graph":[{"@type":"WebPage","@id":"https:\/\/mompornonly.com\/albums\/","url":"https:\/\/mompornonly.com\/albums\/","name":"Free Porn Pictures & Sex Pictures With HOT MILFs - MomPornOnly [fr]Photos porno gratuites et photos de sexe avec des MILF CHAUDES - MomPornOnly [\/fr][es]Fotos porno gratis y fotos de sexo con MILFs CALIENTES - MomPornOnly [\/es][de]Kostenlose Porno Bilder & Sex Fotos mit hei\u00dfen MILFs - MomPornOnly [\/de][it]Immagini Porno Gratuite e foto di sesso con MILF CALDI - MomPornOnly [\/it]","isPartOf":{"@id":"https:\/\/mompornonly.com\/#website"},"datePublished":"2020-04-29T13:07:52+00:00","dateModified":"2023-10-13T14:17:13+00:00","description":"Checkout all sexy photo ALBUMS of hot MILFs here at MomPornOnly.com. Enjoy the hottest erotic pics now with sexy Mom with huge boobs sucking her step son[fr]D\u00e9couvrez tous les ALBUMS de photos sexy de MILF chaudes ici sur MomPornOnly.com. Profitez des photos \u00e9rotiques les plus chaudes maintenant avec des mamans sexy avec d'\u00e9normes seins su\u00e7ant son beau-fils[\/fr][es]Echa un vistazo a todos los \u00e1lbumes de fotos sexy de MILFs calientes aqu\u00ed en MomPornOnly.com. Disfruta de las fotos er\u00f3ticas m\u00e1s calientes ahora con una mam\u00e1 sexy con enormes tetas chupando a su hijastro[\/es][de]Kasse aller sexy Fotoalben hei\u00dfer MILFs hier bei MomPornOnly.com. Genie\u00dfe die hei\u00dfesten erotischen Bilder jetzt mit sexy Mom mit riesigen Titten, die ihren Stiefsohn lutschen[\/de][it]Dai un'occhiata a tutti gli ALBUM di foto sexy di MILF hot qui su MomPornOnly.com. Goditi le foto erotiche pi\u00f9 calde ora con la mamma sexy con tette enormi che succhiano il suo figliastro[\/it]","breadcrumb":{"@id":"https:\/\/mompornonly.com\/albums\/#breadcrumb"},"inLanguage":"es-ES","potentialAction":[{"@type":"ReadAction","target":["https:\/\/mompornonly.com\/albums\/"]}]},{"@type":"BreadcrumbList","@id":"https:\/\/mompornonly.com\/albums\/#breadcrumb","itemListElement":[{"@type":"ListItem","position":1,"name":"Accueil","item":"https:\/\/mompornonly.com\/"},{"@type":"ListItem","position":2,"name":"Photos"}]},{"@type":"WebSite","@id":"https:\/\/mompornonly.com\/#website","url":"https:\/\/mompornonly.com\/","name":"MomPornOnly","description":"Mompornonly.com is the best porn tube site ever with just moms and MILFs, the best XXX videos and free sex streaming.[fr]Mompornonly.com est le meilleur site de tubes porno avec seulement des mamans et  des MILF, les meilleures vid\u00e9os XXX et du streaming sexe gratuit.[\/fr][es]Mompornonly.com es el mejor sitio de tubos porno con mam\u00e1s y MILF, los mejores videos XXX y transmisi\u00f3n de sexo gratis.[\/es][de]Mompornonly.com ist die beste Porno-Tube-Site aller Zeiten mit nur M\u00fcttern und MILFs, den besten XXX-Videos und kostenlosem Sex-Streaming.[\/de][it]Mompornonly.com \u00e8 il miglior sito di porno tube di sempre con solo mamme e MILF, i migliori video XXX e lo streaming di sesso gratuito.[\/it]","publisher":{"@id":"https:\/\/mompornonly.com\/#organization"},"potentialAction":[{"@type":"SearchAction","target":{"@type":"EntryPoint","urlTemplate":"https:\/\/mompornonly.com\/?s={search_term_string}"},"query-input":{"@type":"PropertyValueSpecification","valueRequired":true,"valueName":"search_term_string"}}],"inLanguage":"es-ES"},{"@type":"Organization","@id":"https:\/\/mompornonly.com\/#organization","name":"MomPornOnly","url":"https:\/\/mompornonly.com\/","logo":{"@type":"ImageObject","inLanguage":"es-ES","@id":"https:\/\/mompornonly.com\/#\/schema\/logo\/image\/","url":"https:\/\/mompornonly.com\/wp-content\/uploads\/2020\/05\/logomompornonly.png","contentUrl":"https:\/\/mompornonly.com\/wp-content\/uploads\/2020\/05\/logomompornonly.png","width":792,"height":446,"caption":"MomPornOnly"},"image":{"@id":"https:\/\/mompornonly.com\/#\/schema\/logo\/image\/"},"sameAs":["https:\/\/www.facebook.com\/momponly\/","https:\/\/x.com\/mompornonly","https:\/\/www.instagram.com\/mpo_com\/"]}]}},"_links":{"self":[{"href":"https:\/\/mompornonly.com\/es\/wp-json\/wp\/v2\/pages\/6379","targetHints":{"allow":["GET"]}}],"collection":[{"href":"https:\/\/mompornonly.com\/es\/wp-json\/wp\/v2\/pages"}],"about":[{"href":"https:\/\/mompornonly.com\/es\/wp-json\/wp\/v2\/types\/page"}],"author":[{"embeddable":true,"href":"https:\/\/mompornonly.com\/es\/wp-json\/wp\/v2\/users\/1"}],"replies":[{"embeddable":true,"href":"https:\/\/mompornonly.com\/es\/wp-json\/wp\/v2\/comments?post=6379"}],"version-history":[{"count":1,"href":"https:\/\/mompornonly.com\/es\/wp-json\/wp\/v2\/pages\/6379\/revisions"}],"predecessor-version":[{"id":13051,"href":"https:\/\/mompornonly.com\/es\/wp-json\/wp\/v2\/pages\/6379\/revisions\/13051"}],"wp:attachment":[{"href":"https:\/\/mompornonly.com\/es\/wp-json\/wp\/v2\/media?parent=6379"}],"curies":[{"name":"wp","href":"https:\/\/api.w.org\/{rel}","templated":true}]}}