{"id":6,"date":"2019-06-23T15:52:54","date_gmt":"2019-06-23T15:52:54","guid":{"rendered":"https:\/\/xfrenchies.com\/actors\/"},"modified":"2023-10-13T16:23:07","modified_gmt":"2023-10-13T14:23:07","slug":"pornstars","status":"publish","type":"page","link":"https:\/\/mompornonly.com\/es\/pornstars\/","title":{"rendered":"Pornstars"},"content":{"rendered":"<h2>Las actrices m\u00e1s calientes de MomPornOnly.<\/h2>\n<p>Descubre nuestra selecci\u00f3n de las actrices m\u00e1s sexys de Internet, hemos reunido las MILF m\u00e1s guarras disponibles. Las encontrar\u00e1s para todos los <strong>gustos, rubias, morenas, pelirrojas, negras, asi\u00e1ticas, etc<\/strong>. En MomPornOnly no hacemos las cosas a medias, s\u00f3lo tendr\u00e1s que visitar la p\u00e1gina de las estrellas porno una vez para entender cu\u00e1nto sabe nuestro equipo. Tambi\u00e9n puedes estar buscando madres con grandes tetas o grandes culos en este lado no tienes que preocuparte, tenemos todo lo que necesitas. Con las m\u00e1s famosas milfs de la industria del porno, probablemente ya las conozcan a todas por ser las m\u00e1s traviesas. Por supuesto que estamos hablando de grandes nombres en la industria, como <strong>Cory Chase, Brandi Love, Nikki Brooks,<\/strong> y tantos otros que no podr\u00edamos nombrarlos a todos. No m\u00e1s excusas, hemos elegido a las MQMF m\u00e1s calientes y sexys de la historia. Si eres un fan\u00e1tico del porno que se respeta a s\u00ed mismo, probablemente ya has o\u00eddo hablar de estas actrices que son muy populares entre los fans de las escenas pornogr\u00e1ficas con madres e hijos. Por supuesto, cada una de estas estrellas porno tiene sus propias especialidades. Tomemos por ejemplo a Brandy Love, la mujer que se ha hecho un lugar en el vasto mundo de la pornograf\u00eda. Conocida especialmente por estas escenas en las que ense\u00f1a a los j\u00f3venes a follar, por supuesto que participa en estas escenas de sexo, sigue siendo sobre todo una zorra. Es una excelente dadora de pajas espa\u00f1ola con sus grandes tetas, puede incluso coger dos pollas al mismo tiempo entre sus enormes tetas.<\/p>\n<p>O incluso Cory Chase y Nikki Brooks que son muy buenos amigos adem\u00e1s de ser buenos. Han filmado muchos videos juntos donde se follan a un joven y comparten su polla y su semen, ella incluso comparte sus respectivos hijos. Podr\u00e1s encontrar todos estos videos en nuestro sitio, en la mejor calidad HD pero sobre todo en ilimitado y completamente gratis. Descubre las dos <strong> mujeres m\u00e1s sexy<\/strong> de internet que te ofrecen sus cuerpos y sus actuaciones de forma gratuita en nuestro sitio. Descubrir\u00e1s videos de ellas donde se bloquean en todos los lugares de la casa. Te hace preguntarte si lo hacen a prop\u00f3sito como sucede tan a menudo, si se atascan en el fregadero, bajo un mueble, bajo una mesa, y tantos otros ejemplos. Digamos que en estos videos estas mujeres llaman a sus hijos y le piden ayuda para quit\u00e1rselo de encima. Pero por alguna extra\u00f1a raz\u00f3n, la \u00fanica forma en que estas mujeres pueden sacar a sus madres del atolladero, es simplemente cogerse a sus madres mientras est\u00e1n atascadas. Y la mejor parte de esto es que funciona. Pero eso no significa que dejen de follar, \u00a1NO NO! Siguen cogiendo hasta que se tragan el esperma de sus hijos. Al contrario de lo que parece, estas escenas son muy emocionantes, ver a una mujer siendo follada violentamente sin que ella pueda hacer nada, su hijo, por supuesto, se lleva su placer. Pero t\u00fa tambi\u00e9n puedes divertirte haciendo clic en este v\u00eddeo que te har\u00e1 duro como un toro.<\/p>\n<h2>Lo mejor de X en sus pantallas!<\/h2>\n<p>Ven y disfruta de las m\u00e1s grandes estrellas del porno, gratis. Lo mejor de X en sus pantallas, disponible para todos, siempre que tengan una conexi\u00f3n a Internet. Pero una cosa es segura, no puedes perderte este excitante contenido con las mejores actrices del mundo, las m\u00e1s putas, las m\u00e1s calientes, e incluso las m\u00e1s sexys. Todo lo que necesitas es un dise\u00f1o, una conexi\u00f3n, un pa\u00f1uelo de papel y te vas a hacer la<strong> mejor paja<\/strong> de tu vida. Ver\u00e1s mujeres divertidas llenas de perversiones y morbosidades, tan calientes que est\u00e1n con sus co\u00f1os mojados y sus tetas de pl\u00e1stico. Pero tambi\u00e9n ofrecemos mam\u00e1s con tetas reales, como por ejemplo <strong>Nikky Brooks, Angela White, Channel Preston, Clara Morgane,<\/strong> y muchas otras. El mejor sitio pornogr\u00e1fico del momento, gratis y a voluntad. Ven y prueba la experiencia que te ofrecemos, un contenido adaptado a todos tus deseos m\u00e1s salvajes. Todas tus fantas\u00edas est\u00e1n aqu\u00ed, ya sea pies, o cualquier otra pr\u00e1ctica fetiche que te guste, lo tenemos. Descubre tambi\u00e9n a los j\u00f3venes actores m\u00e1s calientes y afortunados del mundo, Juan El Caballo y Jordi El Ni\u00f1o Polla, que son los dos hombres que m\u00e1s mam\u00e1s se han follado en la Tierra.<\/p>\n","protected":false},"excerpt":{"rendered":"<p>Las actrices m\u00e1s calientes de MomPornOnly. Descubre nuestra selecci\u00f3n de las actrices m\u00e1s sexys de Internet, hemos reunido las MILF m\u00e1s guarras disponibles. Las encontrar\u00e1s para todos los gustos, rubias, morenas, pelirrojas, negras, asi\u00e1ticas, etc. En MomPornOnly no hacemos las cosas a medias, s\u00f3lo tendr\u00e1s que visitar la p\u00e1gina de las estrellas porno una vez [&hellip;]<\/p>\n","protected":false},"author":1,"featured_media":0,"parent":0,"menu_order":0,"comment_status":"closed","ping_status":"closed","template":"templates\/template-actors.php","meta":{"ep_exclude_from_search":false,"footnotes":""},"class_list":["post-6","page","type-page","status-publish","hentry"],"yoast_head":"<!-- This site is optimized with the Yoast SEO plugin v27.4 - https:\/\/yoast.com\/product\/yoast-seo-wordpress\/ -->\n<title>Mejor MILF Pornstar en Mom Porn Only, videos porno gratis<\/title>\n<meta name=\"description\" content=\"\u00bfEst\u00e1s buscando madres porno con grandes tetas ? MILFs que adoran ser folladas por j\u00f3venes hijos cachondos, encontrar\u00e1s lo que est\u00e1s buscando en Mom Porn Only\" \/>\n<meta name=\"robots\" content=\"index, follow, max-snippet:-1, max-image-preview:large, max-video-preview:-1\" \/>\n<link rel=\"canonical\" href=\"https:\/\/mompornonly.com\/pornstars\/\" \/>\n<meta property=\"og:locale\" content=\"es_ES\" \/>\n<meta property=\"og:type\" content=\"article\" \/>\n<meta property=\"og:title\" content=\"Best MILFs Pornstar on Mom Porn Only, Free Porn tubes[fr]Meilleures MILFs pornstar sur Mom Porn Only, tubes porno gratuit[\/fr][es]Mejor MILF Pornstar en Mom Porn Only, videos porno gratis[\/es][de]Beste MILFs Pornostar auf Mom Porn Only, free Porno Videos[\/de][it]Le migliori pornostar MILF su Mom Porn Only, video porno gratuiti[\/it]\" \/>\n<meta property=\"og:description\" content=\"Are you looking for pornstar moms with big boobs ? MILFs who love to be fucked by horny young step sons, you will find what you are looking for on Mom Porn Only[fr]Tu cherches des mamans pornstar avec des gros seins ? Des MILFs qui adorent se faire baiser par des jeunes fils en rute, tu trouveras ton bonheur sur Mom Porn Only[\/fr][es]\u00bfEst\u00e1s buscando madres porno con grandes tetas ? MILFs que adoran ser folladas por j\u00f3venes hijos cachondos, encontrar\u00e1s lo que est\u00e1s buscando en Mom Porn Only[\/es][de]Suchst du Pornostar M\u00fctter mit gro\u00dfen Titten? MILFs, die es lieben, von geilen jungen S\u00f6hnen gefickt zu werden, finden auf Mom Porn Only nur das, wonach Sie suchen[\/de][it]Sei alla ricerca di mamme pornostar con grandi tette? MILF che amano farsi scopare da giovani figli arrapati, troverai quello che stai cercando su Mom Porn Only[\/it]\" \/>\n<meta property=\"og:url\" content=\"https:\/\/mompornonly.com\/pornstars\/\" \/>\n<meta property=\"og:site_name\" content=\"MomPornOnly\" \/>\n<meta property=\"article:publisher\" content=\"https:\/\/www.facebook.com\/momponly\/\" \/>\n<meta property=\"article:modified_time\" content=\"2023-10-13T14:23:07+00:00\" \/>\n<meta name=\"twitter:card\" content=\"summary_large_image\" \/>\n<meta name=\"twitter:site\" content=\"@mompornonly\" \/>\n<script type=\"application\/ld+json\" class=\"yoast-schema-graph\">{\"@context\":\"https:\\\/\\\/schema.org\",\"@graph\":[{\"@type\":\"WebPage\",\"@id\":\"https:\\\/\\\/mompornonly.com\\\/pornstars\\\/\",\"url\":\"https:\\\/\\\/mompornonly.com\\\/pornstars\\\/\",\"name\":\"Best MILFs Pornstar on Mom Porn Only, Free Porn tubes[fr]Meilleures MILFs pornstar sur Mom Porn Only, tubes porno gratuit[\\\/fr][es]Mejor MILF Pornstar en Mom Porn Only, videos porno gratis[\\\/es][de]Beste MILFs Pornostar auf Mom Porn Only, free Porno Videos[\\\/de][it]Le migliori pornostar MILF su Mom Porn Only, video porno gratuiti[\\\/it]\",\"isPartOf\":{\"@id\":\"https:\\\/\\\/mompornonly.com\\\/#website\"},\"datePublished\":\"2019-06-23T15:52:54+00:00\",\"dateModified\":\"2023-10-13T14:23:07+00:00\",\"description\":\"Are you looking for pornstar moms with big boobs ? MILFs who love to be fucked by horny young step sons, you will find what you are looking for on Mom Porn Only[fr]Tu cherches des mamans pornstar avec des gros seins ? Des MILFs qui adorent se faire baiser par des jeunes fils en rute, tu trouveras ton bonheur sur Mom Porn Only[\\\/fr][es]\u00bfEst\u00e1s buscando madres porno con grandes tetas ? MILFs que adoran ser folladas por j\u00f3venes hijos cachondos, encontrar\u00e1s lo que est\u00e1s buscando en Mom Porn Only[\\\/es][de]Suchst du Pornostar M\u00fctter mit gro\u00dfen Titten? MILFs, die es lieben, von geilen jungen S\u00f6hnen gefickt zu werden, finden auf Mom Porn Only nur das, wonach Sie suchen[\\\/de][it]Sei alla ricerca di mamme pornostar con grandi tette? MILF che amano farsi scopare da giovani figli arrapati, troverai quello che stai cercando su Mom Porn Only[\\\/it]\",\"breadcrumb\":{\"@id\":\"https:\\\/\\\/mompornonly.com\\\/pornstars\\\/#breadcrumb\"},\"inLanguage\":\"es-ES\",\"potentialAction\":[{\"@type\":\"ReadAction\",\"target\":[\"https:\\\/\\\/mompornonly.com\\\/pornstars\\\/\"]}]},{\"@type\":\"BreadcrumbList\",\"@id\":\"https:\\\/\\\/mompornonly.com\\\/pornstars\\\/#breadcrumb\",\"itemListElement\":[{\"@type\":\"ListItem\",\"position\":1,\"name\":\"Accueil\",\"item\":\"https:\\\/\\\/mompornonly.com\\\/\"},{\"@type\":\"ListItem\",\"position\":2,\"name\":\"Pornstars\"}]},{\"@type\":\"WebSite\",\"@id\":\"https:\\\/\\\/mompornonly.com\\\/#website\",\"url\":\"https:\\\/\\\/mompornonly.com\\\/\",\"name\":\"MomPornOnly\",\"description\":\"Mompornonly.com is the best porn tube site ever with just moms and MILFs, the best XXX videos and free sex streaming.[fr]Mompornonly.com est le meilleur site de tubes porno avec seulement des mamans et  des MILF, les meilleures vid\u00e9os XXX et du streaming sexe gratuit.[\\\/fr][es]Mompornonly.com es el mejor sitio de tubos porno con mam\u00e1s y MILF, los mejores videos XXX y transmisi\u00f3n de sexo gratis.[\\\/es][de]Mompornonly.com ist die beste Porno-Tube-Site aller Zeiten mit nur M\u00fcttern und MILFs, den besten XXX-Videos und kostenlosem Sex-Streaming.[\\\/de][it]Mompornonly.com \u00e8 il miglior sito di porno tube di sempre con solo mamme e MILF, i migliori video XXX e lo streaming di sesso gratuito.[\\\/it]\",\"publisher\":{\"@id\":\"https:\\\/\\\/mompornonly.com\\\/#organization\"},\"potentialAction\":[{\"@type\":\"SearchAction\",\"target\":{\"@type\":\"EntryPoint\",\"urlTemplate\":\"https:\\\/\\\/mompornonly.com\\\/?s={search_term_string}\"},\"query-input\":{\"@type\":\"PropertyValueSpecification\",\"valueRequired\":true,\"valueName\":\"search_term_string\"}}],\"inLanguage\":\"es-ES\"},{\"@type\":\"Organization\",\"@id\":\"https:\\\/\\\/mompornonly.com\\\/#organization\",\"name\":\"MomPornOnly\",\"url\":\"https:\\\/\\\/mompornonly.com\\\/\",\"logo\":{\"@type\":\"ImageObject\",\"inLanguage\":\"es-ES\",\"@id\":\"https:\\\/\\\/mompornonly.com\\\/#\\\/schema\\\/logo\\\/image\\\/\",\"url\":\"https:\\\/\\\/mompornonly.com\\\/wp-content\\\/uploads\\\/2020\\\/05\\\/logomompornonly.png\",\"contentUrl\":\"https:\\\/\\\/mompornonly.com\\\/wp-content\\\/uploads\\\/2020\\\/05\\\/logomompornonly.png\",\"width\":792,\"height\":446,\"caption\":\"MomPornOnly\"},\"image\":{\"@id\":\"https:\\\/\\\/mompornonly.com\\\/#\\\/schema\\\/logo\\\/image\\\/\"},\"sameAs\":[\"https:\\\/\\\/www.facebook.com\\\/momponly\\\/\",\"https:\\\/\\\/x.com\\\/mompornonly\",\"https:\\\/\\\/www.instagram.com\\\/mpo_com\\\/\"]}]}<\/script>\n<!-- \/ Yoast SEO plugin. -->","yoast_head_json":{"title":"Mejor MILF Pornstar en Mom Porn Only, videos porno gratis","description":"\u00bfEst\u00e1s buscando madres porno con grandes tetas ? MILFs que adoran ser folladas por j\u00f3venes hijos cachondos, encontrar\u00e1s lo que est\u00e1s buscando en Mom Porn Only","robots":{"index":"index","follow":"follow","max-snippet":"max-snippet:-1","max-image-preview":"max-image-preview:large","max-video-preview":"max-video-preview:-1"},"canonical":"https:\/\/mompornonly.com\/pornstars\/","og_locale":"es_ES","og_type":"article","og_title":"Best MILFs Pornstar on Mom Porn Only, Free Porn tubes[fr]Meilleures MILFs pornstar sur Mom Porn Only, tubes porno gratuit[\/fr][es]Mejor MILF Pornstar en Mom Porn Only, videos porno gratis[\/es][de]Beste MILFs Pornostar auf Mom Porn Only, free Porno Videos[\/de][it]Le migliori pornostar MILF su Mom Porn Only, video porno gratuiti[\/it]","og_description":"Are you looking for pornstar moms with big boobs ? MILFs who love to be fucked by horny young step sons, you will find what you are looking for on Mom Porn Only[fr]Tu cherches des mamans pornstar avec des gros seins ? Des MILFs qui adorent se faire baiser par des jeunes fils en rute, tu trouveras ton bonheur sur Mom Porn Only[\/fr][es]\u00bfEst\u00e1s buscando madres porno con grandes tetas ? MILFs que adoran ser folladas por j\u00f3venes hijos cachondos, encontrar\u00e1s lo que est\u00e1s buscando en Mom Porn Only[\/es][de]Suchst du Pornostar M\u00fctter mit gro\u00dfen Titten? MILFs, die es lieben, von geilen jungen S\u00f6hnen gefickt zu werden, finden auf Mom Porn Only nur das, wonach Sie suchen[\/de][it]Sei alla ricerca di mamme pornostar con grandi tette? MILF che amano farsi scopare da giovani figli arrapati, troverai quello che stai cercando su Mom Porn Only[\/it]","og_url":"https:\/\/mompornonly.com\/pornstars\/","og_site_name":"MomPornOnly","article_publisher":"https:\/\/www.facebook.com\/momponly\/","article_modified_time":"2023-10-13T14:23:07+00:00","twitter_card":"summary_large_image","twitter_site":"@mompornonly","schema":{"@context":"https:\/\/schema.org","@graph":[{"@type":"WebPage","@id":"https:\/\/mompornonly.com\/pornstars\/","url":"https:\/\/mompornonly.com\/pornstars\/","name":"Best MILFs Pornstar on Mom Porn Only, Free Porn tubes[fr]Meilleures MILFs pornstar sur Mom Porn Only, tubes porno gratuit[\/fr][es]Mejor MILF Pornstar en Mom Porn Only, videos porno gratis[\/es][de]Beste MILFs Pornostar auf Mom Porn Only, free Porno Videos[\/de][it]Le migliori pornostar MILF su Mom Porn Only, video porno gratuiti[\/it]","isPartOf":{"@id":"https:\/\/mompornonly.com\/#website"},"datePublished":"2019-06-23T15:52:54+00:00","dateModified":"2023-10-13T14:23:07+00:00","description":"Are you looking for pornstar moms with big boobs ? MILFs who love to be fucked by horny young step sons, you will find what you are looking for on Mom Porn Only[fr]Tu cherches des mamans pornstar avec des gros seins ? Des MILFs qui adorent se faire baiser par des jeunes fils en rute, tu trouveras ton bonheur sur Mom Porn Only[\/fr][es]\u00bfEst\u00e1s buscando madres porno con grandes tetas ? MILFs que adoran ser folladas por j\u00f3venes hijos cachondos, encontrar\u00e1s lo que est\u00e1s buscando en Mom Porn Only[\/es][de]Suchst du Pornostar M\u00fctter mit gro\u00dfen Titten? MILFs, die es lieben, von geilen jungen S\u00f6hnen gefickt zu werden, finden auf Mom Porn Only nur das, wonach Sie suchen[\/de][it]Sei alla ricerca di mamme pornostar con grandi tette? MILF che amano farsi scopare da giovani figli arrapati, troverai quello che stai cercando su Mom Porn Only[\/it]","breadcrumb":{"@id":"https:\/\/mompornonly.com\/pornstars\/#breadcrumb"},"inLanguage":"es-ES","potentialAction":[{"@type":"ReadAction","target":["https:\/\/mompornonly.com\/pornstars\/"]}]},{"@type":"BreadcrumbList","@id":"https:\/\/mompornonly.com\/pornstars\/#breadcrumb","itemListElement":[{"@type":"ListItem","position":1,"name":"Accueil","item":"https:\/\/mompornonly.com\/"},{"@type":"ListItem","position":2,"name":"Pornstars"}]},{"@type":"WebSite","@id":"https:\/\/mompornonly.com\/#website","url":"https:\/\/mompornonly.com\/","name":"MomPornOnly","description":"Mompornonly.com is the best porn tube site ever with just moms and MILFs, the best XXX videos and free sex streaming.[fr]Mompornonly.com est le meilleur site de tubes porno avec seulement des mamans et  des MILF, les meilleures vid\u00e9os XXX et du streaming sexe gratuit.[\/fr][es]Mompornonly.com es el mejor sitio de tubos porno con mam\u00e1s y MILF, los mejores videos XXX y transmisi\u00f3n de sexo gratis.[\/es][de]Mompornonly.com ist die beste Porno-Tube-Site aller Zeiten mit nur M\u00fcttern und MILFs, den besten XXX-Videos und kostenlosem Sex-Streaming.[\/de][it]Mompornonly.com \u00e8 il miglior sito di porno tube di sempre con solo mamme e MILF, i migliori video XXX e lo streaming di sesso gratuito.[\/it]","publisher":{"@id":"https:\/\/mompornonly.com\/#organization"},"potentialAction":[{"@type":"SearchAction","target":{"@type":"EntryPoint","urlTemplate":"https:\/\/mompornonly.com\/?s={search_term_string}"},"query-input":{"@type":"PropertyValueSpecification","valueRequired":true,"valueName":"search_term_string"}}],"inLanguage":"es-ES"},{"@type":"Organization","@id":"https:\/\/mompornonly.com\/#organization","name":"MomPornOnly","url":"https:\/\/mompornonly.com\/","logo":{"@type":"ImageObject","inLanguage":"es-ES","@id":"https:\/\/mompornonly.com\/#\/schema\/logo\/image\/","url":"https:\/\/mompornonly.com\/wp-content\/uploads\/2020\/05\/logomompornonly.png","contentUrl":"https:\/\/mompornonly.com\/wp-content\/uploads\/2020\/05\/logomompornonly.png","width":792,"height":446,"caption":"MomPornOnly"},"image":{"@id":"https:\/\/mompornonly.com\/#\/schema\/logo\/image\/"},"sameAs":["https:\/\/www.facebook.com\/momponly\/","https:\/\/x.com\/mompornonly","https:\/\/www.instagram.com\/mpo_com\/"]}]}},"_links":{"self":[{"href":"https:\/\/mompornonly.com\/es\/wp-json\/wp\/v2\/pages\/6","targetHints":{"allow":["GET"]}}],"collection":[{"href":"https:\/\/mompornonly.com\/es\/wp-json\/wp\/v2\/pages"}],"about":[{"href":"https:\/\/mompornonly.com\/es\/wp-json\/wp\/v2\/types\/page"}],"author":[{"embeddable":true,"href":"https:\/\/mompornonly.com\/es\/wp-json\/wp\/v2\/users\/1"}],"replies":[{"embeddable":true,"href":"https:\/\/mompornonly.com\/es\/wp-json\/wp\/v2\/comments?post=6"}],"version-history":[{"count":1,"href":"https:\/\/mompornonly.com\/es\/wp-json\/wp\/v2\/pages\/6\/revisions"}],"predecessor-version":[{"id":13064,"href":"https:\/\/mompornonly.com\/es\/wp-json\/wp\/v2\/pages\/6\/revisions\/13064"}],"wp:attachment":[{"href":"https:\/\/mompornonly.com\/es\/wp-json\/wp\/v2\/media?parent=6"}],"curies":[{"name":"wp","href":"https:\/\/api.w.org\/{rel}","templated":true}]}}