{"id":56,"date":"2019-06-23T17:28:38","date_gmt":"2019-06-23T17:28:38","guid":{"rendered":"https:\/\/xfrenchies.com\/?page_id=56"},"modified":"2024-09-11T09:23:37","modified_gmt":"2024-09-11T07:23:37","slug":"le-porno-a-la-francaise","status":"publish","type":"page","link":"https:\/\/mompornonly.com\/es\/","title":{"rendered":"Free mom porn videos"},"content":{"rendered":"<h2>Bienvenido a Mompornonly.com, un sitio pornogr\u00e1fico en espa\u00f1ol con madres zorras<\/h2>\n<p>\u00bf<strong>V\u00eddeos pornogr\u00e1ficos gratis con mam\u00e1s calientes o putas MILF<\/strong> es lo que te da una erecci\u00f3n? M\u00e1s que una erecci\u00f3n, \u00bfes eso lo que podr\u00edamos llamar tu fantas\u00eda de ver a las madres siendo folladas? Entonces est\u00e1s en el mejor lugar posible en Mompornonly.com. Creamos este sitio pornogr\u00e1fico para complacerte con videos XXX <a href=\"https:\/\/mompornonly.com\/es\/category\/amateur\/\">amateurs<\/a> o profesionales donde las madres son folladas por sus hijos, o MILFs con grandes tetas chupando una buena polla de una joven virgen para ense\u00f1arle sexo. Todos los v\u00eddeos est\u00e1n agrupados y ordenados en categor\u00edas para que la navegaci\u00f3n sea m\u00e1s f\u00e1cil y r\u00e1pida, de modo que puedas encontrar tu felicidad a\u00fan m\u00e1s r\u00e1pido.<\/p>\n<p>Aqu\u00ed el porno es el rey. Somos muy exigentes en la calidad de nuestros videos de sexo, as\u00ed que podr\u00e1s ver tu porno en un tel\u00e9fono, pc o televisi\u00f3n sin ser pixelado porque ser\u00e1 en alta definici\u00f3n 720p o 1080p. Hacemos todo lo posible para que los videos se carguen lo m\u00e1s r\u00e1pido posible para evitar las sacudidas. No m\u00e1s porno de pago o de mala calidad, con Mompornonly.com todo est\u00e1 ah\u00ed para que tengas el mejor momento \u00edntimo posible.<\/p>\n<p>Despu\u00e9s de la calidad, nuestra segunda prioridad es la variedad de contenido. Mam\u00e1s de todo el mundo que quieren chupar pollas o suegras que se acuestan con sus yernos para satisfacer sus deseos sexuales. MILF&#8217;s de Europa, Asia, \u00c1frica, Am\u00e9rica, etc&#8230; Todos los pa\u00edses donde a las madres les gusta exhibirse y filmar mientras tienen sexo est\u00e1n en &#8220;Mam\u00e1 Porno&#8221;. Lo \u00fanico importante en nuestro contenido es la presencia de una MILF caliente o de madres que se divierten haciendo las posiciones sexuales m\u00e1s ardientes frente a la c\u00e1mara.<\/p>\n<h2>Porno espa\u00f1ol gratis con mujeres maduras y sexys<\/h2>\n<p>Las mujeres mayores siempre han estado en las categor\u00edas m\u00e1s buscadas: MILF, Madura, <a href=\"https:\/\/mompornonly.com\/es\/search\/Mam\u00e1\/\">Mam\u00e1<\/a>, Puma. Muchos nombres para sus mujeres ingeniosas listas para hacer cualquier cosa por un juego de sexo o sexo duro con sodom\u00eda y todo lo que eso conlleva. No es un secreto que hay muchos hombres que se mueren por follarse a una madre con grandes tetas y un gran culo. Especialmente los hombres m\u00e1s j\u00f3venes que fantasean con <strong>mujeres maduras que podr\u00edan ense\u00f1arles sobre el sexo<\/strong>. Y s\u00ed, porque las mujeres maduras han chupado muchas pollas, amasado muchas pelotas y se han follado muchas veces, as\u00ed que es obvio que todav\u00eda tienen mucha energ\u00eda para masturbarse con j\u00f3venes v\u00edrgenes o no. As\u00ed que con todos nuestros videos XXX y el contenido adulto de los videos pornogr\u00e1ficos gratuitos que ofrecemos, no te decepcionar\u00e1s.<\/p>\n<p>Si quieres cumplir tus fantas\u00edas diarias, vuelve a Mompornonly.com todos los d\u00edas porque a\u00f1adimos v\u00eddeos pornogr\u00e1ficos gratuitos todos los d\u00edas de la semana sin excepci\u00f3n. El sexo por streaming nunca ha sido tan simple y f\u00e1cil desde que nuestro sitio fue lanzado. Contenido premium XXX gratuito disponible sin necesidad de registrarse, as\u00ed que \u00bfpor qu\u00e9 perderse?<\/p>\n<p>\u00bfTe apetece ver m\u00e1s v\u00eddeos pornogr\u00e1ficos gratuitos? Nada m\u00e1s f\u00e1cil, s\u00f3lo tienes que hacer clic en el enlace del v\u00eddeo o buscar t\u00e9rminos pornogr\u00e1ficos en nuestra barra de b\u00fasqueda. Tendr\u00e1s acceso a lo que quieras, como una madre que se acuesta con un ni\u00f1o, o una madre a la que su hijo se folla, una madre a la que se folla. O videos en los que un joven se tira a la madre de su amigo, se tira a su suegra delante de su mujer. Ese es el tipo de video disponible en Mompornonly.com, el sitio o una milf apesta en cada video porno.<\/p>\n<h2>Los mejores \u00e9xitos y productores de porno disponibles aqu\u00ed<\/h2>\n<p>\u00bfEres adicto al porno, as\u00ed que te gustan muchos sitios? No te preocupes, hemos reunido los mejores videos de tubos pornogr\u00e1ficos y sitios XXX para satisfacer tus deseos: <a href=\"https:\/\/mompornonly.com\/es\/channel\/pornhub\/\">Pornhub<\/a>, XNXX, YouPorn, Xvideos.com, xHamster, RedTube para los m\u00e1s conocidos. Pero tambi\u00e9n tenemos los tubos con mucho porno con MILF&#8217;s como Momporn.su, Ozeex, PornBiz, SpankBang o incluso tukif. Todo esto para ofrecerte un contenido original de calidad y totalmente gratuito.<\/p>\n<p>Si prefieres los videos voyeur o los videos xxx hechos en sitios de swingers o c\u00e1maras, tambi\u00e9n tenemos este tipo de sitios: Chaturbate, MyFreeCam, Cam4, Reallifecam u Omegle. Gracias a estos tubos pornogr\u00e1ficos podr\u00e1s disfrutar de los mejores videos pornogr\u00e1ficos.<\/p>\n<h3>Cinta sexual de estrellas y actrices pornogr\u00e1ficas gratis en Mompornonly.com<\/h3>\n<p>Todos desear\u00edan poder ver cintas de <strong>sexo privadas de estrellas porno<\/strong>. Esos videos \u00edntimos que nadie puede ver con las MQMF toc\u00e1ndose el co\u00f1o en Snapchat. Bueno, en Mompornonly.com, juntamos todos estos videos pornogr\u00e1ficos privados y se los ofrecemos gratis para que los vean. Horas y horas de videos pornogr\u00e1ficos con mam\u00e1s y suegras follando al estilo perrito o chupando la polla de un joven. Estos videos son perfectos para no perderse ning\u00fan detalle, las im\u00e1genes pornogr\u00e1ficas en <a href=\"https:\/\/mompornonly.com\/es\/mom-porn-hd\/\">HD<\/a> hablan por s\u00ed mismas.<\/p>\n<p>Las mejores actrices porno se encuentran aqu\u00ed: Mia Khalifa, Ava Addams, Kim Kardashian, Dillion Harper, Kimmy Granger, Mia Khalifa, Lisa Ann, Lana Rhoades, Clara Morgan y muchas m\u00e1s te esperan en los videos calientes de xxx.<\/p>\n<p>Si prefieres el porno amateur, puedes ir a <a href=\"https:\/\/xfrenchies.com\/es\/\" rel=\"dofollow\">xfrenchies.com<\/a>, el mejor sitio web de porno casero y amateur.<\/p>\n<p>Busca el video que m\u00e1s te guste y deja caer tus calzoncillos para una paja que no olvidar\u00e1s en Mompornonly.com, el mejor sitio pornogr\u00e1fico gratuito en espa\u00f1ol para mam\u00e1s y MILFs.<\/p>\n","protected":false},"excerpt":{"rendered":"<p>Bienvenido a Mompornonly.com, un sitio pornogr\u00e1fico en espa\u00f1ol con madres zorras \u00bfV\u00eddeos pornogr\u00e1ficos gratis con mam\u00e1s calientes o putas MILF es lo que te da una erecci\u00f3n? M\u00e1s que una erecci\u00f3n, \u00bfes eso lo que podr\u00edamos llamar tu fantas\u00eda de ver a las madres siendo folladas? Entonces est\u00e1s en el mejor lugar posible en Mompornonly.com. [&hellip;]<\/p>\n","protected":false},"author":1,"featured_media":0,"parent":0,"menu_order":0,"comment_status":"closed","ping_status":"closed","template":"index.php","meta":{"footnotes":""},"class_list":["post-56","page","type-page","status-publish","hentry"],"yoast_head":"<!-- This site is optimized with the Yoast SEO plugin v27.3 - https:\/\/yoast.com\/product\/yoast-seo-wordpress\/ -->\n<title>MomPornOnly Mam\u00e1 Videos Porno Gratis HD Streaming MILF Sexo<\/title>\n<meta name=\"description\" content=\"Mom Porn Only: Toneladas de videos porno espa\u00f1ol gratis con el mejor sexo de mam\u00e1, la mam\u00e1 se folla a su hijastro y la madrastra se la folla. MILF porno gratis\" \/>\n<meta name=\"robots\" content=\"index, follow, max-snippet:-1, max-image-preview:large, max-video-preview:-1\" \/>\n<link rel=\"canonical\" href=\"https:\/\/mompornonly.com\/\" \/>\n<meta property=\"og:locale\" content=\"es_ES\" \/>\n<meta property=\"og:type\" content=\"article\" \/>\n<meta property=\"og:title\" content=\"FREE Mom Porn videos - HD Streaming MILF sex MomPornOnly [fr]MomPornOnly Vid\u00e9os porno gratuit Maman Streaming sexe MILF[\/fr][es]MomPornOnly Mam\u00e1 Videos Porno Gratis HD Streaming MILF Sexo[\/es][de]MomPornOnly Deutch Mutter Porno Videos HD Streaming Sex Milf[\/de][it]MomPornOnly Video porno mamma gratis - streaming hd sesso MILF[\/it]\" \/>\n<meta property=\"og:description\" content=\"Mom Porn Only: Tons of porn tube videos with the best moms sex, mom fucks son and free stepson sex with hot MILFs tube videos. Hot MOTHER porn sex free[fr]Mom Porn Only: Des tonnes de vid\u00e9os porno fran\u00e7ais gratuit avec le meilleur sexe de maman, maman baise son beau fils et la baise de belle m\u00e8re gratuit. MILF porno gratuit[\/fr][es]Mom Porn Only: Toneladas de videos porno espa\u00f1ol gratis con el mejor sexo de mam\u00e1, la mam\u00e1 se folla a su hijastro y la madrastra se la folla. MILF porno gratis[\/es][de]Mom Porn Only: Tonnenweise kostenlose deutsche Porno Videos mit bestem Sex f\u00fcr M\u00fctter, Mutter fickt ihren Stiefsohn und kostenlose Stiefmutter fickt sie. MILF free porn[\/de][it]Mom Porn Only: Tonnellate di video porno italiani gratuiti con il miglior sesso della mamma, la mamma scopa il suo figliastro e la matrigna libera la scopa. MILF porno gratis[\/it]\" \/>\n<meta property=\"og:url\" content=\"https:\/\/mompornonly.com\/\" \/>\n<meta property=\"og:site_name\" content=\"MomPornOnly\" \/>\n<meta property=\"article:publisher\" content=\"https:\/\/www.facebook.com\/momponly\/\" \/>\n<meta property=\"article:modified_time\" content=\"2024-09-11T07:23:37+00:00\" \/>\n<meta name=\"twitter:card\" content=\"summary_large_image\" \/>\n<meta name=\"twitter:site\" content=\"@mompornonly\" \/>\n<script type=\"application\/ld+json\" class=\"yoast-schema-graph\">{\"@context\":\"https:\\\/\\\/schema.org\",\"@graph\":[{\"@type\":\"WebPage\",\"@id\":\"https:\\\/\\\/mompornonly.com\\\/\",\"url\":\"https:\\\/\\\/mompornonly.com\\\/\",\"name\":\"FREE Mom Porn videos - HD Streaming MILF sex MomPornOnly [fr]MomPornOnly Vid\u00e9os porno gratuit Maman Streaming sexe MILF[\\\/fr][es]MomPornOnly Mam\u00e1 Videos Porno Gratis HD Streaming MILF Sexo[\\\/es][de]MomPornOnly Deutch Mutter Porno Videos HD Streaming Sex Milf[\\\/de][it]MomPornOnly Video porno mamma gratis - streaming hd sesso MILF[\\\/it]\",\"isPartOf\":{\"@id\":\"https:\\\/\\\/mompornonly.com\\\/#website\"},\"datePublished\":\"2019-06-23T17:28:38+00:00\",\"dateModified\":\"2024-09-11T07:23:37+00:00\",\"description\":\"Mom Porn Only: Tons of porn tube videos with the best moms sex, mom fucks son and free stepson sex with hot MILFs tube videos. Hot MOTHER porn sex free[fr]Mom Porn Only: Des tonnes de vid\u00e9os porno fran\u00e7ais gratuit avec le meilleur sexe de maman, maman baise son beau fils et la baise de belle m\u00e8re gratuit. MILF porno gratuit[\\\/fr][es]Mom Porn Only: Toneladas de videos porno espa\u00f1ol gratis con el mejor sexo de mam\u00e1, la mam\u00e1 se folla a su hijastro y la madrastra se la folla. MILF porno gratis[\\\/es][de]Mom Porn Only: Tonnenweise kostenlose deutsche Porno Videos mit bestem Sex f\u00fcr M\u00fctter, Mutter fickt ihren Stiefsohn und kostenlose Stiefmutter fickt sie. MILF free porn[\\\/de][it]Mom Porn Only: Tonnellate di video porno italiani gratuiti con il miglior sesso della mamma, la mamma scopa il suo figliastro e la matrigna libera la scopa. MILF porno gratis[\\\/it]\",\"breadcrumb\":{\"@id\":\"https:\\\/\\\/mompornonly.com\\\/#breadcrumb\"},\"inLanguage\":\"es-ES\",\"potentialAction\":[{\"@type\":\"ReadAction\",\"target\":[\"https:\\\/\\\/mompornonly.com\\\/\"]}]},{\"@type\":\"BreadcrumbList\",\"@id\":\"https:\\\/\\\/mompornonly.com\\\/#breadcrumb\",\"itemListElement\":[{\"@type\":\"ListItem\",\"position\":1,\"name\":\"Accueil\",\"item\":\"https:\\\/\\\/mompornonly.com\\\/\"},{\"@type\":\"ListItem\",\"position\":2,\"name\":\"Free mom porn videos\"}]},{\"@type\":\"WebSite\",\"@id\":\"https:\\\/\\\/mompornonly.com\\\/#website\",\"url\":\"https:\\\/\\\/mompornonly.com\\\/\",\"name\":\"MomPornOnly\",\"description\":\"Mompornonly.com is the best porn tube site ever with just moms and MILFs, the best XXX videos and free sex streaming.[fr]Mompornonly.com est le meilleur site de tubes porno avec seulement des mamans et  des MILF, les meilleures vid\u00e9os XXX et du streaming sexe gratuit.[\\\/fr][es]Mompornonly.com es el mejor sitio de tubos porno con mam\u00e1s y MILF, los mejores videos XXX y transmisi\u00f3n de sexo gratis.[\\\/es][de]Mompornonly.com ist die beste Porno-Tube-Site aller Zeiten mit nur M\u00fcttern und MILFs, den besten XXX-Videos und kostenlosem Sex-Streaming.[\\\/de][it]Mompornonly.com \u00e8 il miglior sito di porno tube di sempre con solo mamme e MILF, i migliori video XXX e lo streaming di sesso gratuito.[\\\/it]\",\"publisher\":{\"@id\":\"https:\\\/\\\/mompornonly.com\\\/#organization\"},\"potentialAction\":[{\"@type\":\"SearchAction\",\"target\":{\"@type\":\"EntryPoint\",\"urlTemplate\":\"https:\\\/\\\/mompornonly.com\\\/?s={search_term_string}\"},\"query-input\":{\"@type\":\"PropertyValueSpecification\",\"valueRequired\":true,\"valueName\":\"search_term_string\"}}],\"inLanguage\":\"es-ES\"},{\"@type\":\"Organization\",\"@id\":\"https:\\\/\\\/mompornonly.com\\\/#organization\",\"name\":\"MomPornOnly\",\"url\":\"https:\\\/\\\/mompornonly.com\\\/\",\"logo\":{\"@type\":\"ImageObject\",\"inLanguage\":\"es-ES\",\"@id\":\"https:\\\/\\\/mompornonly.com\\\/#\\\/schema\\\/logo\\\/image\\\/\",\"url\":\"https:\\\/\\\/mompornonly.com\\\/wp-content\\\/uploads\\\/2020\\\/05\\\/logomompornonly.png\",\"contentUrl\":\"https:\\\/\\\/mompornonly.com\\\/wp-content\\\/uploads\\\/2020\\\/05\\\/logomompornonly.png\",\"width\":792,\"height\":446,\"caption\":\"MomPornOnly\"},\"image\":{\"@id\":\"https:\\\/\\\/mompornonly.com\\\/#\\\/schema\\\/logo\\\/image\\\/\"},\"sameAs\":[\"https:\\\/\\\/www.facebook.com\\\/momponly\\\/\",\"https:\\\/\\\/x.com\\\/mompornonly\",\"https:\\\/\\\/www.instagram.com\\\/mpo_com\\\/\"]}]}<\/script>\n<!-- \/ Yoast SEO plugin. -->","yoast_head_json":{"title":"MomPornOnly Mam\u00e1 Videos Porno Gratis HD Streaming MILF Sexo","description":"Mom Porn Only: Toneladas de videos porno espa\u00f1ol gratis con el mejor sexo de mam\u00e1, la mam\u00e1 se folla a su hijastro y la madrastra se la folla. MILF porno gratis","robots":{"index":"index","follow":"follow","max-snippet":"max-snippet:-1","max-image-preview":"max-image-preview:large","max-video-preview":"max-video-preview:-1"},"canonical":"https:\/\/mompornonly.com\/","og_locale":"es_ES","og_type":"article","og_title":"FREE Mom Porn videos - HD Streaming MILF sex MomPornOnly [fr]MomPornOnly Vid\u00e9os porno gratuit Maman Streaming sexe MILF[\/fr][es]MomPornOnly Mam\u00e1 Videos Porno Gratis HD Streaming MILF Sexo[\/es][de]MomPornOnly Deutch Mutter Porno Videos HD Streaming Sex Milf[\/de][it]MomPornOnly Video porno mamma gratis - streaming hd sesso MILF[\/it]","og_description":"Mom Porn Only: Tons of porn tube videos with the best moms sex, mom fucks son and free stepson sex with hot MILFs tube videos. Hot MOTHER porn sex free[fr]Mom Porn Only: Des tonnes de vid\u00e9os porno fran\u00e7ais gratuit avec le meilleur sexe de maman, maman baise son beau fils et la baise de belle m\u00e8re gratuit. MILF porno gratuit[\/fr][es]Mom Porn Only: Toneladas de videos porno espa\u00f1ol gratis con el mejor sexo de mam\u00e1, la mam\u00e1 se folla a su hijastro y la madrastra se la folla. MILF porno gratis[\/es][de]Mom Porn Only: Tonnenweise kostenlose deutsche Porno Videos mit bestem Sex f\u00fcr M\u00fctter, Mutter fickt ihren Stiefsohn und kostenlose Stiefmutter fickt sie. MILF free porn[\/de][it]Mom Porn Only: Tonnellate di video porno italiani gratuiti con il miglior sesso della mamma, la mamma scopa il suo figliastro e la matrigna libera la scopa. MILF porno gratis[\/it]","og_url":"https:\/\/mompornonly.com\/","og_site_name":"MomPornOnly","article_publisher":"https:\/\/www.facebook.com\/momponly\/","article_modified_time":"2024-09-11T07:23:37+00:00","twitter_card":"summary_large_image","twitter_site":"@mompornonly","schema":{"@context":"https:\/\/schema.org","@graph":[{"@type":"WebPage","@id":"https:\/\/mompornonly.com\/","url":"https:\/\/mompornonly.com\/","name":"FREE Mom Porn videos - HD Streaming MILF sex MomPornOnly [fr]MomPornOnly Vid\u00e9os porno gratuit Maman Streaming sexe MILF[\/fr][es]MomPornOnly Mam\u00e1 Videos Porno Gratis HD Streaming MILF Sexo[\/es][de]MomPornOnly Deutch Mutter Porno Videos HD Streaming Sex Milf[\/de][it]MomPornOnly Video porno mamma gratis - streaming hd sesso MILF[\/it]","isPartOf":{"@id":"https:\/\/mompornonly.com\/#website"},"datePublished":"2019-06-23T17:28:38+00:00","dateModified":"2024-09-11T07:23:37+00:00","description":"Mom Porn Only: Tons of porn tube videos with the best moms sex, mom fucks son and free stepson sex with hot MILFs tube videos. Hot MOTHER porn sex free[fr]Mom Porn Only: Des tonnes de vid\u00e9os porno fran\u00e7ais gratuit avec le meilleur sexe de maman, maman baise son beau fils et la baise de belle m\u00e8re gratuit. MILF porno gratuit[\/fr][es]Mom Porn Only: Toneladas de videos porno espa\u00f1ol gratis con el mejor sexo de mam\u00e1, la mam\u00e1 se folla a su hijastro y la madrastra se la folla. MILF porno gratis[\/es][de]Mom Porn Only: Tonnenweise kostenlose deutsche Porno Videos mit bestem Sex f\u00fcr M\u00fctter, Mutter fickt ihren Stiefsohn und kostenlose Stiefmutter fickt sie. MILF free porn[\/de][it]Mom Porn Only: Tonnellate di video porno italiani gratuiti con il miglior sesso della mamma, la mamma scopa il suo figliastro e la matrigna libera la scopa. MILF porno gratis[\/it]","breadcrumb":{"@id":"https:\/\/mompornonly.com\/#breadcrumb"},"inLanguage":"es-ES","potentialAction":[{"@type":"ReadAction","target":["https:\/\/mompornonly.com\/"]}]},{"@type":"BreadcrumbList","@id":"https:\/\/mompornonly.com\/#breadcrumb","itemListElement":[{"@type":"ListItem","position":1,"name":"Accueil","item":"https:\/\/mompornonly.com\/"},{"@type":"ListItem","position":2,"name":"Free mom porn videos"}]},{"@type":"WebSite","@id":"https:\/\/mompornonly.com\/#website","url":"https:\/\/mompornonly.com\/","name":"MomPornOnly","description":"Mompornonly.com is the best porn tube site ever with just moms and MILFs, the best XXX videos and free sex streaming.[fr]Mompornonly.com est le meilleur site de tubes porno avec seulement des mamans et  des MILF, les meilleures vid\u00e9os XXX et du streaming sexe gratuit.[\/fr][es]Mompornonly.com es el mejor sitio de tubos porno con mam\u00e1s y MILF, los mejores videos XXX y transmisi\u00f3n de sexo gratis.[\/es][de]Mompornonly.com ist die beste Porno-Tube-Site aller Zeiten mit nur M\u00fcttern und MILFs, den besten XXX-Videos und kostenlosem Sex-Streaming.[\/de][it]Mompornonly.com \u00e8 il miglior sito di porno tube di sempre con solo mamme e MILF, i migliori video XXX e lo streaming di sesso gratuito.[\/it]","publisher":{"@id":"https:\/\/mompornonly.com\/#organization"},"potentialAction":[{"@type":"SearchAction","target":{"@type":"EntryPoint","urlTemplate":"https:\/\/mompornonly.com\/?s={search_term_string}"},"query-input":{"@type":"PropertyValueSpecification","valueRequired":true,"valueName":"search_term_string"}}],"inLanguage":"es-ES"},{"@type":"Organization","@id":"https:\/\/mompornonly.com\/#organization","name":"MomPornOnly","url":"https:\/\/mompornonly.com\/","logo":{"@type":"ImageObject","inLanguage":"es-ES","@id":"https:\/\/mompornonly.com\/#\/schema\/logo\/image\/","url":"https:\/\/mompornonly.com\/wp-content\/uploads\/2020\/05\/logomompornonly.png","contentUrl":"https:\/\/mompornonly.com\/wp-content\/uploads\/2020\/05\/logomompornonly.png","width":792,"height":446,"caption":"MomPornOnly"},"image":{"@id":"https:\/\/mompornonly.com\/#\/schema\/logo\/image\/"},"sameAs":["https:\/\/www.facebook.com\/momponly\/","https:\/\/x.com\/mompornonly","https:\/\/www.instagram.com\/mpo_com\/"]}]}},"_links":{"self":[{"href":"https:\/\/mompornonly.com\/es\/wp-json\/wp\/v2\/pages\/56","targetHints":{"allow":["GET"]}}],"collection":[{"href":"https:\/\/mompornonly.com\/es\/wp-json\/wp\/v2\/pages"}],"about":[{"href":"https:\/\/mompornonly.com\/es\/wp-json\/wp\/v2\/types\/page"}],"author":[{"embeddable":true,"href":"https:\/\/mompornonly.com\/es\/wp-json\/wp\/v2\/users\/1"}],"replies":[{"embeddable":true,"href":"https:\/\/mompornonly.com\/es\/wp-json\/wp\/v2\/comments?post=56"}],"version-history":[{"count":9,"href":"https:\/\/mompornonly.com\/es\/wp-json\/wp\/v2\/pages\/56\/revisions"}],"predecessor-version":[{"id":14938,"href":"https:\/\/mompornonly.com\/es\/wp-json\/wp\/v2\/pages\/56\/revisions\/14938"}],"wp:attachment":[{"href":"https:\/\/mompornonly.com\/es\/wp-json\/wp\/v2\/media?parent=56"}],"curies":[{"name":"wp","href":"https:\/\/api.w.org\/{rel}","templated":true}]}}