{"id":13057,"date":"2023-10-13T16:19:09","date_gmt":"2023-10-13T14:19:09","guid":{"rendered":"https:\/\/mompornonly.com\/?page_id=13057"},"modified":"2023-10-14T15:52:26","modified_gmt":"2023-10-14T13:52:26","slug":"best","status":"publish","type":"page","link":"https:\/\/mompornonly.com\/es\/albums\/best\/","title":{"rendered":"Best photos"},"content":{"rendered":"<p>Los mejores \u00e1lbumes de fotos porno de Sexy Milfs en MomPornOnly. Miles de fotos calientes de mam\u00e1s a quienes les gusta mostrar sus cuerpos sexys a hombres j\u00f3venes y locos.<\/p>\n","protected":false},"excerpt":{"rendered":"<p>Los mejores \u00e1lbumes de fotos porno de Sexy Milfs en MomPornOnly. Miles de fotos calientes de mam\u00e1s a quienes les gusta mostrar sus cuerpos sexys a hombres j\u00f3venes y locos.<\/p>\n","protected":false},"author":3,"featured_media":0,"parent":6379,"menu_order":0,"comment_status":"closed","ping_status":"closed","template":"templates\/template-photos.php","meta":{"ep_exclude_from_search":false,"footnotes":""},"class_list":["post-13057","page","type-page","status-publish","hentry"],"yoast_head":"<!-- This site is optimized with the Yoast SEO plugin v27.4 - https:\/\/yoast.com\/product\/yoast-seo-wordpress\/ -->\n<title>Las mejores fotos gratis de \u00e1lbumes porno de Milf Sexy - MomPornOnly<\/title>\n<meta name=\"description\" content=\"Los mejores \u00e1lbumes de fotos porno de Sexy Milfs en MomPornOnly. Miles de fotos calientes de mam\u00e1s a quienes les gusta mostrar sus cuerpos sexys a hombres j\u00f3venes y locos.\" \/>\n<meta name=\"robots\" content=\"index, follow, max-snippet:-1, max-image-preview:large, max-video-preview:-1\" \/>\n<link rel=\"canonical\" href=\"https:\/\/mompornonly.com\/albums\/best\/\" \/>\n<meta property=\"og:locale\" content=\"es_ES\" \/>\n<meta property=\"og:type\" content=\"article\" \/>\n<meta property=\"og:title\" content=\"The best free photos Milf Sexy Porn albums - MomPornOnly [fr]Les meilleures photos gratuites des albums MILF Sexy Porn - MomPornOnly [\/fr][de]Die besten kostenlosen Fotos von \u201eMilf Sexy Porn\u201c-Alben - MomPornOnly [\/de][es]Las mejores fotos gratis de \u00e1lbumes porno de Milf Sexy - MomPornOnly [\/es][it]Le migliori foto gratuite degli album di MILF Sexy Porn - MomPornOnly [\/it]\" \/>\n<meta property=\"og:description\" content=\"The best porn photo albums of Sexy Milfs on MomPornOnly. Thousands of hot photos of moms who like to show off their sexy bodies to young, bonkers men.[fr]Les meilleures albums photos porno de Milfs sexy sur MomPornOnly. Des milliers de photos bien chaudes de mamans qui aime montrer leur corps sexy \u00e0 des jeunes hommes qui ont la gaule.e[\/fr][de]Die besten Porno-Fotoalben von Sexy MILFs auf MomPornOnly. Tausende hei\u00dfe Fotos von M\u00fcttern, die jungen, verr\u00fcckten M\u00e4nnern gerne ihre sexy K\u00f6rper zeigen.[\/de][es]Los mejores \u00e1lbumes de fotos porno de Sexy Milfs en MomPornOnly. Miles de fotos calientes de mam\u00e1s a quienes les gusta mostrar sus cuerpos sexys a hombres j\u00f3venes y locos.[\/es][it]I migliori album fotografici porno di MILF sexy su MomPornOnly. Migliaia di foto piccanti di mamme a cui piace mostrare i loro corpi sexy a uomini giovani e pazzi.[\/it]\" \/>\n<meta property=\"og:url\" content=\"https:\/\/mompornonly.com\/albums\/best\/\" \/>\n<meta property=\"og:site_name\" content=\"MomPornOnly\" \/>\n<meta property=\"article:publisher\" content=\"https:\/\/www.facebook.com\/momponly\/\" \/>\n<meta property=\"article:modified_time\" content=\"2023-10-14T13:52:26+00:00\" \/>\n<meta name=\"twitter:card\" content=\"summary_large_image\" \/>\n<meta name=\"twitter:site\" content=\"@mompornonly\" \/>\n<script type=\"application\/ld+json\" class=\"yoast-schema-graph\">{\"@context\":\"https:\\\/\\\/schema.org\",\"@graph\":[{\"@type\":\"WebPage\",\"@id\":\"https:\\\/\\\/mompornonly.com\\\/albums\\\/best\\\/\",\"url\":\"https:\\\/\\\/mompornonly.com\\\/albums\\\/best\\\/\",\"name\":\"The best free photos Milf Sexy Porn albums - MomPornOnly [fr]Les meilleures photos gratuites des albums MILF Sexy Porn - MomPornOnly [\\\/fr][de]Die besten kostenlosen Fotos von \u201eMilf Sexy Porn\u201c-Alben - MomPornOnly [\\\/de][es]Las mejores fotos gratis de \u00e1lbumes porno de Milf Sexy - MomPornOnly [\\\/es][it]Le migliori foto gratuite degli album di MILF Sexy Porn - MomPornOnly [\\\/it]\",\"isPartOf\":{\"@id\":\"https:\\\/\\\/mompornonly.com\\\/#website\"},\"datePublished\":\"2023-10-13T14:19:09+00:00\",\"dateModified\":\"2023-10-14T13:52:26+00:00\",\"description\":\"The best porn photo albums of Sexy Milfs on MomPornOnly. Thousands of hot photos of moms who like to show off their sexy bodies to young, bonkers men.[fr]Les meilleures albums photos porno de Milfs sexy sur MomPornOnly. Des milliers de photos bien chaudes de mamans qui aime montrer leur corps sexy \u00e0 des jeunes hommes qui ont la gaule.e[\\\/fr][de]Die besten Porno-Fotoalben von Sexy MILFs auf MomPornOnly. Tausende hei\u00dfe Fotos von M\u00fcttern, die jungen, verr\u00fcckten M\u00e4nnern gerne ihre sexy K\u00f6rper zeigen.[\\\/de][es]Los mejores \u00e1lbumes de fotos porno de Sexy Milfs en MomPornOnly. Miles de fotos calientes de mam\u00e1s a quienes les gusta mostrar sus cuerpos sexys a hombres j\u00f3venes y locos.[\\\/es][it]I migliori album fotografici porno di MILF sexy su MomPornOnly. Migliaia di foto piccanti di mamme a cui piace mostrare i loro corpi sexy a uomini giovani e pazzi.[\\\/it]\",\"breadcrumb\":{\"@id\":\"https:\\\/\\\/mompornonly.com\\\/albums\\\/best\\\/#breadcrumb\"},\"inLanguage\":\"es-ES\",\"potentialAction\":[{\"@type\":\"ReadAction\",\"target\":[\"https:\\\/\\\/mompornonly.com\\\/albums\\\/best\\\/\"]}]},{\"@type\":\"BreadcrumbList\",\"@id\":\"https:\\\/\\\/mompornonly.com\\\/albums\\\/best\\\/#breadcrumb\",\"itemListElement\":[{\"@type\":\"ListItem\",\"position\":1,\"name\":\"Accueil\",\"item\":\"https:\\\/\\\/mompornonly.com\\\/\"},{\"@type\":\"ListItem\",\"position\":2,\"name\":\"Photos\",\"item\":\"https:\\\/\\\/mompornonly.com\\\/albums\\\/\"},{\"@type\":\"ListItem\",\"position\":3,\"name\":\"Best photos\"}]},{\"@type\":\"WebSite\",\"@id\":\"https:\\\/\\\/mompornonly.com\\\/#website\",\"url\":\"https:\\\/\\\/mompornonly.com\\\/\",\"name\":\"MomPornOnly\",\"description\":\"Mompornonly.com is the best porn tube site ever with just moms and MILFs, the best XXX videos and free sex streaming.[fr]Mompornonly.com est le meilleur site de tubes porno avec seulement des mamans et  des MILF, les meilleures vid\u00e9os XXX et du streaming sexe gratuit.[\\\/fr][es]Mompornonly.com es el mejor sitio de tubos porno con mam\u00e1s y MILF, los mejores videos XXX y transmisi\u00f3n de sexo gratis.[\\\/es][de]Mompornonly.com ist die beste Porno-Tube-Site aller Zeiten mit nur M\u00fcttern und MILFs, den besten XXX-Videos und kostenlosem Sex-Streaming.[\\\/de][it]Mompornonly.com \u00e8 il miglior sito di porno tube di sempre con solo mamme e MILF, i migliori video XXX e lo streaming di sesso gratuito.[\\\/it]\",\"publisher\":{\"@id\":\"https:\\\/\\\/mompornonly.com\\\/#organization\"},\"potentialAction\":[{\"@type\":\"SearchAction\",\"target\":{\"@type\":\"EntryPoint\",\"urlTemplate\":\"https:\\\/\\\/mompornonly.com\\\/?s={search_term_string}\"},\"query-input\":{\"@type\":\"PropertyValueSpecification\",\"valueRequired\":true,\"valueName\":\"search_term_string\"}}],\"inLanguage\":\"es-ES\"},{\"@type\":\"Organization\",\"@id\":\"https:\\\/\\\/mompornonly.com\\\/#organization\",\"name\":\"MomPornOnly\",\"url\":\"https:\\\/\\\/mompornonly.com\\\/\",\"logo\":{\"@type\":\"ImageObject\",\"inLanguage\":\"es-ES\",\"@id\":\"https:\\\/\\\/mompornonly.com\\\/#\\\/schema\\\/logo\\\/image\\\/\",\"url\":\"https:\\\/\\\/mompornonly.com\\\/wp-content\\\/uploads\\\/2020\\\/05\\\/logomompornonly.png\",\"contentUrl\":\"https:\\\/\\\/mompornonly.com\\\/wp-content\\\/uploads\\\/2020\\\/05\\\/logomompornonly.png\",\"width\":792,\"height\":446,\"caption\":\"MomPornOnly\"},\"image\":{\"@id\":\"https:\\\/\\\/mompornonly.com\\\/#\\\/schema\\\/logo\\\/image\\\/\"},\"sameAs\":[\"https:\\\/\\\/www.facebook.com\\\/momponly\\\/\",\"https:\\\/\\\/x.com\\\/mompornonly\",\"https:\\\/\\\/www.instagram.com\\\/mpo_com\\\/\"]}]}<\/script>\n<!-- \/ Yoast SEO plugin. -->","yoast_head_json":{"title":"Las mejores fotos gratis de \u00e1lbumes porno de Milf Sexy - MomPornOnly","description":"Los mejores \u00e1lbumes de fotos porno de Sexy Milfs en MomPornOnly. Miles de fotos calientes de mam\u00e1s a quienes les gusta mostrar sus cuerpos sexys a hombres j\u00f3venes y locos.","robots":{"index":"index","follow":"follow","max-snippet":"max-snippet:-1","max-image-preview":"max-image-preview:large","max-video-preview":"max-video-preview:-1"},"canonical":"https:\/\/mompornonly.com\/albums\/best\/","og_locale":"es_ES","og_type":"article","og_title":"The best free photos Milf Sexy Porn albums - MomPornOnly [fr]Les meilleures photos gratuites des albums MILF Sexy Porn - MomPornOnly [\/fr][de]Die besten kostenlosen Fotos von \u201eMilf Sexy Porn\u201c-Alben - MomPornOnly [\/de][es]Las mejores fotos gratis de \u00e1lbumes porno de Milf Sexy - MomPornOnly [\/es][it]Le migliori foto gratuite degli album di MILF Sexy Porn - MomPornOnly [\/it]","og_description":"The best porn photo albums of Sexy Milfs on MomPornOnly. Thousands of hot photos of moms who like to show off their sexy bodies to young, bonkers men.[fr]Les meilleures albums photos porno de Milfs sexy sur MomPornOnly. Des milliers de photos bien chaudes de mamans qui aime montrer leur corps sexy \u00e0 des jeunes hommes qui ont la gaule.e[\/fr][de]Die besten Porno-Fotoalben von Sexy MILFs auf MomPornOnly. Tausende hei\u00dfe Fotos von M\u00fcttern, die jungen, verr\u00fcckten M\u00e4nnern gerne ihre sexy K\u00f6rper zeigen.[\/de][es]Los mejores \u00e1lbumes de fotos porno de Sexy Milfs en MomPornOnly. Miles de fotos calientes de mam\u00e1s a quienes les gusta mostrar sus cuerpos sexys a hombres j\u00f3venes y locos.[\/es][it]I migliori album fotografici porno di MILF sexy su MomPornOnly. Migliaia di foto piccanti di mamme a cui piace mostrare i loro corpi sexy a uomini giovani e pazzi.[\/it]","og_url":"https:\/\/mompornonly.com\/albums\/best\/","og_site_name":"MomPornOnly","article_publisher":"https:\/\/www.facebook.com\/momponly\/","article_modified_time":"2023-10-14T13:52:26+00:00","twitter_card":"summary_large_image","twitter_site":"@mompornonly","schema":{"@context":"https:\/\/schema.org","@graph":[{"@type":"WebPage","@id":"https:\/\/mompornonly.com\/albums\/best\/","url":"https:\/\/mompornonly.com\/albums\/best\/","name":"The best free photos Milf Sexy Porn albums - MomPornOnly [fr]Les meilleures photos gratuites des albums MILF Sexy Porn - MomPornOnly [\/fr][de]Die besten kostenlosen Fotos von \u201eMilf Sexy Porn\u201c-Alben - MomPornOnly [\/de][es]Las mejores fotos gratis de \u00e1lbumes porno de Milf Sexy - MomPornOnly [\/es][it]Le migliori foto gratuite degli album di MILF Sexy Porn - MomPornOnly [\/it]","isPartOf":{"@id":"https:\/\/mompornonly.com\/#website"},"datePublished":"2023-10-13T14:19:09+00:00","dateModified":"2023-10-14T13:52:26+00:00","description":"The best porn photo albums of Sexy Milfs on MomPornOnly. Thousands of hot photos of moms who like to show off their sexy bodies to young, bonkers men.[fr]Les meilleures albums photos porno de Milfs sexy sur MomPornOnly. Des milliers de photos bien chaudes de mamans qui aime montrer leur corps sexy \u00e0 des jeunes hommes qui ont la gaule.e[\/fr][de]Die besten Porno-Fotoalben von Sexy MILFs auf MomPornOnly. Tausende hei\u00dfe Fotos von M\u00fcttern, die jungen, verr\u00fcckten M\u00e4nnern gerne ihre sexy K\u00f6rper zeigen.[\/de][es]Los mejores \u00e1lbumes de fotos porno de Sexy Milfs en MomPornOnly. Miles de fotos calientes de mam\u00e1s a quienes les gusta mostrar sus cuerpos sexys a hombres j\u00f3venes y locos.[\/es][it]I migliori album fotografici porno di MILF sexy su MomPornOnly. Migliaia di foto piccanti di mamme a cui piace mostrare i loro corpi sexy a uomini giovani e pazzi.[\/it]","breadcrumb":{"@id":"https:\/\/mompornonly.com\/albums\/best\/#breadcrumb"},"inLanguage":"es-ES","potentialAction":[{"@type":"ReadAction","target":["https:\/\/mompornonly.com\/albums\/best\/"]}]},{"@type":"BreadcrumbList","@id":"https:\/\/mompornonly.com\/albums\/best\/#breadcrumb","itemListElement":[{"@type":"ListItem","position":1,"name":"Accueil","item":"https:\/\/mompornonly.com\/"},{"@type":"ListItem","position":2,"name":"Photos","item":"https:\/\/mompornonly.com\/albums\/"},{"@type":"ListItem","position":3,"name":"Best photos"}]},{"@type":"WebSite","@id":"https:\/\/mompornonly.com\/#website","url":"https:\/\/mompornonly.com\/","name":"MomPornOnly","description":"Mompornonly.com is the best porn tube site ever with just moms and MILFs, the best XXX videos and free sex streaming.[fr]Mompornonly.com est le meilleur site de tubes porno avec seulement des mamans et  des MILF, les meilleures vid\u00e9os XXX et du streaming sexe gratuit.[\/fr][es]Mompornonly.com es el mejor sitio de tubos porno con mam\u00e1s y MILF, los mejores videos XXX y transmisi\u00f3n de sexo gratis.[\/es][de]Mompornonly.com ist die beste Porno-Tube-Site aller Zeiten mit nur M\u00fcttern und MILFs, den besten XXX-Videos und kostenlosem Sex-Streaming.[\/de][it]Mompornonly.com \u00e8 il miglior sito di porno tube di sempre con solo mamme e MILF, i migliori video XXX e lo streaming di sesso gratuito.[\/it]","publisher":{"@id":"https:\/\/mompornonly.com\/#organization"},"potentialAction":[{"@type":"SearchAction","target":{"@type":"EntryPoint","urlTemplate":"https:\/\/mompornonly.com\/?s={search_term_string}"},"query-input":{"@type":"PropertyValueSpecification","valueRequired":true,"valueName":"search_term_string"}}],"inLanguage":"es-ES"},{"@type":"Organization","@id":"https:\/\/mompornonly.com\/#organization","name":"MomPornOnly","url":"https:\/\/mompornonly.com\/","logo":{"@type":"ImageObject","inLanguage":"es-ES","@id":"https:\/\/mompornonly.com\/#\/schema\/logo\/image\/","url":"https:\/\/mompornonly.com\/wp-content\/uploads\/2020\/05\/logomompornonly.png","contentUrl":"https:\/\/mompornonly.com\/wp-content\/uploads\/2020\/05\/logomompornonly.png","width":792,"height":446,"caption":"MomPornOnly"},"image":{"@id":"https:\/\/mompornonly.com\/#\/schema\/logo\/image\/"},"sameAs":["https:\/\/www.facebook.com\/momponly\/","https:\/\/x.com\/mompornonly","https:\/\/www.instagram.com\/mpo_com\/"]}]}},"_links":{"self":[{"href":"https:\/\/mompornonly.com\/es\/wp-json\/wp\/v2\/pages\/13057","targetHints":{"allow":["GET"]}}],"collection":[{"href":"https:\/\/mompornonly.com\/es\/wp-json\/wp\/v2\/pages"}],"about":[{"href":"https:\/\/mompornonly.com\/es\/wp-json\/wp\/v2\/types\/page"}],"author":[{"embeddable":true,"href":"https:\/\/mompornonly.com\/es\/wp-json\/wp\/v2\/users\/3"}],"replies":[{"embeddable":true,"href":"https:\/\/mompornonly.com\/es\/wp-json\/wp\/v2\/comments?post=13057"}],"version-history":[{"count":2,"href":"https:\/\/mompornonly.com\/es\/wp-json\/wp\/v2\/pages\/13057\/revisions"}],"predecessor-version":[{"id":13159,"href":"https:\/\/mompornonly.com\/es\/wp-json\/wp\/v2\/pages\/13057\/revisions\/13159"}],"up":[{"embeddable":true,"href":"https:\/\/mompornonly.com\/es\/wp-json\/wp\/v2\/pages\/6379"}],"wp:attachment":[{"href":"https:\/\/mompornonly.com\/es\/wp-json\/wp\/v2\/media?parent=13057"}],"curies":[{"name":"wp","href":"https:\/\/api.w.org\/{rel}","templated":true}]}}