{"id":13049,"date":"2023-10-13T16:13:40","date_gmt":"2023-10-13T14:13:40","guid":{"rendered":"https:\/\/mompornonly.com\/?page_id=13049"},"modified":"2023-10-14T15:48:22","modified_gmt":"2023-10-14T13:48:22","slug":"best","status":"publish","type":"page","link":"https:\/\/mompornonly.com\/es\/videos\/best\/","title":{"rendered":"Best video"},"content":{"rendered":"<p>MomPornOnly es el mejor sitio porno de mam\u00e1s, pero si buscas los mejores videos porno de milf, es el lugar correcto. Encuentra miles de videos de sexo de milf gratuitos en calidad HD en Mom Porn Niche Best Site.<\/p>\n","protected":false},"excerpt":{"rendered":"<p>MomPornOnly es el mejor sitio porno de mam\u00e1s, pero si buscas los mejores videos porno de milf, es el lugar correcto. Encuentra miles de videos de sexo de milf gratuitos en calidad HD en Mom Porn Niche Best Site.<\/p>\n","protected":false},"author":3,"featured_media":0,"parent":197,"menu_order":0,"comment_status":"closed","ping_status":"closed","template":"templates\/template-videos.php","meta":{"ep_exclude_from_search":false,"footnotes":""},"class_list":["post-13049","page","type-page","status-publish","hentry"],"yoast_head":"<!-- This site is optimized with the Yoast SEO plugin v27.6 - https:\/\/yoast.com\/product\/yoast-seo-wordpress\/ -->\n<title>Todos los mejores v\u00eddeos porno de Milf gratuitos - MomPornOnly<\/title>\n<meta name=\"description\" content=\"MomPornOnly es el mejor sitio porno de mam\u00e1s, pero si buscas los mejores videos porno de milf, es el lugar correcto. Encuentra miles de videos de sexo de milf gratuitos en calidad HD en Mom Porn Niche Best Site.\" \/>\n<meta name=\"robots\" content=\"index, follow, max-snippet:-1, max-image-preview:large, max-video-preview:-1\" \/>\n<link rel=\"canonical\" href=\"https:\/\/mompornonly.com\/videos\/best\/\" \/>\n<meta property=\"og:locale\" content=\"es_ES\" \/>\n<meta property=\"og:type\" content=\"article\" \/>\n<meta property=\"og:title\" content=\"All the best free Milf Porn videos - MomPornOnly [fr]Toutes les meilleures vid\u00e9os porno MILF gratuites - MomPornOnly [\/fr][de]Die besten kostenlosen MILF-Pornovideos - MomPornOnly [\/de][es]Todos los mejores v\u00eddeos porno de Milf gratuitos - MomPornOnly [\/es][it]Tutti i migliori video porno gratuiti di MILF - MomPornOnly [\/it]\" \/>\n<meta property=\"og:description\" content=\"MomPornOnly is the best mom porn site but if your looking for the best milf porn videos it&#039;s the right place. Find thousand of free milf sex videos in HD quality on the Mom Porn Niche Best Site.[fr]MomPornOnly est le meilleur site porno de mamans, mais si vous recherchez les meilleures vid\u00e9os porno de milf, c&#039;est le bon endroit. Trouvez des milliers de vid\u00e9os de sexe de milf gratuites en qualit\u00e9 HD sur le meilleur site Mom Porn Niche.[\/fr][de]MomPornOnly ist die beste Mama-Pornoseite, aber wenn Sie nach den besten MILF-Pornovideos suchen, sind Sie hier genau richtig. Auf der Mom Porn Niche Best Site finden Sie tausende kostenlose MILF-Sexvideos in HD-Qualit\u00e4t.[\/de][es]MomPornOnly es el mejor sitio porno de mam\u00e1s, pero si buscas los mejores videos porno de milf, es el lugar correcto. Encuentra miles de videos de sexo de milf gratuitos en calidad HD en Mom Porn Niche Best Site.[\/es][it]MomPornOnly \u00e8 il miglior sito porno per mamme ma se stai cercando i migliori video porno per mamme \u00e8 il posto giusto. Trova migliaia di video di sesso gratuiti con suocera in qualit\u00e0 HD sul miglior sito di mamma porno di nicchia.[\/it]\" \/>\n<meta property=\"og:url\" content=\"https:\/\/mompornonly.com\/videos\/best\/\" \/>\n<meta property=\"og:site_name\" content=\"MomPornOnly\" \/>\n<meta property=\"article:publisher\" content=\"https:\/\/www.facebook.com\/momponly\/\" \/>\n<meta property=\"article:modified_time\" content=\"2023-10-14T13:48:22+00:00\" \/>\n<meta name=\"twitter:card\" content=\"summary_large_image\" \/>\n<meta name=\"twitter:site\" content=\"@mompornonly\" \/>\n<script type=\"application\/ld+json\" class=\"yoast-schema-graph\">{\"@context\":\"https:\\\/\\\/schema.org\",\"@graph\":[{\"@type\":\"WebPage\",\"@id\":\"https:\\\/\\\/mompornonly.com\\\/videos\\\/best\\\/\",\"url\":\"https:\\\/\\\/mompornonly.com\\\/videos\\\/best\\\/\",\"name\":\"All the best free Milf Porn videos - MomPornOnly [fr]Toutes les meilleures vid\u00e9os porno MILF gratuites - MomPornOnly [\\\/fr][de]Die besten kostenlosen MILF-Pornovideos - MomPornOnly [\\\/de][es]Todos los mejores v\u00eddeos porno de Milf gratuitos - MomPornOnly [\\\/es][it]Tutti i migliori video porno gratuiti di MILF - MomPornOnly [\\\/it]\",\"isPartOf\":{\"@id\":\"https:\\\/\\\/mompornonly.com\\\/#website\"},\"datePublished\":\"2023-10-13T14:13:40+00:00\",\"dateModified\":\"2023-10-14T13:48:22+00:00\",\"description\":\"MomPornOnly is the best mom porn site but if your looking for the best milf porn videos it's the right place. Find thousand of free milf sex videos in HD quality on the Mom Porn Niche Best Site.[fr]MomPornOnly est le meilleur site porno de mamans, mais si vous recherchez les meilleures vid\u00e9os porno de milf, c'est le bon endroit. Trouvez des milliers de vid\u00e9os de sexe de milf gratuites en qualit\u00e9 HD sur le meilleur site Mom Porn Niche.[\\\/fr][de]MomPornOnly ist die beste Mama-Pornoseite, aber wenn Sie nach den besten MILF-Pornovideos suchen, sind Sie hier genau richtig. Auf der Mom Porn Niche Best Site finden Sie tausende kostenlose MILF-Sexvideos in HD-Qualit\u00e4t.[\\\/de][es]MomPornOnly es el mejor sitio porno de mam\u00e1s, pero si buscas los mejores videos porno de milf, es el lugar correcto. Encuentra miles de videos de sexo de milf gratuitos en calidad HD en Mom Porn Niche Best Site.[\\\/es][it]MomPornOnly \u00e8 il miglior sito porno per mamme ma se stai cercando i migliori video porno per mamme \u00e8 il posto giusto. Trova migliaia di video di sesso gratuiti con suocera in qualit\u00e0 HD sul miglior sito di mamma porno di nicchia.[\\\/it]\",\"breadcrumb\":{\"@id\":\"https:\\\/\\\/mompornonly.com\\\/videos\\\/best\\\/#breadcrumb\"},\"inLanguage\":\"es-ES\",\"potentialAction\":[{\"@type\":\"ReadAction\",\"target\":[\"https:\\\/\\\/mompornonly.com\\\/videos\\\/best\\\/\"]}]},{\"@type\":\"BreadcrumbList\",\"@id\":\"https:\\\/\\\/mompornonly.com\\\/videos\\\/best\\\/#breadcrumb\",\"itemListElement\":[{\"@type\":\"ListItem\",\"position\":1,\"name\":\"Accueil\",\"item\":\"https:\\\/\\\/mompornonly.com\\\/\"},{\"@type\":\"ListItem\",\"position\":2,\"name\":\"Vid\u00e9os\",\"item\":\"https:\\\/\\\/mompornonly.com\\\/videos\\\/\"},{\"@type\":\"ListItem\",\"position\":3,\"name\":\"Best video\"}]},{\"@type\":\"WebSite\",\"@id\":\"https:\\\/\\\/mompornonly.com\\\/#website\",\"url\":\"https:\\\/\\\/mompornonly.com\\\/\",\"name\":\"MomPornOnly\",\"description\":\"Mompornonly.com is the best porn tube site ever with just moms and MILFs, the best XXX videos and free sex streaming.[fr]Mompornonly.com est le meilleur site de tubes porno avec seulement des mamans et  des MILF, les meilleures vid\u00e9os XXX et du streaming sexe gratuit.[\\\/fr][es]Mompornonly.com es el mejor sitio de tubos porno con mam\u00e1s y MILF, los mejores videos XXX y transmisi\u00f3n de sexo gratis.[\\\/es][de]Mompornonly.com ist die beste Porno-Tube-Site aller Zeiten mit nur M\u00fcttern und MILFs, den besten XXX-Videos und kostenlosem Sex-Streaming.[\\\/de][it]Mompornonly.com \u00e8 il miglior sito di porno tube di sempre con solo mamme e MILF, i migliori video XXX e lo streaming di sesso gratuito.[\\\/it]\",\"publisher\":{\"@id\":\"https:\\\/\\\/mompornonly.com\\\/#organization\"},\"potentialAction\":[{\"@type\":\"SearchAction\",\"target\":{\"@type\":\"EntryPoint\",\"urlTemplate\":\"https:\\\/\\\/mompornonly.com\\\/?s={search_term_string}\"},\"query-input\":{\"@type\":\"PropertyValueSpecification\",\"valueRequired\":true,\"valueName\":\"search_term_string\"}}],\"inLanguage\":\"es-ES\"},{\"@type\":\"Organization\",\"@id\":\"https:\\\/\\\/mompornonly.com\\\/#organization\",\"name\":\"MomPornOnly\",\"url\":\"https:\\\/\\\/mompornonly.com\\\/\",\"logo\":{\"@type\":\"ImageObject\",\"inLanguage\":\"es-ES\",\"@id\":\"https:\\\/\\\/mompornonly.com\\\/#\\\/schema\\\/logo\\\/image\\\/\",\"url\":\"https:\\\/\\\/mompornonly.com\\\/wp-content\\\/uploads\\\/2020\\\/05\\\/logomompornonly.png\",\"contentUrl\":\"https:\\\/\\\/mompornonly.com\\\/wp-content\\\/uploads\\\/2020\\\/05\\\/logomompornonly.png\",\"width\":792,\"height\":446,\"caption\":\"MomPornOnly\"},\"image\":{\"@id\":\"https:\\\/\\\/mompornonly.com\\\/#\\\/schema\\\/logo\\\/image\\\/\"},\"sameAs\":[\"https:\\\/\\\/www.facebook.com\\\/momponly\\\/\",\"https:\\\/\\\/x.com\\\/mompornonly\",\"https:\\\/\\\/www.instagram.com\\\/mpo_com\\\/\"]}]}<\/script>\n<!-- \/ Yoast SEO plugin. -->","yoast_head_json":{"title":"Todos los mejores v\u00eddeos porno de Milf gratuitos - MomPornOnly","description":"MomPornOnly es el mejor sitio porno de mam\u00e1s, pero si buscas los mejores videos porno de milf, es el lugar correcto. Encuentra miles de videos de sexo de milf gratuitos en calidad HD en Mom Porn Niche Best Site.","robots":{"index":"index","follow":"follow","max-snippet":"max-snippet:-1","max-image-preview":"max-image-preview:large","max-video-preview":"max-video-preview:-1"},"canonical":"https:\/\/mompornonly.com\/videos\/best\/","og_locale":"es_ES","og_type":"article","og_title":"All the best free Milf Porn videos - MomPornOnly [fr]Toutes les meilleures vid\u00e9os porno MILF gratuites - MomPornOnly [\/fr][de]Die besten kostenlosen MILF-Pornovideos - MomPornOnly [\/de][es]Todos los mejores v\u00eddeos porno de Milf gratuitos - MomPornOnly [\/es][it]Tutti i migliori video porno gratuiti di MILF - MomPornOnly [\/it]","og_description":"MomPornOnly is the best mom porn site but if your looking for the best milf porn videos it's the right place. Find thousand of free milf sex videos in HD quality on the Mom Porn Niche Best Site.[fr]MomPornOnly est le meilleur site porno de mamans, mais si vous recherchez les meilleures vid\u00e9os porno de milf, c'est le bon endroit. Trouvez des milliers de vid\u00e9os de sexe de milf gratuites en qualit\u00e9 HD sur le meilleur site Mom Porn Niche.[\/fr][de]MomPornOnly ist die beste Mama-Pornoseite, aber wenn Sie nach den besten MILF-Pornovideos suchen, sind Sie hier genau richtig. Auf der Mom Porn Niche Best Site finden Sie tausende kostenlose MILF-Sexvideos in HD-Qualit\u00e4t.[\/de][es]MomPornOnly es el mejor sitio porno de mam\u00e1s, pero si buscas los mejores videos porno de milf, es el lugar correcto. Encuentra miles de videos de sexo de milf gratuitos en calidad HD en Mom Porn Niche Best Site.[\/es][it]MomPornOnly \u00e8 il miglior sito porno per mamme ma se stai cercando i migliori video porno per mamme \u00e8 il posto giusto. Trova migliaia di video di sesso gratuiti con suocera in qualit\u00e0 HD sul miglior sito di mamma porno di nicchia.[\/it]","og_url":"https:\/\/mompornonly.com\/videos\/best\/","og_site_name":"MomPornOnly","article_publisher":"https:\/\/www.facebook.com\/momponly\/","article_modified_time":"2023-10-14T13:48:22+00:00","twitter_card":"summary_large_image","twitter_site":"@mompornonly","schema":{"@context":"https:\/\/schema.org","@graph":[{"@type":"WebPage","@id":"https:\/\/mompornonly.com\/videos\/best\/","url":"https:\/\/mompornonly.com\/videos\/best\/","name":"All the best free Milf Porn videos - MomPornOnly [fr]Toutes les meilleures vid\u00e9os porno MILF gratuites - MomPornOnly [\/fr][de]Die besten kostenlosen MILF-Pornovideos - MomPornOnly [\/de][es]Todos los mejores v\u00eddeos porno de Milf gratuitos - MomPornOnly [\/es][it]Tutti i migliori video porno gratuiti di MILF - MomPornOnly [\/it]","isPartOf":{"@id":"https:\/\/mompornonly.com\/#website"},"datePublished":"2023-10-13T14:13:40+00:00","dateModified":"2023-10-14T13:48:22+00:00","description":"MomPornOnly is the best mom porn site but if your looking for the best milf porn videos it's the right place. Find thousand of free milf sex videos in HD quality on the Mom Porn Niche Best Site.[fr]MomPornOnly est le meilleur site porno de mamans, mais si vous recherchez les meilleures vid\u00e9os porno de milf, c'est le bon endroit. Trouvez des milliers de vid\u00e9os de sexe de milf gratuites en qualit\u00e9 HD sur le meilleur site Mom Porn Niche.[\/fr][de]MomPornOnly ist die beste Mama-Pornoseite, aber wenn Sie nach den besten MILF-Pornovideos suchen, sind Sie hier genau richtig. Auf der Mom Porn Niche Best Site finden Sie tausende kostenlose MILF-Sexvideos in HD-Qualit\u00e4t.[\/de][es]MomPornOnly es el mejor sitio porno de mam\u00e1s, pero si buscas los mejores videos porno de milf, es el lugar correcto. Encuentra miles de videos de sexo de milf gratuitos en calidad HD en Mom Porn Niche Best Site.[\/es][it]MomPornOnly \u00e8 il miglior sito porno per mamme ma se stai cercando i migliori video porno per mamme \u00e8 il posto giusto. Trova migliaia di video di sesso gratuiti con suocera in qualit\u00e0 HD sul miglior sito di mamma porno di nicchia.[\/it]","breadcrumb":{"@id":"https:\/\/mompornonly.com\/videos\/best\/#breadcrumb"},"inLanguage":"es-ES","potentialAction":[{"@type":"ReadAction","target":["https:\/\/mompornonly.com\/videos\/best\/"]}]},{"@type":"BreadcrumbList","@id":"https:\/\/mompornonly.com\/videos\/best\/#breadcrumb","itemListElement":[{"@type":"ListItem","position":1,"name":"Accueil","item":"https:\/\/mompornonly.com\/"},{"@type":"ListItem","position":2,"name":"Vid\u00e9os","item":"https:\/\/mompornonly.com\/videos\/"},{"@type":"ListItem","position":3,"name":"Best video"}]},{"@type":"WebSite","@id":"https:\/\/mompornonly.com\/#website","url":"https:\/\/mompornonly.com\/","name":"MomPornOnly","description":"Mompornonly.com is the best porn tube site ever with just moms and MILFs, the best XXX videos and free sex streaming.[fr]Mompornonly.com est le meilleur site de tubes porno avec seulement des mamans et  des MILF, les meilleures vid\u00e9os XXX et du streaming sexe gratuit.[\/fr][es]Mompornonly.com es el mejor sitio de tubos porno con mam\u00e1s y MILF, los mejores videos XXX y transmisi\u00f3n de sexo gratis.[\/es][de]Mompornonly.com ist die beste Porno-Tube-Site aller Zeiten mit nur M\u00fcttern und MILFs, den besten XXX-Videos und kostenlosem Sex-Streaming.[\/de][it]Mompornonly.com \u00e8 il miglior sito di porno tube di sempre con solo mamme e MILF, i migliori video XXX e lo streaming di sesso gratuito.[\/it]","publisher":{"@id":"https:\/\/mompornonly.com\/#organization"},"potentialAction":[{"@type":"SearchAction","target":{"@type":"EntryPoint","urlTemplate":"https:\/\/mompornonly.com\/?s={search_term_string}"},"query-input":{"@type":"PropertyValueSpecification","valueRequired":true,"valueName":"search_term_string"}}],"inLanguage":"es-ES"},{"@type":"Organization","@id":"https:\/\/mompornonly.com\/#organization","name":"MomPornOnly","url":"https:\/\/mompornonly.com\/","logo":{"@type":"ImageObject","inLanguage":"es-ES","@id":"https:\/\/mompornonly.com\/#\/schema\/logo\/image\/","url":"https:\/\/mompornonly.com\/wp-content\/uploads\/2020\/05\/logomompornonly.png","contentUrl":"https:\/\/mompornonly.com\/wp-content\/uploads\/2020\/05\/logomompornonly.png","width":792,"height":446,"caption":"MomPornOnly"},"image":{"@id":"https:\/\/mompornonly.com\/#\/schema\/logo\/image\/"},"sameAs":["https:\/\/www.facebook.com\/momponly\/","https:\/\/x.com\/mompornonly","https:\/\/www.instagram.com\/mpo_com\/"]}]}},"_links":{"self":[{"href":"https:\/\/mompornonly.com\/es\/wp-json\/wp\/v2\/pages\/13049","targetHints":{"allow":["GET"]}}],"collection":[{"href":"https:\/\/mompornonly.com\/es\/wp-json\/wp\/v2\/pages"}],"about":[{"href":"https:\/\/mompornonly.com\/es\/wp-json\/wp\/v2\/types\/page"}],"author":[{"embeddable":true,"href":"https:\/\/mompornonly.com\/es\/wp-json\/wp\/v2\/users\/3"}],"replies":[{"embeddable":true,"href":"https:\/\/mompornonly.com\/es\/wp-json\/wp\/v2\/comments?post=13049"}],"version-history":[{"count":3,"href":"https:\/\/mompornonly.com\/es\/wp-json\/wp\/v2\/pages\/13049\/revisions"}],"predecessor-version":[{"id":13152,"href":"https:\/\/mompornonly.com\/es\/wp-json\/wp\/v2\/pages\/13049\/revisions\/13152"}],"up":[{"embeddable":true,"href":"https:\/\/mompornonly.com\/es\/wp-json\/wp\/v2\/pages\/197"}],"wp:attachment":[{"href":"https:\/\/mompornonly.com\/es\/wp-json\/wp\/v2\/media?parent=13049"}],"curies":[{"name":"wp","href":"https:\/\/api.w.org\/{rel}","templated":true}]}}