{"id":10,"date":"2019-06-23T15:52:54","date_gmt":"2019-06-23T15:52:54","guid":{"rendered":"https:\/\/xfrenchies.com\/tags\/"},"modified":"2023-10-13T16:24:55","modified_gmt":"2023-10-13T14:24:55","slug":"tags","status":"publish","type":"page","link":"https:\/\/mompornonly.com\/es\/tags\/","title":{"rendered":"Tags"},"content":{"rendered":"<h2>Bienvenidos a MomPornOnly.com, el mejor sitio de porno gratis para las mam\u00e1s. Encuentra las mejores etiquetas de pornograf\u00eda relacionadas con milfs<\/h2>\n<p>En primer lugar una de las cosas m\u00e1s importantes en un sitio porno despu\u00e9s de los videos gratis esto suena bien las etiquetas! Y aunque nuestro sitio s\u00f3lo contiene madres guapas que tienen hambre de pollas, era importante para nosotros clasificar todas estas perras en diferentes etiquetas. As\u00ed que ahora puedes elegir de nuestro <strong>gran n\u00famero de etiquetas<\/strong>, los videos que m\u00e1s te convengan. Es cierto que despu\u00e9s de todo, un d\u00eda querr\u00e1s ver algunas mam\u00e1s obtener algunas <a href=\"https:\/\/mompornonly.com\/es\/tag\/facial\/\">eyaculaciones faciales<\/a>. Mientras que otro d\u00eda una madre que se deja follar bien con <a href=\"https:\/\/mompornonly.com\/es\/tag\/tights\/\">pantimedias<\/a> podr\u00eda ser m\u00e1s atractiva para nosotros o s\u00f3lo una madre que se deja barrer el <a href=\"https:\/\/mompornonly.com\/es\/tag\/well-fucked\/\">co\u00f1o<\/a> .<\/p>\n<p>Hasta ahora, \u00bfqu\u00e9 es lo que mejor define a <strong>MomPornOnly.com<\/strong> ? Probablemente su calidad y su gratuidad. Porque aqu\u00ed todos los videos sobre mam\u00e1s son totalmente gratis. No hay necesidad de registrarse ni nada m\u00e1s. As\u00ed que encuentra el video pornogr\u00e1fico que m\u00e1s te guste, la momia m\u00e1s caliente que te excite y mast\u00farbate sin pagar nada y sin perder tiempo. Todo es simple y libre aqu\u00ed. \u00a1Probablemente por eso ya somos tu sitio web favorito de transmisi\u00f3n de prono!<\/p>\n<h2>MomPornOnly.com es un sitio fluido, optimizado para ser accesible en todas las circunstancias.<\/h2>\n<p>Ya sea en un ordenador, smartphone, tableta, xbox o ps4 <a href=\"https:\/\/mompornonly.com\/es\/\">MomPornOnly<\/a> est\u00e1 disponible, fluido y r\u00e1pido. As\u00ed que podr\u00e1s acceder a <strong>videos, pel\u00edculas o fotos de forma gratuita<\/strong>. Cualquier cosa que el <strong>tags<\/strong> elija encontrar\u00e1 los mejores milfs alrededor del mundo y que <strong>sin tener dinero para gastar<strong>, podr\u00e1 clasificar nuestros videos por etiquetas. Usa la b\u00fasqueda inteligente o nuestras etiquetas de video para encontrar los videos XXX que m\u00e1s te emocionan y te dan satisfacci\u00f3n.<\/strong><\/strong><\/p>\n<p>En la industria del porno y m\u00e1s espec\u00edficamente en la categor\u00eda moms la competencia es muy dura pero es por eso que en MomPornOnly.com hemos hecho una selecci\u00f3n de los mejores videos de milf. Una preferencia por las milfs con tetas grandes ? No hay problema en usar la etiqueta <a href=\"https:\/\/mompornonly.com\/es\/tag\/big-tits\">Pechos grandes<\/a>! \u00bfPrefieres las tetas peque\u00f1as o las tetas peque\u00f1as despu\u00e9s de todo? No hay problema, as\u00ed que usa la etiqueta inversa <a href=\"https:\/\/mompornonly.com\/es\/tag\/small-tits\">Pechos peque\u00f1os<\/a><\/p>\n<h2>\u00a1 En MomPornOnly la calidad de nuestro contenido es m\u00e1s importante que la cantidad !<\/h2>\n<p>\u00a1Claro! Esto es importante para nosotros, a diferencia de nuestros competidores o los gigantes del prono xvideos.com, pornhub.com, xhamster.com o youporn.com. Todos estos sitios que pretenden tener tantos videos pornogr\u00e1ficos como sea posible no est\u00e1n interesados en la calidad de su contenido. Mientras que es todo lo contrario en MomPornOnly!<\/p>\n<p>Hemos hecho una selecci\u00f3n de los mejores videos pornogr\u00e1ficos milf que existen y seguimos a\u00f1adiendo videos XXX regularmente. As\u00ed que encuentra videos de sexo HD, 1080p o incluso en 4K y que <strong>sin pagar o sacar tu tarjeta de cr\u00e9dito<\/strong> y si tu conexi\u00f3n a internet no te permite ver el contenido en tan buena calidad no hay problema nuestro reproductor de video te permite cambiar la calidad y ver rubias, mamadas, amateur o anal en 180p, 240p, 480p y tambi\u00e9n 720p ! No tienes que dejar de ver tus videos XXX de mam\u00e1s zorras en MomPornOnly.com !<\/p>\n<h2>\u00bf MomPornOnly es tu sitio favorito de la milicia ?<\/h2>\n<p>As\u00ed que no duden en visitar nuestro otro sitio si quieren ver nuestra selecci\u00f3n de videos. De hecho, el equipo de MomPornOnly es el mismo que trabaja en <a href=\"https:\/\/xfrenchies.com\/es\" target=\"_blank\" rel=\"dofollow noopener noreferrer\">xFrenchies.com<\/a> !<br \/>\nEncontrar\u00e1s algunas perras francesas buenas y fuertes a las que les gusta la polla fuerte. No pienses que los franceses son mojigatos, son los cerdos m\u00e1s grandes del mundo.<br \/>\nTe garantizo que nuestros videos pornogr\u00e1ficos en xFrenchies.com son excepcionales y tenemos un gran n\u00famero de <strong>videos caseros<\/strong> y amateurs que ninguno de los gigantes del porno tienen y ning\u00fan otro sitio pornogr\u00e1fico. Algunas buenas perras que pensaron en disparar un sextape para divertirse con sus amigos del momento pero todo est\u00e1 en <a href=\"https:\/\/xFrenchies.com\/es\" target=\"_blank\" rel=\"dofollow noopener noreferrer\">xFrenchies.com<\/a> el mejor sitio de porno gratis de Francia ! \u00a1Siempre estaremos ah\u00ed para defender el sexo libre!<\/p>\n","protected":false},"excerpt":{"rendered":"<p>Bienvenidos a MomPornOnly.com, el mejor sitio de porno gratis para las mam\u00e1s. Encuentra las mejores etiquetas de pornograf\u00eda relacionadas con milfs En primer lugar una de las cosas m\u00e1s importantes en un sitio porno despu\u00e9s de los videos gratis esto suena bien las etiquetas! Y aunque nuestro sitio s\u00f3lo contiene madres guapas que tienen hambre [&hellip;]<\/p>\n","protected":false},"author":1,"featured_media":0,"parent":0,"menu_order":0,"comment_status":"closed","ping_status":"closed","template":"templates\/template-tags.php","meta":{"ep_exclude_from_search":false,"footnotes":""},"class_list":["post-10","page","type-page","status-publish","hentry"],"yoast_head":"<!-- This site is optimized with the Yoast SEO plugin v27.4 - https:\/\/yoast.com\/product\/yoast-seo-wordpress\/ -->\n<title>Miles de etiquetas PORNO de mam\u00e1 | Videos PORNO Etiquetas - Mom Porn Only<\/title>\n<meta name=\"description\" content=\"Mom Porn Only te ofrece la posibilidad de navegar por miles de etiquetas porno de mam\u00e1 que m\u00e1s te gustar\u00e1n. Sexo PORNO 100% GRATUITO con mam\u00e1 y hijastro\" \/>\n<meta name=\"robots\" content=\"index, follow, max-snippet:-1, max-image-preview:large, max-video-preview:-1\" \/>\n<link rel=\"canonical\" href=\"https:\/\/mompornonly.com\/tags\/\" \/>\n<meta property=\"og:locale\" content=\"es_ES\" \/>\n<meta property=\"og:type\" content=\"article\" \/>\n<meta property=\"og:title\" content=\"Thousands of Mom PORN tags | PORN videos Tags - Mom Porn Only[fr]Des milliers de Tags Maman PORNO | PORNO vid\u00e9os Tags - Mom Porn Only[\/fr][es]Miles de etiquetas PORNO de mam\u00e1 | Videos PORNO Etiquetas - Mom Porn Only[\/es][de]Tausende von Mutter PORN Tags | PORNO Videos Tags - Mom Porn Only[\/de][it]Migliaia di tag PORN per la mamma | Tag video PORN - Mom Porn Only[\/it]\" \/>\n<meta property=\"og:description\" content=\"Mom Porn Only offers you the possibility to browse thousands of Mom PORN tags that you will like the most. 100% FREE PORN sex with Mom and stepson[fr]Mom Porn Only vous offre la possibilit\u00e9 de parcourir des milliers de tags porno maman que vous aimerez le plus. Sexe PORNO 100% GRATUIT avec belle m\u00e8re et beau-fils[\/fr][es]Mom Porn Only te ofrece la posibilidad de navegar por miles de etiquetas porno de mam\u00e1 que m\u00e1s te gustar\u00e1n. Sexo PORNO 100% GRATUITO con mam\u00e1 y hijastro[\/es][de]Mom Porn Only bietet Ihnen die M\u00f6glichkeit, Tausende von Mom Porno Tags zu durchsuchen, die Ihnen am besten gefallen. 100% KOSTENLOSER PORNO Sex mit Mama und Stiefsohn[\/de][it]Solo mamma porno ti offre la possibilit\u00e0 di sfogliare migliaia di tag PORNO MAMMA che ti piaceranno di pi\u00f9. Sesso PORN GRATUITO al 100% con mamma e figliastro[\/it]\" \/>\n<meta property=\"og:url\" content=\"https:\/\/mompornonly.com\/tags\/\" \/>\n<meta property=\"og:site_name\" content=\"MomPornOnly\" \/>\n<meta property=\"article:publisher\" content=\"https:\/\/www.facebook.com\/momponly\/\" \/>\n<meta property=\"article:modified_time\" content=\"2023-10-13T14:24:55+00:00\" \/>\n<meta name=\"twitter:card\" content=\"summary_large_image\" \/>\n<meta name=\"twitter:site\" content=\"@mompornonly\" \/>\n<script type=\"application\/ld+json\" class=\"yoast-schema-graph\">{\"@context\":\"https:\\\/\\\/schema.org\",\"@graph\":[{\"@type\":\"WebPage\",\"@id\":\"https:\\\/\\\/mompornonly.com\\\/tags\\\/\",\"url\":\"https:\\\/\\\/mompornonly.com\\\/tags\\\/\",\"name\":\"Thousands of Mom PORN tags | PORN videos Tags - Mom Porn Only[fr]Des milliers de Tags Maman PORNO | PORNO vid\u00e9os Tags - Mom Porn Only[\\\/fr][es]Miles de etiquetas PORNO de mam\u00e1 | Videos PORNO Etiquetas - Mom Porn Only[\\\/es][de]Tausende von Mutter PORN Tags | PORNO Videos Tags - Mom Porn Only[\\\/de][it]Migliaia di tag PORN per la mamma | Tag video PORN - Mom Porn Only[\\\/it]\",\"isPartOf\":{\"@id\":\"https:\\\/\\\/mompornonly.com\\\/#website\"},\"datePublished\":\"2019-06-23T15:52:54+00:00\",\"dateModified\":\"2023-10-13T14:24:55+00:00\",\"description\":\"Mom Porn Only offers you the possibility to browse thousands of Mom PORN tags that you will like the most. 100% FREE PORN sex with Mom and stepson[fr]Mom Porn Only vous offre la possibilit\u00e9 de parcourir des milliers de tags porno maman que vous aimerez le plus. Sexe PORNO 100% GRATUIT avec belle m\u00e8re et beau-fils[\\\/fr][es]Mom Porn Only te ofrece la posibilidad de navegar por miles de etiquetas porno de mam\u00e1 que m\u00e1s te gustar\u00e1n. Sexo PORNO 100% GRATUITO con mam\u00e1 y hijastro[\\\/es][de]Mom Porn Only bietet Ihnen die M\u00f6glichkeit, Tausende von Mom Porno Tags zu durchsuchen, die Ihnen am besten gefallen. 100% KOSTENLOSER PORNO Sex mit Mama und Stiefsohn[\\\/de][it]Solo mamma porno ti offre la possibilit\u00e0 di sfogliare migliaia di tag PORNO MAMMA che ti piaceranno di pi\u00f9. Sesso PORN GRATUITO al 100% con mamma e figliastro[\\\/it]\",\"breadcrumb\":{\"@id\":\"https:\\\/\\\/mompornonly.com\\\/tags\\\/#breadcrumb\"},\"inLanguage\":\"es-ES\",\"potentialAction\":[{\"@type\":\"ReadAction\",\"target\":[\"https:\\\/\\\/mompornonly.com\\\/tags\\\/\"]}]},{\"@type\":\"BreadcrumbList\",\"@id\":\"https:\\\/\\\/mompornonly.com\\\/tags\\\/#breadcrumb\",\"itemListElement\":[{\"@type\":\"ListItem\",\"position\":1,\"name\":\"Accueil\",\"item\":\"https:\\\/\\\/mompornonly.com\\\/\"},{\"@type\":\"ListItem\",\"position\":2,\"name\":\"Tags\"}]},{\"@type\":\"WebSite\",\"@id\":\"https:\\\/\\\/mompornonly.com\\\/#website\",\"url\":\"https:\\\/\\\/mompornonly.com\\\/\",\"name\":\"MomPornOnly\",\"description\":\"Mompornonly.com is the best porn tube site ever with just moms and MILFs, the best XXX videos and free sex streaming.[fr]Mompornonly.com est le meilleur site de tubes porno avec seulement des mamans et  des MILF, les meilleures vid\u00e9os XXX et du streaming sexe gratuit.[\\\/fr][es]Mompornonly.com es el mejor sitio de tubos porno con mam\u00e1s y MILF, los mejores videos XXX y transmisi\u00f3n de sexo gratis.[\\\/es][de]Mompornonly.com ist die beste Porno-Tube-Site aller Zeiten mit nur M\u00fcttern und MILFs, den besten XXX-Videos und kostenlosem Sex-Streaming.[\\\/de][it]Mompornonly.com \u00e8 il miglior sito di porno tube di sempre con solo mamme e MILF, i migliori video XXX e lo streaming di sesso gratuito.[\\\/it]\",\"publisher\":{\"@id\":\"https:\\\/\\\/mompornonly.com\\\/#organization\"},\"potentialAction\":[{\"@type\":\"SearchAction\",\"target\":{\"@type\":\"EntryPoint\",\"urlTemplate\":\"https:\\\/\\\/mompornonly.com\\\/?s={search_term_string}\"},\"query-input\":{\"@type\":\"PropertyValueSpecification\",\"valueRequired\":true,\"valueName\":\"search_term_string\"}}],\"inLanguage\":\"es-ES\"},{\"@type\":\"Organization\",\"@id\":\"https:\\\/\\\/mompornonly.com\\\/#organization\",\"name\":\"MomPornOnly\",\"url\":\"https:\\\/\\\/mompornonly.com\\\/\",\"logo\":{\"@type\":\"ImageObject\",\"inLanguage\":\"es-ES\",\"@id\":\"https:\\\/\\\/mompornonly.com\\\/#\\\/schema\\\/logo\\\/image\\\/\",\"url\":\"https:\\\/\\\/mompornonly.com\\\/wp-content\\\/uploads\\\/2020\\\/05\\\/logomompornonly.png\",\"contentUrl\":\"https:\\\/\\\/mompornonly.com\\\/wp-content\\\/uploads\\\/2020\\\/05\\\/logomompornonly.png\",\"width\":792,\"height\":446,\"caption\":\"MomPornOnly\"},\"image\":{\"@id\":\"https:\\\/\\\/mompornonly.com\\\/#\\\/schema\\\/logo\\\/image\\\/\"},\"sameAs\":[\"https:\\\/\\\/www.facebook.com\\\/momponly\\\/\",\"https:\\\/\\\/x.com\\\/mompornonly\",\"https:\\\/\\\/www.instagram.com\\\/mpo_com\\\/\"]}]}<\/script>\n<!-- \/ Yoast SEO plugin. -->","yoast_head_json":{"title":"Miles de etiquetas PORNO de mam\u00e1 | Videos PORNO Etiquetas - Mom Porn Only","description":"Mom Porn Only te ofrece la posibilidad de navegar por miles de etiquetas porno de mam\u00e1 que m\u00e1s te gustar\u00e1n. Sexo PORNO 100% GRATUITO con mam\u00e1 y hijastro","robots":{"index":"index","follow":"follow","max-snippet":"max-snippet:-1","max-image-preview":"max-image-preview:large","max-video-preview":"max-video-preview:-1"},"canonical":"https:\/\/mompornonly.com\/tags\/","og_locale":"es_ES","og_type":"article","og_title":"Thousands of Mom PORN tags | PORN videos Tags - Mom Porn Only[fr]Des milliers de Tags Maman PORNO | PORNO vid\u00e9os Tags - Mom Porn Only[\/fr][es]Miles de etiquetas PORNO de mam\u00e1 | Videos PORNO Etiquetas - Mom Porn Only[\/es][de]Tausende von Mutter PORN Tags | PORNO Videos Tags - Mom Porn Only[\/de][it]Migliaia di tag PORN per la mamma | Tag video PORN - Mom Porn Only[\/it]","og_description":"Mom Porn Only offers you the possibility to browse thousands of Mom PORN tags that you will like the most. 100% FREE PORN sex with Mom and stepson[fr]Mom Porn Only vous offre la possibilit\u00e9 de parcourir des milliers de tags porno maman que vous aimerez le plus. Sexe PORNO 100% GRATUIT avec belle m\u00e8re et beau-fils[\/fr][es]Mom Porn Only te ofrece la posibilidad de navegar por miles de etiquetas porno de mam\u00e1 que m\u00e1s te gustar\u00e1n. Sexo PORNO 100% GRATUITO con mam\u00e1 y hijastro[\/es][de]Mom Porn Only bietet Ihnen die M\u00f6glichkeit, Tausende von Mom Porno Tags zu durchsuchen, die Ihnen am besten gefallen. 100% KOSTENLOSER PORNO Sex mit Mama und Stiefsohn[\/de][it]Solo mamma porno ti offre la possibilit\u00e0 di sfogliare migliaia di tag PORNO MAMMA che ti piaceranno di pi\u00f9. Sesso PORN GRATUITO al 100% con mamma e figliastro[\/it]","og_url":"https:\/\/mompornonly.com\/tags\/","og_site_name":"MomPornOnly","article_publisher":"https:\/\/www.facebook.com\/momponly\/","article_modified_time":"2023-10-13T14:24:55+00:00","twitter_card":"summary_large_image","twitter_site":"@mompornonly","schema":{"@context":"https:\/\/schema.org","@graph":[{"@type":"WebPage","@id":"https:\/\/mompornonly.com\/tags\/","url":"https:\/\/mompornonly.com\/tags\/","name":"Thousands of Mom PORN tags | PORN videos Tags - Mom Porn Only[fr]Des milliers de Tags Maman PORNO | PORNO vid\u00e9os Tags - Mom Porn Only[\/fr][es]Miles de etiquetas PORNO de mam\u00e1 | Videos PORNO Etiquetas - Mom Porn Only[\/es][de]Tausende von Mutter PORN Tags | PORNO Videos Tags - Mom Porn Only[\/de][it]Migliaia di tag PORN per la mamma | Tag video PORN - Mom Porn Only[\/it]","isPartOf":{"@id":"https:\/\/mompornonly.com\/#website"},"datePublished":"2019-06-23T15:52:54+00:00","dateModified":"2023-10-13T14:24:55+00:00","description":"Mom Porn Only offers you the possibility to browse thousands of Mom PORN tags that you will like the most. 100% FREE PORN sex with Mom and stepson[fr]Mom Porn Only vous offre la possibilit\u00e9 de parcourir des milliers de tags porno maman que vous aimerez le plus. Sexe PORNO 100% GRATUIT avec belle m\u00e8re et beau-fils[\/fr][es]Mom Porn Only te ofrece la posibilidad de navegar por miles de etiquetas porno de mam\u00e1 que m\u00e1s te gustar\u00e1n. Sexo PORNO 100% GRATUITO con mam\u00e1 y hijastro[\/es][de]Mom Porn Only bietet Ihnen die M\u00f6glichkeit, Tausende von Mom Porno Tags zu durchsuchen, die Ihnen am besten gefallen. 100% KOSTENLOSER PORNO Sex mit Mama und Stiefsohn[\/de][it]Solo mamma porno ti offre la possibilit\u00e0 di sfogliare migliaia di tag PORNO MAMMA che ti piaceranno di pi\u00f9. Sesso PORN GRATUITO al 100% con mamma e figliastro[\/it]","breadcrumb":{"@id":"https:\/\/mompornonly.com\/tags\/#breadcrumb"},"inLanguage":"es-ES","potentialAction":[{"@type":"ReadAction","target":["https:\/\/mompornonly.com\/tags\/"]}]},{"@type":"BreadcrumbList","@id":"https:\/\/mompornonly.com\/tags\/#breadcrumb","itemListElement":[{"@type":"ListItem","position":1,"name":"Accueil","item":"https:\/\/mompornonly.com\/"},{"@type":"ListItem","position":2,"name":"Tags"}]},{"@type":"WebSite","@id":"https:\/\/mompornonly.com\/#website","url":"https:\/\/mompornonly.com\/","name":"MomPornOnly","description":"Mompornonly.com is the best porn tube site ever with just moms and MILFs, the best XXX videos and free sex streaming.[fr]Mompornonly.com est le meilleur site de tubes porno avec seulement des mamans et  des MILF, les meilleures vid\u00e9os XXX et du streaming sexe gratuit.[\/fr][es]Mompornonly.com es el mejor sitio de tubos porno con mam\u00e1s y MILF, los mejores videos XXX y transmisi\u00f3n de sexo gratis.[\/es][de]Mompornonly.com ist die beste Porno-Tube-Site aller Zeiten mit nur M\u00fcttern und MILFs, den besten XXX-Videos und kostenlosem Sex-Streaming.[\/de][it]Mompornonly.com \u00e8 il miglior sito di porno tube di sempre con solo mamme e MILF, i migliori video XXX e lo streaming di sesso gratuito.[\/it]","publisher":{"@id":"https:\/\/mompornonly.com\/#organization"},"potentialAction":[{"@type":"SearchAction","target":{"@type":"EntryPoint","urlTemplate":"https:\/\/mompornonly.com\/?s={search_term_string}"},"query-input":{"@type":"PropertyValueSpecification","valueRequired":true,"valueName":"search_term_string"}}],"inLanguage":"es-ES"},{"@type":"Organization","@id":"https:\/\/mompornonly.com\/#organization","name":"MomPornOnly","url":"https:\/\/mompornonly.com\/","logo":{"@type":"ImageObject","inLanguage":"es-ES","@id":"https:\/\/mompornonly.com\/#\/schema\/logo\/image\/","url":"https:\/\/mompornonly.com\/wp-content\/uploads\/2020\/05\/logomompornonly.png","contentUrl":"https:\/\/mompornonly.com\/wp-content\/uploads\/2020\/05\/logomompornonly.png","width":792,"height":446,"caption":"MomPornOnly"},"image":{"@id":"https:\/\/mompornonly.com\/#\/schema\/logo\/image\/"},"sameAs":["https:\/\/www.facebook.com\/momponly\/","https:\/\/x.com\/mompornonly","https:\/\/www.instagram.com\/mpo_com\/"]}]}},"_links":{"self":[{"href":"https:\/\/mompornonly.com\/es\/wp-json\/wp\/v2\/pages\/10","targetHints":{"allow":["GET"]}}],"collection":[{"href":"https:\/\/mompornonly.com\/es\/wp-json\/wp\/v2\/pages"}],"about":[{"href":"https:\/\/mompornonly.com\/es\/wp-json\/wp\/v2\/types\/page"}],"author":[{"embeddable":true,"href":"https:\/\/mompornonly.com\/es\/wp-json\/wp\/v2\/users\/1"}],"replies":[{"embeddable":true,"href":"https:\/\/mompornonly.com\/es\/wp-json\/wp\/v2\/comments?post=10"}],"version-history":[{"count":1,"href":"https:\/\/mompornonly.com\/es\/wp-json\/wp\/v2\/pages\/10\/revisions"}],"predecessor-version":[{"id":13067,"href":"https:\/\/mompornonly.com\/es\/wp-json\/wp\/v2\/pages\/10\/revisions\/13067"}],"wp:attachment":[{"href":"https:\/\/mompornonly.com\/es\/wp-json\/wp\/v2\/media?parent=10"}],"curies":[{"name":"wp","href":"https:\/\/api.w.org\/{rel}","templated":true}]}}