{"id":8659,"date":"2021-07-20T12:51:44","date_gmt":"2021-07-20T10:51:44","guid":{"rendered":"https:\/\/mompornonly.com\/?page_id=8659"},"modified":"2023-10-13T16:19:08","modified_gmt":"2023-10-13T14:19:08","slug":"livecams","status":"publish","type":"page","link":"https:\/\/mompornonly.com\/de\/livecams\/","title":{"rendered":"Livecams"},"content":{"rendered":"<h2>Die sexiesten und hei\u00dfesten Camgirls der Welt sind live<\/h2>\n<p>Sie haben wahrscheinlich schon von den Online-Cams geh\u00f6rt, die vor allem dank der <strong>Live-Twitch Hot Tube<\/strong> in aller Munde sind. Diese besteht darin, sich selbst in einem kleinen Outfit, Badeanzug oder <strong>Bikini in einer hei\u00dfen Wanne<\/strong> vor Tausenden von Menschen zu filmen. Das hat unweigerlich Auswirkungen auf die Online-Cam-Seiten, die immer mehr Menschen ansprechen und wachsen. Deshalb f\u00fchlten wir uns gezwungen, diese Art von Inhalten in unsere Seite zu integrieren, damit alle unsere Nutzer dieses Wunder genie\u00dfen k\u00f6nnen. Sie k\u00f6nnen sich gar nicht vorstellen, was Sie alles erkunden k\u00f6nnen, um sich einfach die Augen zu sp\u00fclen oder zu masturbieren, wenn Sie der Drang packt. <strong>Diese Frauen sind super sexy und hei\u00df wie die H\u00f6lle<\/strong>, lassen Sie sich nicht einsch\u00fcchtern von so viel Charisma und Hitze. Sie sind dazu da, jedem, der sie ansieht, maximales Vergn\u00fcgen zu bereiten, Sie werden nicht in der Lage sein zu widerstehen, wenn Sie ihnen in die Augen sehen. Der Vorteil von Kameras ist, dass Sie nicht wissen, was Sie erwartet, im Gegensatz zu Pornovideos, die sich mit der Zeit mehr oder weniger \u00e4hneln. Auf unserer Seite mompornonly.com werden Sie vom Talent dieser Camgirls \u00fcberrascht sein, die alles tun werden, um Sie zu erregen, sei es mit ihrer engen kleinen Pussy, einem Sextoy, einem Vibrator oder sogar dem Schwanz ihres Freundes. Sie wissen, wie man alles macht, wor\u00fcber du dir keine Sorgen machen musst, egal was du bevorzugst, jede wird ihre Spezialit\u00e4ten haben, abh\u00e4ngig von ihrer Ethnie. Es spielt keine Rolle, ob sie <strong>braun, blond oder rothaarig<\/strong> sind, du wirst mit Sicherheit etwas finden, das zu dir passt.<\/p>\n<p>Sie m\u00f6gen <strong>blonde Frauen mit gro\u00dfen Br\u00fcsten oder mit kleinen Br\u00fcsten<\/strong>, es spielt keine Rolle, Sie haben hier alles, was Sie brauchen, oder vielleicht m\u00f6gen Sie sch\u00f6ne Br\u00fcnetten mit kleinen Br\u00fcsten und gro\u00dfem Hintern, es ist immer das gleiche, egal, Sie werden die Frau finden, die Sie heute zum Abspritzen bringen wird. Kategorien werden zur Verf\u00fcgung gestellt, um es Ihnen einfacher zu machen, das zu finden, was Sie suchen, sagen wir, Sie sind ein <strong>Fu\u00dffetischist<\/strong>, nun <a href=\"https:\/\/mompornonly.com\/de\/livecams-category\/feet\/\">die Kategorie F\u00fc\u00dfe<\/a> wird Ihr geheimer Garten sein. Und das Wichtigste ist, dass niemand \u00fcber Sie urteilen oder Ihnen etwas vorschreiben wird, also genie\u00dfen Sie einfach, was Ihnen gef\u00e4llt und f\u00fchlen Sie sich frei, Ihr Vergn\u00fcgen \u00fcber den Chat mit anderen Leuten zu teilen. Wenn Ihnen gef\u00e4llt, was Sie sehen, und es Sie an andere Orte gebracht hat, k\u00f6nnen Sie die Person unterst\u00fctzen, die Sie mit Ihrem Geld dazu gebracht hat.<\/p>\n<h3>Ein ausgekl\u00fcgeltes Rezept, um Sie so oft wie m\u00f6glich abspritzen zu lassen<\/h3>\n<p>In der Tat ist das System der Online-Kameras sehr ausgekl\u00fcgelt, Sie k\u00f6nnen so viel wie Sie wollen kostenlos eine Frau online beobachten. Aber diese Frauen werden nicht alles f\u00fcr Ihre sch\u00f6nen \u00c4uglein zeigen, eine finanzielle Unterst\u00fctzung wird diese Frau in der Not sicherlich dazu bringen, sich zu verausgaben. Viele Camgirls haben &#8220;Ziele&#8221;, die darin bestehen, eine Aktion nach einem bestimmten Geldbetrag durchzuf\u00fchren. Die W\u00e4hrung der Seite wird in Credits gez\u00e4hlt, zum Beispiel kann sich eine Frau f\u00fcr 1000 Credits einen <strong>Dildo in den Arsch stecken<\/strong>. Das bedeutet, dass Sie sie mit ein paar Klicks und etwas Geld zu Ihrer Sexsklavin machen k\u00f6nnen. Sie haben auch eine Liste mit all den Dingen, die sie f\u00fcr Geld ausf\u00fchren k\u00f6nnen, so dass Sie sich nur noch entspannen und den Moment genie\u00dfen m\u00fcssen. Wenn Sie die Frau wollen, die von Kopf bis Fu\u00df Ihr Typ ist und Sie hart macht, dann k\u00f6nnen Sie f\u00fcr eine <strong>Privatshow<\/strong> nur zwischen Ihnen und ihr bezahlen. Sie wird in der Lage sein, dir Dirty Talk zu geben, als w\u00e4re sie deine Schlampe und ihr k\u00f6nnt miteinander machen, was ihr wollt.<\/p>\n<p>Du wirst nur exklusive Inhalte sehen, es wird nicht wie all die xxx Videos sein, die du auf Seiten wie <strong>pornhub, xhamster oder sogar xvideos.<\/strong> Es ist ein Video, das du nirgendwo anders finden wirst, du wirst der einzige sein, der diese Frau f\u00fcr dich vor der Kamera wackeln sah, um deinen einfachen Schwanz hart zu bekommen. Es ist sch\u00f6n, wie viel Sie mit wenig Geld bekommen k\u00f6nnen, wir laden Sie ein, alle Funktionen, die wir in Partnerschaft mit <strong>Chaturbate.<\/strong> anbieten, in vollem Umfang zu nutzen.<\/p>\n<p>Alle Modelle auf MomPornOnly.com sind Eigentum von Chaturbate und wir besitzen daher keine Rechte an den gezeigten Inhalten. Alle Porno-Galerien und Links zu Sex-Videos werden von Dritten zur Verf\u00fcgung gestellt. Wir haben keine Kontrolle \u00fcber den Inhalt dieser Seiten, aber wir best\u00e4tigen, dass alle anwesenden M\u00e4dchen 18 Jahre alt oder \u00e4lter sind. Wir \u00fcbernehmen keine Verantwortung f\u00fcr den Inhalt von Websites, auf die wir verlinken. Bitte benutzen Sie Ihre eigene Diskretion, wenn Sie pornografische Links durchst\u00f6bern.<\/p>\n<p><a href=\"https:\/\/chaturbate.com\/in\/?track=mpo_link&amp;tour=hr8m&amp;campaign=d7A1h\" target=\"_blank\" rel=\"noopener\">\u00a9 Chaturbate.com<\/a><\/p>\n","protected":false},"excerpt":{"rendered":"<p>Die sexiesten und hei\u00dfesten Camgirls der Welt sind live Sie haben wahrscheinlich schon von den Online-Cams geh\u00f6rt, die vor allem dank der Live-Twitch Hot Tube in aller Munde sind. Diese besteht darin, sich selbst in einem kleinen Outfit, Badeanzug oder Bikini in einer hei\u00dfen Wanne vor Tausenden von Menschen zu filmen. Das hat unweigerlich Auswirkungen [&hellip;]<\/p>\n","protected":false},"author":3,"featured_media":0,"parent":0,"menu_order":0,"comment_status":"closed","ping_status":"closed","template":"templates\/template-livecams.php","meta":{"ep_exclude_from_search":false,"footnotes":""},"class_list":["post-8659","page","type-page","status-publish","hentry"],"yoast_head":"<!-- This site is optimized with the Yoast SEO plugin v27.4 - https:\/\/yoast.com\/product\/yoast-seo-wordpress\/ -->\n<title>LiveCams - Die ber\u00fchmtesten Camgirls sind jetzt live | MomPornOnly.com<\/title>\n<meta name=\"description\" content=\"Sehen Sie sich die ber\u00fchmtesten Livecams kostenlos an, ohne dass eine Registrierung bei MomPornOnly.com erforderlich ist. Die besten Camgirls der Welt sind jetzt live, egal ob Amateure oder Pornostars, sie werden dir das gr\u00f6\u00dftm\u00f6gliche Vergn\u00fcgen bereiten.\" \/>\n<meta name=\"robots\" content=\"index, follow, max-snippet:-1, max-image-preview:large, max-video-preview:-1\" \/>\n<link rel=\"canonical\" href=\"https:\/\/mompornonly.com\/livecams\/\" \/>\n<meta property=\"og:locale\" content=\"de_DE\" \/>\n<meta property=\"og:type\" content=\"article\" \/>\n<meta property=\"og:title\" content=\"LiveCams - The most famous camgirls are now live | MomPornOnly.com [fr]LiveCams - Les camgirls les plus c\u00e9l\u00e8bres sont maintenant en direct | MomPornOnly.com[\/fr][es]LiveCams - Las camgirls m\u00e1s famosas ya est\u00e1n en vivo |MomPornOnly.com[\/es][de]LiveCams - Die ber\u00fchmtesten Camgirls sind jetzt live | MomPornOnly.com[\/de][it]LiveCams - Le camgirl pi\u00f9 famose sono ora in diretta | MomPornOnly.com[\/it]\" \/>\n<meta property=\"og:description\" content=\"Watch the most famous livecams for free, with no registrations required at MomPornOnly.com. The best camgirls in the world are now live, whether they are amateurs or pornstars, they will give you the most pleasure possible. [fr] Regardez les livecams les plus c\u00e9l\u00e8bres gratuitement, sans inscription requise sur MomPornOnly.com. Les meilleures camgirls du monde sont d\u00e9sormais en direct, qu&#039;elles soient amatrices ou pornstars, elles vous procureront le plus de plaisir possible. [\/fr][es]Vea las c\u00e1maras en vivo m\u00e1s famosas de forma gratuita, sin necesidad de registrarse en MomPornOnly.com. Las mejores camgirls del mundo ahora est\u00e1n en vivo, ya sean amateurs o pornstars, te dar\u00e1n el mayor placer posible.[\/es][de]Sehen Sie sich die ber\u00fchmtesten Livecams kostenlos an, ohne dass eine Registrierung bei MomPornOnly.com erforderlich ist. Die besten Camgirls der Welt sind jetzt live, egal ob Amateure oder Pornostars, sie werden dir das gr\u00f6\u00dftm\u00f6gliche Vergn\u00fcgen bereiten.[\/de][it]Guarda le livecam pi\u00f9 famose gratuitamente, senza registrazione richiesta su MomPornOnly.com. Le migliori camgirl del mondo sono ora in diretta, che siano dilettanti o pornostar, ti daranno il massimo piacere possibile.[\/it]\" \/>\n<meta property=\"og:url\" content=\"https:\/\/mompornonly.com\/livecams\/\" \/>\n<meta property=\"og:site_name\" content=\"MomPornOnly\" \/>\n<meta property=\"article:publisher\" content=\"https:\/\/www.facebook.com\/momponly\/\" \/>\n<meta property=\"article:modified_time\" content=\"2023-10-13T14:19:08+00:00\" \/>\n<meta name=\"twitter:card\" content=\"summary_large_image\" \/>\n<meta name=\"twitter:site\" content=\"@mompornonly\" \/>\n<script type=\"application\/ld+json\" class=\"yoast-schema-graph\">{\"@context\":\"https:\\\/\\\/schema.org\",\"@graph\":[{\"@type\":\"WebPage\",\"@id\":\"https:\\\/\\\/mompornonly.com\\\/livecams\\\/\",\"url\":\"https:\\\/\\\/mompornonly.com\\\/livecams\\\/\",\"name\":\"LiveCams - The most famous camgirls are now live | MomPornOnly.com [fr]LiveCams - Les camgirls les plus c\u00e9l\u00e8bres sont maintenant en direct | MomPornOnly.com[\\\/fr][es]LiveCams - Las camgirls m\u00e1s famosas ya est\u00e1n en vivo |MomPornOnly.com[\\\/es][de]LiveCams - Die ber\u00fchmtesten Camgirls sind jetzt live | MomPornOnly.com[\\\/de][it]LiveCams - Le camgirl pi\u00f9 famose sono ora in diretta | MomPornOnly.com[\\\/it]\",\"isPartOf\":{\"@id\":\"https:\\\/\\\/mompornonly.com\\\/#website\"},\"datePublished\":\"2021-07-20T10:51:44+00:00\",\"dateModified\":\"2023-10-13T14:19:08+00:00\",\"description\":\"Watch the most famous livecams for free, with no registrations required at MomPornOnly.com. The best camgirls in the world are now live, whether they are amateurs or pornstars, they will give you the most pleasure possible. [fr] Regardez les livecams les plus c\u00e9l\u00e8bres gratuitement, sans inscription requise sur MomPornOnly.com. Les meilleures camgirls du monde sont d\u00e9sormais en direct, qu'elles soient amatrices ou pornstars, elles vous procureront le plus de plaisir possible. [\\\/fr][es]Vea las c\u00e1maras en vivo m\u00e1s famosas de forma gratuita, sin necesidad de registrarse en MomPornOnly.com. Las mejores camgirls del mundo ahora est\u00e1n en vivo, ya sean amateurs o pornstars, te dar\u00e1n el mayor placer posible.[\\\/es][de]Sehen Sie sich die ber\u00fchmtesten Livecams kostenlos an, ohne dass eine Registrierung bei MomPornOnly.com erforderlich ist. Die besten Camgirls der Welt sind jetzt live, egal ob Amateure oder Pornostars, sie werden dir das gr\u00f6\u00dftm\u00f6gliche Vergn\u00fcgen bereiten.[\\\/de][it]Guarda le livecam pi\u00f9 famose gratuitamente, senza registrazione richiesta su MomPornOnly.com. Le migliori camgirl del mondo sono ora in diretta, che siano dilettanti o pornostar, ti daranno il massimo piacere possibile.[\\\/it]\",\"breadcrumb\":{\"@id\":\"https:\\\/\\\/mompornonly.com\\\/livecams\\\/#breadcrumb\"},\"inLanguage\":\"de-DE\",\"potentialAction\":[{\"@type\":\"ReadAction\",\"target\":[\"https:\\\/\\\/mompornonly.com\\\/livecams\\\/\"]}]},{\"@type\":\"BreadcrumbList\",\"@id\":\"https:\\\/\\\/mompornonly.com\\\/livecams\\\/#breadcrumb\",\"itemListElement\":[{\"@type\":\"ListItem\",\"position\":1,\"name\":\"Accueil\",\"item\":\"https:\\\/\\\/mompornonly.com\\\/\"},{\"@type\":\"ListItem\",\"position\":2,\"name\":\"Livecams\"}]},{\"@type\":\"WebSite\",\"@id\":\"https:\\\/\\\/mompornonly.com\\\/#website\",\"url\":\"https:\\\/\\\/mompornonly.com\\\/\",\"name\":\"MomPornOnly\",\"description\":\"Mompornonly.com is the best porn tube site ever with just moms and MILFs, the best XXX videos and free sex streaming.[fr]Mompornonly.com est le meilleur site de tubes porno avec seulement des mamans et  des MILF, les meilleures vid\u00e9os XXX et du streaming sexe gratuit.[\\\/fr][es]Mompornonly.com es el mejor sitio de tubos porno con mam\u00e1s y MILF, los mejores videos XXX y transmisi\u00f3n de sexo gratis.[\\\/es][de]Mompornonly.com ist die beste Porno-Tube-Site aller Zeiten mit nur M\u00fcttern und MILFs, den besten XXX-Videos und kostenlosem Sex-Streaming.[\\\/de][it]Mompornonly.com \u00e8 il miglior sito di porno tube di sempre con solo mamme e MILF, i migliori video XXX e lo streaming di sesso gratuito.[\\\/it]\",\"publisher\":{\"@id\":\"https:\\\/\\\/mompornonly.com\\\/#organization\"},\"potentialAction\":[{\"@type\":\"SearchAction\",\"target\":{\"@type\":\"EntryPoint\",\"urlTemplate\":\"https:\\\/\\\/mompornonly.com\\\/?s={search_term_string}\"},\"query-input\":{\"@type\":\"PropertyValueSpecification\",\"valueRequired\":true,\"valueName\":\"search_term_string\"}}],\"inLanguage\":\"de-DE\"},{\"@type\":\"Organization\",\"@id\":\"https:\\\/\\\/mompornonly.com\\\/#organization\",\"name\":\"MomPornOnly\",\"url\":\"https:\\\/\\\/mompornonly.com\\\/\",\"logo\":{\"@type\":\"ImageObject\",\"inLanguage\":\"de-DE\",\"@id\":\"https:\\\/\\\/mompornonly.com\\\/#\\\/schema\\\/logo\\\/image\\\/\",\"url\":\"https:\\\/\\\/mompornonly.com\\\/wp-content\\\/uploads\\\/2020\\\/05\\\/logomompornonly.png\",\"contentUrl\":\"https:\\\/\\\/mompornonly.com\\\/wp-content\\\/uploads\\\/2020\\\/05\\\/logomompornonly.png\",\"width\":792,\"height\":446,\"caption\":\"MomPornOnly\"},\"image\":{\"@id\":\"https:\\\/\\\/mompornonly.com\\\/#\\\/schema\\\/logo\\\/image\\\/\"},\"sameAs\":[\"https:\\\/\\\/www.facebook.com\\\/momponly\\\/\",\"https:\\\/\\\/x.com\\\/mompornonly\",\"https:\\\/\\\/www.instagram.com\\\/mpo_com\\\/\"]}]}<\/script>\n<!-- \/ Yoast SEO plugin. -->","yoast_head_json":{"title":"LiveCams - Die ber\u00fchmtesten Camgirls sind jetzt live | MomPornOnly.com","description":"Sehen Sie sich die ber\u00fchmtesten Livecams kostenlos an, ohne dass eine Registrierung bei MomPornOnly.com erforderlich ist. Die besten Camgirls der Welt sind jetzt live, egal ob Amateure oder Pornostars, sie werden dir das gr\u00f6\u00dftm\u00f6gliche Vergn\u00fcgen bereiten.","robots":{"index":"index","follow":"follow","max-snippet":"max-snippet:-1","max-image-preview":"max-image-preview:large","max-video-preview":"max-video-preview:-1"},"canonical":"https:\/\/mompornonly.com\/livecams\/","og_locale":"de_DE","og_type":"article","og_title":"LiveCams - The most famous camgirls are now live | MomPornOnly.com [fr]LiveCams - Les camgirls les plus c\u00e9l\u00e8bres sont maintenant en direct | MomPornOnly.com[\/fr][es]LiveCams - Las camgirls m\u00e1s famosas ya est\u00e1n en vivo |MomPornOnly.com[\/es][de]LiveCams - Die ber\u00fchmtesten Camgirls sind jetzt live | MomPornOnly.com[\/de][it]LiveCams - Le camgirl pi\u00f9 famose sono ora in diretta | MomPornOnly.com[\/it]","og_description":"Watch the most famous livecams for free, with no registrations required at MomPornOnly.com. The best camgirls in the world are now live, whether they are amateurs or pornstars, they will give you the most pleasure possible. [fr] Regardez les livecams les plus c\u00e9l\u00e8bres gratuitement, sans inscription requise sur MomPornOnly.com. Les meilleures camgirls du monde sont d\u00e9sormais en direct, qu'elles soient amatrices ou pornstars, elles vous procureront le plus de plaisir possible. [\/fr][es]Vea las c\u00e1maras en vivo m\u00e1s famosas de forma gratuita, sin necesidad de registrarse en MomPornOnly.com. Las mejores camgirls del mundo ahora est\u00e1n en vivo, ya sean amateurs o pornstars, te dar\u00e1n el mayor placer posible.[\/es][de]Sehen Sie sich die ber\u00fchmtesten Livecams kostenlos an, ohne dass eine Registrierung bei MomPornOnly.com erforderlich ist. Die besten Camgirls der Welt sind jetzt live, egal ob Amateure oder Pornostars, sie werden dir das gr\u00f6\u00dftm\u00f6gliche Vergn\u00fcgen bereiten.[\/de][it]Guarda le livecam pi\u00f9 famose gratuitamente, senza registrazione richiesta su MomPornOnly.com. Le migliori camgirl del mondo sono ora in diretta, che siano dilettanti o pornostar, ti daranno il massimo piacere possibile.[\/it]","og_url":"https:\/\/mompornonly.com\/livecams\/","og_site_name":"MomPornOnly","article_publisher":"https:\/\/www.facebook.com\/momponly\/","article_modified_time":"2023-10-13T14:19:08+00:00","twitter_card":"summary_large_image","twitter_site":"@mompornonly","schema":{"@context":"https:\/\/schema.org","@graph":[{"@type":"WebPage","@id":"https:\/\/mompornonly.com\/livecams\/","url":"https:\/\/mompornonly.com\/livecams\/","name":"LiveCams - The most famous camgirls are now live | MomPornOnly.com [fr]LiveCams - Les camgirls les plus c\u00e9l\u00e8bres sont maintenant en direct | MomPornOnly.com[\/fr][es]LiveCams - Las camgirls m\u00e1s famosas ya est\u00e1n en vivo |MomPornOnly.com[\/es][de]LiveCams - Die ber\u00fchmtesten Camgirls sind jetzt live | MomPornOnly.com[\/de][it]LiveCams - Le camgirl pi\u00f9 famose sono ora in diretta | MomPornOnly.com[\/it]","isPartOf":{"@id":"https:\/\/mompornonly.com\/#website"},"datePublished":"2021-07-20T10:51:44+00:00","dateModified":"2023-10-13T14:19:08+00:00","description":"Watch the most famous livecams for free, with no registrations required at MomPornOnly.com. The best camgirls in the world are now live, whether they are amateurs or pornstars, they will give you the most pleasure possible. [fr] Regardez les livecams les plus c\u00e9l\u00e8bres gratuitement, sans inscription requise sur MomPornOnly.com. Les meilleures camgirls du monde sont d\u00e9sormais en direct, qu'elles soient amatrices ou pornstars, elles vous procureront le plus de plaisir possible. [\/fr][es]Vea las c\u00e1maras en vivo m\u00e1s famosas de forma gratuita, sin necesidad de registrarse en MomPornOnly.com. Las mejores camgirls del mundo ahora est\u00e1n en vivo, ya sean amateurs o pornstars, te dar\u00e1n el mayor placer posible.[\/es][de]Sehen Sie sich die ber\u00fchmtesten Livecams kostenlos an, ohne dass eine Registrierung bei MomPornOnly.com erforderlich ist. Die besten Camgirls der Welt sind jetzt live, egal ob Amateure oder Pornostars, sie werden dir das gr\u00f6\u00dftm\u00f6gliche Vergn\u00fcgen bereiten.[\/de][it]Guarda le livecam pi\u00f9 famose gratuitamente, senza registrazione richiesta su MomPornOnly.com. Le migliori camgirl del mondo sono ora in diretta, che siano dilettanti o pornostar, ti daranno il massimo piacere possibile.[\/it]","breadcrumb":{"@id":"https:\/\/mompornonly.com\/livecams\/#breadcrumb"},"inLanguage":"de-DE","potentialAction":[{"@type":"ReadAction","target":["https:\/\/mompornonly.com\/livecams\/"]}]},{"@type":"BreadcrumbList","@id":"https:\/\/mompornonly.com\/livecams\/#breadcrumb","itemListElement":[{"@type":"ListItem","position":1,"name":"Accueil","item":"https:\/\/mompornonly.com\/"},{"@type":"ListItem","position":2,"name":"Livecams"}]},{"@type":"WebSite","@id":"https:\/\/mompornonly.com\/#website","url":"https:\/\/mompornonly.com\/","name":"MomPornOnly","description":"Mompornonly.com is the best porn tube site ever with just moms and MILFs, the best XXX videos and free sex streaming.[fr]Mompornonly.com est le meilleur site de tubes porno avec seulement des mamans et  des MILF, les meilleures vid\u00e9os XXX et du streaming sexe gratuit.[\/fr][es]Mompornonly.com es el mejor sitio de tubos porno con mam\u00e1s y MILF, los mejores videos XXX y transmisi\u00f3n de sexo gratis.[\/es][de]Mompornonly.com ist die beste Porno-Tube-Site aller Zeiten mit nur M\u00fcttern und MILFs, den besten XXX-Videos und kostenlosem Sex-Streaming.[\/de][it]Mompornonly.com \u00e8 il miglior sito di porno tube di sempre con solo mamme e MILF, i migliori video XXX e lo streaming di sesso gratuito.[\/it]","publisher":{"@id":"https:\/\/mompornonly.com\/#organization"},"potentialAction":[{"@type":"SearchAction","target":{"@type":"EntryPoint","urlTemplate":"https:\/\/mompornonly.com\/?s={search_term_string}"},"query-input":{"@type":"PropertyValueSpecification","valueRequired":true,"valueName":"search_term_string"}}],"inLanguage":"de-DE"},{"@type":"Organization","@id":"https:\/\/mompornonly.com\/#organization","name":"MomPornOnly","url":"https:\/\/mompornonly.com\/","logo":{"@type":"ImageObject","inLanguage":"de-DE","@id":"https:\/\/mompornonly.com\/#\/schema\/logo\/image\/","url":"https:\/\/mompornonly.com\/wp-content\/uploads\/2020\/05\/logomompornonly.png","contentUrl":"https:\/\/mompornonly.com\/wp-content\/uploads\/2020\/05\/logomompornonly.png","width":792,"height":446,"caption":"MomPornOnly"},"image":{"@id":"https:\/\/mompornonly.com\/#\/schema\/logo\/image\/"},"sameAs":["https:\/\/www.facebook.com\/momponly\/","https:\/\/x.com\/mompornonly","https:\/\/www.instagram.com\/mpo_com\/"]}]}},"_links":{"self":[{"href":"https:\/\/mompornonly.com\/de\/wp-json\/wp\/v2\/pages\/8659","targetHints":{"allow":["GET"]}}],"collection":[{"href":"https:\/\/mompornonly.com\/de\/wp-json\/wp\/v2\/pages"}],"about":[{"href":"https:\/\/mompornonly.com\/de\/wp-json\/wp\/v2\/types\/page"}],"author":[{"embeddable":true,"href":"https:\/\/mompornonly.com\/de\/wp-json\/wp\/v2\/users\/3"}],"replies":[{"embeddable":true,"href":"https:\/\/mompornonly.com\/de\/wp-json\/wp\/v2\/comments?post=8659"}],"version-history":[{"count":5,"href":"https:\/\/mompornonly.com\/de\/wp-json\/wp\/v2\/pages\/8659\/revisions"}],"predecessor-version":[{"id":9262,"href":"https:\/\/mompornonly.com\/de\/wp-json\/wp\/v2\/pages\/8659\/revisions\/9262"}],"wp:attachment":[{"href":"https:\/\/mompornonly.com\/de\/wp-json\/wp\/v2\/media?parent=8659"}],"curies":[{"name":"wp","href":"https:\/\/api.w.org\/{rel}","templated":true}]}}