{"id":8302,"date":"2021-01-05T20:30:44","date_gmt":"2021-01-05T18:30:44","guid":{"rendered":""},"modified":"2021-01-05T21:15:37","modified_gmt":"2021-01-05T19:15:37","slug":"mom-porn-hd","status":"publish","type":"page","link":"https:\/\/mompornonly.com\/de\/mom-porn-hd\/","title":{"rendered":"The best mom porn HD videos are on MomPornOnly.com !"},"content":{"rendered":"<h1>Die beste HD Mumie Porno in der Welt<\/h1>\n<p>MomPornOnly in Englisch kann nur nur mutter porno in Deutsch \u00fcbersetzen. Wie der Name der Seite schon sagt, gibt es hier nur gute M\u00fctter, gute l\u00e4ufige Milfs, die gerne gute gro\u00dfe Schw\u00e4nze lutschen oder ihre Muschis von guten gro\u00dfen Schw\u00e4nzen gefickt bekommen. Und obwohl der Amateur-Content extrem hardcore ist, ist er nicht unbedingt in <strong>HD-Qualit\u00e4t<\/strong>. Deshalb arbeiten wir mit Studios wie Brazzers, Mylf, Pervmom und vielen anderen zusammen, um Ihnen die meisten HD-Pornovideos zu bringen, denn HD-Mumienpornos sind wirklich die besten Pornos, die es heute gibt! Und genau deshalb finden Sie das Beste bei MomPornOnly! <\/p>\n<p>Hei\u00dfe M\u00fctter, die ihre Finger in ihre Muschis stecken, um zu masturbieren, oder nuttige Milfs, die sich von Jugendlichen mitten in die Muschis ficken lassen. Milfs lieben anal, deshalb finden Sie in unserer Anal-Kategorie einen Haufen XXX-Videos, in denen Milfs ihre \u00c4rsche von gro\u00dfen Schw\u00e4nzen gefickt bekommen! Aber nicht nur, denn wir bei MomPornOnly wissen auch, dass f\u00fcr jeden etwas dabei ist und deshalb haben wir auch viele andere Kategorien wie gro\u00dfe \u00c4rsche mit vielen nuttigen X HD Videos mit gro\u00dfen \u00c4rschen, die vor deinen fassungslosen Augen gefickt werden, gro\u00dfe Titten, um Pornostars mit riesigen roten Titten zu genie\u00dfen, die dich hart werden lassen, kleine Titten oder lesbisch, um sch\u00f6ne Schlampen zu sehen, die miteinander spielen und sich gegenseitig die Pussys lecken. So viele <a href=\"https:\/\/mompornonly.com\/de\/categories\/\">Kategorien<\/a>, mit denen Sie masturbieren k\u00f6nnen, w\u00e4hrend Sie HD-Porno-Videos genie\u00dfen! Videos in HD anzuschauen bedeutet, dass Sie die Muschis ganz nah sehen k\u00f6nnen, mit einer unglaublichen und unbestreitbaren Qualit\u00e4t! Das Wichtigste ist immer noch, dass die bereits gut ausgestattete Liste unseres Katalogs v\u00f6llig kostenlos ist und vor allem brauchen Sie sich keine Sorgen zu machen, dass Sie die gleichen Dinge immer wieder ansehen, weil unser Katalog sorgf\u00e4ltig erneuert wird, so dass jeden Tag neue Videos kostenlos verf\u00fcgbar sind! Wir versuchen auch, unseren Fotokatalog zu erweitern, damit Sie die besten Milfs in XXX-Fotos kostenlos haben k\u00f6nnen, ohne die Seite wechseln zu m\u00fcssen! <\/p>\n<p>Sie k\u00f6nnen jetzt einige der gr\u00f6\u00dften Milf-Schlampen der X-Welt wie Brandi Love, Anissa Kate, Blanche Bradburry, Bianca Burke, Bethany Benz oder Mia Khalifa kostenlos auf MomPornOnly genie\u00dfen! Wir sind wirklich die beste <strong>XXX Porno-Seite<\/strong>, die Sie kennen! Vergessen Sie nicht, all Ihren Freunden von uns zu erz\u00e4hlen, damit auch sie in den Genuss der besten Huren kommen, die kostenlos und ohne Zeitverschwendung gefickt werden! Sie k\u00f6nnen uns auch auf unserem Twitter folgen, um von Zeit zu Zeit informiert zu werden! Bei MomPornOnly kennt Porno keine zeitliche Begrenzung und Sie k\u00f6nnen 24\/7 die besten <strong>Mommy HD Pornos<\/strong> kostenlos genie\u00dfen! <\/p>\n<h2>Sehen und downloaden Sie eine Tonne kostenloser HD-Porno-Videos<\/h2>\n<p>Alle unsere HD (High Definition)-Videos sind zum kostenlosen Anschauen verf\u00fcgbar, k\u00f6nnen aber jetzt auch f\u00fcr Ihr Sehvergn\u00fcgen heruntergeladen werden. Wie Sie wissen, ist das, was Sie gl\u00fccklich macht, unsere Priorit\u00e4t bei MomPornOnly und Sie werden in der Lage sein, Ihre Lieblingsschlampen auch ohne Internetverbindung zu genie\u00dfen, w\u00e4hrend Sie zum Beispiel mit dem Zug oder Flugzeug reisen! Zus\u00e4tzlich zu den besten nuttigen <strong>Milfs<\/strong> der Welt, die Sie jetzt kostenlos herunterladen k\u00f6nnen, so dass wir es lieben? Wenn Sie Videos vorschlagen wollen, in denen Sie Ihre Schwiegermutter ficken, dann z\u00f6gern Sie nicht, dank des Upload-Formulars auf der Website! Wir lieben Ihre Videos und Ihr Feedback, also z\u00f6gern Sie nicht! Die Seite ist in vielen Sprachen verf\u00fcgbar, wie z.B. Spanisch, Englisch, Franz\u00f6sisch, Deutsch und Italienisch. Z\u00f6gern Sie also nicht, die von Ihnen bevorzugte Sprache zu w\u00e4hlen oder eine zus\u00e4tzliche \u00dcbersetzung anzufordern, indem Sie uns kontaktieren! Sie k\u00f6nnen auch die besten Franz\u00f6sisch Porno auf <a href=\"https:\/\/xfrenchies.com\/de\/\">xFrenchies.com<\/a> finden! Die beste Franz\u00f6sisch Amateur Porno Website es enth\u00e4lt exklusive Franz\u00f6sisch Amateur Schlampe Videos, die Ihren Kopf drehen und spucken Sie Ihren Schwanz aus machen wird!<\/p>\n","protected":false},"excerpt":{"rendered":"<p>Die beste HD Mumie Porno in der Welt MomPornOnly in Englisch kann nur nur mutter porno in Deutsch \u00fcbersetzen. Wie der Name der Seite schon sagt, gibt es hier nur gute M\u00fctter, gute l\u00e4ufige Milfs, die gerne gute gro\u00dfe Schw\u00e4nze lutschen oder ihre Muschis von guten gro\u00dfen Schw\u00e4nzen gefickt bekommen. Und obwohl der Amateur-Content extrem [&hellip;]<\/p>\n","protected":false},"author":3,"featured_media":0,"parent":0,"menu_order":0,"comment_status":"closed","ping_status":"closed","template":"template-porn-fr.php","meta":{"ep_exclude_from_search":false,"footnotes":""},"class_list":["post-8302","page","type-page","status-publish","hentry"],"yoast_head":"<!-- This site is optimized with the Yoast SEO plugin v27.5 - https:\/\/yoast.com\/product\/yoast-seo-wordpress\/ -->\n<title>The best mom porn HD videos are on MomPornOnly.com ! | BESTE MILF VIDEOS PORN HD - MomPornOnly<\/title>\n<meta name=\"description\" content=\"Sehen Sie Tausende von Mama Porno hd Videos kostenlos auf MomPornOnly.com die beste Tube Website Milf Porno in der Welt im Zusammenhang\" \/>\n<meta name=\"robots\" content=\"index, follow, max-snippet:-1, max-image-preview:large, max-video-preview:-1\" \/>\n<link rel=\"canonical\" href=\"https:\/\/mompornonly.com\/de\/mom-porn-hd\/\" \/>\n<meta property=\"og:locale\" content=\"de_DE\" \/>\n<meta property=\"og:type\" content=\"article\" \/>\n<meta property=\"og:title\" content=\"The best mom porn HD videos are on MomPornOnly.com ! | BEST MILF VIDEOS PORN HD - MomPornOnly [fr]The best mom porn HD videos are on MomPornOnly.com ! | MEILLEURES MILF VIDEOS PORNO HD - MomPornOnly [\/fr] [de]The best mom porn HD videos are on MomPornOnly.com ! | BESTE MILF VIDEOS PORN HD - MomPornOnly [\/de] [es]The best mom porn HD videos are on MomPornOnly.com ! | MEJORES VIDEOS DE LA MILF PORNO HD - MomPornOnly [\/es] [it]The best mom porn HD videos are on MomPornOnly.com ! | MIGLIORI VIDEO PORNO MILF HD - MomPornOnly [\/it]\" \/>\n<meta property=\"og:description\" content=\"Watch thousands of mom porn hd videos for free on MomPornOnly.com the best tube site milf porn related in the world ! [fr]Regardez des milliers de vid\u00e9os hd de m\u00e8res porno gratuitement sur MomPornOnly.com, le meilleur site de tubes sur le porno de m\u00e8res dans le monde [\/fr] [de]Sehen Sie Tausende von Mama Porno hd Videos kostenlos auf MomPornOnly.com die beste Tube Website Milf Porno in der Welt im Zusammenhang [\/de] [es]Mira miles de videos pornogr\u00e1ficos de mam\u00e1 gratis en MomPornOnly.com, el mejor sitio de videos pornogr\u00e1ficos de mam\u00e1 en el mundo. [\/es] [it]Guarda migliaia di video di mamma porno hd gratis su MomPornOnly.com il miglior sito di tube milf porno correlate al mondo [\/it]\" \/>\n<meta property=\"og:url\" content=\"https:\/\/mompornonly.com\/de\/mom-porn-hd\/\" \/>\n<meta property=\"og:site_name\" content=\"MomPornOnly\" \/>\n<meta property=\"article:publisher\" content=\"https:\/\/www.facebook.com\/momponly\/\" \/>\n<meta property=\"article:modified_time\" content=\"2021-01-05T19:15:37+00:00\" \/>\n<meta name=\"twitter:card\" content=\"summary_large_image\" \/>\n<meta name=\"twitter:site\" content=\"@mompornonly\" \/>\n<script type=\"application\/ld+json\" class=\"yoast-schema-graph\">{\"@context\":\"https:\\\/\\\/schema.org\",\"@graph\":[{\"@type\":\"WebPage\",\"@id\":\"https:\\\/\\\/mompornonly.com\\\/de\\\/mom-porn-hd\\\/\",\"url\":\"https:\\\/\\\/mompornonly.com\\\/de\\\/mom-porn-hd\\\/\",\"name\":\"The best mom porn HD videos are on MomPornOnly.com ! | BEST MILF VIDEOS PORN HD - MomPornOnly [fr]The best mom porn HD videos are on MomPornOnly.com ! | MEILLEURES MILF VIDEOS PORNO HD - MomPornOnly [\\\/fr] [de]The best mom porn HD videos are on MomPornOnly.com ! | BESTE MILF VIDEOS PORN HD - MomPornOnly [\\\/de] [es]The best mom porn HD videos are on MomPornOnly.com ! | MEJORES VIDEOS DE LA MILF PORNO HD - MomPornOnly [\\\/es] [it]The best mom porn HD videos are on MomPornOnly.com ! | MIGLIORI VIDEO PORNO MILF HD - MomPornOnly [\\\/it]\",\"isPartOf\":{\"@id\":\"https:\\\/\\\/mompornonly.com\\\/#website\"},\"datePublished\":\"2021-01-05T18:30:44+00:00\",\"dateModified\":\"2021-01-05T19:15:37+00:00\",\"description\":\"Watch thousands of mom porn hd videos for free on MomPornOnly.com the best tube site milf porn related in the world ! [fr]Regardez des milliers de vid\u00e9os hd de m\u00e8res porno gratuitement sur MomPornOnly.com, le meilleur site de tubes sur le porno de m\u00e8res dans le monde [\\\/fr] [de]Sehen Sie Tausende von Mama Porno hd Videos kostenlos auf MomPornOnly.com die beste Tube Website Milf Porno in der Welt im Zusammenhang [\\\/de] [es]Mira miles de videos pornogr\u00e1ficos de mam\u00e1 gratis en MomPornOnly.com, el mejor sitio de videos pornogr\u00e1ficos de mam\u00e1 en el mundo. [\\\/es] [it]Guarda migliaia di video di mamma porno hd gratis su MomPornOnly.com il miglior sito di tube milf porno correlate al mondo [\\\/it]\",\"breadcrumb\":{\"@id\":\"https:\\\/\\\/mompornonly.com\\\/de\\\/mom-porn-hd\\\/#breadcrumb\"},\"inLanguage\":\"de-DE\",\"potentialAction\":[{\"@type\":\"ReadAction\",\"target\":[\"https:\\\/\\\/mompornonly.com\\\/de\\\/mom-porn-hd\\\/\"]}]},{\"@type\":\"BreadcrumbList\",\"@id\":\"https:\\\/\\\/mompornonly.com\\\/de\\\/mom-porn-hd\\\/#breadcrumb\",\"itemListElement\":[{\"@type\":\"ListItem\",\"position\":1,\"name\":\"Accueil\",\"item\":\"https:\\\/\\\/mompornonly.com\\\/\"},{\"@type\":\"ListItem\",\"position\":2,\"name\":\"The best mom porn HD videos are on MomPornOnly.com !\"}]},{\"@type\":\"WebSite\",\"@id\":\"https:\\\/\\\/mompornonly.com\\\/#website\",\"url\":\"https:\\\/\\\/mompornonly.com\\\/\",\"name\":\"MomPornOnly\",\"description\":\"Mompornonly.com is the best porn tube site ever with just moms and MILFs, the best XXX videos and free sex streaming.[fr]Mompornonly.com est le meilleur site de tubes porno avec seulement des mamans et  des MILF, les meilleures vid\u00e9os XXX et du streaming sexe gratuit.[\\\/fr][es]Mompornonly.com es el mejor sitio de tubos porno con mam\u00e1s y MILF, los mejores videos XXX y transmisi\u00f3n de sexo gratis.[\\\/es][de]Mompornonly.com ist die beste Porno-Tube-Site aller Zeiten mit nur M\u00fcttern und MILFs, den besten XXX-Videos und kostenlosem Sex-Streaming.[\\\/de][it]Mompornonly.com \u00e8 il miglior sito di porno tube di sempre con solo mamme e MILF, i migliori video XXX e lo streaming di sesso gratuito.[\\\/it]\",\"publisher\":{\"@id\":\"https:\\\/\\\/mompornonly.com\\\/#organization\"},\"potentialAction\":[{\"@type\":\"SearchAction\",\"target\":{\"@type\":\"EntryPoint\",\"urlTemplate\":\"https:\\\/\\\/mompornonly.com\\\/?s={search_term_string}\"},\"query-input\":{\"@type\":\"PropertyValueSpecification\",\"valueRequired\":true,\"valueName\":\"search_term_string\"}}],\"inLanguage\":\"de-DE\"},{\"@type\":\"Organization\",\"@id\":\"https:\\\/\\\/mompornonly.com\\\/#organization\",\"name\":\"MomPornOnly\",\"url\":\"https:\\\/\\\/mompornonly.com\\\/\",\"logo\":{\"@type\":\"ImageObject\",\"inLanguage\":\"de-DE\",\"@id\":\"https:\\\/\\\/mompornonly.com\\\/#\\\/schema\\\/logo\\\/image\\\/\",\"url\":\"https:\\\/\\\/mompornonly.com\\\/wp-content\\\/uploads\\\/2020\\\/05\\\/logomompornonly.png\",\"contentUrl\":\"https:\\\/\\\/mompornonly.com\\\/wp-content\\\/uploads\\\/2020\\\/05\\\/logomompornonly.png\",\"width\":792,\"height\":446,\"caption\":\"MomPornOnly\"},\"image\":{\"@id\":\"https:\\\/\\\/mompornonly.com\\\/#\\\/schema\\\/logo\\\/image\\\/\"},\"sameAs\":[\"https:\\\/\\\/www.facebook.com\\\/momponly\\\/\",\"https:\\\/\\\/x.com\\\/mompornonly\",\"https:\\\/\\\/www.instagram.com\\\/mpo_com\\\/\"]}]}<\/script>\n<!-- \/ Yoast SEO plugin. -->","yoast_head_json":{"title":"The best mom porn HD videos are on MomPornOnly.com ! | BESTE MILF VIDEOS PORN HD - MomPornOnly","description":"Sehen Sie Tausende von Mama Porno hd Videos kostenlos auf MomPornOnly.com die beste Tube Website Milf Porno in der Welt im Zusammenhang","robots":{"index":"index","follow":"follow","max-snippet":"max-snippet:-1","max-image-preview":"max-image-preview:large","max-video-preview":"max-video-preview:-1"},"canonical":"https:\/\/mompornonly.com\/de\/mom-porn-hd\/","og_locale":"de_DE","og_type":"article","og_title":"The best mom porn HD videos are on MomPornOnly.com ! | BEST MILF VIDEOS PORN HD - MomPornOnly [fr]The best mom porn HD videos are on MomPornOnly.com ! | MEILLEURES MILF VIDEOS PORNO HD - MomPornOnly [\/fr] [de]The best mom porn HD videos are on MomPornOnly.com ! | BESTE MILF VIDEOS PORN HD - MomPornOnly [\/de] [es]The best mom porn HD videos are on MomPornOnly.com ! | MEJORES VIDEOS DE LA MILF PORNO HD - MomPornOnly [\/es] [it]The best mom porn HD videos are on MomPornOnly.com ! | MIGLIORI VIDEO PORNO MILF HD - MomPornOnly [\/it]","og_description":"Watch thousands of mom porn hd videos for free on MomPornOnly.com the best tube site milf porn related in the world ! [fr]Regardez des milliers de vid\u00e9os hd de m\u00e8res porno gratuitement sur MomPornOnly.com, le meilleur site de tubes sur le porno de m\u00e8res dans le monde [\/fr] [de]Sehen Sie Tausende von Mama Porno hd Videos kostenlos auf MomPornOnly.com die beste Tube Website Milf Porno in der Welt im Zusammenhang [\/de] [es]Mira miles de videos pornogr\u00e1ficos de mam\u00e1 gratis en MomPornOnly.com, el mejor sitio de videos pornogr\u00e1ficos de mam\u00e1 en el mundo. [\/es] [it]Guarda migliaia di video di mamma porno hd gratis su MomPornOnly.com il miglior sito di tube milf porno correlate al mondo [\/it]","og_url":"https:\/\/mompornonly.com\/de\/mom-porn-hd\/","og_site_name":"MomPornOnly","article_publisher":"https:\/\/www.facebook.com\/momponly\/","article_modified_time":"2021-01-05T19:15:37+00:00","twitter_card":"summary_large_image","twitter_site":"@mompornonly","schema":{"@context":"https:\/\/schema.org","@graph":[{"@type":"WebPage","@id":"https:\/\/mompornonly.com\/de\/mom-porn-hd\/","url":"https:\/\/mompornonly.com\/de\/mom-porn-hd\/","name":"The best mom porn HD videos are on MomPornOnly.com ! | BEST MILF VIDEOS PORN HD - MomPornOnly [fr]The best mom porn HD videos are on MomPornOnly.com ! | MEILLEURES MILF VIDEOS PORNO HD - MomPornOnly [\/fr] [de]The best mom porn HD videos are on MomPornOnly.com ! | BESTE MILF VIDEOS PORN HD - MomPornOnly [\/de] [es]The best mom porn HD videos are on MomPornOnly.com ! | MEJORES VIDEOS DE LA MILF PORNO HD - MomPornOnly [\/es] [it]The best mom porn HD videos are on MomPornOnly.com ! | MIGLIORI VIDEO PORNO MILF HD - MomPornOnly [\/it]","isPartOf":{"@id":"https:\/\/mompornonly.com\/#website"},"datePublished":"2021-01-05T18:30:44+00:00","dateModified":"2021-01-05T19:15:37+00:00","description":"Watch thousands of mom porn hd videos for free on MomPornOnly.com the best tube site milf porn related in the world ! [fr]Regardez des milliers de vid\u00e9os hd de m\u00e8res porno gratuitement sur MomPornOnly.com, le meilleur site de tubes sur le porno de m\u00e8res dans le monde [\/fr] [de]Sehen Sie Tausende von Mama Porno hd Videos kostenlos auf MomPornOnly.com die beste Tube Website Milf Porno in der Welt im Zusammenhang [\/de] [es]Mira miles de videos pornogr\u00e1ficos de mam\u00e1 gratis en MomPornOnly.com, el mejor sitio de videos pornogr\u00e1ficos de mam\u00e1 en el mundo. [\/es] [it]Guarda migliaia di video di mamma porno hd gratis su MomPornOnly.com il miglior sito di tube milf porno correlate al mondo [\/it]","breadcrumb":{"@id":"https:\/\/mompornonly.com\/de\/mom-porn-hd\/#breadcrumb"},"inLanguage":"de-DE","potentialAction":[{"@type":"ReadAction","target":["https:\/\/mompornonly.com\/de\/mom-porn-hd\/"]}]},{"@type":"BreadcrumbList","@id":"https:\/\/mompornonly.com\/de\/mom-porn-hd\/#breadcrumb","itemListElement":[{"@type":"ListItem","position":1,"name":"Accueil","item":"https:\/\/mompornonly.com\/"},{"@type":"ListItem","position":2,"name":"The best mom porn HD videos are on MomPornOnly.com !"}]},{"@type":"WebSite","@id":"https:\/\/mompornonly.com\/#website","url":"https:\/\/mompornonly.com\/","name":"MomPornOnly","description":"Mompornonly.com is the best porn tube site ever with just moms and MILFs, the best XXX videos and free sex streaming.[fr]Mompornonly.com est le meilleur site de tubes porno avec seulement des mamans et  des MILF, les meilleures vid\u00e9os XXX et du streaming sexe gratuit.[\/fr][es]Mompornonly.com es el mejor sitio de tubos porno con mam\u00e1s y MILF, los mejores videos XXX y transmisi\u00f3n de sexo gratis.[\/es][de]Mompornonly.com ist die beste Porno-Tube-Site aller Zeiten mit nur M\u00fcttern und MILFs, den besten XXX-Videos und kostenlosem Sex-Streaming.[\/de][it]Mompornonly.com \u00e8 il miglior sito di porno tube di sempre con solo mamme e MILF, i migliori video XXX e lo streaming di sesso gratuito.[\/it]","publisher":{"@id":"https:\/\/mompornonly.com\/#organization"},"potentialAction":[{"@type":"SearchAction","target":{"@type":"EntryPoint","urlTemplate":"https:\/\/mompornonly.com\/?s={search_term_string}"},"query-input":{"@type":"PropertyValueSpecification","valueRequired":true,"valueName":"search_term_string"}}],"inLanguage":"de-DE"},{"@type":"Organization","@id":"https:\/\/mompornonly.com\/#organization","name":"MomPornOnly","url":"https:\/\/mompornonly.com\/","logo":{"@type":"ImageObject","inLanguage":"de-DE","@id":"https:\/\/mompornonly.com\/#\/schema\/logo\/image\/","url":"https:\/\/mompornonly.com\/wp-content\/uploads\/2020\/05\/logomompornonly.png","contentUrl":"https:\/\/mompornonly.com\/wp-content\/uploads\/2020\/05\/logomompornonly.png","width":792,"height":446,"caption":"MomPornOnly"},"image":{"@id":"https:\/\/mompornonly.com\/#\/schema\/logo\/image\/"},"sameAs":["https:\/\/www.facebook.com\/momponly\/","https:\/\/x.com\/mompornonly","https:\/\/www.instagram.com\/mpo_com\/"]}]}},"_links":{"self":[{"href":"https:\/\/mompornonly.com\/de\/wp-json\/wp\/v2\/pages\/8302","targetHints":{"allow":["GET"]}}],"collection":[{"href":"https:\/\/mompornonly.com\/de\/wp-json\/wp\/v2\/pages"}],"about":[{"href":"https:\/\/mompornonly.com\/de\/wp-json\/wp\/v2\/types\/page"}],"author":[{"embeddable":true,"href":"https:\/\/mompornonly.com\/de\/wp-json\/wp\/v2\/users\/3"}],"replies":[{"embeddable":true,"href":"https:\/\/mompornonly.com\/de\/wp-json\/wp\/v2\/comments?post=8302"}],"version-history":[{"count":7,"href":"https:\/\/mompornonly.com\/de\/wp-json\/wp\/v2\/pages\/8302\/revisions"}],"predecessor-version":[{"id":8313,"href":"https:\/\/mompornonly.com\/de\/wp-json\/wp\/v2\/pages\/8302\/revisions\/8313"}],"wp:attachment":[{"href":"https:\/\/mompornonly.com\/de\/wp-json\/wp\/v2\/media?parent=8302"}],"curies":[{"name":"wp","href":"https:\/\/api.w.org\/{rel}","templated":true}]}}