{"id":7421,"date":"2020-07-30T20:41:34","date_gmt":"2020-07-30T18:41:34","guid":{"rendered":"https:\/\/mompornonly.com\/?page_id=7421"},"modified":"2023-10-13T17:00:08","modified_gmt":"2023-10-13T15:00:08","slug":"contact","status":"publish","type":"page","link":"https:\/\/mompornonly.com\/de\/contact\/","title":{"rendered":"Contact"},"content":{"rendered":"<p>Bitte schreiben Sie in <strong> Englisch oder Franz\u00f6sisch <\/strong>, um uns zu kontaktieren. Wenn Sie Probleme mit Englisch haben, k\u00f6nnen Sie <a href=\"https:\/\/translate.google.com\" target=\"_blank\" rel=\"noopener noreferrer\"> Google Translate<\/a> verwenden.<\/p>\n<p>Informationen zu Urheberrechten oder DMCA finden Sie auf dieser Seite: <a href=\"https:\/\/mompornonly.com\/de\/dmca\/\" target=\"_blank\" rel=\"noopener noreferrer\"> https:\/\/mompornonly.com\/de\/dmca\/<\/a><\/p>\n<p>Sie k\u00f6nnen uns hier eine E-Mail senden: <a href=\"mailto:contact@mompornonly.com\">contact@mompornonly.com<\/a><\/p>\n","protected":false},"excerpt":{"rendered":"<p>Bitte schreiben Sie in Englisch oder Franz\u00f6sisch , um uns zu kontaktieren. Wenn Sie Probleme mit Englisch haben, k\u00f6nnen Sie Google Translate verwenden. Informationen zu Urheberrechten oder DMCA finden Sie auf dieser Seite: https:\/\/mompornonly.com\/de\/dmca\/ Sie k\u00f6nnen uns hier eine E-Mail senden: contact@mompornonly.com<\/p>\n","protected":false},"author":1,"featured_media":0,"parent":0,"menu_order":0,"comment_status":"closed","ping_status":"closed","template":"templates\/template-contact.php","meta":{"ep_exclude_from_search":false,"footnotes":""},"class_list":["post-7421","page","type-page","status-publish","hentry"],"yoast_head":"<!-- This site is optimized with the Yoast SEO plugin v27.4 - https:\/\/yoast.com\/product\/yoast-seo-wordpress\/ -->\n<title>Kontaktseite<\/title>\n<meta name=\"description\" content=\"Auf der Kontaktseite k\u00f6nnen Sie alle Fragen oder W\u00fcnsche unserer Benutzer beantworten. Helfen Sie uns, diese Website besser zu machen\" \/>\n<meta name=\"robots\" content=\"index, follow, max-snippet:-1, max-image-preview:large, max-video-preview:-1\" \/>\n<link rel=\"canonical\" href=\"https:\/\/mompornonly.com\/contact\/\" \/>\n<meta property=\"og:locale\" content=\"de_DE\" \/>\n<meta property=\"og:type\" content=\"article\" \/>\n<meta property=\"og:title\" content=\"Contact page[fr]Page de contact[\/fr][es]Pagina dei contatti[\/es][de]Kontaktseite[\/de][it]Pagina dei contatti[\/it]\" \/>\n<meta property=\"og:description\" content=\"The contact page is there to answer any questions or requests that our users may have. Help us to make this web site better.[fr]La page de contact est l\u00e0 pour r\u00e9pondre \u00e0 toutes les questions ou demandes que nos utilisateurs peuvent avoir. Aidez-nous \u00e0 am\u00e9liorer ce site Web[\/fr][es]La p\u00e1gina de contacto est\u00e1 all\u00ed para responder cualquier pregunta o solicitud que nuestros usuarios puedan tener. Ay\u00fadanos a mejorar este sitio web[\/es][de]Auf der Kontaktseite k\u00f6nnen Sie alle Fragen oder W\u00fcnsche unserer Benutzer beantworten. Helfen Sie uns, diese Website besser zu machen[\/de][it]La pagina dei contatti \u00e8 l\u00ec per rispondere a qualsiasi domanda o richiesta che i nostri utenti potrebbero avere. Aiutaci a migliorare questo sito web[\/it]\" \/>\n<meta property=\"og:url\" content=\"https:\/\/mompornonly.com\/contact\/\" \/>\n<meta property=\"og:site_name\" content=\"MomPornOnly\" \/>\n<meta property=\"article:publisher\" content=\"https:\/\/www.facebook.com\/momponly\/\" \/>\n<meta property=\"article:modified_time\" content=\"2023-10-13T15:00:08+00:00\" \/>\n<meta name=\"twitter:card\" content=\"summary_large_image\" \/>\n<meta name=\"twitter:site\" content=\"@mompornonly\" \/>\n<script type=\"application\/ld+json\" class=\"yoast-schema-graph\">{\"@context\":\"https:\\\/\\\/schema.org\",\"@graph\":[{\"@type\":\"WebPage\",\"@id\":\"https:\\\/\\\/mompornonly.com\\\/contact\\\/\",\"url\":\"https:\\\/\\\/mompornonly.com\\\/contact\\\/\",\"name\":\"Contact page[fr]Page de contact[\\\/fr][es]Pagina dei contatti[\\\/es][de]Kontaktseite[\\\/de][it]Pagina dei contatti[\\\/it]\",\"isPartOf\":{\"@id\":\"https:\\\/\\\/mompornonly.com\\\/#website\"},\"datePublished\":\"2020-07-30T18:41:34+00:00\",\"dateModified\":\"2023-10-13T15:00:08+00:00\",\"description\":\"The contact page is there to answer any questions or requests that our users may have. Help us to make this web site better.[fr]La page de contact est l\u00e0 pour r\u00e9pondre \u00e0 toutes les questions ou demandes que nos utilisateurs peuvent avoir. Aidez-nous \u00e0 am\u00e9liorer ce site Web[\\\/fr][es]La p\u00e1gina de contacto est\u00e1 all\u00ed para responder cualquier pregunta o solicitud que nuestros usuarios puedan tener. Ay\u00fadanos a mejorar este sitio web[\\\/es][de]Auf der Kontaktseite k\u00f6nnen Sie alle Fragen oder W\u00fcnsche unserer Benutzer beantworten. Helfen Sie uns, diese Website besser zu machen[\\\/de][it]La pagina dei contatti \u00e8 l\u00ec per rispondere a qualsiasi domanda o richiesta che i nostri utenti potrebbero avere. Aiutaci a migliorare questo sito web[\\\/it]\",\"breadcrumb\":{\"@id\":\"https:\\\/\\\/mompornonly.com\\\/contact\\\/#breadcrumb\"},\"inLanguage\":\"de-DE\",\"potentialAction\":[{\"@type\":\"ReadAction\",\"target\":[\"https:\\\/\\\/mompornonly.com\\\/contact\\\/\"]}]},{\"@type\":\"BreadcrumbList\",\"@id\":\"https:\\\/\\\/mompornonly.com\\\/contact\\\/#breadcrumb\",\"itemListElement\":[{\"@type\":\"ListItem\",\"position\":1,\"name\":\"Accueil\",\"item\":\"https:\\\/\\\/mompornonly.com\\\/\"},{\"@type\":\"ListItem\",\"position\":2,\"name\":\"Contact\"}]},{\"@type\":\"WebSite\",\"@id\":\"https:\\\/\\\/mompornonly.com\\\/#website\",\"url\":\"https:\\\/\\\/mompornonly.com\\\/\",\"name\":\"MomPornOnly\",\"description\":\"Mompornonly.com is the best porn tube site ever with just moms and MILFs, the best XXX videos and free sex streaming.[fr]Mompornonly.com est le meilleur site de tubes porno avec seulement des mamans et  des MILF, les meilleures vid\u00e9os XXX et du streaming sexe gratuit.[\\\/fr][es]Mompornonly.com es el mejor sitio de tubos porno con mam\u00e1s y MILF, los mejores videos XXX y transmisi\u00f3n de sexo gratis.[\\\/es][de]Mompornonly.com ist die beste Porno-Tube-Site aller Zeiten mit nur M\u00fcttern und MILFs, den besten XXX-Videos und kostenlosem Sex-Streaming.[\\\/de][it]Mompornonly.com \u00e8 il miglior sito di porno tube di sempre con solo mamme e MILF, i migliori video XXX e lo streaming di sesso gratuito.[\\\/it]\",\"publisher\":{\"@id\":\"https:\\\/\\\/mompornonly.com\\\/#organization\"},\"potentialAction\":[{\"@type\":\"SearchAction\",\"target\":{\"@type\":\"EntryPoint\",\"urlTemplate\":\"https:\\\/\\\/mompornonly.com\\\/?s={search_term_string}\"},\"query-input\":{\"@type\":\"PropertyValueSpecification\",\"valueRequired\":true,\"valueName\":\"search_term_string\"}}],\"inLanguage\":\"de-DE\"},{\"@type\":\"Organization\",\"@id\":\"https:\\\/\\\/mompornonly.com\\\/#organization\",\"name\":\"MomPornOnly\",\"url\":\"https:\\\/\\\/mompornonly.com\\\/\",\"logo\":{\"@type\":\"ImageObject\",\"inLanguage\":\"de-DE\",\"@id\":\"https:\\\/\\\/mompornonly.com\\\/#\\\/schema\\\/logo\\\/image\\\/\",\"url\":\"https:\\\/\\\/mompornonly.com\\\/wp-content\\\/uploads\\\/2020\\\/05\\\/logomompornonly.png\",\"contentUrl\":\"https:\\\/\\\/mompornonly.com\\\/wp-content\\\/uploads\\\/2020\\\/05\\\/logomompornonly.png\",\"width\":792,\"height\":446,\"caption\":\"MomPornOnly\"},\"image\":{\"@id\":\"https:\\\/\\\/mompornonly.com\\\/#\\\/schema\\\/logo\\\/image\\\/\"},\"sameAs\":[\"https:\\\/\\\/www.facebook.com\\\/momponly\\\/\",\"https:\\\/\\\/x.com\\\/mompornonly\",\"https:\\\/\\\/www.instagram.com\\\/mpo_com\\\/\"]}]}<\/script>\n<!-- \/ Yoast SEO plugin. -->","yoast_head_json":{"title":"Kontaktseite","description":"Auf der Kontaktseite k\u00f6nnen Sie alle Fragen oder W\u00fcnsche unserer Benutzer beantworten. Helfen Sie uns, diese Website besser zu machen","robots":{"index":"index","follow":"follow","max-snippet":"max-snippet:-1","max-image-preview":"max-image-preview:large","max-video-preview":"max-video-preview:-1"},"canonical":"https:\/\/mompornonly.com\/contact\/","og_locale":"de_DE","og_type":"article","og_title":"Contact page[fr]Page de contact[\/fr][es]Pagina dei contatti[\/es][de]Kontaktseite[\/de][it]Pagina dei contatti[\/it]","og_description":"The contact page is there to answer any questions or requests that our users may have. Help us to make this web site better.[fr]La page de contact est l\u00e0 pour r\u00e9pondre \u00e0 toutes les questions ou demandes que nos utilisateurs peuvent avoir. Aidez-nous \u00e0 am\u00e9liorer ce site Web[\/fr][es]La p\u00e1gina de contacto est\u00e1 all\u00ed para responder cualquier pregunta o solicitud que nuestros usuarios puedan tener. Ay\u00fadanos a mejorar este sitio web[\/es][de]Auf der Kontaktseite k\u00f6nnen Sie alle Fragen oder W\u00fcnsche unserer Benutzer beantworten. Helfen Sie uns, diese Website besser zu machen[\/de][it]La pagina dei contatti \u00e8 l\u00ec per rispondere a qualsiasi domanda o richiesta che i nostri utenti potrebbero avere. Aiutaci a migliorare questo sito web[\/it]","og_url":"https:\/\/mompornonly.com\/contact\/","og_site_name":"MomPornOnly","article_publisher":"https:\/\/www.facebook.com\/momponly\/","article_modified_time":"2023-10-13T15:00:08+00:00","twitter_card":"summary_large_image","twitter_site":"@mompornonly","schema":{"@context":"https:\/\/schema.org","@graph":[{"@type":"WebPage","@id":"https:\/\/mompornonly.com\/contact\/","url":"https:\/\/mompornonly.com\/contact\/","name":"Contact page[fr]Page de contact[\/fr][es]Pagina dei contatti[\/es][de]Kontaktseite[\/de][it]Pagina dei contatti[\/it]","isPartOf":{"@id":"https:\/\/mompornonly.com\/#website"},"datePublished":"2020-07-30T18:41:34+00:00","dateModified":"2023-10-13T15:00:08+00:00","description":"The contact page is there to answer any questions or requests that our users may have. Help us to make this web site better.[fr]La page de contact est l\u00e0 pour r\u00e9pondre \u00e0 toutes les questions ou demandes que nos utilisateurs peuvent avoir. Aidez-nous \u00e0 am\u00e9liorer ce site Web[\/fr][es]La p\u00e1gina de contacto est\u00e1 all\u00ed para responder cualquier pregunta o solicitud que nuestros usuarios puedan tener. Ay\u00fadanos a mejorar este sitio web[\/es][de]Auf der Kontaktseite k\u00f6nnen Sie alle Fragen oder W\u00fcnsche unserer Benutzer beantworten. Helfen Sie uns, diese Website besser zu machen[\/de][it]La pagina dei contatti \u00e8 l\u00ec per rispondere a qualsiasi domanda o richiesta che i nostri utenti potrebbero avere. Aiutaci a migliorare questo sito web[\/it]","breadcrumb":{"@id":"https:\/\/mompornonly.com\/contact\/#breadcrumb"},"inLanguage":"de-DE","potentialAction":[{"@type":"ReadAction","target":["https:\/\/mompornonly.com\/contact\/"]}]},{"@type":"BreadcrumbList","@id":"https:\/\/mompornonly.com\/contact\/#breadcrumb","itemListElement":[{"@type":"ListItem","position":1,"name":"Accueil","item":"https:\/\/mompornonly.com\/"},{"@type":"ListItem","position":2,"name":"Contact"}]},{"@type":"WebSite","@id":"https:\/\/mompornonly.com\/#website","url":"https:\/\/mompornonly.com\/","name":"MomPornOnly","description":"Mompornonly.com is the best porn tube site ever with just moms and MILFs, the best XXX videos and free sex streaming.[fr]Mompornonly.com est le meilleur site de tubes porno avec seulement des mamans et  des MILF, les meilleures vid\u00e9os XXX et du streaming sexe gratuit.[\/fr][es]Mompornonly.com es el mejor sitio de tubos porno con mam\u00e1s y MILF, los mejores videos XXX y transmisi\u00f3n de sexo gratis.[\/es][de]Mompornonly.com ist die beste Porno-Tube-Site aller Zeiten mit nur M\u00fcttern und MILFs, den besten XXX-Videos und kostenlosem Sex-Streaming.[\/de][it]Mompornonly.com \u00e8 il miglior sito di porno tube di sempre con solo mamme e MILF, i migliori video XXX e lo streaming di sesso gratuito.[\/it]","publisher":{"@id":"https:\/\/mompornonly.com\/#organization"},"potentialAction":[{"@type":"SearchAction","target":{"@type":"EntryPoint","urlTemplate":"https:\/\/mompornonly.com\/?s={search_term_string}"},"query-input":{"@type":"PropertyValueSpecification","valueRequired":true,"valueName":"search_term_string"}}],"inLanguage":"de-DE"},{"@type":"Organization","@id":"https:\/\/mompornonly.com\/#organization","name":"MomPornOnly","url":"https:\/\/mompornonly.com\/","logo":{"@type":"ImageObject","inLanguage":"de-DE","@id":"https:\/\/mompornonly.com\/#\/schema\/logo\/image\/","url":"https:\/\/mompornonly.com\/wp-content\/uploads\/2020\/05\/logomompornonly.png","contentUrl":"https:\/\/mompornonly.com\/wp-content\/uploads\/2020\/05\/logomompornonly.png","width":792,"height":446,"caption":"MomPornOnly"},"image":{"@id":"https:\/\/mompornonly.com\/#\/schema\/logo\/image\/"},"sameAs":["https:\/\/www.facebook.com\/momponly\/","https:\/\/x.com\/mompornonly","https:\/\/www.instagram.com\/mpo_com\/"]}]}},"_links":{"self":[{"href":"https:\/\/mompornonly.com\/de\/wp-json\/wp\/v2\/pages\/7421","targetHints":{"allow":["GET"]}}],"collection":[{"href":"https:\/\/mompornonly.com\/de\/wp-json\/wp\/v2\/pages"}],"about":[{"href":"https:\/\/mompornonly.com\/de\/wp-json\/wp\/v2\/types\/page"}],"author":[{"embeddable":true,"href":"https:\/\/mompornonly.com\/de\/wp-json\/wp\/v2\/users\/1"}],"replies":[{"embeddable":true,"href":"https:\/\/mompornonly.com\/de\/wp-json\/wp\/v2\/comments?post=7421"}],"version-history":[{"count":1,"href":"https:\/\/mompornonly.com\/de\/wp-json\/wp\/v2\/pages\/7421\/revisions"}],"predecessor-version":[{"id":13101,"href":"https:\/\/mompornonly.com\/de\/wp-json\/wp\/v2\/pages\/7421\/revisions\/13101"}],"wp:attachment":[{"href":"https:\/\/mompornonly.com\/de\/wp-json\/wp\/v2\/media?parent=7421"}],"curies":[{"name":"wp","href":"https:\/\/api.w.org\/{rel}","templated":true}]}}