{"id":7,"date":"2019-06-23T15:52:54","date_gmt":"2019-06-23T15:52:54","guid":{"rendered":"https:\/\/xfrenchies.com\/categories\/"},"modified":"2023-10-13T16:21:00","modified_gmt":"2023-10-13T14:21:00","slug":"categories","status":"publish","type":"page","link":"https:\/\/mompornonly.com\/de\/categories\/","title":{"rendered":"Cat\u00e9gories"},"content":{"rendered":"<h2>Willkommen bei MomPornOnly.com, einer v\u00f6llig kostenlosen Porno-Site f\u00fcr M\u00fctter<\/h2>\n<p><strong> MomPornOnly <\/strong> ist seit kurzem ein wichtiger Akteur im <strong> kostenlosen Pornostreaming <\/strong> mit nur M\u00fcttern. Jeden Tag w\u00e4hlen wir <strong> Stiefmutter <\/strong> -Videos von sehr guter Qualit\u00e4t, um unsere Benutzer so zufrieden wie m\u00f6glich zu machen. Auf MomPornOnly gibt es mehr als 42 Kategorien von XXX-Videos von Mamas. Wir k\u00f6nnen sagen, dass f\u00fcr jeden etwas dabei ist, von den weichsten bis zu den h\u00e4rtesten. Wenn eine Kategorie fehlt, k\u00f6nnen Sie uns jederzeit kontaktieren, damit &#8211; hinzugef\u00fcgt und ausgef\u00fcllt werden Stunden folgten! <strong> MomPornOnly <\/strong> Dies ist der Ort, an dem alle hei\u00dfesten und sexiesten M\u00fctter unbegrenzt und kostenlos gefickt werden.<\/strong><\/p>\n<p>Auf MomPornOnly.com k\u00f6nnen Sie Ihr Gl\u00fcck mit XXX Videos von Mutter mit gro\u00dfen Br\u00fcsten finden. Wenn Sie maximales Vergn\u00fcgen suchen, sind Sie bei uns genau richtig. Ein Wunsch nach sexy, hei\u00dfer Milf, mit gro\u00dfen Br\u00fcsten, einem gro\u00dfen Arsch und auf der Suche nach freiem Sex. Es ist hier. Du magst MILFs mit gro\u00dfem Arsch, also geh hierher und finde dein Gl\u00fcck: <a href=\"https:\/\/mompornonly.com\/de\/category\/big-ass\/\">gro\u00dfer Arsch<\/a><br \/>\nNat\u00fcrlich im Gegensatz zu unseren Konkurrenten wie Pornhub, Xvideos, Xhamster und vielen anderen. Alle unsere XXX Videos sind v\u00f6llig kostenlos!<\/p>\n<h2>Unbegrenzte MILFs auf MomPornOnly<\/h2>\n<p>Sie m\u00f6gen reife Frauen, M\u00fctter, die Sex mit ihrem Sohn haben, reife Frauen, die von ihrem kleinen Sohn \u00fcberlappt werden.<br \/>\nM\u00fctter mit gro\u00dfen Br\u00fcsten, die die Polizei der Handjobs machen, zu den Stiefm\u00fcttern, die den Biss ihres Stiefsohns lieben. Zu den Freunden ihrer Mutter gehen, die den Sohn zusammenbinden und seinen gro\u00dfen Schwanz in ihren gro\u00dfen Arsch nehmen. All dies finden Sie unter category< unbegrenzt 100% kostenlos. Die <strong> hei\u00dfesten M\u00fctter-Pornovideos <\/strong> sind nur einen Klick entfernt. F\u00fchlen Sie sich also frei und haben Sie Spa\u00df bei Mompornonly.<\/p>\n<h2>Suchst du M\u00fctter, die Sex lernen?<\/h2>\n<p>Die Kategorie <a href=\"https:\/\/mompornonly.com\/de\/category\/mom-teach-sex\/\"> Mom Teach Sex <\/a> ist auf unserer Website mit einer gro\u00dfen Auswahl an kostenlosen und HD Videos verf\u00fcgbar. Du magst den unerwarteten Sex, bei dem die Mutter ihren Sohn beim Masturbieren \u00fcberrascht und dann unter Schock von dem, was zu ihrem eigenen Sohn geworden ist. Sie hilft ihm und wichst ihn, dann ergreift er Ma\u00dfnahmen, und das alles zum gr\u00f6\u00dften Vergn\u00fcgen der Mutter und des Sohnes. Z\u00f6gern Sie also nicht, Sie haben Gr\u00fcnde f\u00fcr MomPornOnly unter folgender Adresse: <a href=\"https:\/\/mompornonly.com\/de\/category\/mom-teach-sex\/\">MomsTeachSex<\/a>. Sie finden <a title=\"Watch-Videos mit dem Tag cory Chase\" href=\"https:\/\/mompornonly.com\/de\/tag\/cory-chase\/\"> Cory Chase <\/a>, <a title=\"Watch die videos mit dem brandi love tag\" href=\"https:\/\/mompornonly.com\/de\/tag\/brandi-love\/\">Brandi Love <\/a> oder <a title=\"schau dir die videos mit dem tag ashley alban an\" href=\"https:\/\/mompornonly.com\/de\/tag\/ashley-alban\/\">Ashley Alban <\/a> und viele andere MILFs, die einen Schwanz wollen.<\/p>\n<h2>Kategorien von Kategorien und Tags, die f\u00fcr Sie kumuliert wurden<\/h2>\n<p>Wir stellen Ihnen Kategorien und Qualit\u00e4tsetiketten zur Verf\u00fcgung, um Ihre Anforderungen so gut wie m\u00f6glich zu erf\u00fcllen. Kombiniere sie also, um dein tiefstes Verlangen zu bekommen, Anal, Dreier, D\u00fcnn, Oma, Schlucken, Abspritzen, Blowjob, Handjob, gro\u00dfe Titten, gro\u00dfer Arsch und vieles mehr.<br \/>\nWir h\u00f6ren unseren Nutzern zu, z\u00f6gern Sie also nicht, uns zu kontaktieren. Ich hoffe, Sie haben eine gute Zeit auf MomPornOnly, dem # 1 kostenlosen und <strong> unbegrenzten HD-Mom-Video <\/strong>!<\/p>\n<h2>Die gro\u00dfen Namen in Pornos auf MomPornOnly<\/h2>\n<p>In der Tat, Sie sind sexs\u00fcchtig, keine Sorge, wir bringen die besten XXX-Videos in HD zusammen und sind frei von den gr\u00f6\u00dften Studios. Wie <strong> MomsTeachSex <\/strong>, <strong> Mommys Girl <\/strong> oder <strong> My Friends Hot Mom <\/strong>, <strong> Moms Bang Teen <\/strong> und viele andere &#8230;<br \/>\nSie bevorzugen Amateurvideos, keine Sorge, wir haben ein gro\u00dfartiges Angebot an Amateurvideos in HD und kostenlos speziell f\u00fcr Sie. Es versteht sich, dass alle diese Dienste Ihnen kostenlos zur Verf\u00fcgung stehen. Nutzen Sie diesen Vorteil!<br \/>\nMagst du es vor Cams Girl zu wichsen? MomPornOnly bietet Ihnen diese M\u00f6glichkeit auch mit der Elite der hei\u00dfesten und frechsten M\u00e4dchen-Cams, die es gibt.<br \/>\nZusammenfassend sagen wir einfach, dass Sie auf unserer Website alles finden k\u00f6nnen, was Sie wollen. F\u00fcr Ihr gr\u00f6\u00dftes Gl\u00fcck ist eine Suchleiste installiert. Von kostenlosen Studio HD XXX-Videos bis zu Amateurvideos von sehr hei\u00dfen M\u00fcttern, die Schw\u00e4nze lieben. <strong> ALLES <\/strong> ist m\u00f6glich, also hab eine gute Zeit und erf\u00fclle deine wildesten Fantasien!<br \/>\nWenn Sie die Videos von sehr hei\u00dfen franz\u00f6sischen M\u00e4dchen bevorzugen, bieten wir Ihnen, um Ihre Bed\u00fcrfnisse zu befriedigen, eine Website mit XXX-Videos, die 100% franz\u00f6sisch und kostenlos sind! Danke uns nicht: <a href=\"https:\/\/xfrenchies.com\/\" target=\"_blank\" rel=\"dofollow noopener noreferrer\"> xFrenchies <\/a> Sie k\u00f6nnen es auch in Ihrer Sprache haben: <a href=\"https:\/\/xfrenchies.com\/en\/\" rel=\"dofollow noopener noreferrer\" target=\"_blank\"> xFrenchies DE <\/a><\/p>\n","protected":false},"excerpt":{"rendered":"<p>Willkommen bei MomPornOnly.com, einer v\u00f6llig kostenlosen Porno-Site f\u00fcr M\u00fctter MomPornOnly ist seit kurzem ein wichtiger Akteur im kostenlosen Pornostreaming mit nur M\u00fcttern. Jeden Tag w\u00e4hlen wir Stiefmutter -Videos von sehr guter Qualit\u00e4t, um unsere Benutzer so zufrieden wie m\u00f6glich zu machen. Auf MomPornOnly gibt es mehr als 42 Kategorien von XXX-Videos von Mamas. Wir k\u00f6nnen [&hellip;]<\/p>\n","protected":false},"author":1,"featured_media":0,"parent":0,"menu_order":0,"comment_status":"closed","ping_status":"closed","template":"templates\/template-categories.php","meta":{"ep_exclude_from_search":false,"footnotes":""},"class_list":["post-7","page","type-page","status-publish","hentry"],"yoast_head":"<!-- This site is optimized with the Yoast SEO plugin v27.4 - https:\/\/yoast.com\/product\/yoast-seo-wordpress\/ -->\n<title>Das Beste von Mama PORN sortiert nach Kategorien | Mom Porn Only<\/title>\n<meta name=\"description\" content=\"Bei Mom Porn Only k\u00f6nnen Sie kostenlose Pornovideos zu Moms, guten MILFs und Stiefmutterficks entdecken, die nach Ihren Lieblingspornokategorien sortiert sind\" \/>\n<meta name=\"robots\" content=\"index, follow, max-snippet:-1, max-image-preview:large, max-video-preview:-1\" \/>\n<link rel=\"canonical\" href=\"https:\/\/mompornonly.com\/categories\/\" \/>\n<meta property=\"og:locale\" content=\"de_DE\" \/>\n<meta property=\"og:type\" content=\"article\" \/>\n<meta property=\"og:title\" content=\"The best of Mom PORN sorted by categories | Mom Porn Only[fr]Le meilleur du Porno sur les m\u00e8res tri\u00e9 par cat\u00e9gories | Mom Porn Only[\/fr][es]Lo mejor de mam\u00e1 PORNO ordenado por categor\u00edas | Mom Porn Only[\/es][de]Das Beste von Mama PORN sortiert nach Kategorien | Mom Porn Only[\/de][it]Il meglio di Mamma PORN ordinati per categorie | Mom Porn Only[\/it]\" \/>\n<meta property=\"og:description\" content=\"On Mom Porn Only, you can discover free porn videos on Moms, good MILFs and stepmom fucks sorted with your favorite porn categories[fr]Sur Mom Porn Only, tu peux d\u00e9couvrir des vid\u00e9os porno gratuites sur les Mamans, les bonnes MILFs et la baise de belle m\u00e8re tri\u00e9s avec tes cat\u00e9gories porno pr\u00e9f\u00e9r\u00e9es[\/fr][es]En Mom Porn Only, puedes descubrir videos porno gratis sobre mam\u00e1s, buenas MILFs y madrastras folladas clasificadas con tus categor\u00edas de porno favoritas[\/es][de]Bei Mom Porn Only k\u00f6nnen Sie kostenlose Pornovideos zu Moms, guten MILFs und Stiefmutterficks entdecken, die nach Ihren Lieblingspornokategorien sortiert sind[\/de][it]Solo su Mom Porn Only, puoi scoprire video porno gratuiti su mamme, buoni MILF e scopate di matrigna ordinati con le tue categorie porno preferite[\/it]\" \/>\n<meta property=\"og:url\" content=\"https:\/\/mompornonly.com\/categories\/\" \/>\n<meta property=\"og:site_name\" content=\"MomPornOnly\" \/>\n<meta property=\"article:publisher\" content=\"https:\/\/www.facebook.com\/momponly\/\" \/>\n<meta property=\"article:modified_time\" content=\"2023-10-13T14:21:00+00:00\" \/>\n<meta name=\"twitter:card\" content=\"summary_large_image\" \/>\n<meta name=\"twitter:site\" content=\"@mompornonly\" \/>\n<script type=\"application\/ld+json\" class=\"yoast-schema-graph\">{\"@context\":\"https:\\\/\\\/schema.org\",\"@graph\":[{\"@type\":\"WebPage\",\"@id\":\"https:\\\/\\\/mompornonly.com\\\/categories\\\/\",\"url\":\"https:\\\/\\\/mompornonly.com\\\/categories\\\/\",\"name\":\"The best of Mom PORN sorted by categories | Mom Porn Only[fr]Le meilleur du Porno sur les m\u00e8res tri\u00e9 par cat\u00e9gories | Mom Porn Only[\\\/fr][es]Lo mejor de mam\u00e1 PORNO ordenado por categor\u00edas | Mom Porn Only[\\\/es][de]Das Beste von Mama PORN sortiert nach Kategorien | Mom Porn Only[\\\/de][it]Il meglio di Mamma PORN ordinati per categorie | Mom Porn Only[\\\/it]\",\"isPartOf\":{\"@id\":\"https:\\\/\\\/mompornonly.com\\\/#website\"},\"datePublished\":\"2019-06-23T15:52:54+00:00\",\"dateModified\":\"2023-10-13T14:21:00+00:00\",\"description\":\"On Mom Porn Only, you can discover free porn videos on Moms, good MILFs and stepmom fucks sorted with your favorite porn categories[fr]Sur Mom Porn Only, tu peux d\u00e9couvrir des vid\u00e9os porno gratuites sur les Mamans, les bonnes MILFs et la baise de belle m\u00e8re tri\u00e9s avec tes cat\u00e9gories porno pr\u00e9f\u00e9r\u00e9es[\\\/fr][es]En Mom Porn Only, puedes descubrir videos porno gratis sobre mam\u00e1s, buenas MILFs y madrastras folladas clasificadas con tus categor\u00edas de porno favoritas[\\\/es][de]Bei Mom Porn Only k\u00f6nnen Sie kostenlose Pornovideos zu Moms, guten MILFs und Stiefmutterficks entdecken, die nach Ihren Lieblingspornokategorien sortiert sind[\\\/de][it]Solo su Mom Porn Only, puoi scoprire video porno gratuiti su mamme, buoni MILF e scopate di matrigna ordinati con le tue categorie porno preferite[\\\/it]\",\"breadcrumb\":{\"@id\":\"https:\\\/\\\/mompornonly.com\\\/categories\\\/#breadcrumb\"},\"inLanguage\":\"de-DE\",\"potentialAction\":[{\"@type\":\"ReadAction\",\"target\":[\"https:\\\/\\\/mompornonly.com\\\/categories\\\/\"]}]},{\"@type\":\"BreadcrumbList\",\"@id\":\"https:\\\/\\\/mompornonly.com\\\/categories\\\/#breadcrumb\",\"itemListElement\":[{\"@type\":\"ListItem\",\"position\":1,\"name\":\"Accueil\",\"item\":\"https:\\\/\\\/mompornonly.com\\\/\"},{\"@type\":\"ListItem\",\"position\":2,\"name\":\"Cat\u00e9gories\"}]},{\"@type\":\"WebSite\",\"@id\":\"https:\\\/\\\/mompornonly.com\\\/#website\",\"url\":\"https:\\\/\\\/mompornonly.com\\\/\",\"name\":\"MomPornOnly\",\"description\":\"Mompornonly.com is the best porn tube site ever with just moms and MILFs, the best XXX videos and free sex streaming.[fr]Mompornonly.com est le meilleur site de tubes porno avec seulement des mamans et  des MILF, les meilleures vid\u00e9os XXX et du streaming sexe gratuit.[\\\/fr][es]Mompornonly.com es el mejor sitio de tubos porno con mam\u00e1s y MILF, los mejores videos XXX y transmisi\u00f3n de sexo gratis.[\\\/es][de]Mompornonly.com ist die beste Porno-Tube-Site aller Zeiten mit nur M\u00fcttern und MILFs, den besten XXX-Videos und kostenlosem Sex-Streaming.[\\\/de][it]Mompornonly.com \u00e8 il miglior sito di porno tube di sempre con solo mamme e MILF, i migliori video XXX e lo streaming di sesso gratuito.[\\\/it]\",\"publisher\":{\"@id\":\"https:\\\/\\\/mompornonly.com\\\/#organization\"},\"potentialAction\":[{\"@type\":\"SearchAction\",\"target\":{\"@type\":\"EntryPoint\",\"urlTemplate\":\"https:\\\/\\\/mompornonly.com\\\/?s={search_term_string}\"},\"query-input\":{\"@type\":\"PropertyValueSpecification\",\"valueRequired\":true,\"valueName\":\"search_term_string\"}}],\"inLanguage\":\"de-DE\"},{\"@type\":\"Organization\",\"@id\":\"https:\\\/\\\/mompornonly.com\\\/#organization\",\"name\":\"MomPornOnly\",\"url\":\"https:\\\/\\\/mompornonly.com\\\/\",\"logo\":{\"@type\":\"ImageObject\",\"inLanguage\":\"de-DE\",\"@id\":\"https:\\\/\\\/mompornonly.com\\\/#\\\/schema\\\/logo\\\/image\\\/\",\"url\":\"https:\\\/\\\/mompornonly.com\\\/wp-content\\\/uploads\\\/2020\\\/05\\\/logomompornonly.png\",\"contentUrl\":\"https:\\\/\\\/mompornonly.com\\\/wp-content\\\/uploads\\\/2020\\\/05\\\/logomompornonly.png\",\"width\":792,\"height\":446,\"caption\":\"MomPornOnly\"},\"image\":{\"@id\":\"https:\\\/\\\/mompornonly.com\\\/#\\\/schema\\\/logo\\\/image\\\/\"},\"sameAs\":[\"https:\\\/\\\/www.facebook.com\\\/momponly\\\/\",\"https:\\\/\\\/x.com\\\/mompornonly\",\"https:\\\/\\\/www.instagram.com\\\/mpo_com\\\/\"]}]}<\/script>\n<!-- \/ Yoast SEO plugin. -->","yoast_head_json":{"title":"Das Beste von Mama PORN sortiert nach Kategorien | Mom Porn Only","description":"Bei Mom Porn Only k\u00f6nnen Sie kostenlose Pornovideos zu Moms, guten MILFs und Stiefmutterficks entdecken, die nach Ihren Lieblingspornokategorien sortiert sind","robots":{"index":"index","follow":"follow","max-snippet":"max-snippet:-1","max-image-preview":"max-image-preview:large","max-video-preview":"max-video-preview:-1"},"canonical":"https:\/\/mompornonly.com\/categories\/","og_locale":"de_DE","og_type":"article","og_title":"The best of Mom PORN sorted by categories | Mom Porn Only[fr]Le meilleur du Porno sur les m\u00e8res tri\u00e9 par cat\u00e9gories | Mom Porn Only[\/fr][es]Lo mejor de mam\u00e1 PORNO ordenado por categor\u00edas | Mom Porn Only[\/es][de]Das Beste von Mama PORN sortiert nach Kategorien | Mom Porn Only[\/de][it]Il meglio di Mamma PORN ordinati per categorie | Mom Porn Only[\/it]","og_description":"On Mom Porn Only, you can discover free porn videos on Moms, good MILFs and stepmom fucks sorted with your favorite porn categories[fr]Sur Mom Porn Only, tu peux d\u00e9couvrir des vid\u00e9os porno gratuites sur les Mamans, les bonnes MILFs et la baise de belle m\u00e8re tri\u00e9s avec tes cat\u00e9gories porno pr\u00e9f\u00e9r\u00e9es[\/fr][es]En Mom Porn Only, puedes descubrir videos porno gratis sobre mam\u00e1s, buenas MILFs y madrastras folladas clasificadas con tus categor\u00edas de porno favoritas[\/es][de]Bei Mom Porn Only k\u00f6nnen Sie kostenlose Pornovideos zu Moms, guten MILFs und Stiefmutterficks entdecken, die nach Ihren Lieblingspornokategorien sortiert sind[\/de][it]Solo su Mom Porn Only, puoi scoprire video porno gratuiti su mamme, buoni MILF e scopate di matrigna ordinati con le tue categorie porno preferite[\/it]","og_url":"https:\/\/mompornonly.com\/categories\/","og_site_name":"MomPornOnly","article_publisher":"https:\/\/www.facebook.com\/momponly\/","article_modified_time":"2023-10-13T14:21:00+00:00","twitter_card":"summary_large_image","twitter_site":"@mompornonly","schema":{"@context":"https:\/\/schema.org","@graph":[{"@type":"WebPage","@id":"https:\/\/mompornonly.com\/categories\/","url":"https:\/\/mompornonly.com\/categories\/","name":"The best of Mom PORN sorted by categories | Mom Porn Only[fr]Le meilleur du Porno sur les m\u00e8res tri\u00e9 par cat\u00e9gories | Mom Porn Only[\/fr][es]Lo mejor de mam\u00e1 PORNO ordenado por categor\u00edas | Mom Porn Only[\/es][de]Das Beste von Mama PORN sortiert nach Kategorien | Mom Porn Only[\/de][it]Il meglio di Mamma PORN ordinati per categorie | Mom Porn Only[\/it]","isPartOf":{"@id":"https:\/\/mompornonly.com\/#website"},"datePublished":"2019-06-23T15:52:54+00:00","dateModified":"2023-10-13T14:21:00+00:00","description":"On Mom Porn Only, you can discover free porn videos on Moms, good MILFs and stepmom fucks sorted with your favorite porn categories[fr]Sur Mom Porn Only, tu peux d\u00e9couvrir des vid\u00e9os porno gratuites sur les Mamans, les bonnes MILFs et la baise de belle m\u00e8re tri\u00e9s avec tes cat\u00e9gories porno pr\u00e9f\u00e9r\u00e9es[\/fr][es]En Mom Porn Only, puedes descubrir videos porno gratis sobre mam\u00e1s, buenas MILFs y madrastras folladas clasificadas con tus categor\u00edas de porno favoritas[\/es][de]Bei Mom Porn Only k\u00f6nnen Sie kostenlose Pornovideos zu Moms, guten MILFs und Stiefmutterficks entdecken, die nach Ihren Lieblingspornokategorien sortiert sind[\/de][it]Solo su Mom Porn Only, puoi scoprire video porno gratuiti su mamme, buoni MILF e scopate di matrigna ordinati con le tue categorie porno preferite[\/it]","breadcrumb":{"@id":"https:\/\/mompornonly.com\/categories\/#breadcrumb"},"inLanguage":"de-DE","potentialAction":[{"@type":"ReadAction","target":["https:\/\/mompornonly.com\/categories\/"]}]},{"@type":"BreadcrumbList","@id":"https:\/\/mompornonly.com\/categories\/#breadcrumb","itemListElement":[{"@type":"ListItem","position":1,"name":"Accueil","item":"https:\/\/mompornonly.com\/"},{"@type":"ListItem","position":2,"name":"Cat\u00e9gories"}]},{"@type":"WebSite","@id":"https:\/\/mompornonly.com\/#website","url":"https:\/\/mompornonly.com\/","name":"MomPornOnly","description":"Mompornonly.com is the best porn tube site ever with just moms and MILFs, the best XXX videos and free sex streaming.[fr]Mompornonly.com est le meilleur site de tubes porno avec seulement des mamans et  des MILF, les meilleures vid\u00e9os XXX et du streaming sexe gratuit.[\/fr][es]Mompornonly.com es el mejor sitio de tubos porno con mam\u00e1s y MILF, los mejores videos XXX y transmisi\u00f3n de sexo gratis.[\/es][de]Mompornonly.com ist die beste Porno-Tube-Site aller Zeiten mit nur M\u00fcttern und MILFs, den besten XXX-Videos und kostenlosem Sex-Streaming.[\/de][it]Mompornonly.com \u00e8 il miglior sito di porno tube di sempre con solo mamme e MILF, i migliori video XXX e lo streaming di sesso gratuito.[\/it]","publisher":{"@id":"https:\/\/mompornonly.com\/#organization"},"potentialAction":[{"@type":"SearchAction","target":{"@type":"EntryPoint","urlTemplate":"https:\/\/mompornonly.com\/?s={search_term_string}"},"query-input":{"@type":"PropertyValueSpecification","valueRequired":true,"valueName":"search_term_string"}}],"inLanguage":"de-DE"},{"@type":"Organization","@id":"https:\/\/mompornonly.com\/#organization","name":"MomPornOnly","url":"https:\/\/mompornonly.com\/","logo":{"@type":"ImageObject","inLanguage":"de-DE","@id":"https:\/\/mompornonly.com\/#\/schema\/logo\/image\/","url":"https:\/\/mompornonly.com\/wp-content\/uploads\/2020\/05\/logomompornonly.png","contentUrl":"https:\/\/mompornonly.com\/wp-content\/uploads\/2020\/05\/logomompornonly.png","width":792,"height":446,"caption":"MomPornOnly"},"image":{"@id":"https:\/\/mompornonly.com\/#\/schema\/logo\/image\/"},"sameAs":["https:\/\/www.facebook.com\/momponly\/","https:\/\/x.com\/mompornonly","https:\/\/www.instagram.com\/mpo_com\/"]}]}},"_links":{"self":[{"href":"https:\/\/mompornonly.com\/de\/wp-json\/wp\/v2\/pages\/7","targetHints":{"allow":["GET"]}}],"collection":[{"href":"https:\/\/mompornonly.com\/de\/wp-json\/wp\/v2\/pages"}],"about":[{"href":"https:\/\/mompornonly.com\/de\/wp-json\/wp\/v2\/types\/page"}],"author":[{"embeddable":true,"href":"https:\/\/mompornonly.com\/de\/wp-json\/wp\/v2\/users\/1"}],"replies":[{"embeddable":true,"href":"https:\/\/mompornonly.com\/de\/wp-json\/wp\/v2\/comments?post=7"}],"version-history":[{"count":1,"href":"https:\/\/mompornonly.com\/de\/wp-json\/wp\/v2\/pages\/7\/revisions"}],"predecessor-version":[{"id":13060,"href":"https:\/\/mompornonly.com\/de\/wp-json\/wp\/v2\/pages\/7\/revisions\/13060"}],"wp:attachment":[{"href":"https:\/\/mompornonly.com\/de\/wp-json\/wp\/v2\/media?parent=7"}],"curies":[{"name":"wp","href":"https:\/\/api.w.org\/{rel}","templated":true}]}}