{"id":6561,"date":"2020-05-06T16:36:37","date_gmt":"2020-05-06T14:36:37","guid":{"rendered":"https:\/\/mompornonly.com\/?page_id=6561"},"modified":"2023-10-13T16:26:44","modified_gmt":"2023-10-13T14:26:44","slug":"channels","status":"publish","type":"page","link":"https:\/\/mompornonly.com\/de\/channels\/","title":{"rendered":"Channels"},"content":{"rendered":"<h2>Eine Gruppierung von Qualit\u00e4tsinhalten von X<\/h2>\n<p>Sites.<br \/>\nSie fragen sich sicher, wof\u00fcr diese Seite gedacht ist, und Sie werden es herausfinden. Es ist einfach eine Seite, die f\u00fcr Sie die derzeit angesagtesten pornografischen Seiten neu gruppiert. Die pornographischen R\u00f6hren haben den besten X-Inhalt der Welt, und speziell f\u00fcr Sie haben wir sie alle auf dieser Seite zusammengefasst. Mit dem einzigen Zweck, dass Sie die <strong> besten Videos<\/strong> an einem Ort genie\u00dfen k\u00f6nnen, ohne stundenlang suchen zu m\u00fcssen. Wir haben die Videos nach Websites gruppiert, denn wenn Sie zum Beispiel ausschlie\u00dflich und gut Pornhub-Inhalte wollen, m\u00fcssen Sie nur auf die Seite gehen und sich eine sch\u00f6ne Zeit machen. Indem wir das Video ausw\u00e4hlen, das Sie am meisten anspricht, das die meisten Aufrufe hat, oder das Ihnen am besten gef\u00e4llt oder das l\u00e4ngste Video. Mit MomPornOnly ist das alles m\u00f6glich, wir machen es Ihnen leicht, jeden Tag zu den besten Pornovideos zu gelangen, also kommen Sie und haben Sie den besten Sex, den Sie je hatten.<\/p>\n<p>Wir w\u00e4hlen unsere Videos sehr sorgf\u00e4ltig aus, damit wir unseren gesch\u00e4tzten Benutzern nur Inhalte in bester Qualit\u00e4t anbieten k\u00f6nnen. Wir sammeln die besten Pornovideos und Filme auf unserer Website, aber wir haben so viele Qualit\u00e4tsvideos. Sie wissen nicht mehr, wo Sie suchen sollen, nun, Sie m\u00fcssen nur auf die Registerkarte &#8220;Kan\u00e4le&#8221; klicken und Sie finden genau<br \/>\name-Videos. Nur sie werden nach den bekanntesten Pornoseiten wie <strong>Xvideos, XNXX, YouPorn, xHamster, Pornhuv,<\/strong> etc. sortiert. Die besten XXX-Videos von all diesen Sites werden auf Ihren Bildschirmen zu sehen sein, dank der Arbeit unseres strengen Teams, das nur aus einem Grund arbeitet: zur Zufriedenheit unserer Benutzer. Aus diesem Grund w\u00e4hlen wir nur die besten Pornovideos und Pornofilme aus. Bei MomPornOnly finden Sie die besten Inhalte in der besten Qualit\u00e4t, ob es sich nun um 720p, 1080p, FULL HD oder 4K handelt. Wir tun alles, was wir k\u00f6nnen, um sicherzustellen, dass Sie eine unglaubliche Zeit haben werden.<\/p>\n<h2>Kommen Sie und erleben Sie den ultimativen Spa\u00df auf MomPornOnly.<\/h2>\n<p>Sie haben wahrscheinlich schon von Produzenten in der Pornoindustrie geh\u00f6rt, auch wenn es Ihnen nichts sagt, aber ich kann Ihnen einige Namen nennen. Wenn ich Ihnen zum Beispiel sagen w\u00fcrde, Brazzers, nun, jeder kennt diesen Produzenten mit diesen sehr spannenden Drehb\u00fcchern. Obwohl er der bekannteste ist, ist er nicht der einzige. Und ja! Es gibt viele von ihnen, zum Beispiel <strong>Blacked, Tushy, Naughty America, aber vor allem MomsTeachSex<\/strong>, der atemberaubende Szenarien bietet. Ultra sexy M\u00fctter, die von ihrem Sohn gefickt werden, entweder mit der Tochter oder mit der Freundin. Es ist immer unglaublich aufregend zu sehen, wie eine Mutter jungen Menschen durch \u00dcbung Sex beibringt. Wie Sie wissen, konzentrieren wir uns bei unseren Inhalten auf die M\u00fctter, weil wir wegen ihrer gro\u00dfen Titten und gro\u00dfen \u00c4rsche einen St\u00e4nder bekommen. Deshalb konnten wir diesen Pornovideoproduzenten nicht vergessen.<\/p>\n<p>Das hei\u00dft aber nicht, dass wir die Videos von Amateur-M\u00fcttern untersch\u00e4tzen sollten, die, das muss gesagt werden, sehr aufregend sind. Diese reifen Frauen haben einen Hunger auf Schw\u00e4nze, den man sonst nirgendwo sieht. Ich brauche Ihnen nicht noch einmal zu sagen, dass Sie auf MomPornOnly die gr\u00f6\u00dften Schlampen in der Geschichte des Pornos sehen k\u00f6nnen, die von jungen Leuten gefickt werden. Beim Ficken mit erfahrenen Frauen lernt man immer ein paar Dinge dar\u00fcber, wie man eine Frau zum Kommen bringt, denn Sie werden sehen, was die reiferen Frauen m\u00f6gen. Vor allem, wenn man sie mit viel Standhaftigkeit und Autorit\u00e4t behandelt. Wir k\u00f6nnen Ihnen also endlich sagen, dass die beste Pornoseite im Moment <strong>MomPornOnly.com<\/strong> ist, so dass Sie am besten in der Lage sind, den besten Handjob zu genie\u00dfen, den Sie je gemacht haben. Wenn Sie jedoch ein regelm\u00e4\u00dfiger Benutzer sind, wissen Sie, wie viel Spa\u00df unsere Videos t\u00e4glich bieten. Wir werden Ihnen also alle Pornostars der gro\u00dfen Kan\u00e4le zur Verf\u00fcgung stellen. All die frechsten und ber\u00fchmtesten M\u00fctter wie Brandi Love, Cory Chase, Nikki Brooks und viele andere werden da sein, um Ihnen ihre sch\u00f6nen Formen zu zeigen.<\/p>\n","protected":false},"excerpt":{"rendered":"<p>Eine Gruppierung von Qualit\u00e4tsinhalten von X Sites. Sie fragen sich sicher, wof\u00fcr diese Seite gedacht ist, und Sie werden es herausfinden. Es ist einfach eine Seite, die f\u00fcr Sie die derzeit angesagtesten pornografischen Seiten neu gruppiert. Die pornographischen R\u00f6hren haben den besten X-Inhalt der Welt, und speziell f\u00fcr Sie haben wir sie alle auf dieser [&hellip;]<\/p>\n","protected":false},"author":1,"featured_media":0,"parent":0,"menu_order":0,"comment_status":"closed","ping_status":"closed","template":"templates\/template-channels.php","meta":{"ep_exclude_from_search":false,"footnotes":""},"class_list":["post-6561","page","type-page","status-publish","hentry"],"yoast_head":"<!-- This site is optimized with the Yoast SEO plugin v27.4 - https:\/\/yoast.com\/product\/yoast-seo-wordpress\/ -->\n<title>Beste Porno Tube Videos und XXX Produzenten<\/title>\n<meta name=\"description\" content=\"Das Beste aus Pornos mit Websites wie Pornhub, xhamster und anderen Pornoproduzenten und XXX-Kan\u00e4len mit MILFs wie Brazzers auf Mompornonly.com\" \/>\n<meta name=\"robots\" content=\"index, follow, max-snippet:-1, max-image-preview:large, max-video-preview:-1\" \/>\n<link rel=\"canonical\" href=\"https:\/\/mompornonly.com\/channels\/\" \/>\n<meta property=\"og:locale\" content=\"de_DE\" \/>\n<meta property=\"og:type\" content=\"article\" \/>\n<meta property=\"og:title\" content=\"Best porn tubes videos and XXX producers[fr]Meilleures vid\u00e9os de tubes porno et producteurs XXX[\/fr][es]Los mejores videos de tubos porno y productores XXX[\/es][de]Beste Porno Tube Videos und XXX Produzenten[\/de][it]I migliori video porno tube e produttori XXX[\/it]\" \/>\n<meta property=\"og:description\" content=\"The best of porn with sites like Pornhub, xhamster and other porn producers and XXX channels with MILFs like Brazzers on Mompornonly.com[fr]Le meilleur du porno avec des sites comme Pornhub, xhamster et d&#039;autres producteurs porno et cha\u00eenes XXX avec des MILF comme Brazzers sur Mompornonly.com[\/fr][es]Lo mejor del porno con sitios como Pornhub, xhamster y otros productores de porno y canales XXX con MILF como Brazzers en Mompornonly.com[\/es][de]Das Beste aus Pornos mit Websites wie Pornhub, xhamster und anderen Pornoproduzenten und XXX-Kan\u00e4len mit MILFs wie Brazzers auf Mompornonly.com[\/de][it]Il meglio del porno con siti come Pornhub, xhamster e altri produttori porno e canali XXX con MILF come Brazzers su Mompornonly.com[\/it]\" \/>\n<meta property=\"og:url\" content=\"https:\/\/mompornonly.com\/channels\/\" \/>\n<meta property=\"og:site_name\" content=\"MomPornOnly\" \/>\n<meta property=\"article:publisher\" content=\"https:\/\/www.facebook.com\/momponly\/\" \/>\n<meta property=\"article:modified_time\" content=\"2023-10-13T14:26:44+00:00\" \/>\n<meta name=\"twitter:card\" content=\"summary_large_image\" \/>\n<meta name=\"twitter:site\" content=\"@mompornonly\" \/>\n<script type=\"application\/ld+json\" class=\"yoast-schema-graph\">{\"@context\":\"https:\\\/\\\/schema.org\",\"@graph\":[{\"@type\":\"WebPage\",\"@id\":\"https:\\\/\\\/mompornonly.com\\\/channels\\\/\",\"url\":\"https:\\\/\\\/mompornonly.com\\\/channels\\\/\",\"name\":\"Best porn tubes videos and XXX producers[fr]Meilleures vid\u00e9os de tubes porno et producteurs XXX[\\\/fr][es]Los mejores videos de tubos porno y productores XXX[\\\/es][de]Beste Porno Tube Videos und XXX Produzenten[\\\/de][it]I migliori video porno tube e produttori XXX[\\\/it]\",\"isPartOf\":{\"@id\":\"https:\\\/\\\/mompornonly.com\\\/#website\"},\"datePublished\":\"2020-05-06T14:36:37+00:00\",\"dateModified\":\"2023-10-13T14:26:44+00:00\",\"description\":\"The best of porn with sites like Pornhub, xhamster and other porn producers and XXX channels with MILFs like Brazzers on Mompornonly.com[fr]Le meilleur du porno avec des sites comme Pornhub, xhamster et d'autres producteurs porno et cha\u00eenes XXX avec des MILF comme Brazzers sur Mompornonly.com[\\\/fr][es]Lo mejor del porno con sitios como Pornhub, xhamster y otros productores de porno y canales XXX con MILF como Brazzers en Mompornonly.com[\\\/es][de]Das Beste aus Pornos mit Websites wie Pornhub, xhamster und anderen Pornoproduzenten und XXX-Kan\u00e4len mit MILFs wie Brazzers auf Mompornonly.com[\\\/de][it]Il meglio del porno con siti come Pornhub, xhamster e altri produttori porno e canali XXX con MILF come Brazzers su Mompornonly.com[\\\/it]\",\"breadcrumb\":{\"@id\":\"https:\\\/\\\/mompornonly.com\\\/channels\\\/#breadcrumb\"},\"inLanguage\":\"de-DE\",\"potentialAction\":[{\"@type\":\"ReadAction\",\"target\":[\"https:\\\/\\\/mompornonly.com\\\/channels\\\/\"]}]},{\"@type\":\"BreadcrumbList\",\"@id\":\"https:\\\/\\\/mompornonly.com\\\/channels\\\/#breadcrumb\",\"itemListElement\":[{\"@type\":\"ListItem\",\"position\":1,\"name\":\"Accueil\",\"item\":\"https:\\\/\\\/mompornonly.com\\\/\"},{\"@type\":\"ListItem\",\"position\":2,\"name\":\"Channels\"}]},{\"@type\":\"WebSite\",\"@id\":\"https:\\\/\\\/mompornonly.com\\\/#website\",\"url\":\"https:\\\/\\\/mompornonly.com\\\/\",\"name\":\"MomPornOnly\",\"description\":\"Mompornonly.com is the best porn tube site ever with just moms and MILFs, the best XXX videos and free sex streaming.[fr]Mompornonly.com est le meilleur site de tubes porno avec seulement des mamans et  des MILF, les meilleures vid\u00e9os XXX et du streaming sexe gratuit.[\\\/fr][es]Mompornonly.com es el mejor sitio de tubos porno con mam\u00e1s y MILF, los mejores videos XXX y transmisi\u00f3n de sexo gratis.[\\\/es][de]Mompornonly.com ist die beste Porno-Tube-Site aller Zeiten mit nur M\u00fcttern und MILFs, den besten XXX-Videos und kostenlosem Sex-Streaming.[\\\/de][it]Mompornonly.com \u00e8 il miglior sito di porno tube di sempre con solo mamme e MILF, i migliori video XXX e lo streaming di sesso gratuito.[\\\/it]\",\"publisher\":{\"@id\":\"https:\\\/\\\/mompornonly.com\\\/#organization\"},\"potentialAction\":[{\"@type\":\"SearchAction\",\"target\":{\"@type\":\"EntryPoint\",\"urlTemplate\":\"https:\\\/\\\/mompornonly.com\\\/?s={search_term_string}\"},\"query-input\":{\"@type\":\"PropertyValueSpecification\",\"valueRequired\":true,\"valueName\":\"search_term_string\"}}],\"inLanguage\":\"de-DE\"},{\"@type\":\"Organization\",\"@id\":\"https:\\\/\\\/mompornonly.com\\\/#organization\",\"name\":\"MomPornOnly\",\"url\":\"https:\\\/\\\/mompornonly.com\\\/\",\"logo\":{\"@type\":\"ImageObject\",\"inLanguage\":\"de-DE\",\"@id\":\"https:\\\/\\\/mompornonly.com\\\/#\\\/schema\\\/logo\\\/image\\\/\",\"url\":\"https:\\\/\\\/mompornonly.com\\\/wp-content\\\/uploads\\\/2020\\\/05\\\/logomompornonly.png\",\"contentUrl\":\"https:\\\/\\\/mompornonly.com\\\/wp-content\\\/uploads\\\/2020\\\/05\\\/logomompornonly.png\",\"width\":792,\"height\":446,\"caption\":\"MomPornOnly\"},\"image\":{\"@id\":\"https:\\\/\\\/mompornonly.com\\\/#\\\/schema\\\/logo\\\/image\\\/\"},\"sameAs\":[\"https:\\\/\\\/www.facebook.com\\\/momponly\\\/\",\"https:\\\/\\\/x.com\\\/mompornonly\",\"https:\\\/\\\/www.instagram.com\\\/mpo_com\\\/\"]}]}<\/script>\n<!-- \/ Yoast SEO plugin. -->","yoast_head_json":{"title":"Beste Porno Tube Videos und XXX Produzenten","description":"Das Beste aus Pornos mit Websites wie Pornhub, xhamster und anderen Pornoproduzenten und XXX-Kan\u00e4len mit MILFs wie Brazzers auf Mompornonly.com","robots":{"index":"index","follow":"follow","max-snippet":"max-snippet:-1","max-image-preview":"max-image-preview:large","max-video-preview":"max-video-preview:-1"},"canonical":"https:\/\/mompornonly.com\/channels\/","og_locale":"de_DE","og_type":"article","og_title":"Best porn tubes videos and XXX producers[fr]Meilleures vid\u00e9os de tubes porno et producteurs XXX[\/fr][es]Los mejores videos de tubos porno y productores XXX[\/es][de]Beste Porno Tube Videos und XXX Produzenten[\/de][it]I migliori video porno tube e produttori XXX[\/it]","og_description":"The best of porn with sites like Pornhub, xhamster and other porn producers and XXX channels with MILFs like Brazzers on Mompornonly.com[fr]Le meilleur du porno avec des sites comme Pornhub, xhamster et d'autres producteurs porno et cha\u00eenes XXX avec des MILF comme Brazzers sur Mompornonly.com[\/fr][es]Lo mejor del porno con sitios como Pornhub, xhamster y otros productores de porno y canales XXX con MILF como Brazzers en Mompornonly.com[\/es][de]Das Beste aus Pornos mit Websites wie Pornhub, xhamster und anderen Pornoproduzenten und XXX-Kan\u00e4len mit MILFs wie Brazzers auf Mompornonly.com[\/de][it]Il meglio del porno con siti come Pornhub, xhamster e altri produttori porno e canali XXX con MILF come Brazzers su Mompornonly.com[\/it]","og_url":"https:\/\/mompornonly.com\/channels\/","og_site_name":"MomPornOnly","article_publisher":"https:\/\/www.facebook.com\/momponly\/","article_modified_time":"2023-10-13T14:26:44+00:00","twitter_card":"summary_large_image","twitter_site":"@mompornonly","schema":{"@context":"https:\/\/schema.org","@graph":[{"@type":"WebPage","@id":"https:\/\/mompornonly.com\/channels\/","url":"https:\/\/mompornonly.com\/channels\/","name":"Best porn tubes videos and XXX producers[fr]Meilleures vid\u00e9os de tubes porno et producteurs XXX[\/fr][es]Los mejores videos de tubos porno y productores XXX[\/es][de]Beste Porno Tube Videos und XXX Produzenten[\/de][it]I migliori video porno tube e produttori XXX[\/it]","isPartOf":{"@id":"https:\/\/mompornonly.com\/#website"},"datePublished":"2020-05-06T14:36:37+00:00","dateModified":"2023-10-13T14:26:44+00:00","description":"The best of porn with sites like Pornhub, xhamster and other porn producers and XXX channels with MILFs like Brazzers on Mompornonly.com[fr]Le meilleur du porno avec des sites comme Pornhub, xhamster et d'autres producteurs porno et cha\u00eenes XXX avec des MILF comme Brazzers sur Mompornonly.com[\/fr][es]Lo mejor del porno con sitios como Pornhub, xhamster y otros productores de porno y canales XXX con MILF como Brazzers en Mompornonly.com[\/es][de]Das Beste aus Pornos mit Websites wie Pornhub, xhamster und anderen Pornoproduzenten und XXX-Kan\u00e4len mit MILFs wie Brazzers auf Mompornonly.com[\/de][it]Il meglio del porno con siti come Pornhub, xhamster e altri produttori porno e canali XXX con MILF come Brazzers su Mompornonly.com[\/it]","breadcrumb":{"@id":"https:\/\/mompornonly.com\/channels\/#breadcrumb"},"inLanguage":"de-DE","potentialAction":[{"@type":"ReadAction","target":["https:\/\/mompornonly.com\/channels\/"]}]},{"@type":"BreadcrumbList","@id":"https:\/\/mompornonly.com\/channels\/#breadcrumb","itemListElement":[{"@type":"ListItem","position":1,"name":"Accueil","item":"https:\/\/mompornonly.com\/"},{"@type":"ListItem","position":2,"name":"Channels"}]},{"@type":"WebSite","@id":"https:\/\/mompornonly.com\/#website","url":"https:\/\/mompornonly.com\/","name":"MomPornOnly","description":"Mompornonly.com is the best porn tube site ever with just moms and MILFs, the best XXX videos and free sex streaming.[fr]Mompornonly.com est le meilleur site de tubes porno avec seulement des mamans et  des MILF, les meilleures vid\u00e9os XXX et du streaming sexe gratuit.[\/fr][es]Mompornonly.com es el mejor sitio de tubos porno con mam\u00e1s y MILF, los mejores videos XXX y transmisi\u00f3n de sexo gratis.[\/es][de]Mompornonly.com ist die beste Porno-Tube-Site aller Zeiten mit nur M\u00fcttern und MILFs, den besten XXX-Videos und kostenlosem Sex-Streaming.[\/de][it]Mompornonly.com \u00e8 il miglior sito di porno tube di sempre con solo mamme e MILF, i migliori video XXX e lo streaming di sesso gratuito.[\/it]","publisher":{"@id":"https:\/\/mompornonly.com\/#organization"},"potentialAction":[{"@type":"SearchAction","target":{"@type":"EntryPoint","urlTemplate":"https:\/\/mompornonly.com\/?s={search_term_string}"},"query-input":{"@type":"PropertyValueSpecification","valueRequired":true,"valueName":"search_term_string"}}],"inLanguage":"de-DE"},{"@type":"Organization","@id":"https:\/\/mompornonly.com\/#organization","name":"MomPornOnly","url":"https:\/\/mompornonly.com\/","logo":{"@type":"ImageObject","inLanguage":"de-DE","@id":"https:\/\/mompornonly.com\/#\/schema\/logo\/image\/","url":"https:\/\/mompornonly.com\/wp-content\/uploads\/2020\/05\/logomompornonly.png","contentUrl":"https:\/\/mompornonly.com\/wp-content\/uploads\/2020\/05\/logomompornonly.png","width":792,"height":446,"caption":"MomPornOnly"},"image":{"@id":"https:\/\/mompornonly.com\/#\/schema\/logo\/image\/"},"sameAs":["https:\/\/www.facebook.com\/momponly\/","https:\/\/x.com\/mompornonly","https:\/\/www.instagram.com\/mpo_com\/"]}]}},"_links":{"self":[{"href":"https:\/\/mompornonly.com\/de\/wp-json\/wp\/v2\/pages\/6561","targetHints":{"allow":["GET"]}}],"collection":[{"href":"https:\/\/mompornonly.com\/de\/wp-json\/wp\/v2\/pages"}],"about":[{"href":"https:\/\/mompornonly.com\/de\/wp-json\/wp\/v2\/types\/page"}],"author":[{"embeddable":true,"href":"https:\/\/mompornonly.com\/de\/wp-json\/wp\/v2\/users\/1"}],"replies":[{"embeddable":true,"href":"https:\/\/mompornonly.com\/de\/wp-json\/wp\/v2\/comments?post=6561"}],"version-history":[{"count":2,"href":"https:\/\/mompornonly.com\/de\/wp-json\/wp\/v2\/pages\/6561\/revisions"}],"predecessor-version":[{"id":13068,"href":"https:\/\/mompornonly.com\/de\/wp-json\/wp\/v2\/pages\/6561\/revisions\/13068"}],"wp:attachment":[{"href":"https:\/\/mompornonly.com\/de\/wp-json\/wp\/v2\/media?parent=6561"}],"curies":[{"name":"wp","href":"https:\/\/api.w.org\/{rel}","templated":true}]}}