{"id":6379,"date":"2020-04-29T15:07:52","date_gmt":"2020-04-29T13:07:52","guid":{"rendered":"https:\/\/mompornonly.com\/?page_id=6379"},"modified":"2023-10-13T16:17:13","modified_gmt":"2023-10-13T14:17:13","slug":"albums","status":"publish","type":"page","link":"https:\/\/mompornonly.com\/de\/albums\/","title":{"rendered":"Photos"},"content":{"rendered":"<h2>Die besten Mom-Porno-Fotos und Porno-Fotos sind jetzt bei MomPornOnly erh\u00e4ltlich<\/h2>\n<p>Weil es langweilig war, die Seite wechseln zu m\u00fcssen, um Bilder zu bekommen. Denn nachdem Sie <a href=\"https:\/\/mompornonly.com\/de\/\">MomPornOnly.com<\/a> gefunden hatten, waren Sie endlich zufrieden, die <strong>besten XXX-Videos<\/strong> zu haben. Jetzt k\u00f6nnen Sie hier die besten <strong>Prono-Videos und Fotos finden<\/strong>, ohne die Seite wechseln zu m\u00fcssen! Alles ist hier in gro\u00dfer Menge und immer in guter Qualit\u00e4t! Finden Sie Ihre Lieblingsm\u00fctter, die sich gegenseitig wie eine gute Schlampe an die Muschi fassen. Die Auswahl ist \u00e4u\u00dferst vielf\u00e4ltig, da es absolut keinen Mangel an schmutzigen M\u00fcttern gibt, die sich vor der Kamera ausziehen. Deshalb wird unsere Sammlung von M\u00fcttern, die ihren K\u00f6rper zur Schau stellen, nicht zu Ende gehen!<\/p>\n<p>Die sch\u00f6nsten Huren der Welt, Sekret\u00e4rinnen, Lehrerinnen, Studentinnen oder Krankenschwestern sind alle auf <strong>MomPornOnly.com<\/strong>, ob es sich nun um <strong>GIF, X Fotos oder X HD-Videos<\/strong> handelt &#8211; alle die sch\u00f6nsten nuttigen M\u00fctter sind hier! Sie brauchen nicht mehr zu Pornos zu gehen, da alle Pornobilder hier sind. Sie sind auch hier, zus\u00e4tzlich zu vielen anderen, die Pornobilder nicht haben! Wir sind die Referenzseite in Pornos, die Milfs betreffen!<\/p>\n<h2>Auf MomPornOnly spreizen alle M\u00fctter ihre Schenkel vor Neid!<\/h2>\n<p>Alle unsere Fotos sind von sch\u00f6nen M\u00fcttern, die gerne angeben. Sie zeigen ihre sch\u00f6nen kleinen \u00c4rsche, ihre gro\u00dfen Titten, ihre sch\u00f6ne behaarte Muschi oder nicht. Diese kleinen Schlampen, manchmal in Strumpfhosen, manchmal blond oder br\u00fcnett, lieben es, sich gegenseitig zu erz\u00e4hlen, dass kleine Neems sich beim Betrachten ihrer Fotos einen runterholen! Denn um ehrlich zu sein, wovon sie am meisten tr\u00e4umen, ist es, das Sperma von Franzosen im Gesicht zu haben, um eine freie und nat\u00fcrliche Gesichtsbehandlung zu bekommen!<\/p>\n<p>Im Tanga, in Strumpfhosen, mit dem Arsch in der Luft masturbieren diese kleinen M\u00fctter gerne ihre Muschi auf <strong>XXX Bildern<\/strong> oder kostenlosen Videos f\u00fcr Erwachsene! Wir sind die vollst\u00e4ndigste Website f\u00fcr Erwachsene \u00fcber M\u00fctter und M\u00fctterinnen. Ob im Pornovideo- oder Pornofotoformat, auf <a href=\"https:\/\/mompornonly.com\/de\/\">MomPornOnly.com<\/a> ist f\u00fcr jeden etwas dabei! Diese M\u00fctter lieben Schw\u00e4nze wie niemand sonst, sie haben Sperma in ihren Speiser\u00f6hren!<\/p>\n<h2>Ruft eine gro\u00dfe Anzahl von Fotoalben ab<\/h2>\n<p>Mit nur wenigen Klicks k\u00f6nnen Sie unsere pornografischen Fotoalben durchbl\u00e4ttern! Alles ist einfach und so optimiert, dass Sie m\u00fchelos auf alle Pornofotos zugreifen k\u00f6nnen. Alles ist gut sortiert, so dass Sie, sobald Sie sich f\u00fcr ein Album entschieden haben, nur noch die kleine nuttige Mami sehen k\u00f6nnen, die Sie sich ausgesucht haben! Unsere Alben sind alle in HD-Qualit\u00e4t, so dass Sie sich ihre kleinen Muschis ohne Brille anschauen k\u00f6nnen. Deshalb hoffen wir bei MomPornOnly, dass Sie einen Lkw-F\u00fchrerschein haben, damit Sie mit diesen gro\u00dfen B\u00e4llen von nuttigen M\u00fcttern umgehen k\u00f6nnen!<\/p>\n<p>Und wenn Sie gerne Pornostars anschauen, dann z\u00f6gern Sie auch nicht und finden Sie <a href=\"https:\/\/mompornonly.com\/de\/photos\/lisa-ann-pornstar-compilation\/\">Lisa Ann<\/a>, <a href=\"https:\/\/mompornonly.com\/de\/photos\/cory-chase-pornstar-compilation\/\">Cory Chase<\/a>, <a href=\"https:\/\/mompornonly.com\/de\/photos\/brandi-love-pornstar-compilation\/\">Brandi Love<\/a>, <a href=\"https:\/\/mompornonly.com\/de\/photos\/nikki-brooks-pornstar-compilation\/\">Nikki Brooks<\/a> und viele andere in der MomPornOnly-Fotosektion! Es ist wirklich toll, all diese nackten Frauen zu sehen. Ich meine, wer sieht nicht gerne nackte M\u00fctter? All diese freien Aktbilder sind frei und uneingeschr\u00e4nkt nur f\u00fcr Sie. Finden Sie die besten erotischen und schmutzigen Bilder, die Sie im Internet finden k\u00f6nnen! Unsere Sammlung wundersch\u00f6ner weiblicher XXX-Bilder ist endlos, und wir aktualisieren unser Album t\u00e4glich, damit Ihnen nie die pronografischen Bilder ausgehen.<\/p>\n<h3>Es reicht Ihnen nicht, sich Bilder von nackten Frauen anzusehen?<\/h3>\n<p>Dann ist heute Ihr Gl\u00fcckstag, denn die Hauptaktivit\u00e4t von <a href=\"https:\/\/mompornonly.com\/de\/\">MomPornOnly.com<\/a> besteht nicht darin, <strong>XXX Bilder von nackten M\u00e4dchen zu posten<\/strong>. In der Tat stellen wir hier meistens Pornofilme und Videos von schmutzigen Mamas \u00c4rschen ein. Sie suchen nach einer kleinen Muschi, um XXX Sex beizubringen! Unsere kostenlosen XXX-Filme und unsere kostenlosen xxx-Videos werden Sie zufriedenstellen und sollten es Ihnen erm\u00f6glichen, Ihre schmutzigsten Fantasien in Bezug auf nuttige M\u00fctter zu befriedigen.<\/p>\n<p>Gute gro\u00dfe Milfs mit riesigen Titten, die von kleinen Jungs gefickt werden. Und wenn Sie etwas anderes als nuttige M\u00fctter sehen m\u00f6chten, k\u00f6nnen Sie auf <a href=\"https:\/\/xfrenchies.com\/\">xFrenchies.com<\/a> gehen! Es ist die beste Pornoseite, die kostenlose <strong>X-Videos von franz\u00f6sischen Schlampen sammelt<\/strong>. Ob jung, m\u00fctterlich oder alt, auf <a href=\"https:\/\/xfrenchies.com\/\">xFrenchies.com<\/a> ist f\u00fcr jeden Geschmack etwas dabei, so sehr sind die Franz\u00f6sinnen grosse dreckige Schlampen, die Schw\u00e4nze lieben !<\/p>\n","protected":false},"excerpt":{"rendered":"<p>Die besten Mom-Porno-Fotos und Porno-Fotos sind jetzt bei MomPornOnly erh\u00e4ltlich Weil es langweilig war, die Seite wechseln zu m\u00fcssen, um Bilder zu bekommen. Denn nachdem Sie MomPornOnly.com gefunden hatten, waren Sie endlich zufrieden, die besten XXX-Videos zu haben. Jetzt k\u00f6nnen Sie hier die besten Prono-Videos und Fotos finden, ohne die Seite wechseln zu m\u00fcssen! Alles [&hellip;]<\/p>\n","protected":false},"author":1,"featured_media":0,"parent":0,"menu_order":0,"comment_status":"closed","ping_status":"closed","template":"templates\/template-photos.php","meta":{"footnotes":""},"class_list":["post-6379","page","type-page","status-publish","hentry"],"yoast_head":"<!-- This site is optimized with the Yoast SEO plugin v27.4 - https:\/\/yoast.com\/product\/yoast-seo-wordpress\/ -->\n<title>Kostenlose Porno Bilder &amp; Sex Fotos mit hei\u00dfen MILFs - MomPornOnly<\/title>\n<meta name=\"description\" content=\"Kasse aller sexy Fotoalben hei\u00dfer MILFs hier bei MomPornOnly.com. Genie\u00dfe die hei\u00dfesten erotischen Bilder jetzt mit sexy Mom mit riesigen Titten, die ihren Stiefsohn lutschen\" \/>\n<meta name=\"robots\" content=\"index, follow, max-snippet:-1, max-image-preview:large, max-video-preview:-1\" \/>\n<link rel=\"canonical\" href=\"https:\/\/mompornonly.com\/albums\/\" \/>\n<meta property=\"og:locale\" content=\"de_DE\" \/>\n<meta property=\"og:type\" content=\"article\" \/>\n<meta property=\"og:title\" content=\"Free Porn Pictures &amp; Sex Pictures With HOT MILFs - MomPornOnly [fr]Photos porno gratuites et photos de sexe avec des MILF CHAUDES - MomPornOnly [\/fr][es]Fotos porno gratis y fotos de sexo con MILFs CALIENTES - MomPornOnly [\/es][de]Kostenlose Porno Bilder &amp; Sex Fotos mit hei\u00dfen MILFs - MomPornOnly [\/de][it]Immagini Porno Gratuite e foto di sesso con MILF CALDI - MomPornOnly [\/it]\" \/>\n<meta property=\"og:description\" content=\"Checkout all sexy photo ALBUMS of hot MILFs here at MomPornOnly.com. Enjoy the hottest erotic pics now with sexy Mom with huge boobs sucking her step son[fr]D\u00e9couvrez tous les ALBUMS de photos sexy de MILF chaudes ici sur MomPornOnly.com. Profitez des photos \u00e9rotiques les plus chaudes maintenant avec des mamans sexy avec d&#039;\u00e9normes seins su\u00e7ant son beau-fils[\/fr][es]Echa un vistazo a todos los \u00e1lbumes de fotos sexy de MILFs calientes aqu\u00ed en MomPornOnly.com. Disfruta de las fotos er\u00f3ticas m\u00e1s calientes ahora con una mam\u00e1 sexy con enormes tetas chupando a su hijastro[\/es][de]Kasse aller sexy Fotoalben hei\u00dfer MILFs hier bei MomPornOnly.com. Genie\u00dfe die hei\u00dfesten erotischen Bilder jetzt mit sexy Mom mit riesigen Titten, die ihren Stiefsohn lutschen[\/de][it]Dai un&#039;occhiata a tutti gli ALBUM di foto sexy di MILF hot qui su MomPornOnly.com. Goditi le foto erotiche pi\u00f9 calde ora con la mamma sexy con tette enormi che succhiano il suo figliastro[\/it]\" \/>\n<meta property=\"og:url\" content=\"https:\/\/mompornonly.com\/albums\/\" \/>\n<meta property=\"og:site_name\" content=\"MomPornOnly\" \/>\n<meta property=\"article:publisher\" content=\"https:\/\/www.facebook.com\/momponly\/\" \/>\n<meta property=\"article:modified_time\" content=\"2023-10-13T14:17:13+00:00\" \/>\n<meta name=\"twitter:card\" content=\"summary_large_image\" \/>\n<meta name=\"twitter:site\" content=\"@mompornonly\" \/>\n<script type=\"application\/ld+json\" class=\"yoast-schema-graph\">{\"@context\":\"https:\\\/\\\/schema.org\",\"@graph\":[{\"@type\":\"WebPage\",\"@id\":\"https:\\\/\\\/mompornonly.com\\\/albums\\\/\",\"url\":\"https:\\\/\\\/mompornonly.com\\\/albums\\\/\",\"name\":\"Free Porn Pictures & Sex Pictures With HOT MILFs - MomPornOnly [fr]Photos porno gratuites et photos de sexe avec des MILF CHAUDES - MomPornOnly [\\\/fr][es]Fotos porno gratis y fotos de sexo con MILFs CALIENTES - MomPornOnly [\\\/es][de]Kostenlose Porno Bilder & Sex Fotos mit hei\u00dfen MILFs - MomPornOnly [\\\/de][it]Immagini Porno Gratuite e foto di sesso con MILF CALDI - MomPornOnly [\\\/it]\",\"isPartOf\":{\"@id\":\"https:\\\/\\\/mompornonly.com\\\/#website\"},\"datePublished\":\"2020-04-29T13:07:52+00:00\",\"dateModified\":\"2023-10-13T14:17:13+00:00\",\"description\":\"Checkout all sexy photo ALBUMS of hot MILFs here at MomPornOnly.com. Enjoy the hottest erotic pics now with sexy Mom with huge boobs sucking her step son[fr]D\u00e9couvrez tous les ALBUMS de photos sexy de MILF chaudes ici sur MomPornOnly.com. Profitez des photos \u00e9rotiques les plus chaudes maintenant avec des mamans sexy avec d'\u00e9normes seins su\u00e7ant son beau-fils[\\\/fr][es]Echa un vistazo a todos los \u00e1lbumes de fotos sexy de MILFs calientes aqu\u00ed en MomPornOnly.com. Disfruta de las fotos er\u00f3ticas m\u00e1s calientes ahora con una mam\u00e1 sexy con enormes tetas chupando a su hijastro[\\\/es][de]Kasse aller sexy Fotoalben hei\u00dfer MILFs hier bei MomPornOnly.com. Genie\u00dfe die hei\u00dfesten erotischen Bilder jetzt mit sexy Mom mit riesigen Titten, die ihren Stiefsohn lutschen[\\\/de][it]Dai un'occhiata a tutti gli ALBUM di foto sexy di MILF hot qui su MomPornOnly.com. Goditi le foto erotiche pi\u00f9 calde ora con la mamma sexy con tette enormi che succhiano il suo figliastro[\\\/it]\",\"breadcrumb\":{\"@id\":\"https:\\\/\\\/mompornonly.com\\\/albums\\\/#breadcrumb\"},\"inLanguage\":\"de-DE\",\"potentialAction\":[{\"@type\":\"ReadAction\",\"target\":[\"https:\\\/\\\/mompornonly.com\\\/albums\\\/\"]}]},{\"@type\":\"BreadcrumbList\",\"@id\":\"https:\\\/\\\/mompornonly.com\\\/albums\\\/#breadcrumb\",\"itemListElement\":[{\"@type\":\"ListItem\",\"position\":1,\"name\":\"Accueil\",\"item\":\"https:\\\/\\\/mompornonly.com\\\/\"},{\"@type\":\"ListItem\",\"position\":2,\"name\":\"Photos\"}]},{\"@type\":\"WebSite\",\"@id\":\"https:\\\/\\\/mompornonly.com\\\/#website\",\"url\":\"https:\\\/\\\/mompornonly.com\\\/\",\"name\":\"MomPornOnly\",\"description\":\"Mompornonly.com is the best porn tube site ever with just moms and MILFs, the best XXX videos and free sex streaming.[fr]Mompornonly.com est le meilleur site de tubes porno avec seulement des mamans et  des MILF, les meilleures vid\u00e9os XXX et du streaming sexe gratuit.[\\\/fr][es]Mompornonly.com es el mejor sitio de tubos porno con mam\u00e1s y MILF, los mejores videos XXX y transmisi\u00f3n de sexo gratis.[\\\/es][de]Mompornonly.com ist die beste Porno-Tube-Site aller Zeiten mit nur M\u00fcttern und MILFs, den besten XXX-Videos und kostenlosem Sex-Streaming.[\\\/de][it]Mompornonly.com \u00e8 il miglior sito di porno tube di sempre con solo mamme e MILF, i migliori video XXX e lo streaming di sesso gratuito.[\\\/it]\",\"publisher\":{\"@id\":\"https:\\\/\\\/mompornonly.com\\\/#organization\"},\"potentialAction\":[{\"@type\":\"SearchAction\",\"target\":{\"@type\":\"EntryPoint\",\"urlTemplate\":\"https:\\\/\\\/mompornonly.com\\\/?s={search_term_string}\"},\"query-input\":{\"@type\":\"PropertyValueSpecification\",\"valueRequired\":true,\"valueName\":\"search_term_string\"}}],\"inLanguage\":\"de-DE\"},{\"@type\":\"Organization\",\"@id\":\"https:\\\/\\\/mompornonly.com\\\/#organization\",\"name\":\"MomPornOnly\",\"url\":\"https:\\\/\\\/mompornonly.com\\\/\",\"logo\":{\"@type\":\"ImageObject\",\"inLanguage\":\"de-DE\",\"@id\":\"https:\\\/\\\/mompornonly.com\\\/#\\\/schema\\\/logo\\\/image\\\/\",\"url\":\"https:\\\/\\\/mompornonly.com\\\/wp-content\\\/uploads\\\/2020\\\/05\\\/logomompornonly.png\",\"contentUrl\":\"https:\\\/\\\/mompornonly.com\\\/wp-content\\\/uploads\\\/2020\\\/05\\\/logomompornonly.png\",\"width\":792,\"height\":446,\"caption\":\"MomPornOnly\"},\"image\":{\"@id\":\"https:\\\/\\\/mompornonly.com\\\/#\\\/schema\\\/logo\\\/image\\\/\"},\"sameAs\":[\"https:\\\/\\\/www.facebook.com\\\/momponly\\\/\",\"https:\\\/\\\/x.com\\\/mompornonly\",\"https:\\\/\\\/www.instagram.com\\\/mpo_com\\\/\"]}]}<\/script>\n<!-- \/ Yoast SEO plugin. -->","yoast_head_json":{"title":"Kostenlose Porno Bilder & Sex Fotos mit hei\u00dfen MILFs - MomPornOnly","description":"Kasse aller sexy Fotoalben hei\u00dfer MILFs hier bei MomPornOnly.com. Genie\u00dfe die hei\u00dfesten erotischen Bilder jetzt mit sexy Mom mit riesigen Titten, die ihren Stiefsohn lutschen","robots":{"index":"index","follow":"follow","max-snippet":"max-snippet:-1","max-image-preview":"max-image-preview:large","max-video-preview":"max-video-preview:-1"},"canonical":"https:\/\/mompornonly.com\/albums\/","og_locale":"de_DE","og_type":"article","og_title":"Free Porn Pictures & Sex Pictures With HOT MILFs - MomPornOnly [fr]Photos porno gratuites et photos de sexe avec des MILF CHAUDES - MomPornOnly [\/fr][es]Fotos porno gratis y fotos de sexo con MILFs CALIENTES - MomPornOnly [\/es][de]Kostenlose Porno Bilder & Sex Fotos mit hei\u00dfen MILFs - MomPornOnly [\/de][it]Immagini Porno Gratuite e foto di sesso con MILF CALDI - MomPornOnly [\/it]","og_description":"Checkout all sexy photo ALBUMS of hot MILFs here at MomPornOnly.com. Enjoy the hottest erotic pics now with sexy Mom with huge boobs sucking her step son[fr]D\u00e9couvrez tous les ALBUMS de photos sexy de MILF chaudes ici sur MomPornOnly.com. Profitez des photos \u00e9rotiques les plus chaudes maintenant avec des mamans sexy avec d'\u00e9normes seins su\u00e7ant son beau-fils[\/fr][es]Echa un vistazo a todos los \u00e1lbumes de fotos sexy de MILFs calientes aqu\u00ed en MomPornOnly.com. Disfruta de las fotos er\u00f3ticas m\u00e1s calientes ahora con una mam\u00e1 sexy con enormes tetas chupando a su hijastro[\/es][de]Kasse aller sexy Fotoalben hei\u00dfer MILFs hier bei MomPornOnly.com. Genie\u00dfe die hei\u00dfesten erotischen Bilder jetzt mit sexy Mom mit riesigen Titten, die ihren Stiefsohn lutschen[\/de][it]Dai un'occhiata a tutti gli ALBUM di foto sexy di MILF hot qui su MomPornOnly.com. Goditi le foto erotiche pi\u00f9 calde ora con la mamma sexy con tette enormi che succhiano il suo figliastro[\/it]","og_url":"https:\/\/mompornonly.com\/albums\/","og_site_name":"MomPornOnly","article_publisher":"https:\/\/www.facebook.com\/momponly\/","article_modified_time":"2023-10-13T14:17:13+00:00","twitter_card":"summary_large_image","twitter_site":"@mompornonly","schema":{"@context":"https:\/\/schema.org","@graph":[{"@type":"WebPage","@id":"https:\/\/mompornonly.com\/albums\/","url":"https:\/\/mompornonly.com\/albums\/","name":"Free Porn Pictures & Sex Pictures With HOT MILFs - MomPornOnly [fr]Photos porno gratuites et photos de sexe avec des MILF CHAUDES - MomPornOnly [\/fr][es]Fotos porno gratis y fotos de sexo con MILFs CALIENTES - MomPornOnly [\/es][de]Kostenlose Porno Bilder & Sex Fotos mit hei\u00dfen MILFs - MomPornOnly [\/de][it]Immagini Porno Gratuite e foto di sesso con MILF CALDI - MomPornOnly [\/it]","isPartOf":{"@id":"https:\/\/mompornonly.com\/#website"},"datePublished":"2020-04-29T13:07:52+00:00","dateModified":"2023-10-13T14:17:13+00:00","description":"Checkout all sexy photo ALBUMS of hot MILFs here at MomPornOnly.com. Enjoy the hottest erotic pics now with sexy Mom with huge boobs sucking her step son[fr]D\u00e9couvrez tous les ALBUMS de photos sexy de MILF chaudes ici sur MomPornOnly.com. Profitez des photos \u00e9rotiques les plus chaudes maintenant avec des mamans sexy avec d'\u00e9normes seins su\u00e7ant son beau-fils[\/fr][es]Echa un vistazo a todos los \u00e1lbumes de fotos sexy de MILFs calientes aqu\u00ed en MomPornOnly.com. Disfruta de las fotos er\u00f3ticas m\u00e1s calientes ahora con una mam\u00e1 sexy con enormes tetas chupando a su hijastro[\/es][de]Kasse aller sexy Fotoalben hei\u00dfer MILFs hier bei MomPornOnly.com. Genie\u00dfe die hei\u00dfesten erotischen Bilder jetzt mit sexy Mom mit riesigen Titten, die ihren Stiefsohn lutschen[\/de][it]Dai un'occhiata a tutti gli ALBUM di foto sexy di MILF hot qui su MomPornOnly.com. Goditi le foto erotiche pi\u00f9 calde ora con la mamma sexy con tette enormi che succhiano il suo figliastro[\/it]","breadcrumb":{"@id":"https:\/\/mompornonly.com\/albums\/#breadcrumb"},"inLanguage":"de-DE","potentialAction":[{"@type":"ReadAction","target":["https:\/\/mompornonly.com\/albums\/"]}]},{"@type":"BreadcrumbList","@id":"https:\/\/mompornonly.com\/albums\/#breadcrumb","itemListElement":[{"@type":"ListItem","position":1,"name":"Accueil","item":"https:\/\/mompornonly.com\/"},{"@type":"ListItem","position":2,"name":"Photos"}]},{"@type":"WebSite","@id":"https:\/\/mompornonly.com\/#website","url":"https:\/\/mompornonly.com\/","name":"MomPornOnly","description":"Mompornonly.com is the best porn tube site ever with just moms and MILFs, the best XXX videos and free sex streaming.[fr]Mompornonly.com est le meilleur site de tubes porno avec seulement des mamans et  des MILF, les meilleures vid\u00e9os XXX et du streaming sexe gratuit.[\/fr][es]Mompornonly.com es el mejor sitio de tubos porno con mam\u00e1s y MILF, los mejores videos XXX y transmisi\u00f3n de sexo gratis.[\/es][de]Mompornonly.com ist die beste Porno-Tube-Site aller Zeiten mit nur M\u00fcttern und MILFs, den besten XXX-Videos und kostenlosem Sex-Streaming.[\/de][it]Mompornonly.com \u00e8 il miglior sito di porno tube di sempre con solo mamme e MILF, i migliori video XXX e lo streaming di sesso gratuito.[\/it]","publisher":{"@id":"https:\/\/mompornonly.com\/#organization"},"potentialAction":[{"@type":"SearchAction","target":{"@type":"EntryPoint","urlTemplate":"https:\/\/mompornonly.com\/?s={search_term_string}"},"query-input":{"@type":"PropertyValueSpecification","valueRequired":true,"valueName":"search_term_string"}}],"inLanguage":"de-DE"},{"@type":"Organization","@id":"https:\/\/mompornonly.com\/#organization","name":"MomPornOnly","url":"https:\/\/mompornonly.com\/","logo":{"@type":"ImageObject","inLanguage":"de-DE","@id":"https:\/\/mompornonly.com\/#\/schema\/logo\/image\/","url":"https:\/\/mompornonly.com\/wp-content\/uploads\/2020\/05\/logomompornonly.png","contentUrl":"https:\/\/mompornonly.com\/wp-content\/uploads\/2020\/05\/logomompornonly.png","width":792,"height":446,"caption":"MomPornOnly"},"image":{"@id":"https:\/\/mompornonly.com\/#\/schema\/logo\/image\/"},"sameAs":["https:\/\/www.facebook.com\/momponly\/","https:\/\/x.com\/mompornonly","https:\/\/www.instagram.com\/mpo_com\/"]}]}},"_links":{"self":[{"href":"https:\/\/mompornonly.com\/de\/wp-json\/wp\/v2\/pages\/6379","targetHints":{"allow":["GET"]}}],"collection":[{"href":"https:\/\/mompornonly.com\/de\/wp-json\/wp\/v2\/pages"}],"about":[{"href":"https:\/\/mompornonly.com\/de\/wp-json\/wp\/v2\/types\/page"}],"author":[{"embeddable":true,"href":"https:\/\/mompornonly.com\/de\/wp-json\/wp\/v2\/users\/1"}],"replies":[{"embeddable":true,"href":"https:\/\/mompornonly.com\/de\/wp-json\/wp\/v2\/comments?post=6379"}],"version-history":[{"count":1,"href":"https:\/\/mompornonly.com\/de\/wp-json\/wp\/v2\/pages\/6379\/revisions"}],"predecessor-version":[{"id":13051,"href":"https:\/\/mompornonly.com\/de\/wp-json\/wp\/v2\/pages\/6379\/revisions\/13051"}],"wp:attachment":[{"href":"https:\/\/mompornonly.com\/de\/wp-json\/wp\/v2\/media?parent=6379"}],"curies":[{"name":"wp","href":"https:\/\/api.w.org\/{rel}","templated":true}]}}