{"id":6,"date":"2019-06-23T15:52:54","date_gmt":"2019-06-23T15:52:54","guid":{"rendered":"https:\/\/xfrenchies.com\/actors\/"},"modified":"2023-10-13T16:23:07","modified_gmt":"2023-10-13T14:23:07","slug":"pornstars","status":"publish","type":"page","link":"https:\/\/mompornonly.com\/de\/pornstars\/","title":{"rendered":"Pornstars"},"content":{"rendered":"<h2>Die hei\u00dfesten Schauspielerinnen bei MomPornOnly.<\/h2>\n<p>Entdecken Sie unsere Auswahl der sexiesten Schauspielerinnen im Internet, wir haben die schlampigsten MILFs zusammengestellt. Sie werden sie f\u00fcr jeden Geschmack finden,<strong> Blondinen, Br\u00fcnette, Rothaarige, Schwarze, Asiatinnen, etc..<\/strong> Bei MomPornOnly machen wir keine halben Sachen, Sie m\u00fcssen nur einmal die Pornostars-Seite besuchen, um zu verstehen, wie viel Geschmack unser Team hat. Vielleicht suchen Sie auf dieser Seite auch nach M\u00fcttern mit gro\u00dfen Titten oder gro\u00dfen \u00c4rschen. Sie brauchen sich keine Sorgen zu machen, dass wir alles haben, was Sie brauchen. Mit den ber\u00fchmtesten Milfs in der Pornoindustrie kennen Sie wahrscheinlich schon alle f\u00fcr die Unanst\u00e4ndigen unter Ihnen. Nat\u00fcrlich sprechen wir \u00fcber gro\u00dfe Namen in der Branche, <strong>wie Cory Chase, Brandi Love, Nikki Brooks<\/strong> und so viele andere, dass wir sie unm\u00f6glich alle nennen k\u00f6nnen. Keine Ausreden mehr, wir haben die hei\u00dfesten und sexiesten MILFs aller Zeiten ausgew\u00e4hlt. Wenn Sie ein Porno-Fan mit Selbstachtung sind, haben Sie wahrscheinlich schon von diesen Schauspielerinnen geh\u00f6rt, die bei den Fans von Pornoszenen mit M\u00fcttern und ihren S\u00f6hnen sehr beliebt sind. Nat\u00fcrlich hat jeder dieser Pornostars seine eigenen Spezialit\u00e4ten. Nehmen Sie zum Beispiel Brandy Love, die Frau, die sich ihren Platz in der weiten Welt der Pornografie erobert hat. Bekannt vor allem f\u00fcr diese Szenen, in denen sie jungen Leuten das Ficken beibringt, nimmt sie nat\u00fcrlich an diesen Sexszenen teil, sie bleibt vor allem eine Schlampe. Mit ihren gro\u00dfen Titten ist sie eine ausgezeichnete spanische Wichsvorlage, sie kann sogar zwei Schw\u00e4nze gleichzeitig zwischen ihre riesigen Titten nehmen.<\/p>\n<p>Oder auch Cory Chase und Nikki Brooks, die nicht nur gut befreundet sind, sondern auch sehr gute Freunde. Sie haben eine Menge Videos zusammen gedreht, in denen sie einen jungen Kerl ficken und seinen Schwanz und sein Sperma teilen, sie teilt sogar ihre jeweiligen S\u00f6hne. Alle diese Videos finden Sie auf unserer Website, in bester HD-Qualit\u00e4t, aber vor allem in unbegrenzter und v\u00f6llig kostenloser Qualit\u00e4t. Entdecken Sie die beiden <strong> sexiesten Frauen<\/strong> des Internets, die Ihnen ihre K\u00f6rper und ihre Leistungen kostenlos auf unserer Website anbieten. Sie werden Videos von ihnen entdecken, wo sie sich an allen Stellen des Hauses blockieren. Da fragt man sich, ob sie es absichtlich tun, wie es so oft passiert, ob sie in der Sp\u00fcle, unter einem M\u00f6belst\u00fcck, unter einem Tisch und so viele andere Beispiele stecken. Nehmen wir an, dass diese Frauen in diesen Videos ihre S\u00f6hne anrufen und ihn um Hilfe bitten, um es aus dem Weg zu r\u00e4umen. Aber aus irgendeinem seltsamen Grund k\u00f6nnen diese Frauen ihre M\u00fctter nur dann aus dem Weg r\u00e4umen, wenn sie ihre M\u00fctter einfach ficken, w\u00e4hrend sie feststecken. Und das Beste daran ist, dass es funktioniert. Aber das bedeutet nicht, dass sie mit dem Ficken aufh\u00f6ren, NEIN! Sie ficken so lange weiter, bis sie das Sperma ihrer Kinder schlucken. Entgegen dem Anschein sind diese Szenen sehr aufregend, zu sehen, wie eine Frau heftig gefickt wird, ohne dass sie etwas tun kann, ihr Sohn hat nat\u00fcrlich seine Freude daran. Aber auch Sie k\u00f6nnen Spa\u00df haben, wenn Sie auf dieses Video klicken, das Sie hart wie ein Stier macht.<\/p>\n<h2>Das Beste von X auf Ihren Bildschirmen!<\/h2>\n<p>Kommen Sie und genie\u00dfen Sie die gr\u00f6\u00dften Pornostars &#8211; kostenlos. Das Beste von X auf Ihren Bildschirmen, verf\u00fcgbar f\u00fcr alle, vorausgesetzt, Sie haben eine Internetverbindung. Aber eines ist sicher, Sie d\u00fcrfen diesen aufregenden Inhalt mit den besten Schauspielerinnen der Welt, den meisten Huren, den hei\u00dfesten und sogar den sexiesten nicht verpassen. Alles, was Sie brauchen, ist ein Layout, eine Verbindung, ein Taschentuch, und schon geht&#8217;s los f\u00fcr den <strong>besten Handjob<\/strong> Ihres Lebens. Sie werden amtures Frauen voller Perversionen und Morbidit\u00e4ten sehen, so hei\u00df sind sie mit ihren feuchten Muschis und ihren Plastiktitten. Aber wir bieten auch M\u00fctter mit echten Titten an, wie zum Beispiel Nikky Brooks, Angela White, Channel Preston, Clara Morgane, und viele andere. Die beste Pornoseite des Augenblicks frei und nach Belieben. Kommen Sie und testen Sie die Erfahrung, die wir Ihnen bieten, einen Inhalt, der an all Ihre wildesten W\u00fcnsche angepasst ist. All Ihre Phantasien sind hier, seien es F\u00fc\u00dfe oder andere Fetisch-Praktiken, die Ihnen gefallen, wir haben sie. Entdecken Sie auch die hei\u00dfesten und gl\u00fccklichsten jungen Schauspieler der Welt, Juan El Caballo und Jordi El Nino Polla, die beide die beiden M\u00e4nner sind, die die meisten M\u00fctter der Welt gefickt haben.<\/p>\n","protected":false},"excerpt":{"rendered":"<p>Die hei\u00dfesten Schauspielerinnen bei MomPornOnly. Entdecken Sie unsere Auswahl der sexiesten Schauspielerinnen im Internet, wir haben die schlampigsten MILFs zusammengestellt. Sie werden sie f\u00fcr jeden Geschmack finden, Blondinen, Br\u00fcnette, Rothaarige, Schwarze, Asiatinnen, etc.. Bei MomPornOnly machen wir keine halben Sachen, Sie m\u00fcssen nur einmal die Pornostars-Seite besuchen, um zu verstehen, wie viel Geschmack unser Team [&hellip;]<\/p>\n","protected":false},"author":1,"featured_media":0,"parent":0,"menu_order":0,"comment_status":"closed","ping_status":"closed","template":"templates\/template-actors.php","meta":{"ep_exclude_from_search":false,"footnotes":""},"class_list":["post-6","page","type-page","status-publish","hentry"],"yoast_head":"<!-- This site is optimized with the Yoast SEO plugin v27.4 - https:\/\/yoast.com\/product\/yoast-seo-wordpress\/ -->\n<title>Beste MILFs Pornostar auf Mom Porn Only, free Porno Videos<\/title>\n<meta name=\"description\" content=\"Suchst du Pornostar M\u00fctter mit gro\u00dfen Titten? MILFs, die es lieben, von geilen jungen S\u00f6hnen gefickt zu werden, finden auf Mom Porn Only nur das, wonach Sie suchen\" \/>\n<meta name=\"robots\" content=\"index, follow, max-snippet:-1, max-image-preview:large, max-video-preview:-1\" \/>\n<link rel=\"canonical\" href=\"https:\/\/mompornonly.com\/pornstars\/\" \/>\n<meta property=\"og:locale\" content=\"de_DE\" \/>\n<meta property=\"og:type\" content=\"article\" \/>\n<meta property=\"og:title\" content=\"Best MILFs Pornstar on Mom Porn Only, Free Porn tubes[fr]Meilleures MILFs pornstar sur Mom Porn Only, tubes porno gratuit[\/fr][es]Mejor MILF Pornstar en Mom Porn Only, videos porno gratis[\/es][de]Beste MILFs Pornostar auf Mom Porn Only, free Porno Videos[\/de][it]Le migliori pornostar MILF su Mom Porn Only, video porno gratuiti[\/it]\" \/>\n<meta property=\"og:description\" content=\"Are you looking for pornstar moms with big boobs ? MILFs who love to be fucked by horny young step sons, you will find what you are looking for on Mom Porn Only[fr]Tu cherches des mamans pornstar avec des gros seins ? Des MILFs qui adorent se faire baiser par des jeunes fils en rute, tu trouveras ton bonheur sur Mom Porn Only[\/fr][es]\u00bfEst\u00e1s buscando madres porno con grandes tetas ? MILFs que adoran ser folladas por j\u00f3venes hijos cachondos, encontrar\u00e1s lo que est\u00e1s buscando en Mom Porn Only[\/es][de]Suchst du Pornostar M\u00fctter mit gro\u00dfen Titten? MILFs, die es lieben, von geilen jungen S\u00f6hnen gefickt zu werden, finden auf Mom Porn Only nur das, wonach Sie suchen[\/de][it]Sei alla ricerca di mamme pornostar con grandi tette? MILF che amano farsi scopare da giovani figli arrapati, troverai quello che stai cercando su Mom Porn Only[\/it]\" \/>\n<meta property=\"og:url\" content=\"https:\/\/mompornonly.com\/pornstars\/\" \/>\n<meta property=\"og:site_name\" content=\"MomPornOnly\" \/>\n<meta property=\"article:publisher\" content=\"https:\/\/www.facebook.com\/momponly\/\" \/>\n<meta property=\"article:modified_time\" content=\"2023-10-13T14:23:07+00:00\" \/>\n<meta name=\"twitter:card\" content=\"summary_large_image\" \/>\n<meta name=\"twitter:site\" content=\"@mompornonly\" \/>\n<script type=\"application\/ld+json\" class=\"yoast-schema-graph\">{\"@context\":\"https:\\\/\\\/schema.org\",\"@graph\":[{\"@type\":\"WebPage\",\"@id\":\"https:\\\/\\\/mompornonly.com\\\/pornstars\\\/\",\"url\":\"https:\\\/\\\/mompornonly.com\\\/pornstars\\\/\",\"name\":\"Best MILFs Pornstar on Mom Porn Only, Free Porn tubes[fr]Meilleures MILFs pornstar sur Mom Porn Only, tubes porno gratuit[\\\/fr][es]Mejor MILF Pornstar en Mom Porn Only, videos porno gratis[\\\/es][de]Beste MILFs Pornostar auf Mom Porn Only, free Porno Videos[\\\/de][it]Le migliori pornostar MILF su Mom Porn Only, video porno gratuiti[\\\/it]\",\"isPartOf\":{\"@id\":\"https:\\\/\\\/mompornonly.com\\\/#website\"},\"datePublished\":\"2019-06-23T15:52:54+00:00\",\"dateModified\":\"2023-10-13T14:23:07+00:00\",\"description\":\"Are you looking for pornstar moms with big boobs ? MILFs who love to be fucked by horny young step sons, you will find what you are looking for on Mom Porn Only[fr]Tu cherches des mamans pornstar avec des gros seins ? Des MILFs qui adorent se faire baiser par des jeunes fils en rute, tu trouveras ton bonheur sur Mom Porn Only[\\\/fr][es]\u00bfEst\u00e1s buscando madres porno con grandes tetas ? MILFs que adoran ser folladas por j\u00f3venes hijos cachondos, encontrar\u00e1s lo que est\u00e1s buscando en Mom Porn Only[\\\/es][de]Suchst du Pornostar M\u00fctter mit gro\u00dfen Titten? MILFs, die es lieben, von geilen jungen S\u00f6hnen gefickt zu werden, finden auf Mom Porn Only nur das, wonach Sie suchen[\\\/de][it]Sei alla ricerca di mamme pornostar con grandi tette? MILF che amano farsi scopare da giovani figli arrapati, troverai quello che stai cercando su Mom Porn Only[\\\/it]\",\"breadcrumb\":{\"@id\":\"https:\\\/\\\/mompornonly.com\\\/pornstars\\\/#breadcrumb\"},\"inLanguage\":\"de-DE\",\"potentialAction\":[{\"@type\":\"ReadAction\",\"target\":[\"https:\\\/\\\/mompornonly.com\\\/pornstars\\\/\"]}]},{\"@type\":\"BreadcrumbList\",\"@id\":\"https:\\\/\\\/mompornonly.com\\\/pornstars\\\/#breadcrumb\",\"itemListElement\":[{\"@type\":\"ListItem\",\"position\":1,\"name\":\"Accueil\",\"item\":\"https:\\\/\\\/mompornonly.com\\\/\"},{\"@type\":\"ListItem\",\"position\":2,\"name\":\"Pornstars\"}]},{\"@type\":\"WebSite\",\"@id\":\"https:\\\/\\\/mompornonly.com\\\/#website\",\"url\":\"https:\\\/\\\/mompornonly.com\\\/\",\"name\":\"MomPornOnly\",\"description\":\"Mompornonly.com is the best porn tube site ever with just moms and MILFs, the best XXX videos and free sex streaming.[fr]Mompornonly.com est le meilleur site de tubes porno avec seulement des mamans et  des MILF, les meilleures vid\u00e9os XXX et du streaming sexe gratuit.[\\\/fr][es]Mompornonly.com es el mejor sitio de tubos porno con mam\u00e1s y MILF, los mejores videos XXX y transmisi\u00f3n de sexo gratis.[\\\/es][de]Mompornonly.com ist die beste Porno-Tube-Site aller Zeiten mit nur M\u00fcttern und MILFs, den besten XXX-Videos und kostenlosem Sex-Streaming.[\\\/de][it]Mompornonly.com \u00e8 il miglior sito di porno tube di sempre con solo mamme e MILF, i migliori video XXX e lo streaming di sesso gratuito.[\\\/it]\",\"publisher\":{\"@id\":\"https:\\\/\\\/mompornonly.com\\\/#organization\"},\"potentialAction\":[{\"@type\":\"SearchAction\",\"target\":{\"@type\":\"EntryPoint\",\"urlTemplate\":\"https:\\\/\\\/mompornonly.com\\\/?s={search_term_string}\"},\"query-input\":{\"@type\":\"PropertyValueSpecification\",\"valueRequired\":true,\"valueName\":\"search_term_string\"}}],\"inLanguage\":\"de-DE\"},{\"@type\":\"Organization\",\"@id\":\"https:\\\/\\\/mompornonly.com\\\/#organization\",\"name\":\"MomPornOnly\",\"url\":\"https:\\\/\\\/mompornonly.com\\\/\",\"logo\":{\"@type\":\"ImageObject\",\"inLanguage\":\"de-DE\",\"@id\":\"https:\\\/\\\/mompornonly.com\\\/#\\\/schema\\\/logo\\\/image\\\/\",\"url\":\"https:\\\/\\\/mompornonly.com\\\/wp-content\\\/uploads\\\/2020\\\/05\\\/logomompornonly.png\",\"contentUrl\":\"https:\\\/\\\/mompornonly.com\\\/wp-content\\\/uploads\\\/2020\\\/05\\\/logomompornonly.png\",\"width\":792,\"height\":446,\"caption\":\"MomPornOnly\"},\"image\":{\"@id\":\"https:\\\/\\\/mompornonly.com\\\/#\\\/schema\\\/logo\\\/image\\\/\"},\"sameAs\":[\"https:\\\/\\\/www.facebook.com\\\/momponly\\\/\",\"https:\\\/\\\/x.com\\\/mompornonly\",\"https:\\\/\\\/www.instagram.com\\\/mpo_com\\\/\"]}]}<\/script>\n<!-- \/ Yoast SEO plugin. -->","yoast_head_json":{"title":"Beste MILFs Pornostar auf Mom Porn Only, free Porno Videos","description":"Suchst du Pornostar M\u00fctter mit gro\u00dfen Titten? MILFs, die es lieben, von geilen jungen S\u00f6hnen gefickt zu werden, finden auf Mom Porn Only nur das, wonach Sie suchen","robots":{"index":"index","follow":"follow","max-snippet":"max-snippet:-1","max-image-preview":"max-image-preview:large","max-video-preview":"max-video-preview:-1"},"canonical":"https:\/\/mompornonly.com\/pornstars\/","og_locale":"de_DE","og_type":"article","og_title":"Best MILFs Pornstar on Mom Porn Only, Free Porn tubes[fr]Meilleures MILFs pornstar sur Mom Porn Only, tubes porno gratuit[\/fr][es]Mejor MILF Pornstar en Mom Porn Only, videos porno gratis[\/es][de]Beste MILFs Pornostar auf Mom Porn Only, free Porno Videos[\/de][it]Le migliori pornostar MILF su Mom Porn Only, video porno gratuiti[\/it]","og_description":"Are you looking for pornstar moms with big boobs ? MILFs who love to be fucked by horny young step sons, you will find what you are looking for on Mom Porn Only[fr]Tu cherches des mamans pornstar avec des gros seins ? Des MILFs qui adorent se faire baiser par des jeunes fils en rute, tu trouveras ton bonheur sur Mom Porn Only[\/fr][es]\u00bfEst\u00e1s buscando madres porno con grandes tetas ? MILFs que adoran ser folladas por j\u00f3venes hijos cachondos, encontrar\u00e1s lo que est\u00e1s buscando en Mom Porn Only[\/es][de]Suchst du Pornostar M\u00fctter mit gro\u00dfen Titten? MILFs, die es lieben, von geilen jungen S\u00f6hnen gefickt zu werden, finden auf Mom Porn Only nur das, wonach Sie suchen[\/de][it]Sei alla ricerca di mamme pornostar con grandi tette? MILF che amano farsi scopare da giovani figli arrapati, troverai quello che stai cercando su Mom Porn Only[\/it]","og_url":"https:\/\/mompornonly.com\/pornstars\/","og_site_name":"MomPornOnly","article_publisher":"https:\/\/www.facebook.com\/momponly\/","article_modified_time":"2023-10-13T14:23:07+00:00","twitter_card":"summary_large_image","twitter_site":"@mompornonly","schema":{"@context":"https:\/\/schema.org","@graph":[{"@type":"WebPage","@id":"https:\/\/mompornonly.com\/pornstars\/","url":"https:\/\/mompornonly.com\/pornstars\/","name":"Best MILFs Pornstar on Mom Porn Only, Free Porn tubes[fr]Meilleures MILFs pornstar sur Mom Porn Only, tubes porno gratuit[\/fr][es]Mejor MILF Pornstar en Mom Porn Only, videos porno gratis[\/es][de]Beste MILFs Pornostar auf Mom Porn Only, free Porno Videos[\/de][it]Le migliori pornostar MILF su Mom Porn Only, video porno gratuiti[\/it]","isPartOf":{"@id":"https:\/\/mompornonly.com\/#website"},"datePublished":"2019-06-23T15:52:54+00:00","dateModified":"2023-10-13T14:23:07+00:00","description":"Are you looking for pornstar moms with big boobs ? MILFs who love to be fucked by horny young step sons, you will find what you are looking for on Mom Porn Only[fr]Tu cherches des mamans pornstar avec des gros seins ? Des MILFs qui adorent se faire baiser par des jeunes fils en rute, tu trouveras ton bonheur sur Mom Porn Only[\/fr][es]\u00bfEst\u00e1s buscando madres porno con grandes tetas ? MILFs que adoran ser folladas por j\u00f3venes hijos cachondos, encontrar\u00e1s lo que est\u00e1s buscando en Mom Porn Only[\/es][de]Suchst du Pornostar M\u00fctter mit gro\u00dfen Titten? MILFs, die es lieben, von geilen jungen S\u00f6hnen gefickt zu werden, finden auf Mom Porn Only nur das, wonach Sie suchen[\/de][it]Sei alla ricerca di mamme pornostar con grandi tette? MILF che amano farsi scopare da giovani figli arrapati, troverai quello che stai cercando su Mom Porn Only[\/it]","breadcrumb":{"@id":"https:\/\/mompornonly.com\/pornstars\/#breadcrumb"},"inLanguage":"de-DE","potentialAction":[{"@type":"ReadAction","target":["https:\/\/mompornonly.com\/pornstars\/"]}]},{"@type":"BreadcrumbList","@id":"https:\/\/mompornonly.com\/pornstars\/#breadcrumb","itemListElement":[{"@type":"ListItem","position":1,"name":"Accueil","item":"https:\/\/mompornonly.com\/"},{"@type":"ListItem","position":2,"name":"Pornstars"}]},{"@type":"WebSite","@id":"https:\/\/mompornonly.com\/#website","url":"https:\/\/mompornonly.com\/","name":"MomPornOnly","description":"Mompornonly.com is the best porn tube site ever with just moms and MILFs, the best XXX videos and free sex streaming.[fr]Mompornonly.com est le meilleur site de tubes porno avec seulement des mamans et  des MILF, les meilleures vid\u00e9os XXX et du streaming sexe gratuit.[\/fr][es]Mompornonly.com es el mejor sitio de tubos porno con mam\u00e1s y MILF, los mejores videos XXX y transmisi\u00f3n de sexo gratis.[\/es][de]Mompornonly.com ist die beste Porno-Tube-Site aller Zeiten mit nur M\u00fcttern und MILFs, den besten XXX-Videos und kostenlosem Sex-Streaming.[\/de][it]Mompornonly.com \u00e8 il miglior sito di porno tube di sempre con solo mamme e MILF, i migliori video XXX e lo streaming di sesso gratuito.[\/it]","publisher":{"@id":"https:\/\/mompornonly.com\/#organization"},"potentialAction":[{"@type":"SearchAction","target":{"@type":"EntryPoint","urlTemplate":"https:\/\/mompornonly.com\/?s={search_term_string}"},"query-input":{"@type":"PropertyValueSpecification","valueRequired":true,"valueName":"search_term_string"}}],"inLanguage":"de-DE"},{"@type":"Organization","@id":"https:\/\/mompornonly.com\/#organization","name":"MomPornOnly","url":"https:\/\/mompornonly.com\/","logo":{"@type":"ImageObject","inLanguage":"de-DE","@id":"https:\/\/mompornonly.com\/#\/schema\/logo\/image\/","url":"https:\/\/mompornonly.com\/wp-content\/uploads\/2020\/05\/logomompornonly.png","contentUrl":"https:\/\/mompornonly.com\/wp-content\/uploads\/2020\/05\/logomompornonly.png","width":792,"height":446,"caption":"MomPornOnly"},"image":{"@id":"https:\/\/mompornonly.com\/#\/schema\/logo\/image\/"},"sameAs":["https:\/\/www.facebook.com\/momponly\/","https:\/\/x.com\/mompornonly","https:\/\/www.instagram.com\/mpo_com\/"]}]}},"_links":{"self":[{"href":"https:\/\/mompornonly.com\/de\/wp-json\/wp\/v2\/pages\/6","targetHints":{"allow":["GET"]}}],"collection":[{"href":"https:\/\/mompornonly.com\/de\/wp-json\/wp\/v2\/pages"}],"about":[{"href":"https:\/\/mompornonly.com\/de\/wp-json\/wp\/v2\/types\/page"}],"author":[{"embeddable":true,"href":"https:\/\/mompornonly.com\/de\/wp-json\/wp\/v2\/users\/1"}],"replies":[{"embeddable":true,"href":"https:\/\/mompornonly.com\/de\/wp-json\/wp\/v2\/comments?post=6"}],"version-history":[{"count":1,"href":"https:\/\/mompornonly.com\/de\/wp-json\/wp\/v2\/pages\/6\/revisions"}],"predecessor-version":[{"id":13064,"href":"https:\/\/mompornonly.com\/de\/wp-json\/wp\/v2\/pages\/6\/revisions\/13064"}],"wp:attachment":[{"href":"https:\/\/mompornonly.com\/de\/wp-json\/wp\/v2\/media?parent=6"}],"curies":[{"name":"wp","href":"https:\/\/api.w.org\/{rel}","templated":true}]}}