{"id":13063,"date":"2023-10-13T16:32:38","date_gmt":"2023-10-13T14:32:38","guid":{"rendered":"https:\/\/mompornonly.com\/?page_id=13063"},"modified":"2023-10-14T15:52:10","modified_gmt":"2023-10-14T13:52:10","slug":"random","status":"publish","type":"page","link":"https:\/\/mompornonly.com\/de\/albums\/random\/","title":{"rendered":"Random photos"},"content":{"rendered":"<p>Sie wissen nicht, was Sie heute sehen sollen, lassen Sie sich vom Zufall \u00fcberraschen und genie\u00dfen Sie die Freude am Unbekannten. Unsere Auswahl an Inhalten auf MomPornOnly  ist eine Qualit\u00e4tsgarantie, wir w\u00e4hlen die besten Fotos der sexiesten MILFs aus<\/p>\n","protected":false},"excerpt":{"rendered":"<p>Sie wissen nicht, was Sie heute sehen sollen, lassen Sie sich vom Zufall \u00fcberraschen und genie\u00dfen Sie die Freude am Unbekannten. Unsere Auswahl an Inhalten auf MomPornOnly ist eine Qualit\u00e4tsgarantie, wir w\u00e4hlen die besten Fotos der sexiesten MILFs aus<\/p>\n","protected":false},"author":3,"featured_media":0,"parent":6379,"menu_order":0,"comment_status":"closed","ping_status":"closed","template":"templates\/template-photos.php","meta":{"footnotes":""},"class_list":["post-13063","page","type-page","status-publish","hentry"],"yoast_head":"<!-- This site is optimized with the Yoast SEO plugin v27.4 - https:\/\/yoast.com\/product\/yoast-seo-wordpress\/ -->\n<title>Lassen Sie sich von diesen wundersch\u00f6nen MILF-Fotoalben \u00fcberraschen - MomPornOnly<\/title>\n<meta name=\"description\" content=\"Sie wissen nicht, was Sie heute sehen sollen, lassen Sie sich vom Zufall \u00fcberraschen und genie\u00dfen Sie die Freude am Unbekannten. Unsere Auswahl an Inhalten auf MomPornOnly ist eine Qualit\u00e4tsgarantie, wir w\u00e4hlen die besten Fotos der sexiesten MILFs aus\" \/>\n<meta name=\"robots\" content=\"index, follow, max-snippet:-1, max-image-preview:large, max-video-preview:-1\" \/>\n<link rel=\"canonical\" href=\"https:\/\/mompornonly.com\/albums\/random\/\" \/>\n<meta property=\"og:locale\" content=\"de_DE\" \/>\n<meta property=\"og:type\" content=\"article\" \/>\n<meta property=\"og:title\" content=\"Let yourself be surprised by these beautiful MILF photo albums - MomPornOnly [fr]Laissez-vous surprendre par ces magnifiques albums photos MILF - MomPornOnly [\/fr][de]Lassen Sie sich von diesen wundersch\u00f6nen MILF-Fotoalben \u00fcberraschen - MomPornOnly [\/de][es]D\u00e9jate sorprender por estos hermosos \u00e1lbumes de fotos de MILF - MomPornOnly [\/es][it]Lasciati sorprendere da questi bellissimi album fotografici di MILF - MomPornOnly [\/it]\" \/>\n<meta property=\"og:description\" content=\"You don&#039;t know what to look at today, let yourself be surprised by chance and enjoy the pleasure of the unknown. Our selection of content on MomPornOnly is a guarantee of quality, we choose the best photos of the sexiest milfs[fr]Vous ne savez pas quoi regardez aujourd&#039;hui, laissez vous surprendre par le hasard et profitez du plaisir de l&#039;inconnu. Notre s\u00e9lection de contenu sur MomPornOnly est gage de qualit\u00e9, nous choisissons les meilleures photos des milfs les plus sexys[\/fr][de]Sie wissen nicht, was Sie heute sehen sollen, lassen Sie sich vom Zufall \u00fcberraschen und genie\u00dfen Sie die Freude am Unbekannten. Unsere Auswahl an Inhalten auf MomPornOnly ist eine Qualit\u00e4tsgarantie, wir w\u00e4hlen die besten Fotos der sexiesten MILFs aus[\/de][es]No sabes qu\u00e9 mirar hoy, d\u00e9jate sorprender por el azar y disfruta del placer de lo desconocido. Nuestra selecci\u00f3n de contenidos en MomPornOnly es garant\u00eda de calidad, elegimos las mejores fotos de las milfs m\u00e1s sexys[\/es][it]Non sai cosa guardare oggi, lasciati sorprendere dal caso e goditi il piacere dell&#039;ignoto. La nostra selezione di contenuti su MomPornOnly \u00e8 una garanzia di qualit\u00e0, scegliamo le migliori foto delle MILF pi\u00f9 sexy[\/it]\" \/>\n<meta property=\"og:url\" content=\"https:\/\/mompornonly.com\/albums\/random\/\" \/>\n<meta property=\"og:site_name\" content=\"MomPornOnly\" \/>\n<meta property=\"article:publisher\" content=\"https:\/\/www.facebook.com\/momponly\/\" \/>\n<meta property=\"article:modified_time\" content=\"2023-10-14T13:52:10+00:00\" \/>\n<meta name=\"twitter:card\" content=\"summary_large_image\" \/>\n<meta name=\"twitter:site\" content=\"@mompornonly\" \/>\n<script type=\"application\/ld+json\" class=\"yoast-schema-graph\">{\"@context\":\"https:\\\/\\\/schema.org\",\"@graph\":[{\"@type\":\"WebPage\",\"@id\":\"https:\\\/\\\/mompornonly.com\\\/albums\\\/random\\\/\",\"url\":\"https:\\\/\\\/mompornonly.com\\\/albums\\\/random\\\/\",\"name\":\"Let yourself be surprised by these beautiful MILF photo albums - MomPornOnly [fr]Laissez-vous surprendre par ces magnifiques albums photos MILF - MomPornOnly [\\\/fr][de]Lassen Sie sich von diesen wundersch\u00f6nen MILF-Fotoalben \u00fcberraschen - MomPornOnly [\\\/de][es]D\u00e9jate sorprender por estos hermosos \u00e1lbumes de fotos de MILF - MomPornOnly [\\\/es][it]Lasciati sorprendere da questi bellissimi album fotografici di MILF - MomPornOnly [\\\/it]\",\"isPartOf\":{\"@id\":\"https:\\\/\\\/mompornonly.com\\\/#website\"},\"datePublished\":\"2023-10-13T14:32:38+00:00\",\"dateModified\":\"2023-10-14T13:52:10+00:00\",\"description\":\"You don't know what to look at today, let yourself be surprised by chance and enjoy the pleasure of the unknown. Our selection of content on MomPornOnly is a guarantee of quality, we choose the best photos of the sexiest milfs[fr]Vous ne savez pas quoi regardez aujourd'hui, laissez vous surprendre par le hasard et profitez du plaisir de l'inconnu. Notre s\u00e9lection de contenu sur MomPornOnly est gage de qualit\u00e9, nous choisissons les meilleures photos des milfs les plus sexys[\\\/fr][de]Sie wissen nicht, was Sie heute sehen sollen, lassen Sie sich vom Zufall \u00fcberraschen und genie\u00dfen Sie die Freude am Unbekannten. Unsere Auswahl an Inhalten auf MomPornOnly ist eine Qualit\u00e4tsgarantie, wir w\u00e4hlen die besten Fotos der sexiesten MILFs aus[\\\/de][es]No sabes qu\u00e9 mirar hoy, d\u00e9jate sorprender por el azar y disfruta del placer de lo desconocido. Nuestra selecci\u00f3n de contenidos en MomPornOnly es garant\u00eda de calidad, elegimos las mejores fotos de las milfs m\u00e1s sexys[\\\/es][it]Non sai cosa guardare oggi, lasciati sorprendere dal caso e goditi il piacere dell'ignoto. La nostra selezione di contenuti su MomPornOnly \u00e8 una garanzia di qualit\u00e0, scegliamo le migliori foto delle MILF pi\u00f9 sexy[\\\/it]\",\"breadcrumb\":{\"@id\":\"https:\\\/\\\/mompornonly.com\\\/albums\\\/random\\\/#breadcrumb\"},\"inLanguage\":\"de-DE\",\"potentialAction\":[{\"@type\":\"ReadAction\",\"target\":[\"https:\\\/\\\/mompornonly.com\\\/albums\\\/random\\\/\"]}]},{\"@type\":\"BreadcrumbList\",\"@id\":\"https:\\\/\\\/mompornonly.com\\\/albums\\\/random\\\/#breadcrumb\",\"itemListElement\":[{\"@type\":\"ListItem\",\"position\":1,\"name\":\"Accueil\",\"item\":\"https:\\\/\\\/mompornonly.com\\\/\"},{\"@type\":\"ListItem\",\"position\":2,\"name\":\"Photos\",\"item\":\"https:\\\/\\\/mompornonly.com\\\/albums\\\/\"},{\"@type\":\"ListItem\",\"position\":3,\"name\":\"Random photos\"}]},{\"@type\":\"WebSite\",\"@id\":\"https:\\\/\\\/mompornonly.com\\\/#website\",\"url\":\"https:\\\/\\\/mompornonly.com\\\/\",\"name\":\"MomPornOnly\",\"description\":\"Mompornonly.com is the best porn tube site ever with just moms and MILFs, the best XXX videos and free sex streaming.[fr]Mompornonly.com est le meilleur site de tubes porno avec seulement des mamans et  des MILF, les meilleures vid\u00e9os XXX et du streaming sexe gratuit.[\\\/fr][es]Mompornonly.com es el mejor sitio de tubos porno con mam\u00e1s y MILF, los mejores videos XXX y transmisi\u00f3n de sexo gratis.[\\\/es][de]Mompornonly.com ist die beste Porno-Tube-Site aller Zeiten mit nur M\u00fcttern und MILFs, den besten XXX-Videos und kostenlosem Sex-Streaming.[\\\/de][it]Mompornonly.com \u00e8 il miglior sito di porno tube di sempre con solo mamme e MILF, i migliori video XXX e lo streaming di sesso gratuito.[\\\/it]\",\"publisher\":{\"@id\":\"https:\\\/\\\/mompornonly.com\\\/#organization\"},\"potentialAction\":[{\"@type\":\"SearchAction\",\"target\":{\"@type\":\"EntryPoint\",\"urlTemplate\":\"https:\\\/\\\/mompornonly.com\\\/?s={search_term_string}\"},\"query-input\":{\"@type\":\"PropertyValueSpecification\",\"valueRequired\":true,\"valueName\":\"search_term_string\"}}],\"inLanguage\":\"de-DE\"},{\"@type\":\"Organization\",\"@id\":\"https:\\\/\\\/mompornonly.com\\\/#organization\",\"name\":\"MomPornOnly\",\"url\":\"https:\\\/\\\/mompornonly.com\\\/\",\"logo\":{\"@type\":\"ImageObject\",\"inLanguage\":\"de-DE\",\"@id\":\"https:\\\/\\\/mompornonly.com\\\/#\\\/schema\\\/logo\\\/image\\\/\",\"url\":\"https:\\\/\\\/mompornonly.com\\\/wp-content\\\/uploads\\\/2020\\\/05\\\/logomompornonly.png\",\"contentUrl\":\"https:\\\/\\\/mompornonly.com\\\/wp-content\\\/uploads\\\/2020\\\/05\\\/logomompornonly.png\",\"width\":792,\"height\":446,\"caption\":\"MomPornOnly\"},\"image\":{\"@id\":\"https:\\\/\\\/mompornonly.com\\\/#\\\/schema\\\/logo\\\/image\\\/\"},\"sameAs\":[\"https:\\\/\\\/www.facebook.com\\\/momponly\\\/\",\"https:\\\/\\\/x.com\\\/mompornonly\",\"https:\\\/\\\/www.instagram.com\\\/mpo_com\\\/\"]}]}<\/script>\n<!-- \/ Yoast SEO plugin. -->","yoast_head_json":{"title":"Lassen Sie sich von diesen wundersch\u00f6nen MILF-Fotoalben \u00fcberraschen - MomPornOnly","description":"Sie wissen nicht, was Sie heute sehen sollen, lassen Sie sich vom Zufall \u00fcberraschen und genie\u00dfen Sie die Freude am Unbekannten. Unsere Auswahl an Inhalten auf MomPornOnly ist eine Qualit\u00e4tsgarantie, wir w\u00e4hlen die besten Fotos der sexiesten MILFs aus","robots":{"index":"index","follow":"follow","max-snippet":"max-snippet:-1","max-image-preview":"max-image-preview:large","max-video-preview":"max-video-preview:-1"},"canonical":"https:\/\/mompornonly.com\/albums\/random\/","og_locale":"de_DE","og_type":"article","og_title":"Let yourself be surprised by these beautiful MILF photo albums - MomPornOnly [fr]Laissez-vous surprendre par ces magnifiques albums photos MILF - MomPornOnly [\/fr][de]Lassen Sie sich von diesen wundersch\u00f6nen MILF-Fotoalben \u00fcberraschen - MomPornOnly [\/de][es]D\u00e9jate sorprender por estos hermosos \u00e1lbumes de fotos de MILF - MomPornOnly [\/es][it]Lasciati sorprendere da questi bellissimi album fotografici di MILF - MomPornOnly [\/it]","og_description":"You don't know what to look at today, let yourself be surprised by chance and enjoy the pleasure of the unknown. Our selection of content on MomPornOnly is a guarantee of quality, we choose the best photos of the sexiest milfs[fr]Vous ne savez pas quoi regardez aujourd'hui, laissez vous surprendre par le hasard et profitez du plaisir de l'inconnu. Notre s\u00e9lection de contenu sur MomPornOnly est gage de qualit\u00e9, nous choisissons les meilleures photos des milfs les plus sexys[\/fr][de]Sie wissen nicht, was Sie heute sehen sollen, lassen Sie sich vom Zufall \u00fcberraschen und genie\u00dfen Sie die Freude am Unbekannten. Unsere Auswahl an Inhalten auf MomPornOnly ist eine Qualit\u00e4tsgarantie, wir w\u00e4hlen die besten Fotos der sexiesten MILFs aus[\/de][es]No sabes qu\u00e9 mirar hoy, d\u00e9jate sorprender por el azar y disfruta del placer de lo desconocido. Nuestra selecci\u00f3n de contenidos en MomPornOnly es garant\u00eda de calidad, elegimos las mejores fotos de las milfs m\u00e1s sexys[\/es][it]Non sai cosa guardare oggi, lasciati sorprendere dal caso e goditi il piacere dell'ignoto. La nostra selezione di contenuti su MomPornOnly \u00e8 una garanzia di qualit\u00e0, scegliamo le migliori foto delle MILF pi\u00f9 sexy[\/it]","og_url":"https:\/\/mompornonly.com\/albums\/random\/","og_site_name":"MomPornOnly","article_publisher":"https:\/\/www.facebook.com\/momponly\/","article_modified_time":"2023-10-14T13:52:10+00:00","twitter_card":"summary_large_image","twitter_site":"@mompornonly","schema":{"@context":"https:\/\/schema.org","@graph":[{"@type":"WebPage","@id":"https:\/\/mompornonly.com\/albums\/random\/","url":"https:\/\/mompornonly.com\/albums\/random\/","name":"Let yourself be surprised by these beautiful MILF photo albums - MomPornOnly [fr]Laissez-vous surprendre par ces magnifiques albums photos MILF - MomPornOnly [\/fr][de]Lassen Sie sich von diesen wundersch\u00f6nen MILF-Fotoalben \u00fcberraschen - MomPornOnly [\/de][es]D\u00e9jate sorprender por estos hermosos \u00e1lbumes de fotos de MILF - MomPornOnly [\/es][it]Lasciati sorprendere da questi bellissimi album fotografici di MILF - MomPornOnly [\/it]","isPartOf":{"@id":"https:\/\/mompornonly.com\/#website"},"datePublished":"2023-10-13T14:32:38+00:00","dateModified":"2023-10-14T13:52:10+00:00","description":"You don't know what to look at today, let yourself be surprised by chance and enjoy the pleasure of the unknown. Our selection of content on MomPornOnly is a guarantee of quality, we choose the best photos of the sexiest milfs[fr]Vous ne savez pas quoi regardez aujourd'hui, laissez vous surprendre par le hasard et profitez du plaisir de l'inconnu. Notre s\u00e9lection de contenu sur MomPornOnly est gage de qualit\u00e9, nous choisissons les meilleures photos des milfs les plus sexys[\/fr][de]Sie wissen nicht, was Sie heute sehen sollen, lassen Sie sich vom Zufall \u00fcberraschen und genie\u00dfen Sie die Freude am Unbekannten. Unsere Auswahl an Inhalten auf MomPornOnly ist eine Qualit\u00e4tsgarantie, wir w\u00e4hlen die besten Fotos der sexiesten MILFs aus[\/de][es]No sabes qu\u00e9 mirar hoy, d\u00e9jate sorprender por el azar y disfruta del placer de lo desconocido. Nuestra selecci\u00f3n de contenidos en MomPornOnly es garant\u00eda de calidad, elegimos las mejores fotos de las milfs m\u00e1s sexys[\/es][it]Non sai cosa guardare oggi, lasciati sorprendere dal caso e goditi il piacere dell'ignoto. La nostra selezione di contenuti su MomPornOnly \u00e8 una garanzia di qualit\u00e0, scegliamo le migliori foto delle MILF pi\u00f9 sexy[\/it]","breadcrumb":{"@id":"https:\/\/mompornonly.com\/albums\/random\/#breadcrumb"},"inLanguage":"de-DE","potentialAction":[{"@type":"ReadAction","target":["https:\/\/mompornonly.com\/albums\/random\/"]}]},{"@type":"BreadcrumbList","@id":"https:\/\/mompornonly.com\/albums\/random\/#breadcrumb","itemListElement":[{"@type":"ListItem","position":1,"name":"Accueil","item":"https:\/\/mompornonly.com\/"},{"@type":"ListItem","position":2,"name":"Photos","item":"https:\/\/mompornonly.com\/albums\/"},{"@type":"ListItem","position":3,"name":"Random photos"}]},{"@type":"WebSite","@id":"https:\/\/mompornonly.com\/#website","url":"https:\/\/mompornonly.com\/","name":"MomPornOnly","description":"Mompornonly.com is the best porn tube site ever with just moms and MILFs, the best XXX videos and free sex streaming.[fr]Mompornonly.com est le meilleur site de tubes porno avec seulement des mamans et  des MILF, les meilleures vid\u00e9os XXX et du streaming sexe gratuit.[\/fr][es]Mompornonly.com es el mejor sitio de tubos porno con mam\u00e1s y MILF, los mejores videos XXX y transmisi\u00f3n de sexo gratis.[\/es][de]Mompornonly.com ist die beste Porno-Tube-Site aller Zeiten mit nur M\u00fcttern und MILFs, den besten XXX-Videos und kostenlosem Sex-Streaming.[\/de][it]Mompornonly.com \u00e8 il miglior sito di porno tube di sempre con solo mamme e MILF, i migliori video XXX e lo streaming di sesso gratuito.[\/it]","publisher":{"@id":"https:\/\/mompornonly.com\/#organization"},"potentialAction":[{"@type":"SearchAction","target":{"@type":"EntryPoint","urlTemplate":"https:\/\/mompornonly.com\/?s={search_term_string}"},"query-input":{"@type":"PropertyValueSpecification","valueRequired":true,"valueName":"search_term_string"}}],"inLanguage":"de-DE"},{"@type":"Organization","@id":"https:\/\/mompornonly.com\/#organization","name":"MomPornOnly","url":"https:\/\/mompornonly.com\/","logo":{"@type":"ImageObject","inLanguage":"de-DE","@id":"https:\/\/mompornonly.com\/#\/schema\/logo\/image\/","url":"https:\/\/mompornonly.com\/wp-content\/uploads\/2020\/05\/logomompornonly.png","contentUrl":"https:\/\/mompornonly.com\/wp-content\/uploads\/2020\/05\/logomompornonly.png","width":792,"height":446,"caption":"MomPornOnly"},"image":{"@id":"https:\/\/mompornonly.com\/#\/schema\/logo\/image\/"},"sameAs":["https:\/\/www.facebook.com\/momponly\/","https:\/\/x.com\/mompornonly","https:\/\/www.instagram.com\/mpo_com\/"]}]}},"_links":{"self":[{"href":"https:\/\/mompornonly.com\/de\/wp-json\/wp\/v2\/pages\/13063","targetHints":{"allow":["GET"]}}],"collection":[{"href":"https:\/\/mompornonly.com\/de\/wp-json\/wp\/v2\/pages"}],"about":[{"href":"https:\/\/mompornonly.com\/de\/wp-json\/wp\/v2\/types\/page"}],"author":[{"embeddable":true,"href":"https:\/\/mompornonly.com\/de\/wp-json\/wp\/v2\/users\/3"}],"replies":[{"embeddable":true,"href":"https:\/\/mompornonly.com\/de\/wp-json\/wp\/v2\/comments?post=13063"}],"version-history":[{"count":3,"href":"https:\/\/mompornonly.com\/de\/wp-json\/wp\/v2\/pages\/13063\/revisions"}],"predecessor-version":[{"id":13158,"href":"https:\/\/mompornonly.com\/de\/wp-json\/wp\/v2\/pages\/13063\/revisions\/13158"}],"up":[{"embeddable":true,"href":"https:\/\/mompornonly.com\/de\/wp-json\/wp\/v2\/pages\/6379"}],"wp:attachment":[{"href":"https:\/\/mompornonly.com\/de\/wp-json\/wp\/v2\/media?parent=13063"}],"curies":[{"name":"wp","href":"https:\/\/api.w.org\/{rel}","templated":true}]}}