{"id":10,"date":"2019-06-23T15:52:54","date_gmt":"2019-06-23T15:52:54","guid":{"rendered":"https:\/\/xfrenchies.com\/tags\/"},"modified":"2023-10-13T16:24:55","modified_gmt":"2023-10-13T14:24:55","slug":"tags","status":"publish","type":"page","link":"https:\/\/mompornonly.com\/de\/tags\/","title":{"rendered":"Tags"},"content":{"rendered":"<h2>Willkommen bei MomPornOnly.com, der besten kostenlosen Pornoseite f\u00fcr M\u00fctter. Finden Sie die besten Pornotags f\u00fcr M\u00fctter<\/h2>\n<p>Zun\u00e4chst einmal eines der wichtigsten Dinge auf einer Pornoseite nach den kostenlosen Videos, die sich gut anh\u00f6ren &#8211; die Tags! Und selbst wenn unsere Website nur h\u00fcbsche M\u00fctter enth\u00e4lt, die hungrig nach H\u00e4hnen sind, war es f\u00fcr uns wichtig, all diese H\u00fcndinnen in verschiedene Tags zu sortieren. Jetzt k\u00f6nnen Sie also aus unserer <strong>gro\u00dfen Anzahl von Tags<\/strong> die Videos ausw\u00e4hlen, die am besten zu Ihnen passen. Es ist schlie\u00dflich wahr, dass Sie eines Tages vielleicht einige M\u00fctter sehen wollen, die <a href=\"https:\/\/mompornonly.com\/de\/tag\/facial\/\"> Gesichtsejakulationen<\/a> bekommen. Wohingegen an einem anderen Tag eine Mama, die sich gut mit <a href=\"https:\/\/mompornonly.com\/de\/tag\/tights\/\">Strumpfhosen<\/a> ficken l\u00e4sst, uns vielleicht mehr gefallen k\u00f6nnte oder einfach eine Mama, die sich die Muschi fegen <a href=\"https:\/\/mompornonly.com\/fr\/tag\/well-fucked\/\">l\u00e4sst<\/a> .<\/p>\n<p>Was definiert bisher am besten <strong>MomPornOnly.com<\/strong> ? Wahrscheinlich seine Qualit\u00e4t und seine Freiheit. Denn hier sind alle Videos \u00fcber M\u00fctter v\u00f6llig kostenlos. Sie m\u00fcssen sich weder anmelden noch etwas anderes. Finden Sie also das pornografische Video, das Ihnen am besten gef\u00e4llt, die geilste Mumie, die Sie am meisten anmacht, und wichsen Sie, ohne etwas zu bezahlen und ohne Zeit zu verschwenden. Hier ist alles einfach und kostenlos. Das ist wahrscheinlich der Grund, warum wir bereits Ihre Lieblings-Prono-Streaming-Website sind!<\/p>\n<h2>MomPornOnly.com ist eine fl\u00fcssige Website, die optimiert wurde, um unter allen Umst\u00e4nden zug\u00e4nglich zu sein.<\/h2>\n<p>Ob Sie einen Computer, ein Smartphone, ein Tablet, eine Xbox oder ps4 <a href=\"https:\/\/mompornonly.com\/de\/\"> www.mompornonly.com\/de\/<\/a> benutzen, ist verf\u00fcgbar, fl\u00fcssig und schnell. Sie werden also kostenlos auf <strong>Videos, Filme oder Fotos zugreifen k\u00f6nnen<\/strong>. Was auch immer Sie <strong>Tags<\/strong> w\u00e4hlen werden, Sie werden die besten Milfs auf der ganzen Welt finden und das <strong>ohne Geld zu bezahlen<\/strong>, Sie werden unsere Videos nach Tags sortieren k\u00f6nnen. Verwenden Sie die intelligente Suche oder unsere Video-Tags, um die XXX Videos zu finden, die Sie am meisten begeistern und Ihnen Zufriedenheit bereiten.<\/p>\n<p>In der Pornoindustrie und insbesondere in der Kategorie M\u00fctter ist die Konkurrenz wirklich hart, aber deshalb haben wir unter MomPornOnly.com eine Auswahl der besten milf-Videos getroffen. Eine Vorliebe f\u00fcr Milfs mit gro\u00dfen Titten ? Kein Problem mit dem -Tag <a href=\"https:\/\/mompornonly.com\/fr\/tag\/big-tits\">Gro\u00dfe Br\u00fcste<\/a>! Bevorzugen Sie doch die kleinen Br\u00fcste oder die kleinen Br\u00fcste? Kein Problem, verwenden Sie also den umgekehrten Tag <a href=\"https:\/\/mompornonly.com\/de\/tag\/small-tits\">Kleine Br\u00fcste<\/a><\/p>\n<h2>Bei MomPornOnly ist die Qualit\u00e4t unserer Inhalte wichtiger als die Quantit\u00e4t !<\/h2>\n<p>In der Tat! Dies ist f\u00fcr uns wichtig, im Gegensatz zu unseren Konkurrenten oder den Giganten von prono xvideos.com, pornhub.com, xhamster.com oder youporn.com. All diese Sites, die m\u00f6glichst viele pornographische Videos haben wollen, sind nicht an der Qualit\u00e4t ihres Inhalts interessiert. W\u00e4hrend es bei MomPornOnly.com genau das Gegenteil ist!<\/p>\n<p>Wir haben eine Auswahl der besten milf Pornovideos getroffen, die es gibt, und wir f\u00fcgen weiterhin regelm\u00e4\u00dfig Videos XXX hinzu. Finden Sie also Videos von Geschlecht HD, 1080p oder sogar in 4K und das , ohne <strong>zu bezahlen oder Ihre Kreditkarte<\/strong> herauszunehmen und wenn Ihre Internetverbindung es Ihnen nicht erlaubt, Inhalte in so guter Qualit\u00e4t anzusehen kein Problem unser Videoplayer erlaubt es Ihnen, die Qualit\u00e4t zu \u00e4ndern und Blondinen, Blowjobs, Amateur oder Anal in 180p, 240p, 480p und auch 720p zu sehen ! Sie m\u00fcssen nicht mehr Ihre Videos XXX von nuttigen M\u00fcttern bei MomPornOnly nicht ansehen!<\/p>\n<h2>Ist MomPornOnly Ihre bevorzugte milf-Website ?<\/h2>\n<p>Z\u00f6gern Sie also nicht, unsere andere Website zu besuchen, wenn Sie unsere Video-Auswahl sehen m\u00f6chten. In der Tat ist das Team von MomPornOnly das gleiche, das bei <a href=\"https:\/\/xfrenchies.com\/en\/\" target=\"_blank\" rel=\"dofollow noopener noreferrer\">xFrenchies.com<\/a> arbeitet!<br \/>\nSie werden einige gute franz\u00f6sische H\u00fcndinnen finden, die H\u00e4hne m\u00f6gen. Halten Sie die Franzosen nicht f\u00fcr pr\u00fcde, sie sind die gr\u00f6\u00dften Schweine der Welt.<br \/>\nIch garantiere Ihnen, dass unsere Pornovideos auf xFrenchies.com aussergew\u00f6hnlich sind und wir eine riesige Anzahl von <strong>hausgemachten Videos<\/strong> und gut Amateur haben, die keiner der Giganten von Pornos hat und keine anderen Pornoseiten! Einige gute Schlampen, die dachten, ein sextape zu drehen, um mit ihren Kumpels des Augenblicks Spa\u00df zu haben, aber alles ist auf <a href=\"https:\/\/xfrenchies.com\/en\/\" target=\"_blank\" rel=\"dofollow noopener noreferrer\">xFrenchies.com<\/a> der besten kostenlosen Pornoseite in Frankreich ! Wir werden immer da sein, um f\u00fcr das freie Geschlecht einzutreten!<\/p>\n","protected":false},"excerpt":{"rendered":"<p>Willkommen bei MomPornOnly.com, der besten kostenlosen Pornoseite f\u00fcr M\u00fctter. Finden Sie die besten Pornotags f\u00fcr M\u00fctter Zun\u00e4chst einmal eines der wichtigsten Dinge auf einer Pornoseite nach den kostenlosen Videos, die sich gut anh\u00f6ren &#8211; die Tags! Und selbst wenn unsere Website nur h\u00fcbsche M\u00fctter enth\u00e4lt, die hungrig nach H\u00e4hnen sind, war es f\u00fcr uns wichtig, [&hellip;]<\/p>\n","protected":false},"author":1,"featured_media":0,"parent":0,"menu_order":0,"comment_status":"closed","ping_status":"closed","template":"templates\/template-tags.php","meta":{"ep_exclude_from_search":false,"footnotes":""},"class_list":["post-10","page","type-page","status-publish","hentry"],"yoast_head":"<!-- This site is optimized with the Yoast SEO plugin v27.4 - https:\/\/yoast.com\/product\/yoast-seo-wordpress\/ -->\n<title>Tausende von Mutter PORN Tags | PORNO Videos Tags - Mom Porn Only<\/title>\n<meta name=\"description\" content=\"Mom Porn Only bietet Ihnen die M\u00f6glichkeit, Tausende von Mom Porno Tags zu durchsuchen, die Ihnen am besten gefallen. 100% KOSTENLOSER PORNO Sex mit Mama und Stiefsohn\" \/>\n<meta name=\"robots\" content=\"index, follow, max-snippet:-1, max-image-preview:large, max-video-preview:-1\" \/>\n<link rel=\"canonical\" href=\"https:\/\/mompornonly.com\/tags\/\" \/>\n<meta property=\"og:locale\" content=\"de_DE\" \/>\n<meta property=\"og:type\" content=\"article\" \/>\n<meta property=\"og:title\" content=\"Thousands of Mom PORN tags | PORN videos Tags - Mom Porn Only[fr]Des milliers de Tags Maman PORNO | PORNO vid\u00e9os Tags - Mom Porn Only[\/fr][es]Miles de etiquetas PORNO de mam\u00e1 | Videos PORNO Etiquetas - Mom Porn Only[\/es][de]Tausende von Mutter PORN Tags | PORNO Videos Tags - Mom Porn Only[\/de][it]Migliaia di tag PORN per la mamma | Tag video PORN - Mom Porn Only[\/it]\" \/>\n<meta property=\"og:description\" content=\"Mom Porn Only offers you the possibility to browse thousands of Mom PORN tags that you will like the most. 100% FREE PORN sex with Mom and stepson[fr]Mom Porn Only vous offre la possibilit\u00e9 de parcourir des milliers de tags porno maman que vous aimerez le plus. Sexe PORNO 100% GRATUIT avec belle m\u00e8re et beau-fils[\/fr][es]Mom Porn Only te ofrece la posibilidad de navegar por miles de etiquetas porno de mam\u00e1 que m\u00e1s te gustar\u00e1n. Sexo PORNO 100% GRATUITO con mam\u00e1 y hijastro[\/es][de]Mom Porn Only bietet Ihnen die M\u00f6glichkeit, Tausende von Mom Porno Tags zu durchsuchen, die Ihnen am besten gefallen. 100% KOSTENLOSER PORNO Sex mit Mama und Stiefsohn[\/de][it]Solo mamma porno ti offre la possibilit\u00e0 di sfogliare migliaia di tag PORNO MAMMA che ti piaceranno di pi\u00f9. Sesso PORN GRATUITO al 100% con mamma e figliastro[\/it]\" \/>\n<meta property=\"og:url\" content=\"https:\/\/mompornonly.com\/tags\/\" \/>\n<meta property=\"og:site_name\" content=\"MomPornOnly\" \/>\n<meta property=\"article:publisher\" content=\"https:\/\/www.facebook.com\/momponly\/\" \/>\n<meta property=\"article:modified_time\" content=\"2023-10-13T14:24:55+00:00\" \/>\n<meta name=\"twitter:card\" content=\"summary_large_image\" \/>\n<meta name=\"twitter:site\" content=\"@mompornonly\" \/>\n<script type=\"application\/ld+json\" class=\"yoast-schema-graph\">{\"@context\":\"https:\\\/\\\/schema.org\",\"@graph\":[{\"@type\":\"WebPage\",\"@id\":\"https:\\\/\\\/mompornonly.com\\\/tags\\\/\",\"url\":\"https:\\\/\\\/mompornonly.com\\\/tags\\\/\",\"name\":\"Thousands of Mom PORN tags | PORN videos Tags - Mom Porn Only[fr]Des milliers de Tags Maman PORNO | PORNO vid\u00e9os Tags - Mom Porn Only[\\\/fr][es]Miles de etiquetas PORNO de mam\u00e1 | Videos PORNO Etiquetas - Mom Porn Only[\\\/es][de]Tausende von Mutter PORN Tags | PORNO Videos Tags - Mom Porn Only[\\\/de][it]Migliaia di tag PORN per la mamma | Tag video PORN - Mom Porn Only[\\\/it]\",\"isPartOf\":{\"@id\":\"https:\\\/\\\/mompornonly.com\\\/#website\"},\"datePublished\":\"2019-06-23T15:52:54+00:00\",\"dateModified\":\"2023-10-13T14:24:55+00:00\",\"description\":\"Mom Porn Only offers you the possibility to browse thousands of Mom PORN tags that you will like the most. 100% FREE PORN sex with Mom and stepson[fr]Mom Porn Only vous offre la possibilit\u00e9 de parcourir des milliers de tags porno maman que vous aimerez le plus. Sexe PORNO 100% GRATUIT avec belle m\u00e8re et beau-fils[\\\/fr][es]Mom Porn Only te ofrece la posibilidad de navegar por miles de etiquetas porno de mam\u00e1 que m\u00e1s te gustar\u00e1n. Sexo PORNO 100% GRATUITO con mam\u00e1 y hijastro[\\\/es][de]Mom Porn Only bietet Ihnen die M\u00f6glichkeit, Tausende von Mom Porno Tags zu durchsuchen, die Ihnen am besten gefallen. 100% KOSTENLOSER PORNO Sex mit Mama und Stiefsohn[\\\/de][it]Solo mamma porno ti offre la possibilit\u00e0 di sfogliare migliaia di tag PORNO MAMMA che ti piaceranno di pi\u00f9. Sesso PORN GRATUITO al 100% con mamma e figliastro[\\\/it]\",\"breadcrumb\":{\"@id\":\"https:\\\/\\\/mompornonly.com\\\/tags\\\/#breadcrumb\"},\"inLanguage\":\"de-DE\",\"potentialAction\":[{\"@type\":\"ReadAction\",\"target\":[\"https:\\\/\\\/mompornonly.com\\\/tags\\\/\"]}]},{\"@type\":\"BreadcrumbList\",\"@id\":\"https:\\\/\\\/mompornonly.com\\\/tags\\\/#breadcrumb\",\"itemListElement\":[{\"@type\":\"ListItem\",\"position\":1,\"name\":\"Accueil\",\"item\":\"https:\\\/\\\/mompornonly.com\\\/\"},{\"@type\":\"ListItem\",\"position\":2,\"name\":\"Tags\"}]},{\"@type\":\"WebSite\",\"@id\":\"https:\\\/\\\/mompornonly.com\\\/#website\",\"url\":\"https:\\\/\\\/mompornonly.com\\\/\",\"name\":\"MomPornOnly\",\"description\":\"Mompornonly.com is the best porn tube site ever with just moms and MILFs, the best XXX videos and free sex streaming.[fr]Mompornonly.com est le meilleur site de tubes porno avec seulement des mamans et  des MILF, les meilleures vid\u00e9os XXX et du streaming sexe gratuit.[\\\/fr][es]Mompornonly.com es el mejor sitio de tubos porno con mam\u00e1s y MILF, los mejores videos XXX y transmisi\u00f3n de sexo gratis.[\\\/es][de]Mompornonly.com ist die beste Porno-Tube-Site aller Zeiten mit nur M\u00fcttern und MILFs, den besten XXX-Videos und kostenlosem Sex-Streaming.[\\\/de][it]Mompornonly.com \u00e8 il miglior sito di porno tube di sempre con solo mamme e MILF, i migliori video XXX e lo streaming di sesso gratuito.[\\\/it]\",\"publisher\":{\"@id\":\"https:\\\/\\\/mompornonly.com\\\/#organization\"},\"potentialAction\":[{\"@type\":\"SearchAction\",\"target\":{\"@type\":\"EntryPoint\",\"urlTemplate\":\"https:\\\/\\\/mompornonly.com\\\/?s={search_term_string}\"},\"query-input\":{\"@type\":\"PropertyValueSpecification\",\"valueRequired\":true,\"valueName\":\"search_term_string\"}}],\"inLanguage\":\"de-DE\"},{\"@type\":\"Organization\",\"@id\":\"https:\\\/\\\/mompornonly.com\\\/#organization\",\"name\":\"MomPornOnly\",\"url\":\"https:\\\/\\\/mompornonly.com\\\/\",\"logo\":{\"@type\":\"ImageObject\",\"inLanguage\":\"de-DE\",\"@id\":\"https:\\\/\\\/mompornonly.com\\\/#\\\/schema\\\/logo\\\/image\\\/\",\"url\":\"https:\\\/\\\/mompornonly.com\\\/wp-content\\\/uploads\\\/2020\\\/05\\\/logomompornonly.png\",\"contentUrl\":\"https:\\\/\\\/mompornonly.com\\\/wp-content\\\/uploads\\\/2020\\\/05\\\/logomompornonly.png\",\"width\":792,\"height\":446,\"caption\":\"MomPornOnly\"},\"image\":{\"@id\":\"https:\\\/\\\/mompornonly.com\\\/#\\\/schema\\\/logo\\\/image\\\/\"},\"sameAs\":[\"https:\\\/\\\/www.facebook.com\\\/momponly\\\/\",\"https:\\\/\\\/x.com\\\/mompornonly\",\"https:\\\/\\\/www.instagram.com\\\/mpo_com\\\/\"]}]}<\/script>\n<!-- \/ Yoast SEO plugin. -->","yoast_head_json":{"title":"Tausende von Mutter PORN Tags | PORNO Videos Tags - Mom Porn Only","description":"Mom Porn Only bietet Ihnen die M\u00f6glichkeit, Tausende von Mom Porno Tags zu durchsuchen, die Ihnen am besten gefallen. 100% KOSTENLOSER PORNO Sex mit Mama und Stiefsohn","robots":{"index":"index","follow":"follow","max-snippet":"max-snippet:-1","max-image-preview":"max-image-preview:large","max-video-preview":"max-video-preview:-1"},"canonical":"https:\/\/mompornonly.com\/tags\/","og_locale":"de_DE","og_type":"article","og_title":"Thousands of Mom PORN tags | PORN videos Tags - Mom Porn Only[fr]Des milliers de Tags Maman PORNO | PORNO vid\u00e9os Tags - Mom Porn Only[\/fr][es]Miles de etiquetas PORNO de mam\u00e1 | Videos PORNO Etiquetas - Mom Porn Only[\/es][de]Tausende von Mutter PORN Tags | PORNO Videos Tags - Mom Porn Only[\/de][it]Migliaia di tag PORN per la mamma | Tag video PORN - Mom Porn Only[\/it]","og_description":"Mom Porn Only offers you the possibility to browse thousands of Mom PORN tags that you will like the most. 100% FREE PORN sex with Mom and stepson[fr]Mom Porn Only vous offre la possibilit\u00e9 de parcourir des milliers de tags porno maman que vous aimerez le plus. Sexe PORNO 100% GRATUIT avec belle m\u00e8re et beau-fils[\/fr][es]Mom Porn Only te ofrece la posibilidad de navegar por miles de etiquetas porno de mam\u00e1 que m\u00e1s te gustar\u00e1n. Sexo PORNO 100% GRATUITO con mam\u00e1 y hijastro[\/es][de]Mom Porn Only bietet Ihnen die M\u00f6glichkeit, Tausende von Mom Porno Tags zu durchsuchen, die Ihnen am besten gefallen. 100% KOSTENLOSER PORNO Sex mit Mama und Stiefsohn[\/de][it]Solo mamma porno ti offre la possibilit\u00e0 di sfogliare migliaia di tag PORNO MAMMA che ti piaceranno di pi\u00f9. Sesso PORN GRATUITO al 100% con mamma e figliastro[\/it]","og_url":"https:\/\/mompornonly.com\/tags\/","og_site_name":"MomPornOnly","article_publisher":"https:\/\/www.facebook.com\/momponly\/","article_modified_time":"2023-10-13T14:24:55+00:00","twitter_card":"summary_large_image","twitter_site":"@mompornonly","schema":{"@context":"https:\/\/schema.org","@graph":[{"@type":"WebPage","@id":"https:\/\/mompornonly.com\/tags\/","url":"https:\/\/mompornonly.com\/tags\/","name":"Thousands of Mom PORN tags | PORN videos Tags - Mom Porn Only[fr]Des milliers de Tags Maman PORNO | PORNO vid\u00e9os Tags - Mom Porn Only[\/fr][es]Miles de etiquetas PORNO de mam\u00e1 | Videos PORNO Etiquetas - Mom Porn Only[\/es][de]Tausende von Mutter PORN Tags | PORNO Videos Tags - Mom Porn Only[\/de][it]Migliaia di tag PORN per la mamma | Tag video PORN - Mom Porn Only[\/it]","isPartOf":{"@id":"https:\/\/mompornonly.com\/#website"},"datePublished":"2019-06-23T15:52:54+00:00","dateModified":"2023-10-13T14:24:55+00:00","description":"Mom Porn Only offers you the possibility to browse thousands of Mom PORN tags that you will like the most. 100% FREE PORN sex with Mom and stepson[fr]Mom Porn Only vous offre la possibilit\u00e9 de parcourir des milliers de tags porno maman que vous aimerez le plus. Sexe PORNO 100% GRATUIT avec belle m\u00e8re et beau-fils[\/fr][es]Mom Porn Only te ofrece la posibilidad de navegar por miles de etiquetas porno de mam\u00e1 que m\u00e1s te gustar\u00e1n. Sexo PORNO 100% GRATUITO con mam\u00e1 y hijastro[\/es][de]Mom Porn Only bietet Ihnen die M\u00f6glichkeit, Tausende von Mom Porno Tags zu durchsuchen, die Ihnen am besten gefallen. 100% KOSTENLOSER PORNO Sex mit Mama und Stiefsohn[\/de][it]Solo mamma porno ti offre la possibilit\u00e0 di sfogliare migliaia di tag PORNO MAMMA che ti piaceranno di pi\u00f9. Sesso PORN GRATUITO al 100% con mamma e figliastro[\/it]","breadcrumb":{"@id":"https:\/\/mompornonly.com\/tags\/#breadcrumb"},"inLanguage":"de-DE","potentialAction":[{"@type":"ReadAction","target":["https:\/\/mompornonly.com\/tags\/"]}]},{"@type":"BreadcrumbList","@id":"https:\/\/mompornonly.com\/tags\/#breadcrumb","itemListElement":[{"@type":"ListItem","position":1,"name":"Accueil","item":"https:\/\/mompornonly.com\/"},{"@type":"ListItem","position":2,"name":"Tags"}]},{"@type":"WebSite","@id":"https:\/\/mompornonly.com\/#website","url":"https:\/\/mompornonly.com\/","name":"MomPornOnly","description":"Mompornonly.com is the best porn tube site ever with just moms and MILFs, the best XXX videos and free sex streaming.[fr]Mompornonly.com est le meilleur site de tubes porno avec seulement des mamans et  des MILF, les meilleures vid\u00e9os XXX et du streaming sexe gratuit.[\/fr][es]Mompornonly.com es el mejor sitio de tubos porno con mam\u00e1s y MILF, los mejores videos XXX y transmisi\u00f3n de sexo gratis.[\/es][de]Mompornonly.com ist die beste Porno-Tube-Site aller Zeiten mit nur M\u00fcttern und MILFs, den besten XXX-Videos und kostenlosem Sex-Streaming.[\/de][it]Mompornonly.com \u00e8 il miglior sito di porno tube di sempre con solo mamme e MILF, i migliori video XXX e lo streaming di sesso gratuito.[\/it]","publisher":{"@id":"https:\/\/mompornonly.com\/#organization"},"potentialAction":[{"@type":"SearchAction","target":{"@type":"EntryPoint","urlTemplate":"https:\/\/mompornonly.com\/?s={search_term_string}"},"query-input":{"@type":"PropertyValueSpecification","valueRequired":true,"valueName":"search_term_string"}}],"inLanguage":"de-DE"},{"@type":"Organization","@id":"https:\/\/mompornonly.com\/#organization","name":"MomPornOnly","url":"https:\/\/mompornonly.com\/","logo":{"@type":"ImageObject","inLanguage":"de-DE","@id":"https:\/\/mompornonly.com\/#\/schema\/logo\/image\/","url":"https:\/\/mompornonly.com\/wp-content\/uploads\/2020\/05\/logomompornonly.png","contentUrl":"https:\/\/mompornonly.com\/wp-content\/uploads\/2020\/05\/logomompornonly.png","width":792,"height":446,"caption":"MomPornOnly"},"image":{"@id":"https:\/\/mompornonly.com\/#\/schema\/logo\/image\/"},"sameAs":["https:\/\/www.facebook.com\/momponly\/","https:\/\/x.com\/mompornonly","https:\/\/www.instagram.com\/mpo_com\/"]}]}},"_links":{"self":[{"href":"https:\/\/mompornonly.com\/de\/wp-json\/wp\/v2\/pages\/10","targetHints":{"allow":["GET"]}}],"collection":[{"href":"https:\/\/mompornonly.com\/de\/wp-json\/wp\/v2\/pages"}],"about":[{"href":"https:\/\/mompornonly.com\/de\/wp-json\/wp\/v2\/types\/page"}],"author":[{"embeddable":true,"href":"https:\/\/mompornonly.com\/de\/wp-json\/wp\/v2\/users\/1"}],"replies":[{"embeddable":true,"href":"https:\/\/mompornonly.com\/de\/wp-json\/wp\/v2\/comments?post=10"}],"version-history":[{"count":1,"href":"https:\/\/mompornonly.com\/de\/wp-json\/wp\/v2\/pages\/10\/revisions"}],"predecessor-version":[{"id":13067,"href":"https:\/\/mompornonly.com\/de\/wp-json\/wp\/v2\/pages\/10\/revisions\/13067"}],"wp:attachment":[{"href":"https:\/\/mompornonly.com\/de\/wp-json\/wp\/v2\/media?parent=10"}],"curies":[{"name":"wp","href":"https:\/\/api.w.org\/{rel}","templated":true}]}}